{"id":2394,"date":"2025-11-05T11:26:44","date_gmt":"2025-11-05T04:26:44","guid":{"rendered":"https:\/\/vixav.com.vn\/?post_type=product&#038;p=2394"},"modified":"2026-04-02T19:31:14","modified_gmt":"2026-04-02T12:31:14","slug":"cx-l600ks","status":"publish","type":"product","link":"https:\/\/vixav.com.vn\/index.php\/san-pham\/cx-l600ks\/","title":{"rendered":"CX-L600KS M\u00e1y chi\u1ebfu g\u1ea7n 4K laser VIX"},"content":{"rendered":"<p>&nbsp;<\/p>\n<table dir=\"ltr\" style=\"height: 1026px;\" border=\"1\" width=\"666\" cellspacing=\"0\" cellpadding=\"0\" data-sheets-root=\"1\" data-sheets-baot=\"1\">\n<colgroup>\n<col width=\"100\" \/>\n<col width=\"100\" \/><\/colgroup>\n<tbody>\n<tr>\n<td>T\u00ednh n\u0103ng<\/td>\n<td>\n<div>\n<div style=\"text-align: center;\">Th\u00f4ng s\u1ed1 k\u1ef9 thu\u1eadt<\/div>\n<\/div>\n<\/td>\n<\/tr>\n<tr>\n<td>Ki\u1ec3u m\u00e1y<\/td>\n<td style=\"text-align: center;\">CX-L600KS<\/td>\n<\/tr>\n<tr>\n<td>C\u00f4ng ngh\u1ec7 hi\u1ec3n th\u1ecb<\/td>\n<td style=\"text-align: center;\">3LCD<\/td>\n<\/tr>\n<tr>\n<td>\u0110\u1ed9 s\u00e1ng<\/td>\n<td style=\"text-align: center;\">6000lm<\/td>\n<\/tr>\n<tr>\n<td>Lo\u1ea1i ngu\u1ed3n s\u00e1ng<\/td>\n<td style=\"text-align: center;\">Laser<\/td>\n<\/tr>\n<tr>\n<td>Tu\u1ed5i th\u1ecd ngu\u1ed3n s\u00e1ng<\/td>\n<td>\n<div>\n<div style=\"text-align: center;\">20000H (Th\u01b0\u1eddng) 30000H (ECO)<\/div>\n<\/div>\n<\/td>\n<\/tr>\n<tr>\n<td>\u0110\u1ed9 ph\u00e2n gi\u1ea3i<\/td>\n<td>\n<div style=\"text-align: center;\">\u00a0<span class=\"fontstyle0\">4K (3<\/span><span class=\"fontstyle2\">840 <\/span><span class=\"fontstyle0\">x 2160)<\/span><\/div>\n<\/td>\n<\/tr>\n<tr>\n<td>T\u1ef7 l\u1ec7 khung h\u00ecnh<\/td>\n<td style=\"text-align: center;\">16:10<\/td>\n<\/tr>\n<tr>\n<td>\u0110\u1ed9 t\u01b0\u01a1ng ph\u1ea3n \u0111\u1ed9ng (FOFO)<\/td>\n<td style=\"text-align: center;\">6000000:1<\/td>\n<\/tr>\n<tr>\n<td>T\u1ef7 l\u1ec7 ph\u00f3ng<\/td>\n<td style=\"text-align: center;\">\u00a0<span class=\"fontstyle0\">0.44<\/span><\/td>\n<\/tr>\n<tr>\n<td>F \/ f<\/td>\n<td>\n<div>\n<div style=\"text-align: center;\">F <span class=\"fontstyle0\">F:1.6 <\/span><span class=\"fontstyle2\">\/ <\/span><span class=\"fontstyle0\">f= 6.39mm<\/span><\/div>\n<\/div>\n<\/td>\n<\/tr>\n<tr>\n<td>K\u00edch th\u01b0\u1edbc m\u00e0n h\u00ecnh<\/td>\n<td style=\"text-align: center;\">\u00a0<span class=\"fontstyle0\">55<\/span><span class=\"fontstyle1\">-280 inch<\/span><\/td>\n<\/tr>\n<tr>\n<td>M\u00e0u s\u1eafc b\u00ean ngo\u00e0i<\/td>\n<td style=\"text-align: center;\">Tr\u1eafng<\/td>\n<\/tr>\n<tr>\n<td>Th\u1eddi gian l\u00e0m m\u00e1t m\u00e1y<\/td>\n<td style=\"text-align: center;\">5 gi\u00e2y<\/td>\n<\/tr>\n<tr>\n<td>Ch\u1ec9nh s\u1eeda Keystone<\/td>\n<td>\n<div>\n<div style=\"text-align: center;\">D\u1ecdc:\u00b130\u00b0, Ngang:\u00b130\u00b0 4 g\u00f3c, 6 g\u00f3c, ch\u1ec9nh s\u1eeda b\u1ec1 m\u1eb7t cong, ch\u1ec9nh s\u1eeda \u0111a \u0111i\u1ec3m, \u0111\u1eb7t l\u1ea1i<\/div>\n<\/div>\n<\/td>\n<\/tr>\n<tr>\n<td>T\u1ef1 \u0111\u1ed9ng l\u1eadt h\u00ecnh \u1ea3nh<\/td>\n<td style=\"text-align: center;\">H\u1ed7 tr\u1ee3<\/td>\n<\/tr>\n<tr>\n<td>Chi\u1ebfu 360\u00b0<\/td>\n<td style=\"text-align: center;\">H\u1ed7 tr\u1ee3<\/td>\n<\/tr>\n<tr>\n<td>T\u1ed5ng c\u00f4ng su\u1ea5t m\u00e1y<\/td>\n<td>\n<div>\n<div style=\"text-align: center;\">Ch\u1ebf \u0111\u1ed9 th\u01b0\u1eddng: 300WCh\u1ebf \u0111\u1ed9 ECO: 200WCh\u1ebf \u0111\u1ed9 ch\u1edd (th\u01b0\u1eddng): \u22640.5W<\/div>\n<\/div>\n<\/td>\n<\/tr>\n<tr>\n<td>C\u1ed5ng k\u1ebft n\u1ed1i \u0111\u1ea7u v\u00e0o<\/td>\n<td>\n<div style=\"text-align: center;\">\u00a0<span class=\"fontstyle0\">HDMI*2, S\/PDIF*1, USB- A*2<\/span><\/div>\n<\/td>\n<\/tr>\n<tr>\n<td>C\u1ed5ng k\u1ebft n\u1ed1i \u0111\u1ea7u ra<\/td>\n<td>\n<div style=\"text-align: center;\">\u00a0<span class=\"fontstyle0\">VGA*1, Audio\uff08mini jack\uff0c3.5mm)*1<\/span><\/div>\n<\/td>\n<\/tr>\n<tr>\n<td>C\u1ed5ng \u0111i\u1ec1u khi\u1ec3n<\/td>\n<td>\n<div>\n<div style=\"text-align: center;\">RJ45*1, RS232*1<\/div>\n<\/div>\n<\/td>\n<\/tr>\n<tr>\n<td>Loa<\/td>\n<td style=\"text-align: center;\">1*16W<\/td>\n<\/tr>\n<tr>\n<td>\u0110i\u1ec1u khi\u1ec3n t\u1eeb xa h\u1ed3ng ngo\u1ea1i<\/td>\n<td style=\"text-align: center;\">H\u1ed3ng ngo\u1ea1i<\/td>\n<\/tr>\n<tr>\n<td>M\u00f4i tr\u01b0\u1eddng ho\u1ea1t \u0111\u1ed9ng<\/td>\n<td>\n<div>\n<div style=\"text-align: center;\">Nhi\u1ec7t \u0111\u1ed9: 5-40\u2103 \u0110\u1ed9 \u1ea9m: 20-80%<\/div>\n<\/div>\n<\/td>\n<\/tr>\n<tr>\n<td>M\u00f4i tr\u01b0\u1eddng l\u01b0u tr\u1eef<\/td>\n<td>\n<div>\n<div style=\"text-align: center;\">Nhi\u1ec7t \u0111\u1ed9: -10-50\u2103 \u0110\u1ed9 \u1ea9m: 20-80%<\/div>\n<\/div>\n<\/td>\n<\/tr>\n<tr>\n<td>Y\u00eau c\u1ea7u ngu\u1ed3n \u0111i\u1ec7n<\/td>\n<td>\n<div>\n<div style=\"text-align: center;\">200-240V@50\/60Hz (T\u00edch h\u1ee3p b\u1ed9 \u0111\u1ed5i ngu\u1ed3n DC)<\/div>\n<\/div>\n<\/td>\n<\/tr>\n<tr>\n<td>K\u00edch th\u01b0\u1edbc (RxCxS)<\/td>\n<td>\n<div>\n<div style=\"text-align: center;\">390*294*128mm<\/div>\n<\/div>\n<\/td>\n<\/tr>\n<tr>\n<td>Tr\u1ecdng l\u01b0\u1ee3ng t\u1ecbnh<\/td>\n<td style=\"text-align: center;\">Kho\u1ea3ng 5.2kg<\/td>\n<\/tr>\n<\/tbody>\n<\/table>\n","protected":false},"excerpt":{"rendered":"<p>C\u00f4ng ngh\u1ec7 hi\u1ec3n th\u1ecb: 3LCD<\/p>\n<p>\u0110\u1ed9 s\u00e1ng: 6000lm<\/p>\n<p>Lo\u1ea1i ngu\u1ed3n s\u00e1ng: Laser<\/p>\n<p>\u0110\u1ed9 ph\u00e2n gi\u1ea3i: \u00a0<span class=\"fontstyle0\">4K (3840 x 2160)<\/span><\/p>\n<p>Lens: 0.44<\/p>\n<p>\u0110\u1ed9 t\u01b0\u01a1ng ph\u1ea3n \u0111\u1ed9ng: 6000000:1<\/p>\n","protected":false},"featured_media":2392,"comment_status":"open","ping_status":"closed","template":"","meta":[],"product_brand":[],"product_cat":[180,176,286,225],"product_tag":[],"class_list":{"0":"post-2394","1":"product","2":"type-product","3":"status-publish","6":"product_cat-laser","7":"product_cat-may-chieu","8":"product_cat-vix-may-chieu","9":"product_cat-vix","11":"first","12":"instock","13":"featured","14":"taxable","15":"shipping-taxable","16":"product-type-simple"},"_links":{"self":[{"href":"https:\/\/vixav.com.vn\/index.php\/wp-json\/wp\/v2\/product\/2394","targetHints":{"allow":["GET"]}}],"collection":[{"href":"https:\/\/vixav.com.vn\/index.php\/wp-json\/wp\/v2\/product"}],"about":[{"href":"https:\/\/vixav.com.vn\/index.php\/wp-json\/wp\/v2\/types\/product"}],"replies":[{"embeddable":true,"href":"https:\/\/vixav.com.vn\/index.php\/wp-json\/wp\/v2\/comments?post=2394"}],"wp:featuredmedia":[{"embeddable":true,"href":"https:\/\/vixav.com.vn\/index.php\/wp-json\/wp\/v2\/media\/2392"}],"wp:attachment":[{"href":"https:\/\/vixav.com.vn\/index.php\/wp-json\/wp\/v2\/media?parent=2394"}],"wp:term":[{"taxonomy":"product_brand","embeddable":true,"href":"https:\/\/vixav.com.vn\/index.php\/wp-json\/wp\/v2\/product_brand?post=2394"},{"taxonomy":"product_cat","embeddable":true,"href":"https:\/\/vixav.com.vn\/index.php\/wp-json\/wp\/v2\/product_cat?post=2394"},{"taxonomy":"product_tag","embeddable":true,"href":"https:\/\/vixav.com.vn\/index.php\/wp-json\/wp\/v2\/product_tag?post=2394"}],"curies":[{"name":"wp","href":"https:\/\/api.w.org\/{rel}","templated":true}]}}