{"id":2308,"date":"2025-11-04T10:24:28","date_gmt":"2025-11-04T03:24:28","guid":{"rendered":"https:\/\/vixav.com.vn\/?post_type=product&#038;p=2308"},"modified":"2025-11-04T10:24:28","modified_gmt":"2025-11-04T03:24:28","slug":"christie-dwu1400-gs-may-chieu-laser-wuxga-hieu-suat-cao-cho-moi-truong-chuyen-nghiep","status":"publish","type":"product","link":"https:\/\/vixav.com.vn\/index.php\/san-pham\/christie-dwu1400-gs-may-chieu-laser-wuxga-hieu-suat-cao-cho-moi-truong-chuyen-nghiep\/","title":{"rendered":"Christie DWU1400-GS \u2013 M\u00e1y chi\u1ebfu laser WUXGA hi\u1ec7u su\u1ea5t cao cho m\u00f4i tr\u01b0\u1eddng chuy\u00ean nghi\u1ec7p"},"content":{"rendered":"<p>M\u00e1y chi\u1ebfu Christie DWU1400-GS l\u00e0 s\u1ea3n ph\u1ea9m d\u00f2ng GS c\u1ee7a h\u00e3ng Christie, \u0111\u01b0\u1ee3c thi\u1ebft k\u1ebf d\u00e0nh cho c\u00e1c \u1ee9ng d\u1ee5ng tr\u00ecnh chi\u1ebfu l\u1edbn nh\u01b0 h\u1ed9i tr\u01b0\u1eddng, trung t\u00e2m \u0111\u00e0o t\u1ea1o, nh\u00e0 th\u1edd, tr\u00ecnh chi\u1ebfu nhi\u1ec1u m\u00e1y (multi-projector) ho\u1eb7c mapping. V\u1edbi \u0111\u1ed9 s\u00e1ng l\u00ean t\u1edbi <strong data-start=\"628\" data-end=\"650\">12.000 ANSI lumens<\/strong> (ho\u1eb7c h\u01a1n theo ISO) v\u00e0 tu\u1ed5i th\u1ecd ngu\u1ed3n s\u00e1ng laser l\u00ean t\u1edbi 20.000 gi\u1edd, thi\u1ebft b\u1ecb mang l\u1ea1i hi\u1ec7u su\u1ea5t \u1ed5n \u0111\u1ecbnh v\u00e0 chi ph\u00ed v\u1eadn h\u00e0nh th\u1ea5p trong m\u00f4i tr\u01b0\u1eddng s\u1eed d\u1ee5ng li\u00ean t\u1ee5c<\/p>\n<p><img fetchpriority=\"high\" decoding=\"async\" class=\"size-medium wp-image-2311 alignright\" src=\"https:\/\/vixav.com.vn\/wp-content\/uploads\/2025\/11\/Christie-DWU1400_LifeStyle1-300x169.jpg\" alt=\"\" width=\"300\" height=\"169\" srcset=\"https:\/\/vixav.com.vn\/wp-content\/uploads\/2025\/11\/Christie-DWU1400_LifeStyle1-300x169.jpg 300w, https:\/\/vixav.com.vn\/wp-content\/uploads\/2025\/11\/Christie-DWU1400_LifeStyle1-1024x576.jpg 1024w, https:\/\/vixav.com.vn\/wp-content\/uploads\/2025\/11\/Christie-DWU1400_LifeStyle1-768x432.jpg 768w, https:\/\/vixav.com.vn\/wp-content\/uploads\/2025\/11\/Christie-DWU1400_LifeStyle1-800x450.jpg 800w, https:\/\/vixav.com.vn\/wp-content\/uploads\/2025\/11\/Christie-DWU1400_LifeStyle1-600x338.jpg 600w, https:\/\/vixav.com.vn\/wp-content\/uploads\/2025\/11\/Christie-DWU1400_LifeStyle1.jpg 1280w\" sizes=\"(max-width: 300px) 100vw, 300px\" \/><img decoding=\"async\" class=\"size-medium wp-image-2310 alignleft\" src=\"https:\/\/vixav.com.vn\/wp-content\/uploads\/2025\/11\/Christie_DWU1400_PJRemote1-300x169.jpg\" alt=\"\" width=\"300\" height=\"169\" srcset=\"https:\/\/vixav.com.vn\/wp-content\/uploads\/2025\/11\/Christie_DWU1400_PJRemote1-300x169.jpg 300w, https:\/\/vixav.com.vn\/wp-content\/uploads\/2025\/11\/Christie_DWU1400_PJRemote1-1024x576.jpg 1024w, https:\/\/vixav.com.vn\/wp-content\/uploads\/2025\/11\/Christie_DWU1400_PJRemote1-768x432.jpg 768w, https:\/\/vixav.com.vn\/wp-content\/uploads\/2025\/11\/Christie_DWU1400_PJRemote1-800x450.jpg 800w, https:\/\/vixav.com.vn\/wp-content\/uploads\/2025\/11\/Christie_DWU1400_PJRemote1-600x338.jpg 600w, https:\/\/vixav.com.vn\/wp-content\/uploads\/2025\/11\/Christie_DWU1400_PJRemote1.jpg 1280w\" sizes=\"(max-width: 300px) 100vw, 300px\" \/><\/p>\n<p>&nbsp;<\/p>\n<p>&nbsp;<\/p>\n<p>&nbsp;<\/p>\n<p>&nbsp;<\/p>\n<p><strong>T\u00ednh n\u0103ng n\u1ed5i b\u1eadt<\/strong><\/p>\n<ul>\n<li><strong data-start=\"888\" data-end=\"932\">\u0110\u1ed9 s\u00e1ng cao &amp; \u0111\u1ed9 ph\u00e2n gi\u1ea3i chuy\u00ean nghi\u1ec7p<\/strong>: Native \u0111\u1ed9 ph\u00e2n gi\u1ea3i WUXGA (1920\u00d71200) ph\u00f9 h\u1ee3p v\u1edbi n\u1ed9i dung ch\u1ea5t l\u01b0\u1ee3ng cao.<\/li>\n<li><strong data-start=\"1051\" data-end=\"1090\">Ngu\u1ed3n s\u00e1ng laser Blue-Phosphor\/1DLP<\/strong>: Cho tu\u1ed5i th\u1ecd t\u1edbi 20.000 gi\u1edd v\u00e0 \u00edt b\u1ea3o tr\u00ec h\u01a1n b\u00f3ng \u0111\u00e8n th\u00f4ng th\u01b0\u1eddng.<\/li>\n<li><strong data-start=\"1203\" data-end=\"1246\">Kh\u1ea3 n\u0103ng l\u1eafp \u0111\u1eb7t linh ho\u1ea1t, \u0111a \u1ed1ng k\u00ednh<\/strong>: H\u1ed7 tr\u1ee3 nhi\u1ec1u \u1ed1ng k\u00ednh thay \u0111\u1ed5i, zoom\/offset motorised, l\u1eafp \u0111\u1eb7t \u0111a h\u01b0\u1edbng (omnidirectional) \u2013 ph\u00f9 h\u1ee3p tr\u00ecnh chi\u1ebfu nghi\u00eang, xoay, tr\u1ea7n.<\/li>\n<li><strong data-start=\"1423\" data-end=\"1471\">H\u1ed7 tr\u1ee3 warping\/blending &amp; alignment t\u00edch h\u1ee3p<\/strong>: T\u00edch h\u1ee3p ph\u1ea7n m\u1ec1m Christie Twist v\u00e0 t\u01b0\u01a1ng th\u00edch v\u1edbi Christie Mystique gi\u00fap d\u1ec5 d\u00e0ng gh\u00e9p \u1ea3nh (edge-blend) v\u00e0 hi\u1ec7u ch\u1ec9nh h\u00ecnh \u1ea3nh cho nhi\u1ec1u m\u00e0n h\u00ecnh\/ch\u1ed3ng m\u00e1y.<\/li>\n<li><strong data-start=\"1673\" data-end=\"1698\">K\u1ebft n\u1ed1i chuy\u00ean nghi\u1ec7p<\/strong>: C\u1ed5ng HDMI 2.0, DVI-D, HDBaseT, 3G-SDI\u2026 \u0111\u00e1p \u1ee9ng m\u00f4i tr\u01b0\u1eddng tr\u00ecnh chi\u1ebfu chuy\u00ean nghi\u1ec7p v\u00e0 t\u00edch h\u1ee3p AV\/IT.<\/li>\n<\/ul>\n<p><img decoding=\"async\" class=\"size-medium wp-image-2312 aligncenter\" src=\"https:\/\/vixav.com.vn\/wp-content\/uploads\/2025\/11\/christie-gs-880-1100-black-back-low-300x200.png\" alt=\"\" width=\"300\" height=\"200\" srcset=\"https:\/\/vixav.com.vn\/wp-content\/uploads\/2025\/11\/christie-gs-880-1100-black-back-low-300x200.png 300w, https:\/\/vixav.com.vn\/wp-content\/uploads\/2025\/11\/christie-gs-880-1100-black-back-low-600x400.png 600w, https:\/\/vixav.com.vn\/wp-content\/uploads\/2025\/11\/christie-gs-880-1100-black-back-low.png 690w\" sizes=\"(max-width: 300px) 100vw, 300px\" \/><\/p>\n<h3 data-start=\"1992\" data-end=\"2040\">Ph\u00f9 h\u1ee3p v\u1edbi nh\u1eefng ai &amp; nh\u1eefng \u1ee9ng d\u1ee5ng n\u00e0o?<\/h3>\n<ul>\n<li data-start=\"2044\" data-end=\"2141\">H\u1ed9i tr\u01b0\u1eddng, ph\u00f2ng l\u1edbn, s\u00e2n kh\u1ea5u, nh\u00e0 th\u1edd c\u00f3 nhu c\u1ea7u tr\u00ecnh chi\u1ebfu r\u1ef1c r\u1ee1, \u00e1nh s\u00e1ng m\u00f4i tr\u01b0\u1eddng cao<\/li>\n<li data-start=\"2144\" data-end=\"2250\">Trung t\u00e2m \u0111\u00e0o t\u1ea1o, tr\u01b0\u1eddng \u0111\u1ea1i h\u1ecdc, h\u1ed9i ngh\u1ecb qu\u1ed1c t\u1ebf \u2013 c\u1ea7n tr\u00ecnh chi\u1ebfu \u0111a m\u00e1y, h\u00ecnh l\u1edbn, \u0111\u1ed9 ph\u00e2n gi\u1ea3i cao<\/li>\n<li data-start=\"2253\" data-end=\"2344\">Tr\u00ecnh chi\u1ebfu mapping, tr\u01b0ng b\u00e0y tri\u1ec3n l\u00e3m, m\u00f4i tr\u01b0\u1eddng y\u00eau c\u1ea7u hi\u1ec7u ch\u1ec9nh h\u00ecnh \u1ea3nh ph\u1ee9c t\u1ea1p<\/li>\n<li data-start=\"2347\" data-end=\"2434\">Doanh nghi\u1ec7p c\u1ea7n gi\u1ea3i ph\u00e1p tr\u00ecnh chi\u1ebfu chuy\u00ean nghi\u1ec7p, \u0111\u1ed9 tin c\u1eady cao, \u00edt ph\u1ea3i b\u1ea3o tr\u00ec<\/li>\n<\/ul>\n<h3 data-start=\"3389\" data-end=\"3433\">\ud83c\udf1f T\u1ea1i sao n\u00ean ch\u1ecdn Christie DWU1400-GS?<\/h3>\n<ul>\n<li data-start=\"3437\" data-end=\"3542\">Gi\u1ea3i ph\u00e1p <strong data-start=\"3447\" data-end=\"3477\">kh\u00f4ng b\u1ea3o tr\u00ec th\u01b0\u1eddng xuy\u00ean<\/strong> nh\u1edd ngu\u1ed3n laser, gi\u00fap ti\u1ebft ki\u1ec7m chi ph\u00ed v\u1eadn h\u00e0nh trong d\u00e0i h\u1ea1n<\/li>\n<li data-start=\"3545\" data-end=\"3657\">D\u1ec5 d\u00e0ng c\u1ea5u h\u00ecnh tr\u00ecnh chi\u1ebfu l\u1edbn ho\u1eb7c nhi\u1ec1u m\u00e1y nh\u1edd warping\/blending t\u00edch h\u1ee3p \u2013 ph\u00f9 h\u1ee3p v\u1edbi c\u00e1c d\u1ef1 \u00e1n ph\u1ee9c t\u1ea1p<\/li>\n<li data-start=\"3660\" data-end=\"3779\">\u0110\u1ed9 s\u00e1ng l\u1edbn v\u00e0 \u0111\u1ed9 ph\u00e2n gi\u1ea3i cao gi\u00fap h\u00ecnh \u1ea3nh r\u00f5 n\u00e9t, s\u1ed1ng \u0111\u1ed9ng, ph\u00f9 h\u1ee3p m\u00f4i tr\u01b0\u1eddng c\u00f3 \u00e1nh s\u00e1ng cao ho\u1eb7c m\u00e0n h\u00ecnh l\u1edbn<\/li>\n<li data-start=\"3782\" data-end=\"3861\">H\u00e3ng Christie c\u00f3 uy t\u00edn trong ng\u00e0nh AV chuy\u00ean nghi\u1ec7p v\u00e0 gi\u1ea3i ph\u00e1p l\u1eafp \u0111\u1eb7t l\u1edbn<\/li>\n<\/ul>\n","protected":false},"excerpt":{"rendered":"<p><strong>Th\u00f4ng s\u1ed1 k\u1ef9 thu\u1eadt ch\u00ednh<\/strong><\/p>\n<ul>\n<li>\u0110\u1ed9 ph\u00e2n gi\u1ea3i: WUXGA (1920 \u00d7 1200)<\/li>\n<li>\u0110\u1ed9 s\u00e1ng: kho\u1ea3ng <strong data-start=\"2580\" data-end=\"2602\">12.000 ANSI lumens<\/strong><\/li>\n<li>T\u1ef7 l\u1ec7 t\u01b0\u01a1ng ph\u1ea3n: 6.000:1 ki\u1ec3u dynamic; b\u1eadt t\u00ednh n\u0103ng RealBlack\u2122 c\u00f3 th\u1ec3 t\u1edbi 4.000.000:1<\/li>\n<li>Tu\u1ed5i th\u1ecd ngu\u1ed3n s\u00e1ng: kho\u1ea3ng 20.000 gi\u1edd \u0111\u1ebfn 50% \u0111\u1ed9 s\u00e1ng<\/li>\n<li>K\u00edch th\u01b0\u1edbc \/ tr\u1ecdng l\u01b0\u1ee3ng: ~555 \u00d7 480 \u00d7 190 mm (L\u00d7W\u00d7H) \u2013 tr\u1ecdng l\u01b0\u1ee3ng ~22.8 kg (50.3 lbs) ch\u01b0a t\u00ednh \u1ed1ng k\u00ednh.<\/li>\n<li>C\u00f4ng su\u1ea5t ti\u00eau th\u1ee5 t\u1ed1i \u0111a: ~985 W<\/li>\n<li>C\u1ed5ng k\u1ebft n\u1ed1i n\u1ed5i b\u1eadt: 2\u00d7 HDMI 2.0 (HDCP 2.2), DVI-D, HDBaseT, 3G-SDI, USB, RS232.<\/li>\n<\/ul>\n","protected":false},"featured_media":2309,"comment_status":"open","ping_status":"closed","template":"","meta":[],"product_brand":[],"product_cat":[179],"product_tag":[],"class_list":{"0":"post-2308","1":"product","2":"type-product","3":"status-publish","6":"product_cat-christie","8":"first","9":"instock","10":"taxable","11":"shipping-taxable","12":"product-type-simple"},"_links":{"self":[{"href":"https:\/\/vixav.com.vn\/index.php\/wp-json\/wp\/v2\/product\/2308","targetHints":{"allow":["GET"]}}],"collection":[{"href":"https:\/\/vixav.com.vn\/index.php\/wp-json\/wp\/v2\/product"}],"about":[{"href":"https:\/\/vixav.com.vn\/index.php\/wp-json\/wp\/v2\/types\/product"}],"replies":[{"embeddable":true,"href":"https:\/\/vixav.com.vn\/index.php\/wp-json\/wp\/v2\/comments?post=2308"}],"wp:featuredmedia":[{"embeddable":true,"href":"https:\/\/vixav.com.vn\/index.php\/wp-json\/wp\/v2\/media\/2309"}],"wp:attachment":[{"href":"https:\/\/vixav.com.vn\/index.php\/wp-json\/wp\/v2\/media?parent=2308"}],"wp:term":[{"taxonomy":"product_brand","embeddable":true,"href":"https:\/\/vixav.com.vn\/index.php\/wp-json\/wp\/v2\/product_brand?post=2308"},{"taxonomy":"product_cat","embeddable":true,"href":"https:\/\/vixav.com.vn\/index.php\/wp-json\/wp\/v2\/product_cat?post=2308"},{"taxonomy":"product_tag","embeddable":true,"href":"https:\/\/vixav.com.vn\/index.php\/wp-json\/wp\/v2\/product_tag?post=2308"}],"curies":[{"name":"wp","href":"https:\/\/api.w.org\/{rel}","templated":true}]}}