{"id":2258,"date":"2025-10-09T10:59:39","date_gmt":"2025-10-09T03:59:39","guid":{"rendered":"https:\/\/vixav.com.vn\/?post_type=product&#038;p=2258"},"modified":"2026-04-20T03:07:18","modified_gmt":"2026-04-19T20:07:18","slug":"wps-qpl01","status":"publish","type":"product","link":"https:\/\/vixav.com.vn\/index.php\/san-pham\/wps-qpl01\/","title":{"rendered":"WPS-QPL01 B\u1ed9 tr\u00ecnh chi\u1ebfu kh\u00f4ng d\u00e2y (Lite)"},"content":{"rendered":"<p><iframe title=\"CYP - Hyshare Lite Setup\" src=\"https:\/\/www.youtube.com\/embed\/6vLbzrogHlA\" width=\"640\" height=\"360\" frameborder=\"0\" allowfullscreen=\"allowfullscreen\"><\/iframe><\/p>\n<h3><b>TH\u00d4NG S\u1ed0 K\u1ef8 THU\u1eacT<\/b><\/h3>\n<p><b>B\u1ed8 NH\u1eacN<\/b><\/p>\n<table dir=\"ltr\" border=\"0\" cellspacing=\"0\" cellpadding=\"0\" data-sheets-root=\"1\" data-sheets-baot=\"1\">\n<colgroup>\n<col width=\"150\" \/><\/colgroup>\n<colgroup>\n<col width=\"250\" \/><\/colgroup>\n<tbody>\n<tr>\n<td><strong>Giao di\u1ec7n<\/strong><\/td>\n<td><\/td>\n<\/tr>\n<tr>\n<td>C\u1ed5ng \u0110\u1ea7u Ra<\/td>\n<td>\n<div>\n<div>1 HDMI (HDMI 1.4)<\/div>\n<\/div>\n<\/td>\n<\/tr>\n<tr>\n<td>I\/O \u0110i\u1ec1u Khi\u1ec3n<\/td>\n<td>1 USB (Lo\u1ea1i-A)<\/td>\n<\/tr>\n<tr>\n<td><strong>Video<\/strong><\/td>\n<td><\/td>\n<\/tr>\n<tr>\n<td>Tu\u00e2n th\u1ee7 HDMI<\/td>\n<td>HDMI 1.4<\/td>\n<\/tr>\n<tr>\n<td>Tu\u00e2n th\u1ee7 HDCP<\/td>\n<td>C\u00d3<\/td>\n<\/tr>\n<tr>\n<td>Lo\u1ea1i T\u00edn Hi\u1ec7u \u0110\u1ea7u V\u00e0o<\/td>\n<td>802.11ac 5GHz<\/td>\n<\/tr>\n<tr>\n<td>Lo\u1ea1i T\u00edn Hi\u1ec7u \u0110\u1ea7u Ra<\/td>\n<td>\n<div>\n<div>3840x2160p@30Hz<\/div>\n<\/div>\n<\/td>\n<\/tr>\n<tr>\n<td>\u0110\u1ea7u Ra T\u1ed1i \u0110a<\/td>\n<td>\u0110\u1ed9 ph\u00e2n gi\u1ea3i<\/td>\n<\/tr>\n<tr>\n<td>HDMI<\/td>\n<td>LPCM (2 K\u00eanh)<\/td>\n<\/tr>\n<tr>\n<td><strong>Ngu\u1ed3n<\/strong><\/td>\n<td><\/td>\n<\/tr>\n<tr>\n<td>Ngu\u1ed3n C\u1ea5p \u0110i\u1ec7n<\/td>\n<td>DC-In 5V 2A,<\/td>\n<\/tr>\n<tr>\n<td>M\u1ee9c Ti\u00eau Th\u1ee5 \u0110i\u1ec7n<\/td>\n<td>T\u1ed1i \u0111a 10W.<\/td>\n<\/tr>\n<tr>\n<td><strong>V\u1ecf m\u00e1y<\/strong><\/td>\n<td><\/td>\n<\/tr>\n<tr>\n<td>V\u1eadt Li\u1ec7u Khung<\/td>\n<td>Nh\u1ef1a<\/td>\n<\/tr>\n<tr>\n<td>M\u00e0u S\u1eafc Khung<\/td>\n<td>\u0110en<\/td>\n<\/tr>\n<tr>\n<td>K\u00edch Th\u01b0\u1edbc (R\u00d7C\u00d7S)<\/td>\n<td>\n<div>\n<div>135 x 127 x 80.2 mm<\/div>\n<\/div>\n<\/td>\n<\/tr>\n<tr>\n<td>Tr\u1ecdng L\u01b0\u1ee3ng<\/td>\n<td>106g<\/td>\n<\/tr>\n<\/tbody>\n<\/table>\n<p><strong>B\u1ed8 PH\u00c1T<\/strong><\/p>\n<table dir=\"ltr\" border=\"0\" cellspacing=\"0\" cellpadding=\"0\" data-sheets-root=\"1\" data-sheets-baot=\"1\">\n<colgroup>\n<col width=\"150\" \/><\/colgroup>\n<colgroup>\n<col width=\"250\" \/><\/colgroup>\n<tbody>\n<tr>\n<td><strong>Giao di\u1ec7n<\/strong><\/td>\n<td><\/td>\n<\/tr>\n<tr>\n<td>C\u1ed5ng \u0110\u1ea7u V\u00e0o<\/td>\n<td>1 HDMI<\/td>\n<\/tr>\n<tr>\n<td>\u0110i\u1ec1u Khi\u1ec3n<\/td>\n<td>\n<div>\n<div>1 Micro USB (\u0111\u1ec3 c\u1ea5p ngu\u1ed3n, gh\u00e9p n\u1ed1i)<\/div>\n<\/div>\n<\/td>\n<\/tr>\n<tr>\n<td><strong>Video<\/strong><\/td>\n<td><\/td>\n<\/tr>\n<tr>\n<td>Tu\u00e2n th\u1ee7 HDMI<\/td>\n<td>\n<div>\n<div>HDMI 1.4 (DVI 1.0)<\/div>\n<\/div>\n<\/td>\n<\/tr>\n<tr>\n<td>Tu\u00e2n th\u1ee7 HDCP<\/td>\n<td>C\u00d3<\/td>\n<\/tr>\n<tr>\n<td>Lo\u1ea1i T\u00edn Hi\u1ec7u \u0110\u1ea7u V\u00e0o<\/td>\n<td>\n<div>\n<div>1920x1080p@60Hz<\/div>\n<\/div>\n<\/td>\n<\/tr>\n<tr>\n<td>\u0110\u1ea7u V\u00e0o T\u1ed1i \u0110a<\/td>\n<td>\u0110\u1ed9 ph\u00e2n gi\u1ea3i<\/td>\n<\/tr>\n<tr>\n<td>HDMI<\/td>\n<td>LPCM (2 K\u00eanh)<\/td>\n<\/tr>\n<tr>\n<td><strong>Ngu\u1ed3n<\/strong><\/td>\n<td><\/td>\n<\/tr>\n<tr>\n<td>Ngu\u1ed3n C\u1ea5p \u0110i\u1ec7n<\/td>\n<td>DC-In 5V 1A<\/td>\n<\/tr>\n<tr>\n<td>M\u1ee9c Ti\u00eau Th\u1ee5 \u0110i\u1ec7n<\/td>\n<td>4.5W<\/td>\n<\/tr>\n<tr>\n<td><strong>V\u1ecf m\u00e1y<\/strong><\/td>\n<td><\/td>\n<\/tr>\n<tr>\n<td>V\u1eadt Li\u1ec7u Khung<\/td>\n<td>Nh\u1ef1a<\/td>\n<\/tr>\n<tr>\n<td>M\u00e0u S\u1eafc Khung<\/td>\n<td>\u0110en<\/td>\n<\/tr>\n<tr>\n<td>K\u00edch Th\u01b0\u1edbc (R\u00d7C\u00d7S)<\/td>\n<td>\n<div>\n<div>88 x 92.7 x 68mm v\u1edbi \u0103ng-ten<\/div>\n<\/div>\n<\/td>\n<\/tr>\n<tr>\n<td>Tr\u1ecdng L\u01b0\u1ee3ng<\/td>\n<td>54g<\/td>\n<\/tr>\n<\/tbody>\n<\/table>\n","protected":false},"excerpt":{"rendered":"<p class=\"f-size-18 mb-3\"><span dir=\"auto\">H\u1ec7 th\u1ed1ng tr\u00ecnh chi\u1ebfu kh\u00f4ng d\u00e2y,<\/span><\/p>\n<p class=\"f-size-18 mb-3\"><span dir=\"auto\">Model WPS-QPL01 c\u1ea5p c\u01a1 b\u1ea3n (Lite)<\/span><\/p>\n<div class=\"bg-block mb-3\">\n<ul>\n<li><span dir=\"auto\">Kh\u00f4ng c\u1ea7n \u1ee9ng d\u1ee5ng, ch\u1ec9 c\u1ea7n k\u1ebft n\u1ed1i kh\u00f4ng d\u00e2y \u0111\u1ec3 l\u00e0m vi\u1ec7c v\u1edbi m\u00e1y chi\u1ebfu, m\u00e0n h\u00ecnh, m\u00e0n LED, m\u00e0n gh\u00e9p&#8230;<\/span><\/li>\n<li><span dir=\"auto\">Kh\u1ea3 n\u0103ng t\u01b0\u01a1ng th\u00edch cao v\u1edbi iOS, Android, Windows, Mac<\/span><\/li>\n<li><span dir=\"auto\">H\u1ed7 tr\u1ee3 \u0111\u1ea7u v\u00e0o 1080P<\/span><\/li>\n<li><span dir=\"auto\">H\u1ed7 tr\u1ee3 \u0111\u1ed9 ph\u00e2n gi\u1ea3i \u0111\u1ea7u ra l\u00ean \u0111\u1ebfn 4K (3840&#215;2160@30Hz)<\/span><\/li>\n<li><span dir=\"auto\">Truy\u1ec1n Wi-Fi 5GHz \u0111\u1ed9c l\u1eadp gi\u00fap t\u00edn hi\u1ec7u \u1ed5n \u0111\u1ecbnh.<\/span><\/li>\n<li><span dir=\"auto\">Cho ph\u00e9p k\u1ebft n\u1ed1i internet v\u00e0o h\u1ec7 th\u1ed1ng.<\/span><\/li>\n<li><span dir=\"auto\">H\u1ed7 tr\u1ee3 Touch Back, Google Cast v\u00e0 AirPlay \u00a0 \u00a0<\/span><\/li>\n<\/ul>\n<p><img decoding=\"async\" class=\"alignnone wp-image-2265\" src=\"https:\/\/vixav.com.vn\/wp-content\/uploads\/2025\/10\/icon_4_HDMI-HIGH-DEFINITION.png\" alt=\"\" width=\"34\" height=\"34\" srcset=\"https:\/\/vixav.com.vn\/wp-content\/uploads\/2025\/10\/icon_4_HDMI-HIGH-DEFINITION.png 128w, https:\/\/vixav.com.vn\/wp-content\/uploads\/2025\/10\/icon_4_HDMI-HIGH-DEFINITION-100x100.png 100w\" sizes=\"(max-width: 34px) 100vw, 34px\" \/> <img decoding=\"async\" class=\"alignnone wp-image-2266\" src=\"https:\/\/vixav.com.vn\/wp-content\/uploads\/2025\/10\/icon_23_4K.png\" alt=\"\" width=\"34\" height=\"34\" srcset=\"https:\/\/vixav.com.vn\/wp-content\/uploads\/2025\/10\/icon_23_4K.png 128w, https:\/\/vixav.com.vn\/wp-content\/uploads\/2025\/10\/icon_23_4K-100x100.png 100w\" sizes=\"(max-width: 34px) 100vw, 34px\" \/> <img decoding=\"async\" class=\"alignnone wp-image-2267\" src=\"https:\/\/vixav.com.vn\/wp-content\/uploads\/2025\/10\/icon_101_Wireless.png\" alt=\"\" width=\"34\" height=\"34\" srcset=\"https:\/\/vixav.com.vn\/wp-content\/uploads\/2025\/10\/icon_101_Wireless.png 128w, https:\/\/vixav.com.vn\/wp-content\/uploads\/2025\/10\/icon_101_Wireless-100x100.png 100w\" sizes=\"(max-width: 34px) 100vw, 34px\" \/> <img loading=\"lazy\" decoding=\"async\" class=\"alignnone wp-image-2268\" src=\"https:\/\/vixav.com.vn\/wp-content\/uploads\/2025\/10\/icon_207_Collaboration.png\" alt=\"\" width=\"34\" height=\"34\" srcset=\"https:\/\/vixav.com.vn\/wp-content\/uploads\/2025\/10\/icon_207_Collaboration.png 128w, https:\/\/vixav.com.vn\/wp-content\/uploads\/2025\/10\/icon_207_Collaboration-100x100.png 100w\" sizes=\"(max-width: 34px) 100vw, 34px\" \/> <img loading=\"lazy\" decoding=\"async\" class=\"alignnone wp-image-2269\" src=\"https:\/\/vixav.com.vn\/wp-content\/uploads\/2025\/10\/icon_1_Plug-Play-300x300.png\" alt=\"\" width=\"34\" height=\"34\" srcset=\"https:\/\/vixav.com.vn\/wp-content\/uploads\/2025\/10\/icon_1_Plug-Play-300x300.png 300w, https:\/\/vixav.com.vn\/wp-content\/uploads\/2025\/10\/icon_1_Plug-Play-1024x1024.png 1024w, https:\/\/vixav.com.vn\/wp-content\/uploads\/2025\/10\/icon_1_Plug-Play-150x150.png 150w, https:\/\/vixav.com.vn\/wp-content\/uploads\/2025\/10\/icon_1_Plug-Play-768x768.png 768w, https:\/\/vixav.com.vn\/wp-content\/uploads\/2025\/10\/icon_1_Plug-Play-600x600.png 600w, https:\/\/vixav.com.vn\/wp-content\/uploads\/2025\/10\/icon_1_Plug-Play-100x100.png 100w, https:\/\/vixav.com.vn\/wp-content\/uploads\/2025\/10\/icon_1_Plug-Play.png 1063w\" sizes=\"(max-width: 34px) 100vw, 34px\" \/> <img loading=\"lazy\" decoding=\"async\" class=\"alignnone wp-image-2275\" src=\"https:\/\/vixav.com.vn\/wp-content\/uploads\/2025\/10\/imgi_13.png\" alt=\"\" width=\"34\" height=\"34\" \/> <img loading=\"lazy\" decoding=\"async\" class=\"alignnone wp-image-2276\" src=\"https:\/\/vixav.com.vn\/wp-content\/uploads\/2025\/10\/imgi_14.png\" alt=\"\" width=\"33\" height=\"34\" \/> <img loading=\"lazy\" decoding=\"async\" class=\"alignnone wp-image-2277\" src=\"https:\/\/vixav.com.vn\/wp-content\/uploads\/2025\/10\/imgi_15.png\" alt=\"\" width=\"33\" height=\"34\" \/><\/p>\n<\/div>\n","protected":false},"featured_media":2259,"comment_status":"open","ping_status":"closed","template":"","meta":[],"product_brand":[],"product_cat":[246],"product_tag":[265,283,281,282],"class_list":{"0":"post-2258","1":"product","2":"type-product","3":"status-publish","6":"product_cat-cyp","7":"product_tag-4k","8":"product_tag-collaboration","9":"product_tag-ket-noi-khong-day","10":"product_tag-trinh-chieu-khong-day","12":"first","13":"instock","14":"featured","15":"taxable","16":"shipping-taxable","17":"product-type-simple"},"_links":{"self":[{"href":"https:\/\/vixav.com.vn\/index.php\/wp-json\/wp\/v2\/product\/2258","targetHints":{"allow":["GET"]}}],"collection":[{"href":"https:\/\/vixav.com.vn\/index.php\/wp-json\/wp\/v2\/product"}],"about":[{"href":"https:\/\/vixav.com.vn\/index.php\/wp-json\/wp\/v2\/types\/product"}],"replies":[{"embeddable":true,"href":"https:\/\/vixav.com.vn\/index.php\/wp-json\/wp\/v2\/comments?post=2258"}],"wp:featuredmedia":[{"embeddable":true,"href":"https:\/\/vixav.com.vn\/index.php\/wp-json\/wp\/v2\/media\/2259"}],"wp:attachment":[{"href":"https:\/\/vixav.com.vn\/index.php\/wp-json\/wp\/v2\/media?parent=2258"}],"wp:term":[{"taxonomy":"product_brand","embeddable":true,"href":"https:\/\/vixav.com.vn\/index.php\/wp-json\/wp\/v2\/product_brand?post=2258"},{"taxonomy":"product_cat","embeddable":true,"href":"https:\/\/vixav.com.vn\/index.php\/wp-json\/wp\/v2\/product_cat?post=2258"},{"taxonomy":"product_tag","embeddable":true,"href":"https:\/\/vixav.com.vn\/index.php\/wp-json\/wp\/v2\/product_tag?post=2258"}],"curies":[{"name":"wp","href":"https:\/\/api.w.org\/{rel}","templated":true}]}}