{"id":2244,"date":"2025-07-15T10:54:07","date_gmt":"2025-07-15T03:54:07","guid":{"rendered":"https:\/\/vixav.com.vn\/?post_type=product&#038;p=2244"},"modified":"2025-07-15T16:36:44","modified_gmt":"2025-07-15T09:36:44","slug":"may-chieu-acer-h5360","status":"publish","type":"product","link":"https:\/\/vixav.com.vn\/index.php\/san-pham\/may-chieu-acer-h5360\/","title":{"rendered":"M\u00e1y chi\u1ebfu Acer H5360"},"content":{"rendered":"<h2 data-start=\"44\" data-end=\"120\"><strong data-start=\"47\" data-end=\"120\">Acer H5360 \u2013 M\u00e1y chi\u1ebfu DLP 3D-ready, gi\u1ea3i tr\u00ed &amp; tr\u00ecnh chi\u1ebfu linh ho\u1ea1t<\/strong><\/h2>\n<p data-start=\"122\" data-end=\"417\"><strong data-start=\"122\" data-end=\"136\">Acer H5360<\/strong> l\u00e0 l\u1ef1a ch\u1ecdn tuy\u1ec7t v\u1eddi cho nh\u1eefng ng\u01b0\u1eddi d\u00f9ng mu\u1ed1n c\u00f3 m\u1ed9t m\u00e1y chi\u1ebfu nh\u1ecf g\u1ecdn, \u0111a n\u0103ng \u0111\u1ec3 xem phim, ch\u01a1i game, tr\u00ecnh chi\u1ebfu slide ho\u1eb7c s\u1eed d\u1ee5ng t\u1ea1i v\u0103n ph\u00f2ng. Thi\u1ebft k\u1ebf th\u00e2n thi\u1ec7n, k\u1ebft h\u1ee3p t\u00ednh n\u0103ng 3D-ready v\u00e0 h\u00ecnh \u1ea3nh s\u1eafc n\u00e9t, H5360 mang \u0111\u1ebfn tr\u1ea3i nghi\u1ec7m t\u1ed1i \u01b0u trong t\u1ea7m gi\u00e1 r\u1ea5t h\u1ee3p l\u00fd.<img fetchpriority=\"high\" decoding=\"async\" class=\"alignnone wp-image-2245\" src=\"https:\/\/vixav.com.vn\/wp-content\/uploads\/2025\/07\/z6717543976335_d85da978dbd90c9c8aa672f545aa9ecc-Copy.jpg\" alt=\"\" width=\"675\" height=\"900\" srcset=\"https:\/\/vixav.com.vn\/wp-content\/uploads\/2025\/07\/z6717543976335_d85da978dbd90c9c8aa672f545aa9ecc-Copy.jpg 960w, https:\/\/vixav.com.vn\/wp-content\/uploads\/2025\/07\/z6717543976335_d85da978dbd90c9c8aa672f545aa9ecc-Copy-225x300.jpg 225w, https:\/\/vixav.com.vn\/wp-content\/uploads\/2025\/07\/z6717543976335_d85da978dbd90c9c8aa672f545aa9ecc-Copy-768x1024.jpg 768w, https:\/\/vixav.com.vn\/wp-content\/uploads\/2025\/07\/z6717543976335_d85da978dbd90c9c8aa672f545aa9ecc-Copy-600x800.jpg 600w, https:\/\/vixav.com.vn\/wp-content\/uploads\/2025\/07\/z6717543976335_d85da978dbd90c9c8aa672f545aa9ecc-Copy-450x600.jpg 450w\" sizes=\"(max-width: 675px) 100vw, 675px\" \/><\/p>\n<ul>\n<li>\ud83c\udf1f <strong data-start=\"431\" data-end=\"452\">T\u00ednh n\u0103ng n\u1ed5i b\u1eadt<\/strong><\/li>\n<li data-start=\"456\" data-end=\"534\"><span class=\"relative -mx-px my-[-0.2rem] rounded px-px py-[0.2rem] transition-colors duration-100 ease-in-out\"><strong data-start=\"0\" data-end=\"48\" data-is-only-node=\"\">\u0110\u1ed9 ph\u00e2n gi\u1ea3i native HD-ready 720p (1280\u00d7720)<\/strong>, h\u1ed7 tr\u1ee3 tr\u00ecnh chi\u1ebfu t\u1ed1i \u0111a l\u00ean \u0111\u1ebfn 1080p \u2014 \u0111\u1ee7 d\u00f9ng cho phim, slide v\u00e0 ch\u01a1i game<\/span><\/li>\n<li data-start=\"537\" data-end=\"615\"><span class=\"relative -mx-px my-[-0.2rem] rounded px-px py-[0.2rem] transition-colors duration-100 ease-in-out\"><strong data-start=\"0\" data-end=\"53\" data-is-only-node=\"\">\u0110\u1ed9 s\u00e1ng 2,500 ANSI lumen (2,000 lumen ch\u1ebf \u0111\u1ed9 Eco)<\/strong> c\u00f9ng <strong data-start=\"59\" data-end=\"87\">t\u1ef7 l\u1ec7 t\u01b0\u01a1ng ph\u1ea3n 3.200:1<\/strong> \u2014 \u0111\u1ea3m b\u1ea3o h\u00ecnh \u1ea3nh r\u00f5 r\u00e0ng trong \u0111i\u1ec1u ki\u1ec7n \u00e1nh s\u00e1ng ph\u00f2ng v\u1eeba ph\u1ea3i<\/span><\/li>\n<li data-start=\"618\" data-end=\"696\"><span class=\"relative -mx-px my-[-0.2rem] rounded px-px py-[0.2rem] transition-colors duration-100 ease-in-out\"><strong data-start=\"0\" data-end=\"33\" data-is-only-node=\"\">C\u00f4ng ngh\u1ec7 DLP 3D-ready 120\u202fHz<\/strong> \u2013 h\u1ed7 tr\u1ee3 k\u00ednh NVIDIA 3D Vision, cho tr\u1ea3i nghi\u1ec7m 3D m\u01b0\u1ee3t m\u00e0 khi k\u1ebft h\u1ee3p v\u1edbi thi\u1ebft b\u1ecb th\u00edch h\u1ee3p<\/span> .<\/li>\n<li data-start=\"699\" data-end=\"777\"><span class=\"relative -mx-px my-[-0.2rem] rounded px-px py-[0.2rem] transition-colors duration-100 ease-in-out\"><strong data-start=\"0\" data-end=\"44\" data-is-only-node=\"\">ColorBoost II+ &amp; Wall-Color Compensation<\/strong> \u2013 t\u00e1i t\u1ea1o m\u00e0u s\u1eafc t\u1ef1 nhi\u00ean h\u01a1n v\u00e0 t\u1ef1 \u0111i\u1ec1u ch\u1ec9nh ph\u00f9 h\u1ee3p v\u1edbi c\u1ea3 t\u01b0\u1eddng m\u00e0u<\/span><\/li>\n<li data-start=\"780\" data-end=\"860\"><span class=\"relative -mx-px my-[-0.2rem] rounded px-px py-[0.2rem] transition-colors duration-100 ease-in-out\"><strong data-start=\"0\" data-end=\"74\" data-is-only-node=\"\">\u0110a k\u1ebft n\u1ed1i: HDMI, Component, Composite, S-Video, VGA, RS-232, audio-in<\/strong> \u2013 ph\u1ee5c v\u1ee5 h\u1ea7u h\u1ebft ngu\u1ed3n ph\u00e1t ph\u1ed5 bi\u1ebfn<\/span><\/li>\n<li data-start=\"863\" data-end=\"945\"><span class=\"relative -mx-px my-[-0.2rem] rounded px-px py-[0.2rem] transition-colors duration-100 ease-in-out\"><strong data-start=\"0\" data-end=\"32\" data-is-only-node=\"\">Remote t\u00edch h\u1ee3p v\u00e0o \u0111\u1ec9nh m\u00e1y<\/strong>, d\u1ec5 s\u1eed d\u1ee5ng v\u00e0 tr\u00e1nh th\u1ea5t l\u1ea1c<\/span> .<\/li>\n<li data-start=\"948\" data-end=\"1030\"><span class=\"relative -mx-px my-[-0.2rem] rounded px-px py-[0.2rem] transition-colors duration-100 ease-in-out\"><strong data-start=\"0\" data-end=\"49\" data-is-only-node=\"\">K\u00edch th\u01b0\u1edbc nh\u1ecf g\u1ecdn (~2,2\u202fkg) v\u00e0 ti\u1ebfng \u1ed3n th\u1ea5p<\/strong>: 32\u202fdB (Standard) \/ 27\u202fdB (Eco), thu\u1eadn ti\u1ec7n di chuy\u1ec3n v\u00e0 s\u1eed d\u1ee5ng \u1edf c\u00e1c m\u00f4i tr\u01b0\u1eddng y\u00ean t\u0129nh<\/span><\/li>\n<li data-start=\"1033\" data-end=\"1113\"><span class=\"relative -mx-px my-[-0.2rem] rounded px-px py-[0.2rem] transition-colors duration-100 ease-in-out\"><strong data-start=\"0\" data-end=\"19\" data-is-only-node=\"\">\u0110\u00e8n P\u2011VIP 200\u202fW<\/strong> \u2013 tu\u1ed5i th\u1ecd l\u00ean \u0111\u1ebfn 4.000\u202fgi\u1edd \u1edf ch\u1ebf \u0111\u1ed9 Eco, ti\u1ebft ki\u1ec7m chi ph\u00ed b\u1ea3o tr\u00ec<\/span><\/li>\n<li data-start=\"1033\" data-end=\"1113\"><img decoding=\"async\" class=\"alignnone wp-image-2246 size-full\" src=\"https:\/\/vixav.com.vn\/wp-content\/uploads\/2025\/07\/z6717543976337_406b8060798b26d3ed00e28c211e9be6.jpg\" alt=\"\" width=\"1276\" height=\"956\" srcset=\"https:\/\/vixav.com.vn\/wp-content\/uploads\/2025\/07\/z6717543976337_406b8060798b26d3ed00e28c211e9be6.jpg 1276w, https:\/\/vixav.com.vn\/wp-content\/uploads\/2025\/07\/z6717543976337_406b8060798b26d3ed00e28c211e9be6-300x225.jpg 300w, https:\/\/vixav.com.vn\/wp-content\/uploads\/2025\/07\/z6717543976337_406b8060798b26d3ed00e28c211e9be6-1024x767.jpg 1024w, https:\/\/vixav.com.vn\/wp-content\/uploads\/2025\/07\/z6717543976337_406b8060798b26d3ed00e28c211e9be6-768x575.jpg 768w, https:\/\/vixav.com.vn\/wp-content\/uploads\/2025\/07\/z6717543976337_406b8060798b26d3ed00e28c211e9be6-800x600.jpg 800w, https:\/\/vixav.com.vn\/wp-content\/uploads\/2025\/07\/z6717543976337_406b8060798b26d3ed00e28c211e9be6-600x450.jpg 600w\" sizes=\"(max-width: 1276px) 100vw, 1276px\" \/><\/li>\n<li>\u2705 <strong data-start=\"1417\" data-end=\"1432\">Ph\u00f9 h\u1ee3p v\u1edbi<\/strong><\/li>\n<li data-start=\"1436\" data-end=\"1475\"><span class=\"relative -mx-px my-[-0.2rem] rounded px-px py-[0.2rem] transition-colors duration-100 ease-in-out\">Gia \u0111\u00ecnh, h\u1ecdc sinh\/sinh vi\u00ean c\u1ea7n m\u00e1y chi\u1ebfu gi\u1ea3i tr\u00ed xem phim, \u0111\u00e1 b\u00f3ng, ch\u01a1i game.<\/span><\/li>\n<li data-start=\"1478\" data-end=\"1517\"><span class=\"relative -mx-px my-[-0.2rem] rounded px-px py-[0.2rem] transition-colors duration-100 ease-in-out\">V\u0103n ph\u00f2ng, l\u1edbp h\u1ecdc nh\u1ecf y\u00eau c\u1ea7u thi\u1ebft b\u1ecb nh\u1ecf nh\u1eb9, d\u1ec5 mang theo &amp; setup nhanh.<\/span><\/li>\n<li data-start=\"1520\" data-end=\"1559\"><span class=\"relative -mx-px my-[-0.2rem] rounded px-px py-[0.2rem] transition-colors duration-100 ease-in-out\">Ng\u01b0\u1eddi d\u00f9ng mu\u1ed1n kh\u00e1m ph\u00e1 tr\u1ea3i nghi\u1ec7m 3D v\u1edbi k\u00ednh chu\u1ea9n NVIDIA.<\/span><\/li>\n<li data-start=\"1562\" data-end=\"1601\"><span class=\"relative -mx-px my-[-0.2rem] rounded px-px py-[0.2rem] transition-colors duration-100 ease-in-out\">Ai c\u1ea7n m\u00e1y chi\u1ebfu gi\u00e1 m\u1ec1m nh\u01b0ng v\u1eabn c\u00f3 ch\u1ea5t l\u01b0\u1ee3ng m\u00e0u s\u1eafc, \u00e1nh s\u00e1ng t\u1ed1t.<\/span><\/li>\n<li>\u26a0\ufe0f <strong data-start=\"1615\" data-end=\"1636\">L\u01b0u \u00fd khi s\u1eed d\u1ee5ng<\/strong><\/li>\n<li><span class=\"relative -mx-px my-[-0.2rem] rounded px-px py-[0.2rem] transition-colors duration-100 ease-in-out\">\u0110\u00e2y l\u00e0 m\u00e1y HD-ready 720p, kh\u00f4ng ph\u1ea3i Full HD\/4K.<\/span><\/li>\n<li><span class=\"relative -mx-px my-[-0.2rem] rounded px-px py-[0.2rem] transition-colors duration-100 ease-in-out\">M\u00e1y DLP c\u00f3 th\u1ec3 g\u00e2y <strong data-start=\"19\" data-end=\"52\">hi\u1ec7u \u1ee9ng \u201cc\u1ea7u v\u1ed3ng\u201d (rainbow)<\/strong> \u0111\u1ed1i v\u1edbi m\u1ed9t s\u1ed1 ng\u01b0\u1eddi nh\u1ea1y v\u1edbi \u00e1nh s\u00e1ng m\u00e0u<\/span><\/li>\n<li><span class=\"relative -mx-px my-[-0.2rem] rounded px-px py-[0.2rem] transition-colors duration-100 ease-in-out\">Kh\u00f4ng c\u00f3 kh\u1ea3 n\u0103ng <strong data-start=\"18\" data-end=\"32\">lens shift<\/strong>, n\u00ean c\u1ea7n \u0111\u1eb7t m\u00e1y t\u01b0\u01a1ng \u0111\u1ed1i th\u1eb3ng h\u01b0\u1edbng m\u00e0n chi\u1ebfu.<\/span><\/li>\n<li><span class=\"relative -mx-px my-[-0.2rem] rounded px-px py-[0.2rem] transition-colors duration-100 ease-in-out\">Loa t\u00edch h\u1ee3p ch\u1ec9 2W mono \u2014 n\u00ean c\u00e2n nh\u1eafc trang b\u1ecb loa ngo\u00e0i n\u1ebfu c\u1ea7n \u00e2m thanh l\u1edbn h\u01a1n.<\/span><\/li>\n<\/ul>\n","protected":false},"excerpt":{"rendered":"<table>\n<thead>\n<tr>\n<th>Th\u00f4ng s\u1ed1<\/th>\n<th>Chi ti\u1ebft<\/th>\n<\/tr>\n<\/thead>\n<tbody>\n<tr>\n<td>\u0110\u1ed9 ph\u00e2n gi\u1ea3i (native)<\/td>\n<td>1280\u00d7720 (HD-ready); h\u1ed7 tr\u1ee3 t\u1ed1i \u0111a 1920\u00d71080<\/td>\n<\/tr>\n<tr>\n<td>\u0110\u1ed9 s\u00e1ng<\/td>\n<td>2.500 ANSI lumen \/ 2.000 lumen (Eco)<\/td>\n<\/tr>\n<tr>\n<td>T\u01b0\u01a1ng ph\u1ea3n<\/td>\n<td>3.200:1<\/td>\n<\/tr>\n<tr>\n<td>C\u00f4ng ngh\u1ec7 hi\u1ec3n th\u1ecb<\/td>\n<td>DLP 1-chip, ColorBoost II+<\/td>\n<\/tr>\n<tr>\n<td>3D-ready<\/td>\n<td>C\u00f3 \u2013 120\u202fHz<\/td>\n<\/tr>\n<tr>\n<td>\u0110\u00e8n<\/td>\n<td>200\u202fW P-VIP, tu\u1ed5i th\u1ecd 3.000 \/ 4.000 gi\u1edd<\/td>\n<\/tr>\n<tr>\n<td>Ti\u1ebfng \u1ed3n<\/td>\n<td>32\u202fdB \/ 27\u202fdB<\/td>\n<\/tr>\n<tr>\n<td>Loa<\/td>\n<td>2\u202fW mono<\/td>\n<\/tr>\n<tr>\n<td>K\u00edch th\u01b0\u1edbc\/Tr\u1ecdng l\u01b0\u1ee3ng<\/td>\n<td>268\u00d7192\u00d780\u202fmm \/ ~2,2\u202fkg<\/td>\n<\/tr>\n<tr>\n<td>C\u1ed5ng k\u1ebft n\u1ed1i<\/td>\n<td>HDMI, Component, Composite, S-Video, VGA, RS-232, audio-in<\/td>\n<\/tr>\n<\/tbody>\n<\/table>\n","protected":false},"featured_media":2245,"comment_status":"open","ping_status":"closed","template":"","meta":[],"product_brand":[],"product_cat":[278],"product_tag":[],"class_list":{"0":"post-2244","1":"product","2":"type-product","3":"status-publish","6":"product_cat-may-da-qua-su-dung","8":"first","9":"instock","10":"taxable","11":"shipping-taxable","12":"purchasable","13":"product-type-simple"},"_links":{"self":[{"href":"https:\/\/vixav.com.vn\/index.php\/wp-json\/wp\/v2\/product\/2244","targetHints":{"allow":["GET"]}}],"collection":[{"href":"https:\/\/vixav.com.vn\/index.php\/wp-json\/wp\/v2\/product"}],"about":[{"href":"https:\/\/vixav.com.vn\/index.php\/wp-json\/wp\/v2\/types\/product"}],"replies":[{"embeddable":true,"href":"https:\/\/vixav.com.vn\/index.php\/wp-json\/wp\/v2\/comments?post=2244"}],"wp:featuredmedia":[{"embeddable":true,"href":"https:\/\/vixav.com.vn\/index.php\/wp-json\/wp\/v2\/media\/2245"}],"wp:attachment":[{"href":"https:\/\/vixav.com.vn\/index.php\/wp-json\/wp\/v2\/media?parent=2244"}],"wp:term":[{"taxonomy":"product_brand","embeddable":true,"href":"https:\/\/vixav.com.vn\/index.php\/wp-json\/wp\/v2\/product_brand?post=2244"},{"taxonomy":"product_cat","embeddable":true,"href":"https:\/\/vixav.com.vn\/index.php\/wp-json\/wp\/v2\/product_cat?post=2244"},{"taxonomy":"product_tag","embeddable":true,"href":"https:\/\/vixav.com.vn\/index.php\/wp-json\/wp\/v2\/product_tag?post=2244"}],"curies":[{"name":"wp","href":"https:\/\/api.w.org\/{rel}","templated":true}]}}