{"id":2226,"date":"2025-07-10T10:21:29","date_gmt":"2025-07-10T03:21:29","guid":{"rendered":"https:\/\/vixav.com.vn\/?post_type=product&#038;p=2226"},"modified":"2026-04-20T02:55:40","modified_gmt":"2026-04-19T19:55:40","slug":"benq-mh560","status":"publish","type":"product","link":"https:\/\/vixav.com.vn\/index.php\/san-pham\/benq-mh560\/","title":{"rendered":"BenQ MH560"},"content":{"rendered":"<h2 data-start=\"259\" data-end=\"333\"><strong data-start=\"262\" data-end=\"333\">BenQ MH560 \u2013 M\u00e1y chi\u1ebfu Full HD chuy\u00ean nghi\u1ec7p cho v\u0103n ph\u00f2ng hi\u1ec7n \u0111\u1ea1i<\/strong><\/h2>\n<p data-start=\"335\" data-end=\"670\"><strong data-start=\"335\" data-end=\"349\">BenQ MH560<\/strong> l\u00e0 d\u00f2ng m\u00e1y chi\u1ebfu \u0111\u1ed9 ph\u00e2n gi\u1ea3i cao Full HD 1080p, \u0111\u01b0\u1ee3c thi\u1ebft k\u1ebf d\u00e0nh ri\u00eang cho nhu c\u1ea7u tr\u00ecnh chi\u1ebfu r\u00f5 n\u00e9t trong m\u00f4i tr\u01b0\u1eddng v\u0103n ph\u00f2ng, l\u1edbp h\u1ecdc v\u00e0 h\u1ed9i h\u1ecdp chuy\u00ean nghi\u1ec7p. V\u1edbi \u0111\u1ed9 s\u00e1ng 3.800 ANSI Lumens c\u00f9ng \u0111\u1ed9 t\u01b0\u01a1ng ph\u1ea3n cao 20.000:1, MH560 mang \u0111\u1ebfn h\u00ecnh \u1ea3nh s\u1eafc n\u00e9t, m\u00e0u s\u1eafc ch\u00e2n th\u1ef1c ngay c\u1ea3 trong \u0111i\u1ec1u ki\u1ec7n \u00e1nh s\u00e1ng m\u1ea1nh.<\/p>\n<p data-start=\"335\" data-end=\"670\"><img fetchpriority=\"high\" decoding=\"async\" class=\"alignnone wp-image-2231 size-full\" src=\"https:\/\/vixav.com.vn\/wp-content\/uploads\/2025\/07\/2.png\" alt=\"\" width=\"1281\" height=\"561\" srcset=\"https:\/\/vixav.com.vn\/wp-content\/uploads\/2025\/07\/2.png 1281w, https:\/\/vixav.com.vn\/wp-content\/uploads\/2025\/07\/2-300x131.png 300w, https:\/\/vixav.com.vn\/wp-content\/uploads\/2025\/07\/2-1024x448.png 1024w, https:\/\/vixav.com.vn\/wp-content\/uploads\/2025\/07\/2-768x336.png 768w, https:\/\/vixav.com.vn\/wp-content\/uploads\/2025\/07\/2-600x263.png 600w\" sizes=\"(max-width: 1281px) 100vw, 1281px\" \/><\/p>\n<h3 data-start=\"677\" data-end=\"706\">\ud83d\udd0d <strong data-start=\"684\" data-end=\"706\">T\u00ednh n\u0103ng n\u1ed5i b\u1eadt:<\/strong><\/h3>\n<ul data-start=\"708\" data-end=\"1520\">\n<li data-start=\"708\" data-end=\"870\">\n<p data-start=\"710\" data-end=\"870\">\ud83c\udfaf <strong data-start=\"713\" data-end=\"756\">\u0110\u1ed9 ph\u00e2n gi\u1ea3i th\u1ef1c Full HD (1920 x 1080)<\/strong><br data-start=\"756\" data-end=\"759\" \/>Hi\u1ec3n th\u1ecb v\u0103n b\u1ea3n, bi\u1ec3u \u0111\u1ed3, slide thuy\u1ebft tr\u00ecnh m\u1ed9t c\u00e1ch r\u00f5 r\u00e0ng, s\u1eafc n\u00e9t \u2013 t\u0103ng hi\u1ec7u qu\u1ea3 giao ti\u1ebfp v\u00e0 h\u1ecdc t\u1eadp.<\/p>\n<\/li>\n<li data-start=\"872\" data-end=\"998\">\n<p data-start=\"874\" data-end=\"998\">\ud83d\udca1 <strong data-start=\"877\" data-end=\"910\">\u0110\u1ed9 s\u00e1ng cao 3.800 ANSI Lumens<\/strong><br data-start=\"910\" data-end=\"913\" \/>H\u00ecnh \u1ea3nh lu\u00f4n r\u00f5 r\u00e0ng ngay c\u1ea3 trong ph\u00f2ng h\u1ecdp s\u00e1ng \u0111\u00e8n, kh\u00f4ng c\u1ea7n t\u1eaft h\u1ebft \u00e1nh s\u00e1ng.<\/p>\n<\/li>\n<li data-start=\"1000\" data-end=\"1127\">\n<p data-start=\"1002\" data-end=\"1127\">\ud83d\udda4 <strong data-start=\"1005\" data-end=\"1034\">T\u1ef7 l\u1ec7 t\u01b0\u01a1ng ph\u1ea3n 20.000:1<\/strong><br data-start=\"1034\" data-end=\"1037\" \/>M\u00e0u \u0111en s\u00e2u h\u01a1n, chi ti\u1ebft h\u00ecnh \u1ea3nh r\u00f5 r\u00e0ng, th\u1ec3 hi\u1ec7n n\u1ed9i dung tr\u00ecnh chi\u1ebfu chuy\u00ean nghi\u1ec7p.<\/p>\n<\/li>\n<li data-start=\"1129\" data-end=\"1266\">\n<p data-start=\"1131\" data-end=\"1266\">\ud83d\udd0c <strong data-start=\"1134\" data-end=\"1186\">K\u1ebft n\u1ed1i linh ho\u1ea1t: 2 c\u1ed5ng HDMI, VGA, USB, RS-232<\/strong><br data-start=\"1186\" data-end=\"1189\" \/>D\u1ec5 d\u00e0ng k\u1ebft n\u1ed1i v\u1edbi laptop, m\u00e1y t\u00ednh b\u00e0n, thi\u1ebft b\u1ecb tr\u00ecnh chi\u1ebfu kh\u00f4ng d\u00e2y&#8230;<\/p>\n<\/li>\n<li data-start=\"1268\" data-end=\"1395\">\n<p data-start=\"1270\" data-end=\"1395\">\ud83d\udccf <strong data-start=\"1273\" data-end=\"1324\">Keystone d\u1ecdc t\u1ef1 \u0111\u1ed9ng + ch\u00e2n \u0111\u1ebf \u0111i\u1ec1u ch\u1ec9nh nhanh<\/strong><br data-start=\"1324\" data-end=\"1327\" \/>\u0110\u1eb7t m\u00e1y linh ho\u1ea1t \u1edf m\u1ecdi v\u1ecb tr\u00ed, h\u00ecnh \u1ea3nh v\u1eabn c\u00e2n \u0111\u1ed1i v\u00e0 ngay ng\u1eafn.<\/p>\n<\/li>\n<li data-start=\"1397\" data-end=\"1520\">\n<p data-start=\"1399\" data-end=\"1520\">\u267b\ufe0f <strong data-start=\"1402\" data-end=\"1444\">Ti\u1ebft ki\u1ec7m n\u0103ng l\u01b0\u1ee3ng v\u1edbi SmartEco Mode<\/strong><br data-start=\"1444\" data-end=\"1447\" \/>K\u00e9o d\u00e0i tu\u1ed5i th\u1ecd b\u00f3ng \u0111\u00e8n l\u00ean \u0111\u1ebfn <strong data-start=\"1483\" data-end=\"1497\">15.000 gi\u1edd<\/strong>, gi\u1ea3m chi ph\u00ed b\u1ea3o tr\u00ec.<\/p>\n<\/li>\n<\/ul>\n<p><img decoding=\"async\" class=\"alignnone wp-image-2230 size-full\" src=\"https:\/\/vixav.com.vn\/wp-content\/uploads\/2025\/07\/1.png\" alt=\"\" width=\"1281\" height=\"561\" srcset=\"https:\/\/vixav.com.vn\/wp-content\/uploads\/2025\/07\/1.png 1281w, https:\/\/vixav.com.vn\/wp-content\/uploads\/2025\/07\/1-300x131.png 300w, https:\/\/vixav.com.vn\/wp-content\/uploads\/2025\/07\/1-1024x448.png 1024w, https:\/\/vixav.com.vn\/wp-content\/uploads\/2025\/07\/1-768x336.png 768w, https:\/\/vixav.com.vn\/wp-content\/uploads\/2025\/07\/1-600x263.png 600w\" sizes=\"(max-width: 1281px) 100vw, 1281px\" \/><\/p>\n<h3 data-start=\"1527\" data-end=\"1549\">\u2705 <strong data-start=\"1533\" data-end=\"1549\">Ph\u00f9 h\u1ee3p v\u1edbi:<\/strong><\/h3>\n<ul data-start=\"1551\" data-end=\"1745\">\n<li data-start=\"1551\" data-end=\"1618\">\n<p data-start=\"1553\" data-end=\"1618\">Doanh nghi\u1ec7p c\u1ea7n tr\u00ecnh chi\u1ebfu slide, b\u00e1o c\u00e1o, d\u1eef li\u1ec7u h\u00e0ng ng\u00e0y.<\/p>\n<\/li>\n<li data-start=\"1619\" data-end=\"1694\">\n<p data-start=\"1621\" data-end=\"1694\">Tr\u01b0\u1eddng h\u1ecdc, trung t\u00e2m \u0111\u00e0o t\u1ea1o c\u1ea7n chi\u1ebfu b\u00e0i gi\u1ea3ng r\u00f5 r\u00e0ng cho h\u1ecdc vi\u00ean.<\/p>\n<\/li>\n<li data-start=\"1695\" data-end=\"1745\">\n<p data-start=\"1697\" data-end=\"1745\">C\u00e1c kh\u00f4ng gian h\u1ed9i th\u1ea3o, h\u1ecdp nh\u00f3m chuy\u00ean nghi\u1ec7p.<\/p>\n<\/li>\n<\/ul>\n<p data-start=\"335\" data-end=\"670\">\n","protected":false},"excerpt":{"rendered":"<p><strong>BenQ MH560 \u2013 M\u00e1y chi\u1ebfu Full HD chuy\u00ean nghi\u1ec7p cho v\u0103n ph\u00f2ng hi\u1ec7n \u0111\u1ea1i<\/strong><\/p>\n<table>\n<thead>\n<tr>\n<th>Th\u00f4ng s\u1ed1<\/th>\n<th>Chi ti\u1ebft<\/th>\n<\/tr>\n<\/thead>\n<tbody>\n<tr>\n<td>\u0110\u1ed9 ph\u00e2n gi\u1ea3i<\/td>\n<td>Full HD 1920&#215;1080<\/td>\n<\/tr>\n<tr>\n<td>\u0110\u1ed9 s\u00e1ng<\/td>\n<td>3.800 ANSI Lumens<\/td>\n<\/tr>\n<tr>\n<td>T\u1ef7 l\u1ec7 t\u01b0\u01a1ng ph\u1ea3n<\/td>\n<td>20.000:1<\/td>\n<\/tr>\n<tr>\n<td>C\u1ed5ng k\u1ebft n\u1ed1i<\/td>\n<td>2 x HDMI, VGA, USB, Audio Out<\/td>\n<\/tr>\n<tr>\n<td>Keystone<\/td>\n<td>T\u1ef1 \u0111\u1ed9ng theo chi\u1ec1u d\u1ecdc<\/td>\n<\/tr>\n<tr>\n<td>Loa t\u00edch h\u1ee3p<\/td>\n<td>10W<\/td>\n<\/tr>\n<tr>\n<td>K\u00edch th\u01b0\u1edbc m\u00e0n chi\u1ebfu<\/td>\n<td>30&#8243; \u2013 300&#8243;<\/td>\n<\/tr>\n<tr>\n<td>Tr\u1ecdng l\u01b0\u1ee3ng<\/td>\n<td>~2.3kg<\/td>\n<\/tr>\n<tr>\n<td>Tu\u1ed5i th\u1ecd b\u00f3ng \u0111\u00e8n<\/td>\n<td>L\u00ean \u0111\u1ebfn 15.000 gi\u1edd (SmartEco)<\/td>\n<\/tr>\n<\/tbody>\n<\/table>\n","protected":false},"featured_media":2228,"comment_status":"open","ping_status":"closed","template":"","meta":[],"product_brand":[],"product_cat":[183,176],"product_tag":[],"class_list":{"0":"post-2226","1":"product","2":"type-product","3":"status-publish","6":"product_cat-benq","7":"product_cat-may-chieu","9":"first","10":"instock","11":"taxable","12":"shipping-taxable","13":"product-type-simple"},"_links":{"self":[{"href":"https:\/\/vixav.com.vn\/index.php\/wp-json\/wp\/v2\/product\/2226","targetHints":{"allow":["GET"]}}],"collection":[{"href":"https:\/\/vixav.com.vn\/index.php\/wp-json\/wp\/v2\/product"}],"about":[{"href":"https:\/\/vixav.com.vn\/index.php\/wp-json\/wp\/v2\/types\/product"}],"replies":[{"embeddable":true,"href":"https:\/\/vixav.com.vn\/index.php\/wp-json\/wp\/v2\/comments?post=2226"}],"wp:featuredmedia":[{"embeddable":true,"href":"https:\/\/vixav.com.vn\/index.php\/wp-json\/wp\/v2\/media\/2228"}],"wp:attachment":[{"href":"https:\/\/vixav.com.vn\/index.php\/wp-json\/wp\/v2\/media?parent=2226"}],"wp:term":[{"taxonomy":"product_brand","embeddable":true,"href":"https:\/\/vixav.com.vn\/index.php\/wp-json\/wp\/v2\/product_brand?post=2226"},{"taxonomy":"product_cat","embeddable":true,"href":"https:\/\/vixav.com.vn\/index.php\/wp-json\/wp\/v2\/product_cat?post=2226"},{"taxonomy":"product_tag","embeddable":true,"href":"https:\/\/vixav.com.vn\/index.php\/wp-json\/wp\/v2\/product_tag?post=2226"}],"curies":[{"name":"wp","href":"https:\/\/api.w.org\/{rel}","templated":true}]}}