{"id":2187,"date":"2025-07-08T16:24:13","date_gmt":"2025-07-08T09:24:13","guid":{"rendered":"https:\/\/vixav.com.vn\/?post_type=product&#038;p=2187"},"modified":"2026-03-24T18:13:32","modified_gmt":"2026-03-24T11:13:32","slug":"benq-mx560c-may-chieu-van-phong-manh-me-ro-net-vuot-troi","status":"publish","type":"product","link":"https:\/\/vixav.com.vn\/index.php\/san-pham\/benq-mx560c-may-chieu-van-phong-manh-me-ro-net-vuot-troi\/","title":{"rendered":"BenQ MX560C | M\u00e1y chi\u1ebfu v\u0103n ph\u00f2ng m\u1ea1nh m\u1ebd, r\u00f5 n\u00e9t v\u01b0\u1ee3t tr\u1ed9i"},"content":{"rendered":"<h2 data-start=\"161\" data-end=\"257\"><strong data-start=\"164\" data-end=\"257\">BenQ MX560C \u2013 M\u00e1y chi\u1ebfu v\u0103n ph\u00f2ng ch\u1ea5t l\u01b0\u1ee3ng cao, tr\u00ecnh chi\u1ebfu r\u00f5 n\u00e9t trong m\u1ecdi kh\u00f4ng gian<\/strong><\/h2>\n<p data-start=\"259\" data-end=\"550\"><strong data-start=\"259\" data-end=\"274\">BenQ MX560C<\/strong> l\u00e0 model m\u00e1y chi\u1ebfu \u0111\u01b0\u1ee3c thi\u1ebft k\u1ebf t\u1ed1i \u01b0u cho nhu c\u1ea7u tr\u00ecnh chi\u1ebfu trong m\u00f4i tr\u01b0\u1eddng v\u0103n ph\u00f2ng, l\u1edbp h\u1ecdc v\u00e0 h\u1ed9i th\u1ea3o. V\u1edbi \u0111\u1ed9 s\u00e1ng cao, ch\u1ea5t l\u01b0\u1ee3ng h\u00ecnh \u1ea3nh r\u00f5 n\u00e9t c\u00f9ng kh\u1ea3 n\u0103ng k\u1ebft n\u1ed1i linh ho\u1ea1t, MX560C mang \u0111\u1ebfn tr\u1ea3i nghi\u1ec7m tr\u00ecnh chi\u1ebfu chuy\u00ean nghi\u1ec7p v\u00e0 \u1ed5n \u0111\u1ecbnh trong th\u1eddi gian d\u00e0i.<img fetchpriority=\"high\" decoding=\"async\" class=\"alignnone wp-image-2189 size-full\" src=\"https:\/\/vixav.com.vn\/wp-content\/uploads\/2025\/07\/may-chieu-benq-mx550-chinh-hang-6.png\" alt=\"\" width=\"640\" height=\"536\" srcset=\"https:\/\/vixav.com.vn\/wp-content\/uploads\/2025\/07\/may-chieu-benq-mx550-chinh-hang-6.png 640w, https:\/\/vixav.com.vn\/wp-content\/uploads\/2025\/07\/may-chieu-benq-mx550-chinh-hang-6-300x251.png 300w, https:\/\/vixav.com.vn\/wp-content\/uploads\/2025\/07\/may-chieu-benq-mx550-chinh-hang-6-600x503.png 600w\" sizes=\"(max-width: 640px) 100vw, 640px\" \/><\/p>\n<h3 data-start=\"557\" data-end=\"596\">\ud83d\udd0d <strong data-start=\"564\" data-end=\"596\">\u0110i\u1ec3m n\u1ed5i b\u1eadt c\u1ee7a BenQ MX560C<\/strong><\/h3>\n<ul data-start=\"598\" data-end=\"1488\">\n<li data-start=\"598\" data-end=\"753\">\n<p data-start=\"600\" data-end=\"753\">\ud83d\udca1 <strong data-start=\"603\" data-end=\"632\">\u0110\u1ed9 s\u00e1ng 4.000 ANSI Lumens<\/strong><br data-start=\"632\" data-end=\"635\" \/>H\u00ecnh \u1ea3nh hi\u1ec3n th\u1ecb r\u00f5 r\u00e0ng, kh\u00f4ng b\u1ecb m\u1edd hay nh\u00f2e k\u1ec3 c\u1ea3 khi tr\u00ecnh chi\u1ebfu trong ph\u00f2ng nhi\u1ec1u \u00e1nh s\u00e1ng ho\u1eb7c kh\u00f4ng k\u00e9o r\u00e8m.<\/p>\n<\/li>\n<li data-start=\"755\" data-end=\"906\">\n<p data-start=\"757\" data-end=\"906\">\ud83c\udfaf <strong data-start=\"760\" data-end=\"791\">\u0110\u1ed9 ph\u00e2n gi\u1ea3i XGA (1024&#215;768)<\/strong><br data-start=\"791\" data-end=\"794\" \/>Ph\u00f9 h\u1ee3p v\u1edbi c\u00e1c n\u1ed9i dung tr\u00ecnh chi\u1ebfu c\u01a1 b\u1ea3n nh\u01b0: PowerPoint, b\u1ea3ng t\u00ednh Excel, t\u00e0i li\u1ec7u Word, bi\u1ec3u \u0111\u1ed3, v\u0103n b\u1ea3n\u2026<\/p>\n<\/li>\n<li data-start=\"908\" data-end=\"1070\">\n<p data-start=\"910\" data-end=\"1070\">\ud83c\udfa8 <strong data-start=\"913\" data-end=\"942\">T\u1ef7 l\u1ec7 t\u01b0\u01a1ng ph\u1ea3n 20.000:1<\/strong><br data-start=\"942\" data-end=\"945\" \/>H\u00ecnh \u1ea3nh s\u1eafc n\u00e9t, ph\u00e2n bi\u1ec7t r\u00f5 c\u00e1c chi ti\u1ebft s\u00e1ng \u2013 t\u1ed1i, gi\u00fap n\u1ed9i dung d\u1ec5 nh\u00ecn v\u00e0 chuy\u00ean nghi\u1ec7p h\u01a1n trong bu\u1ed5i thuy\u1ebft tr\u00ecnh.<\/p>\n<\/li>\n<li data-start=\"1072\" data-end=\"1222\">\n<p data-start=\"1074\" data-end=\"1222\">\ud83d\udd0c <strong data-start=\"1077\" data-end=\"1101\">\u0110a d\u1ea1ng c\u1ed5ng k\u1ebft n\u1ed1i<\/strong><br data-start=\"1101\" data-end=\"1104\" \/>Trang b\u1ecb \u0111\u1ea7y \u0111\u1ee7 HDMI, VGA, USB Type-A\/B, RS232&#8230; d\u1ec5 d\u00e0ng k\u1ebft n\u1ed1i v\u1edbi laptop, \u0111\u1ea7u ph\u00e1t, \u0111\u1ea7u HDMI kh\u00f4ng d\u00e2y, PC, v.v.<\/p>\n<\/li>\n<li data-start=\"1224\" data-end=\"1354\">\n<p data-start=\"1226\" data-end=\"1354\">\ud83d\udd12 <strong data-start=\"1229\" data-end=\"1264\">Thi\u1ebft k\u1ebf th\u00e2n thi\u1ec7n, d\u1ec5 s\u1eed d\u1ee5ng<\/strong><br data-start=\"1264\" data-end=\"1267\" \/>Giao di\u1ec7n menu tr\u1ef1c quan, d\u1ec5 \u0111i\u1ec1u khi\u1ec3n; thi\u1ebft k\u1ebf nh\u1ecf g\u1ecdn ph\u00f9 h\u1ee3p v\u1edbi m\u1ecdi kh\u00f4ng gian.<\/p>\n<\/li>\n<li data-start=\"1356\" data-end=\"1488\">\n<p data-start=\"1358\" data-end=\"1488\">\u267b\ufe0f <strong data-start=\"1361\" data-end=\"1399\">C\u00f4ng ngh\u1ec7 ti\u1ebft ki\u1ec7m \u0111i\u1ec7n SmartEco\u2122<\/strong><br data-start=\"1399\" data-end=\"1402\" \/>T\u1ed1i \u01b0u tu\u1ed5i th\u1ecd b\u00f3ng \u0111\u00e8n l\u00ean \u0111\u1ebfn <strong data-start=\"1437\" data-end=\"1451\">15.000 gi\u1edd<\/strong>, ti\u1ebft ki\u1ec7m chi ph\u00ed v\u1eadn h\u00e0nh d\u00e0i h\u1ea1n.<\/p>\n<\/li>\n<li data-start=\"1356\" data-end=\"1488\"><img decoding=\"async\" class=\"alignnone wp-image-2191 size-full\" src=\"https:\/\/vixav.com.vn\/wp-content\/uploads\/2025\/07\/z6395033319903_2f42d7df4316b51a2480ae29f57f6176.jpg\" alt=\"\" width=\"600\" height=\"600\" srcset=\"https:\/\/vixav.com.vn\/wp-content\/uploads\/2025\/07\/z6395033319903_2f42d7df4316b51a2480ae29f57f6176.jpg 600w, https:\/\/vixav.com.vn\/wp-content\/uploads\/2025\/07\/z6395033319903_2f42d7df4316b51a2480ae29f57f6176-300x300.jpg 300w, https:\/\/vixav.com.vn\/wp-content\/uploads\/2025\/07\/z6395033319903_2f42d7df4316b51a2480ae29f57f6176-150x150.jpg 150w, https:\/\/vixav.com.vn\/wp-content\/uploads\/2025\/07\/z6395033319903_2f42d7df4316b51a2480ae29f57f6176-100x100.jpg 100w\" sizes=\"(max-width: 600px) 100vw, 600px\" \/><\/li>\n<\/ul>\n<hr data-start=\"1490\" data-end=\"1493\" \/>\n<h3 data-start=\"1495\" data-end=\"1522\">\u2705 <strong data-start=\"1501\" data-end=\"1522\">\u1ee8ng d\u1ee5ng ph\u00f9 h\u1ee3p:<\/strong><\/h3>\n<ul data-start=\"1523\" data-end=\"1688\">\n<li data-start=\"1523\" data-end=\"1590\">\n<p data-start=\"1525\" data-end=\"1590\">Tr\u00ecnh chi\u1ebfu h\u1ed9i h\u1ecdp trong doanh nghi\u1ec7p, ph\u00f2ng h\u1ecdp t\u1eeb nh\u1ecf \u0111\u1ebfn v\u1eeba.<\/p>\n<\/li>\n<li data-start=\"1591\" data-end=\"1636\">\n<p data-start=\"1593\" data-end=\"1636\">Gi\u1ea3ng d\u1ea1y trong l\u1edbp h\u1ecdc, trung t\u00e2m \u0111\u00e0o t\u1ea1o.<\/p>\n<\/li>\n<li data-start=\"1637\" data-end=\"1688\">\n<p data-start=\"1639\" data-end=\"1688\">Tr\u00ecnh b\u00e0y trong h\u1ed9i th\u1ea3o, kh\u00f3a hu\u1ea5n luy\u1ec7n n\u1ed9i b\u1ed9.<\/p>\n<\/li>\n<\/ul>\n<p data-start=\"1868\" data-end=\"1935\">\ud83d\udcde <strong data-start=\"1871\" data-end=\"1887\">Li\u00ean h\u1ec7 ngay<\/strong> \u0111\u1ec3 \u0111\u01b0\u1ee3c t\u01b0 v\u1ea5n v\u00e0 tr\u1ea3i nghi\u1ec7m th\u1ef1c t\u1ebf s\u1ea3n ph\u1ea9m.<img decoding=\"async\" class=\"alignnone wp-image-2193 size-full\" src=\"https:\/\/vixav.com.vn\/wp-content\/uploads\/2025\/07\/z6655057333492_dff3633b260c195a7e6eff6ae6f85619.jpg\" alt=\"\" width=\"1920\" height=\"2560\" srcset=\"https:\/\/vixav.com.vn\/wp-content\/uploads\/2025\/07\/z6655057333492_dff3633b260c195a7e6eff6ae6f85619.jpg 1920w, https:\/\/vixav.com.vn\/wp-content\/uploads\/2025\/07\/z6655057333492_dff3633b260c195a7e6eff6ae6f85619-225x300.jpg 225w, https:\/\/vixav.com.vn\/wp-content\/uploads\/2025\/07\/z6655057333492_dff3633b260c195a7e6eff6ae6f85619-768x1024.jpg 768w, https:\/\/vixav.com.vn\/wp-content\/uploads\/2025\/07\/z6655057333492_dff3633b260c195a7e6eff6ae6f85619-1152x1536.jpg 1152w, https:\/\/vixav.com.vn\/wp-content\/uploads\/2025\/07\/z6655057333492_dff3633b260c195a7e6eff6ae6f85619-1536x2048.jpg 1536w, https:\/\/vixav.com.vn\/wp-content\/uploads\/2025\/07\/z6655057333492_dff3633b260c195a7e6eff6ae6f85619-600x800.jpg 600w, https:\/\/vixav.com.vn\/wp-content\/uploads\/2025\/07\/z6655057333492_dff3633b260c195a7e6eff6ae6f85619-450x600.jpg 450w\" sizes=\"(max-width: 1920px) 100vw, 1920px\" \/><\/p>\n","protected":false},"excerpt":{"rendered":"<p data-start=\"224\" data-end=\"437\"><strong data-start=\"224\" data-end=\"239\">BenQ MX560C<\/strong> l\u00e0 l\u1ef1a ch\u1ecdn h\u00e0ng \u0111\u1ea7u cho ph\u00f2ng h\u1ecdp, l\u1edbp h\u1ecdc v\u1edbi \u0111\u1ed9 s\u00e1ng cao <strong data-start=\"300\" data-end=\"321\">4.000 ANSI Lumens<\/strong> v\u00e0 \u0111\u1ed9 t\u01b0\u01a1ng ph\u1ea3n \u1ea5n t\u01b0\u1ee3ng <strong data-start=\"348\" data-end=\"360\">20.000:1<\/strong>, mang \u0111\u1ebfn h\u00ecnh \u1ea3nh r\u00f5 r\u00e0ng, s\u1eafc n\u00e9t ngay c\u1ea3 trong m\u00f4i tr\u01b0\u1eddng nhi\u1ec1u \u00e1nh s\u00e1ng.<\/p>\n<h4 data-start=\"439\" data-end=\"466\"><strong data-start=\"444\" data-end=\"466\">T\u00ednh n\u0103ng n\u1ed5i b\u1eadt:<\/strong><\/h4>\n<ul data-start=\"467\" data-end=\"869\">\n<li data-start=\"467\" data-end=\"565\">\n<p data-start=\"469\" data-end=\"565\">\ud83d\udca1 <strong data-start=\"472\" data-end=\"501\">\u0110\u1ed9 s\u00e1ng 4.000 ANSI Lumens<\/strong>.<\/p>\n<\/li>\n<li data-start=\"566\" data-end=\"673\">\n<p data-start=\"568\" data-end=\"673\">\ud83d\uddbc\ufe0f <strong data-start=\"572\" data-end=\"603\">\u0110\u1ed9 ph\u00e2n gi\u1ea3i XGA (1024&#215;768)<\/strong><\/p>\n<\/li>\n<li data-start=\"771\" data-end=\"869\">\n<p data-start=\"773\" data-end=\"869\">\u267b\ufe0f <strong data-start=\"776\" data-end=\"819\">C\u00f4ng ngh\u1ec7 ti\u1ebft ki\u1ec7m \u0111i\u1ec7n BenQ SmartEco\u2122<\/strong><\/p>\n<\/li>\n<\/ul>\n","protected":false},"featured_media":2189,"comment_status":"open","ping_status":"closed","template":"","meta":[],"product_brand":[],"product_cat":[183],"product_tag":[],"class_list":{"0":"post-2187","1":"product","2":"type-product","3":"status-publish","6":"product_cat-benq","8":"first","9":"instock","10":"taxable","11":"shipping-taxable","12":"product-type-simple"},"_links":{"self":[{"href":"https:\/\/vixav.com.vn\/index.php\/wp-json\/wp\/v2\/product\/2187","targetHints":{"allow":["GET"]}}],"collection":[{"href":"https:\/\/vixav.com.vn\/index.php\/wp-json\/wp\/v2\/product"}],"about":[{"href":"https:\/\/vixav.com.vn\/index.php\/wp-json\/wp\/v2\/types\/product"}],"replies":[{"embeddable":true,"href":"https:\/\/vixav.com.vn\/index.php\/wp-json\/wp\/v2\/comments?post=2187"}],"wp:featuredmedia":[{"embeddable":true,"href":"https:\/\/vixav.com.vn\/index.php\/wp-json\/wp\/v2\/media\/2189"}],"wp:attachment":[{"href":"https:\/\/vixav.com.vn\/index.php\/wp-json\/wp\/v2\/media?parent=2187"}],"wp:term":[{"taxonomy":"product_brand","embeddable":true,"href":"https:\/\/vixav.com.vn\/index.php\/wp-json\/wp\/v2\/product_brand?post=2187"},{"taxonomy":"product_cat","embeddable":true,"href":"https:\/\/vixav.com.vn\/index.php\/wp-json\/wp\/v2\/product_cat?post=2187"},{"taxonomy":"product_tag","embeddable":true,"href":"https:\/\/vixav.com.vn\/index.php\/wp-json\/wp\/v2\/product_tag?post=2187"}],"curies":[{"name":"wp","href":"https:\/\/api.w.org\/{rel}","templated":true}]}}