{"id":2177,"date":"2025-07-08T14:56:34","date_gmt":"2025-07-08T07:56:34","guid":{"rendered":"https:\/\/vixav.com.vn\/?post_type=product&#038;p=2177"},"modified":"2026-04-20T02:56:33","modified_gmt":"2026-04-19T19:56:33","slug":"benq-w2710i","status":"publish","type":"product","link":"https:\/\/vixav.com.vn\/index.php\/san-pham\/benq-w2710i\/","title":{"rendered":"M\u00e1y chi\u1ebfu phim 4K t\u1ea1i nh\u00e0 \uff5cW2710i"},"content":{"rendered":"<h2 class=\"g6-text-title g6-title-md t-white \">Th\u01b0\u1edfng th\u1ee9c \u0111i\u1ec7n \u1ea3nh t\u1edbi t\u1eebng chi ti\u1ebft<\/h2>\n<p class=\" g6-text-desc g6-text-md t-white \">\u0110\u1ec3 theo \u0111u\u1ed5i ch\u1ea5t l\u01b0\u1ee3ng h\u00ecnh \u1ea3nh ho\u00e0n h\u1ea3o, c\u00f4ng ngh\u1ec7 BenQ HDR-PRO ti\u00ean phong v\u01b0\u1ee3t qua nh\u1eefng h\u1ea1n ch\u1ebf v\u1ec1 \u0111\u1ed9 s\u00e1ng \u0111\u1ec3 mang l\u1ea1i hi\u1ec7u su\u1ea5t HDR \u0111\u00edch th\u1ef1c.<\/p>\n<p>&nbsp;<\/p>\n<p><img fetchpriority=\"high\" decoding=\"async\" class=\"alignnone wp-image-2185 size-full\" src=\"https:\/\/vixav.com.vn\/wp-content\/uploads\/2025\/07\/Picture7.jpg\" alt=\"\" width=\"960\" height=\"475\" srcset=\"https:\/\/vixav.com.vn\/wp-content\/uploads\/2025\/07\/Picture7.jpg 960w, https:\/\/vixav.com.vn\/wp-content\/uploads\/2025\/07\/Picture7-300x148.jpg 300w, https:\/\/vixav.com.vn\/wp-content\/uploads\/2025\/07\/Picture7-768x380.jpg 768w, https:\/\/vixav.com.vn\/wp-content\/uploads\/2025\/07\/Picture7-600x297.jpg 600w\" sizes=\"(max-width: 960px) 100vw, 960px\" \/><\/p>\n<div class=\"x14z9mp xat24cr x1lziwak x1vvkbs xtlvy1s x126k92a\">\n<div dir=\"auto\">\u0110\u1ed9 ph\u00e2n gi\u1ea3i: 4K UHD (3840&#215;2160)<\/div>\n<\/div>\n<div class=\"x14z9mp xat24cr x1lziwak x1vvkbs xtlvy1s x126k92a\">\n<div dir=\"auto\"><span class=\"html-span xexx8yu xyri2b x18d9i69 x1c1uobl x1hl2dhg x16tdsg8 x1vvkbs x3nfvp2 x1j61x8r x1fcty0u xdj266r xat24cr xm2jcoa x1mpyi22 xxymvpz xlup9mm x1kky2od\"><img decoding=\"async\" class=\"xz74otr x15mokao x1ga7v0g x16uus16 xbiv7yw\" src=\"https:\/\/static.xx.fbcdn.net\/images\/emoji.php\/v9\/t33\/1\/16\/2705.png\" alt=\"\u2705\" width=\"16\" height=\"16\" \/><\/span> Chu\u1ea9n m\u00e0u \u0111i\u1ec7n \u1ea3nh: 95% DCI-P3 |<\/div>\n<div dir=\"auto\"><span class=\"html-span xexx8yu xyri2b x18d9i69 x1c1uobl x1hl2dhg x16tdsg8 x1vvkbs x3nfvp2 x1j61x8r x1fcty0u xdj266r xat24cr xm2jcoa x1mpyi22 xxymvpz xlup9mm x1kky2od\"><img decoding=\"async\" class=\"xz74otr x15mokao x1ga7v0g x16uus16 xbiv7yw\" src=\"https:\/\/static.xx.fbcdn.net\/images\/emoji.php\/v9\/t33\/1\/16\/2705.png\" alt=\"\u2705\" width=\"16\" height=\"16\" \/> C\u01b0\u1eddng \u0111\u1ed9 s\u00e1ng 2200 ansi lumens<\/span><\/div>\n<\/div>\n<div class=\"x14z9mp xat24cr x1lziwak x1vvkbs xtlvy1s x126k92a\">\n<div dir=\"auto\"><span class=\"html-span xexx8yu xyri2b x18d9i69 x1c1uobl x1hl2dhg x16tdsg8 x1vvkbs x3nfvp2 x1j61x8r x1fcty0u xdj266r xat24cr xm2jcoa x1mpyi22 xxymvpz xlup9mm x1kky2od\"><img decoding=\"async\" class=\"xz74otr x15mokao x1ga7v0g x16uus16 xbiv7yw\" src=\"https:\/\/static.xx.fbcdn.net\/images\/emoji.php\/v9\/t33\/1\/16\/2705.png\" alt=\"\u2705\" width=\"16\" height=\"16\" \/><\/span> C\u00f4ng ngh\u1ec7 HDR-PRO \u0111\u1ed9c quy\u1ec1n t\u1eeb BenQ \u2013 t\u0103ng c\u01b0\u1eddng v\u00f9ng s\u00e1ng &amp; t\u1ed1i ch\u00ednh x\u00e1c<\/div>\n<\/div>\n<div class=\"x14z9mp xat24cr x1lziwak x1vvkbs xtlvy1s x126k92a\">\n<div dir=\"auto\"><span class=\"html-span xexx8yu xyri2b x18d9i69 x1c1uobl x1hl2dhg x16tdsg8 x1vvkbs x3nfvp2 x1j61x8r x1fcty0u xdj266r xat24cr xm2jcoa x1mpyi22 xxymvpz xlup9mm x1kky2od\"><img decoding=\"async\" class=\"xz74otr x15mokao x1ga7v0g x16uus16 xbiv7yw\" src=\"https:\/\/static.xx.fbcdn.net\/images\/emoji.php\/v9\/t33\/1\/16\/2705.png\" alt=\"\u2705\" width=\"16\" height=\"16\" \/><\/span> Android TV t\u00edch h\u1ee3p \u2013 xem YouTube, Netflix, Prime Video m\u00e0 kh\u00f4ng c\u1ea7n thi\u1ebft b\u1ecb ngo\u00e0i<\/div>\n<\/div>\n<div class=\"x14z9mp xat24cr x1lziwak x1vvkbs xtlvy1s x126k92a\">\n<div dir=\"auto\"><span class=\"html-span xexx8yu xyri2b x18d9i69 x1c1uobl x1hl2dhg x16tdsg8 x1vvkbs x3nfvp2 x1j61x8r x1fcty0u xdj266r xat24cr xm2jcoa x1mpyi22 xxymvpz xlup9mm x1kky2od\"><img decoding=\"async\" class=\"xz74otr x15mokao x1ga7v0g x16uus16 xbiv7yw\" src=\"https:\/\/static.xx.fbcdn.net\/images\/emoji.php\/v9\/t33\/1\/16\/2705.png\" alt=\"\u2705\" width=\"16\" height=\"16\" \/><\/span> T\u1ef1 \u0111\u1ed9ng ch\u1ec9nh Keystone, Zoom 1.3x + Lens shift d\u1ecdc \u2013 d\u1ec5 l\u1eafp \u0111\u1eb7t &amp; c\u0103n h\u00ecnh<\/div>\n<\/div>\n<div class=\"x14z9mp xat24cr x1lziwak x1vvkbs xtlvy1s x126k92a\">\n<div dir=\"auto\"><span class=\"html-span xexx8yu xyri2b x18d9i69 x1c1uobl x1hl2dhg x16tdsg8 x1vvkbs x3nfvp2 x1j61x8r x1fcty0u xdj266r xat24cr xm2jcoa x1mpyi22 xxymvpz xlup9mm x1kky2od\"><img decoding=\"async\" class=\"xz74otr x15mokao x1ga7v0g x16uus16 xbiv7yw\" src=\"https:\/\/static.xx.fbcdn.net\/images\/emoji.php\/v9\/t33\/1\/16\/2705.png\" alt=\"\u2705\" width=\"16\" height=\"16\" \/><\/span> Loa treVolo t\u00edch h\u1ee3p \u2013 \u00e2m thanh s\u1ea1ch, \u0111\u1ee7 d\u00f9ng<\/div>\n<\/div>\n<div class=\"x14z9mp xat24cr x1lziwak x1vvkbs xtlvy1s x126k92a\">\n<div dir=\"auto\"><span class=\"html-span xexx8yu xyri2b x18d9i69 x1c1uobl x1hl2dhg x16tdsg8 x1vvkbs x3nfvp2 x1j61x8r x1fcty0u xdj266r xat24cr xm2jcoa x1mpyi22 xxymvpz xlup9mm x1kky2od\"><img decoding=\"async\" class=\"xz74otr x15mokao x1ga7v0g x16uus16 xbiv7yw\" src=\"https:\/\/static.xx.fbcdn.net\/images\/emoji.php\/v9\/t33\/1\/16\/2705.png\" alt=\"\u2705\" width=\"16\" height=\"16\" \/><\/span> C\u1ed5ng k\u1ebft n\u1ed1i: HDMI 2.0 x2, USB, Audio out,&#8230;<\/div>\n<div dir=\"auto\">\n<div class=\"name\"><span class=\"html-span xexx8yu xyri2b x18d9i69 x1c1uobl x1hl2dhg x16tdsg8 x1vvkbs x3nfvp2 x1j61x8r x1fcty0u xdj266r xat24cr xm2jcoa x1mpyi22 xxymvpz xlup9mm x1kky2od\"><img decoding=\"async\" class=\"xz74otr x15mokao x1ga7v0g x16uus16 xbiv7yw\" src=\"https:\/\/static.xx.fbcdn.net\/images\/emoji.php\/v9\/t33\/1\/16\/2705.png\" alt=\"\u2705\" width=\"16\" height=\"16\" \/><\/span>T\u1ef7 l\u1ec7 t\u01b0\u01a1ng ph\u1ea3n (FOFO) 50.000:1<\/div>\n<div class=\"name\"><span class=\"html-span xexx8yu xyri2b x18d9i69 x1c1uobl x1hl2dhg x16tdsg8 x1vvkbs x3nfvp2 x1j61x8r x1fcty0u xdj266r xat24cr xm2jcoa x1mpyi22 xxymvpz xlup9mm x1kky2od\"><img decoding=\"async\" class=\"xz74otr x15mokao x1ga7v0g x16uus16 xbiv7yw\" src=\"https:\/\/static.xx.fbcdn.net\/images\/emoji.php\/v9\/t33\/1\/16\/2705.png\" alt=\"\u2705\" width=\"16\" height=\"16\" \/><\/span>M\u00e0u s\u1eafc hi\u1ec3n th\u1ecb 30-bit (1,07 t\u1ef7 m\u00e0u)<\/div>\n<div><img decoding=\"async\" class=\"alignnone wp-image-2186 size-full\" src=\"https:\/\/vixav.com.vn\/wp-content\/uploads\/2025\/07\/BENQ-W2710i-01.png\" alt=\"\" width=\"1000\" height=\"563\" srcset=\"https:\/\/vixav.com.vn\/wp-content\/uploads\/2025\/07\/BENQ-W2710i-01.png 1000w, https:\/\/vixav.com.vn\/wp-content\/uploads\/2025\/07\/BENQ-W2710i-01-300x169.png 300w, https:\/\/vixav.com.vn\/wp-content\/uploads\/2025\/07\/BENQ-W2710i-01-768x432.png 768w, https:\/\/vixav.com.vn\/wp-content\/uploads\/2025\/07\/BENQ-W2710i-01-800x450.png 800w, https:\/\/vixav.com.vn\/wp-content\/uploads\/2025\/07\/BENQ-W2710i-01-600x338.png 600w\" sizes=\"(max-width: 1000px) 100vw, 1000px\" \/><\/div>\n<div><\/div>\n<\/div>\n<div dir=\"auto\"><\/div>\n<\/div>\n","protected":false},"excerpt":{"rendered":"<div class=\"titleBlock\">\n<h1 class=\"g6-subtitle-lg\">W2710i | M\u00e1y chi\u1ebfu phim 4K t\u1ea1i nh\u00e0 v\u1edbi HDR &amp; DCI-P3 ho\u00e0n h\u1ea3o<\/h1>\n<\/div>\n<ul class=\"feature\">\n<li>B\u1ea3n \u0111\u1ed3 t\u00f4ng m\u00e0u v\u00e0 N\u00e2ng cao \u0111\u1ed9 t\u01b0\u01a1ng ph\u1ea3n c\u1ee5c b\u1ed9 \u0111\u1ed9c quy\u1ec1n c\u1ee7a HDR-PRO mang l\u1ea1i chi ti\u1ebft ho\u00e0n h\u1ea3o trong c\u00e1c c\u1ea3nh t\u1ed1i v\u00e0 s\u00e1ng<\/li>\n<li>CinematicColor cho gam m\u00e0u DCI-P3 ti\u00eau chu\u1ea9n ng\u00e0nh v\u1edbi \u0111\u1ed9 ch\u00ednh x\u00e1c m\u00e0u \u0111\u01b0\u1ee3c hi\u1ec7u ch\u1ec9nh t\u1ea1i nh\u00e0 m\u00e1y<\/li>\n<li>Gi\u1ea3i tr\u00ed Android TV v\u00f4 t\u1eadn v\u00e0 kh\u1ea3 n\u0103ng chuy\u1ec3n \u0111\u1ed5i \u1ed1ng k\u00ednh d\u1ecdc \u0111\u1ec3 c\u00e0i \u0111\u1eb7t d\u1ec5 d\u00e0ng<\/li>\n<\/ul>\n<div class=\"product-description\"><\/div>\n<div class=\"select-container\"><\/div>\n","protected":false},"featured_media":2181,"comment_status":"open","ping_status":"closed","template":"","meta":[],"product_brand":[],"product_cat":[183],"product_tag":[],"class_list":{"0":"post-2177","1":"product","2":"type-product","3":"status-publish","6":"product_cat-benq","8":"first","9":"instock","10":"taxable","11":"shipping-taxable","12":"product-type-simple"},"_links":{"self":[{"href":"https:\/\/vixav.com.vn\/index.php\/wp-json\/wp\/v2\/product\/2177","targetHints":{"allow":["GET"]}}],"collection":[{"href":"https:\/\/vixav.com.vn\/index.php\/wp-json\/wp\/v2\/product"}],"about":[{"href":"https:\/\/vixav.com.vn\/index.php\/wp-json\/wp\/v2\/types\/product"}],"replies":[{"embeddable":true,"href":"https:\/\/vixav.com.vn\/index.php\/wp-json\/wp\/v2\/comments?post=2177"}],"wp:featuredmedia":[{"embeddable":true,"href":"https:\/\/vixav.com.vn\/index.php\/wp-json\/wp\/v2\/media\/2181"}],"wp:attachment":[{"href":"https:\/\/vixav.com.vn\/index.php\/wp-json\/wp\/v2\/media?parent=2177"}],"wp:term":[{"taxonomy":"product_brand","embeddable":true,"href":"https:\/\/vixav.com.vn\/index.php\/wp-json\/wp\/v2\/product_brand?post=2177"},{"taxonomy":"product_cat","embeddable":true,"href":"https:\/\/vixav.com.vn\/index.php\/wp-json\/wp\/v2\/product_cat?post=2177"},{"taxonomy":"product_tag","embeddable":true,"href":"https:\/\/vixav.com.vn\/index.php\/wp-json\/wp\/v2\/product_tag?post=2177"}],"curies":[{"name":"wp","href":"https:\/\/api.w.org\/{rel}","templated":true}]}}