{"id":2174,"date":"2025-07-08T14:26:39","date_gmt":"2025-07-08T07:26:39","guid":{"rendered":"https:\/\/vixav.com.vn\/?post_type=product&#038;p=2174"},"modified":"2026-04-02T19:33:52","modified_gmt":"2026-04-02T12:33:52","slug":"may-chieu-cu-epson-eh-tw5350","status":"publish","type":"product","link":"https:\/\/vixav.com.vn\/index.php\/san-pham\/may-chieu-cu-epson-eh-tw5350\/","title":{"rendered":"M\u00e1y chi\u1ebfu c\u0169 EPSON EH-TW5350"},"content":{"rendered":"<p><em><strong>M\u00e1y chi\u1ebfu c\u0169 EPSON EH-TW5350 l\u00e0 model m\u00e1y chi\u1ebfu Full HD \u0111\u00e3 qua s\u1eed d\u1ee5ng nh\u01b0ng ch\u1ea5t l\u01b0\u1ee3ng \u0111\u00e3 \u0111\u01b0\u1ee3c ViXAV ki\u1ec3m tra, b\u1ea3o tr\u00ec, b\u1ea3o d\u01b0\u1ee1ng, v\u1ec7 sinh v\u00e0 v\u1eadn h\u00e0nh th\u1eed nghi\u1ec7m tr\u01b0\u1edbc khi \u0111\u01b0a v\u00e0o kinh doanh \u0111\u1ea3m b\u1ea3o m\u00e1y ho\u1ea1t \u0111\u1ed9ng \u1ed5n \u0111\u1ecbnh, \u0111\u00e1p \u1ee9ng ho\u00e0n h\u1ea3o nhu c\u1ea7u hi\u1ec7n nay.<\/strong><\/em><\/p>\n<p><img fetchpriority=\"high\" decoding=\"async\" class=\"alignnone wp-image-2173 size-full\" src=\"https:\/\/vixav.com.vn\/wp-content\/uploads\/2025\/07\/Picture6.jpg\" alt=\"\" width=\"590\" height=\"443\" srcset=\"https:\/\/vixav.com.vn\/wp-content\/uploads\/2025\/07\/Picture6.jpg 590w, https:\/\/vixav.com.vn\/wp-content\/uploads\/2025\/07\/Picture6-300x225.jpg 300w\" sizes=\"(max-width: 590px) 100vw, 590px\" \/><\/p>\n<p><strong>TH\u00d4NG S\u1ed0 K\u1ef8 THU\u1eacT C\u1ee6A EPSON EH-TW5350<\/strong><\/p>\n<ul>\n<li>Th\u01b0\u01a1ng hi\u1ec7u: Epson<\/li>\n<li>Model: EH TW5350<\/li>\n<li>C\u00f4ng ngh\u1ec7: 3LCD<\/li>\n<li>\u0110\u1ed9 ph\u00e2n gi\u1ea3i: Full HD 1080p, t\u1ec9 l\u1ec7 16:9<\/li>\n<li>\u0110\u1ed9 s\u00e1ng: 2.200 Lumens<\/li>\n<li>\u0110\u1ed9 t\u01b0\u01a1ng ph\u1ea3n: 35.000:1<\/li>\n<li>C\u1ed5ng k\u1ebft n\u1ed1i: USB Type A, USB Type B, Audio Output, RCA (White \/ Red), HDMI, Composite, D-sub 15pin<\/li>\n<li>Tu\u1ed5i th\u1ecd b\u00f3ng \u0111\u00e8n: 7.500 gi\u1edd<\/li>\n<li>C\u00f4ng su\u1ea5t b\u00f3ng \u0111\u00e8n: 200 W<\/li>\n<li>K\u00edch th\u01b0\u1edbc m\u00e0n chi\u1ebfu: 34\u201d \u2013 332\u201d [1.09 \u2013 10.94 m]<\/li>\n<li>K\u00edch c\u1ee1: 245 x 297 x 114 mm<\/li>\n<li>Tr\u1ecdng l\u01b0\u1ee3ng: 3,1kg<img decoding=\"async\" class=\"aligncenter wp-image-2171 size-full\" src=\"https:\/\/vixav.com.vn\/wp-content\/uploads\/2025\/07\/Picture4.jpg\" alt=\"\" width=\"652\" height=\"450\" srcset=\"https:\/\/vixav.com.vn\/wp-content\/uploads\/2025\/07\/Picture4.jpg 652w, https:\/\/vixav.com.vn\/wp-content\/uploads\/2025\/07\/Picture4-300x207.jpg 300w, https:\/\/vixav.com.vn\/wp-content\/uploads\/2025\/07\/Picture4-600x414.jpg 600w\" sizes=\"(max-width: 652px) 100vw, 652px\" \/><\/li>\n<\/ul>\n<p><strong> EPSON EH-TW5350 \u2013 M\u00e1y chi\u1ebfu Full HD 3D, chu\u1ea9n r\u1ea1p chi\u1ebfu t\u1ea1i nh\u00e0<\/strong><\/p>\n<p>M\u1eb7c d\u00f9 l\u00e0 m\u00e1y chi\u1ebfu c\u0169 nh\u01b0ng EPSON EH-TW5350 mang \u0111\u1ebfn tr\u1ea3i nghi\u1ec7m v\u00f4 c\u00f9ng \u1ea5n t\u01b0\u1ee3ng, ch\u1ea5t l\u01b0\u1ee3ng h\u00ecnh \u1ea3nh kh\u00f4ng h\u1ec1 suy gi\u1ea3m. EPSON EH-TW5350 cho hi\u1ec3n th\u1ecb v\u1edbi h\u00ecnh \u1ea3nh Full HD, \u0111\u1ed9 chi ti\u1ebft cao v\u1edbi \u0111\u1ed9 t\u01b0\u01a1ng ph\u1ea3n 35.000:1. \u0110\u00e2y l\u00e0 model m\u00e1y chi\u1ebfu Full HD cao c\u1ea5p cho gia \u0111\u00ecnh v\u00e0 r\u1ea1p phim kinh doanh c\u1ee1 v\u1eeba v\u00e0 nh\u1ecf n\u01a1i \u00edt \u00e1nh s\u00e1ng.<\/p>\n<p>Li\u00ean h\u1ec7 <strong>ViXAV<\/strong> \u0111\u1ec3 \u0111\u01b0\u1ee3c t\u01b0 v\u1ea5n chi ti\u1ebft nh\u00e9! S\u1ed1 l\u01b0\u1ee3ng c\u00f3 h\u1ea1n, nh\u1ea5c m\u00e1y l\u00ean v\u00e0 g\u1ecdi ch\u00fang t\u00f4i theo s\u1ed1 hotline: <strong>0975775736 &#8211; 0971999160<\/strong><\/p>\n<p><img decoding=\"async\" class=\"aligncenter wp-image-2176 size-full\" src=\"https:\/\/vixav.com.vn\/wp-content\/uploads\/2025\/07\/may-chieu-epson-EHTW8300-do-sang-cao.png\" alt=\"\" width=\"1200\" height=\"594\" srcset=\"https:\/\/vixav.com.vn\/wp-content\/uploads\/2025\/07\/may-chieu-epson-EHTW8300-do-sang-cao.png 1200w, https:\/\/vixav.com.vn\/wp-content\/uploads\/2025\/07\/may-chieu-epson-EHTW8300-do-sang-cao-300x149.png 300w, https:\/\/vixav.com.vn\/wp-content\/uploads\/2025\/07\/may-chieu-epson-EHTW8300-do-sang-cao-1024x507.png 1024w, https:\/\/vixav.com.vn\/wp-content\/uploads\/2025\/07\/may-chieu-epson-EHTW8300-do-sang-cao-768x380.png 768w, https:\/\/vixav.com.vn\/wp-content\/uploads\/2025\/07\/may-chieu-epson-EHTW8300-do-sang-cao-600x297.png 600w\" sizes=\"(max-width: 1200px) 100vw, 1200px\" \/><\/p>\n","protected":false},"excerpt":{"rendered":"<p><em><strong>M\u00e1y chi\u1ebfu c\u0169 EPSON EH-TW5350 l\u00e0 model m\u00e1y chi\u1ebfu Full HD \u0111\u00e3 qua s\u1eed d\u1ee5ng nh\u01b0ng ch\u1ea5t l\u01b0\u1ee3ng \u0111\u00e3 \u0111\u01b0\u1ee3c ViXAV ki\u1ec3m tra, b\u1ea3o tr\u00ec, b\u1ea3o d\u01b0\u1ee1ng, v\u1ec7 sinh v\u00e0 v\u1eadn h\u00e0nh th\u1eed nghi\u1ec7m tr\u01b0\u1edbc khi \u0111\u01b0a v\u00e0o kinh doanh \u0111\u1ea3m b\u1ea3o m\u00e1y ho\u1ea1t \u0111\u1ed9ng \u1ed5n \u0111\u1ecbnh, \u0111\u00e1p \u1ee9ng ho\u00e0n h\u1ea3o nhu c\u1ea7u hi\u1ec7n nay.<\/strong><\/em><\/p>\n<ul>\n<li>\u0110\u1ed9 ph\u00e2n gi\u1ea3i: Full HD 1080p (1920 x 1080), t\u1ec9 l\u1ec7 16:9<\/li>\n<li>\u0110\u1ed9 s\u00e1ng: 2.200 Lumens<\/li>\n<li>\u0110\u1ed9 t\u01b0\u01a1ng ph\u1ea3n: 35.000:1<\/li>\n<\/ul>\n","protected":false},"featured_media":2170,"comment_status":"open","ping_status":"closed","template":"","meta":[],"product_brand":[],"product_cat":[278],"product_tag":[],"class_list":{"0":"post-2174","1":"product","2":"type-product","3":"status-publish","6":"product_cat-may-da-qua-su-dung","8":"first","9":"instock","10":"sale","11":"taxable","12":"shipping-taxable","13":"purchasable","14":"product-type-simple"},"_links":{"self":[{"href":"https:\/\/vixav.com.vn\/index.php\/wp-json\/wp\/v2\/product\/2174","targetHints":{"allow":["GET"]}}],"collection":[{"href":"https:\/\/vixav.com.vn\/index.php\/wp-json\/wp\/v2\/product"}],"about":[{"href":"https:\/\/vixav.com.vn\/index.php\/wp-json\/wp\/v2\/types\/product"}],"replies":[{"embeddable":true,"href":"https:\/\/vixav.com.vn\/index.php\/wp-json\/wp\/v2\/comments?post=2174"}],"wp:featuredmedia":[{"embeddable":true,"href":"https:\/\/vixav.com.vn\/index.php\/wp-json\/wp\/v2\/media\/2170"}],"wp:attachment":[{"href":"https:\/\/vixav.com.vn\/index.php\/wp-json\/wp\/v2\/media?parent=2174"}],"wp:term":[{"taxonomy":"product_brand","embeddable":true,"href":"https:\/\/vixav.com.vn\/index.php\/wp-json\/wp\/v2\/product_brand?post=2174"},{"taxonomy":"product_cat","embeddable":true,"href":"https:\/\/vixav.com.vn\/index.php\/wp-json\/wp\/v2\/product_cat?post=2174"},{"taxonomy":"product_tag","embeddable":true,"href":"https:\/\/vixav.com.vn\/index.php\/wp-json\/wp\/v2\/product_tag?post=2174"}],"curies":[{"name":"wp","href":"https:\/\/api.w.org\/{rel}","templated":true}]}}