{"id":2131,"date":"2024-01-15T11:06:44","date_gmt":"2024-01-15T11:06:44","guid":{"rendered":"https:\/\/vixav.com.vn\/?post_type=product&#038;p=2131"},"modified":"2025-07-03T02:25:17","modified_gmt":"2025-07-03T02:25:17","slug":"tivi-lg-uhd-86-inch-2023-4k-smart-tv-man-hinh-lon-86ur801","status":"publish","type":"product","link":"https:\/\/vixav.com.vn\/index.php\/san-pham\/tivi-lg-uhd-86-inch-2023-4k-smart-tv-man-hinh-lon-86ur801\/","title":{"rendered":"Tivi LG UHD 86 inch 2023 4K Smart TV M\u00e0n h\u00ecnh l\u1edbn | 86UR801"},"content":{"rendered":"<p><img decoding=\"async\" class=\"aligncenter\" src=\"https:\/\/www.lg.com\/vn\/images\/TV\/features\/UHD2023\/tv-uhd-01-intro-desktop.jpg\" alt=\"H\u00ecnh \u1ea3nh thi\u00ean nhi\u00ean v\u1edbi n\u00fai \u0111\u00e1 \u0111\u1ed1i di\u1ec7n nhau t\u1eeb tr\u00ean xu\u1ed1ng d\u01b0\u1edbi cho th\u1ea5y s\u1ef1 t\u01b0\u01a1ng ph\u1ea3n v\u00e0 chi ti\u1ebft.\" \/><\/p>\n<div class=\"eyebrow\" style=\"text-align: center;\">B\u1ed9 x\u1eed l\u00fd AI \u03b15 4K Gen6<\/div>\n<div id=\"waGPC0042_2\" class=\"title\" style=\"text-align: center;\">\n<h2>N\u00e2ng cao tr\u1ea3i nghi\u1ec7m xem c\u1ee7a b\u1ea1n<\/h2>\n<\/div>\n<div class=\"text font-regular \" style=\"text-align: center;\">B\u1ed9 x\u1eed l\u00fd AI \u03b15 4K Gen6 c\u1ea3i ti\u1ebfn TV LG UHD \u0111\u1ec3 mang \u0111\u1ebfn cho b\u1ea1n tr\u1ea3i nghi\u1ec7m \u0111\u1eafm ch\u00ecm.<\/div>\n<div>\n\n<div id=\"waGPC0055_1\" class=\"title\">\n<h3 style=\"text-align: center;\">T\u00e1i thi\u1ebft quy chu\u1ea9n 4K<\/h3>\n<\/div>\n<div class=\"copy font-regular \" style=\"text-align: center;\">Tr\u1ea3i nghi\u1ec7m n\u1ed9i dung th\u01b0\u1eddng tr\u00ean m\u00e0n h\u00ecnh UHD l\u1edbn v\u1edbi \u0111\u1ed9 ph\u00e2n gi\u1ea3i 4K \u0111\u1ec3 t\u1eadn h\u01b0\u1edfng \u0111\u1ed9 s\u1eafc n\u00e9t v\u00e0 ch\u00ednh x\u00e1c trong t\u1eebng chuy\u1ec3n \u0111\u1ed9ng<\/div>\n<p><img decoding=\"async\" src=\"https:\/\/www.lg.com\/vn\/images\/TV\/features\/UHD2023\/tv-uhd-03-1-4k-upscaling-mobile.jpg\" alt=\"M\u1ed9t c\u00e1i nh\u00ecn v\u1ec1 thi\u00ean nhi\u00ean, so s\u00e1nh ch\u1ea5t l\u01b0\u1ee3ng h\u00ecnh \u1ea3nh kh\u00f4ng c\u00f3 n\u1ed9i dung 4K v\u00e0 n\u1ed9i dung 4K \u0111\u01b0\u1ee3c n\u00e2ng c\u1ea5p.\" \/><\/p>\n<div id=\"waGPC0042_6\" class=\"title\">\n<h3 style=\"text-align: center;\">AI Sound Pro<\/h3>\n<\/div>\n<div class=\"text\" style=\"text-align: center;\">C\u00e1c thu\u1eadt to\u00e1n h\u1ecdc s\u00e2u c\u1ee7a AI Sound Pro n\u00e2ng cao tr\u1ea3i nghi\u1ec7m nghe nh\u00ecn b\u1eb1ng c\u00e1ch chuy\u1ec3n \u0111\u1ed5i 2 k\u00eanh \u00e2m thanh th\u00e0nh d\u1ea1ng loa v\u00f2m \u1ea3o 5.1.2, cho b\u1ea1n th\u01b0\u1edfng th\u1ee9c b\u1eefa ti\u1ec7c \u00e2m thanh s\u1ed1ng \u0111\u1ed9ng v\u1edbi t\u1ea5t c\u1ea3 n\u1ed9i dung y\u00eau th\u00edch. C\u00e0i \u0111\u1eb7t \u00e2m thanh \u0111\u01b0\u1ee3c \u0111i\u1ec1u ch\u1ec9nh t\u1ef1 \u0111\u1ed9ng d\u1ef1a tr\u00ean n\u1ed9i dung b\u1ea1n \u0111ang xem \u0111\u1ec3 mang l\u1ea1i tr\u1ea3i nghi\u1ec7m nghe nh\u00ecn v\u01b0\u1ee3t tr\u1ed9i.<\/div>\n<div><img decoding=\"async\" src=\"https:\/\/www.lg.com\/vn\/images\/TV\/features\/UHD2023\/tv-uhd-03-4-ai-sound-pro-desktop.jpg\" alt=\"AI Sound Pro \u0111\u01b0\u1ee3c k\u00edch ho\u1ea1t v\u00e0 h\u00ecnh \u1ea3nh \u0111\u01b0\u1ee3c hi\u1ec3n th\u1ecb nh\u01b0 th\u1ec3 \u00e2m thanh phong ph\u00fa l\u1ea5p \u0111\u1ea7y kh\u00f4ng gian b\u1eb1ng hi\u1ec7u \u1ee9ng \u00e2m thanh.\" \/><\/div>\n<div>\n<div id=\"waGPC0042_7\" class=\"title\">\n<h3 style=\"text-align: center;\">AI Brightness Control<\/h3>\n<\/div>\n<div class=\"text\" style=\"text-align: center;\">AI Brightness Control \u0111\u1ea3m b\u1ea3o m\u1ee9c \u0111\u1ed9 s\u00e1ng ho\u00e0n h\u1ea3o cho t\u1eebng \u0111i\u1ec1u ki\u1ec7n kh\u00f4ng gian v\u00e0 th\u00edch \u1ee9ng v\u1edbi \u00e1nh s\u00e1ng m\u00f4i tr\u01b0\u1eddng xung quanh.<\/div>\n<div><img decoding=\"async\" src=\"https:\/\/www.lg.com\/vn\/images\/TV\/features\/UHD2023\/tv-uhd-03-5-ai-brightness-control-desktop.jpg\" alt=\"A screen, depicting an image of a forest, having its brightness being adjusted for depending on the surrounding.\" \/><\/div>\n<div>\n<div id=\"waGPC0055_2\" class=\"title\">\n<h3 style=\"text-align: center;\">Tr\u1ea3i nghi\u1ec7m UHD v\u1edbi t\u1ea7m c\u1ee1 ho\u00e0n to\u00e0n m\u1edbi<\/h3>\n<\/div>\n<div class=\"copy font-regular \" style=\"text-align: center;\">T\u1eadn h\u01b0\u1edfng c\u1eadn c\u1ea3nh n\u1ed9i dung y\u00eau th\u00edch v\u1edbi khung h\u00ecnh TV 4K UHD c\u1ef1c \u0111\u1ea1i.<\/div>\n<\/div>\n<\/div>\n<div><img decoding=\"async\" src=\"https:\/\/www.lg.com\/vn\/images\/TV\/features\/UHD2023\/tv-uhd-04-big-screen-mobile.jpg\" alt=\"Gi\u00e1 treo TV UHD tr\u00ean t\u01b0\u1eddng ph\u00eda sau Tabe v\u1edbi thi\u1ebft l\u1eadp phong c\u00e1ch Zen.\" \/><\/div>\n<div>\n<div id=\"waGPC0042_8\" class=\"title\">\n<h2 style=\"text-align: center;\">K\u1ebft h\u1ee3p ho\u00e0n h\u1ea3o cho \u00e2m thanh ng\u1eadp tr\u00e0n<\/h2>\n<\/div>\n<div class=\"text font-regular \" style=\"text-align: center;\">Gh\u00e9p n\u1ed1i t\u1ea5t c\u1ea3 nh\u1eefng n\u1ed9i dung b\u1ea1n th\u00edch c\u00f9ng d\u00e0n \u00e2m thanh trong tr\u1ebbo v\u00e0 nguy\u00ean b\u1ea3n.<\/div>\n<div><img decoding=\"async\" src=\"https:\/\/www.lg.com\/vn\/images\/TV\/features\/UHD2023\/tv-uhd-06-1-audio-matching-mobile.jpg\" alt=\"M\u1ed9t n\u1eeda m\u00e0n h\u00ecnh d\u01b0\u1edbi c\u00f9ng v\u00e0 m\u1ed9t n\u1eeda thanh \u00e2m thanh. TV hi\u1ec3n th\u1ecb nh\u1eefng ti\u1ebfng kh\u00e0n kh\u00e0n m\u00e0u tr\u1eafng ch\u1ea1y tr\u00ean m\u1eb7t n\u01b0\u1edbc. \" \/><\/div>\n<div>\n<div class=\"eyebrow\" style=\"text-align: center;\">WOW Interface<\/div>\n<div id=\"waGPC0055_4\" class=\"title\" style=\"text-align: center;\">\n<h3>\u0110a d\u1ea1ng ch\u1ebf \u0111\u1ed9 c\u00e0i \u0111\u1eb7t<\/h3>\n<\/div>\n<div class=\"copy font-regular \" style=\"text-align: center;\">Khi k\u1ebft n\u1ed1i v\u1edbi TV LG, Sound Bar s\u1ebd t\u1ef1 \u0111\u1ed9ng chuy\u1ec3n sang ch\u1ebf \u0111\u1ed9 \u00e2m thanh Sound Bar. B\u00ean c\u1ea1nh \u0111\u00f3, b\u1ea1n c\u00f3 th\u1ec3 th\u01b0\u1edfng th\u1ee9c 3 ch\u1ebf \u0111\u1ed9 \u00e2m thanh kh\u00e1c cho tr\u1ea3i nghi\u1ec7m nghe ho\u00e0n h\u1ea3o.<\/div>\n<div><img decoding=\"async\" src=\"https:\/\/www.lg.com\/vn\/images\/TV\/features\/UHD2023\/tv-uhd-06-2-wow-orchestra-interface-2-mobile.jpg\" alt=\"Giao di\u1ec7n thay \u0111\u1ed5i c\u00e0i \u0111\u1eb7t \u0111\u01b0\u1ee3c hi\u1ec3n th\u1ecb tr\u00ean m\u00e0n h\u00ecnh TV.\" \/><\/div>\n<div>\n<div class=\"eyebrow\" style=\"text-align: center;\">H\u1ec7 \u0111i\u1ec1u h\u00e0nh webOS 23 New Home<\/div>\n<div id=\"waGPC0042_10\" class=\"title\" style=\"text-align: center;\">\n<h2>Tinh ch\u1ec9nh theo s\u1edf th\u00edch<\/h2>\n<\/div>\n<div class=\"text font-regular \" style=\"text-align: center;\">T\u1eeb nh\u1eefng n\u1ed9i dung theo s\u1edf th\u00edch \u0111\u1ebfn c\u00e1ch t\u1eadn h\u01b0\u1edfng mang \u0111\u1eadm d\u1ea5u \u1ea5n c\u00e1 nh\u00e2n, webOS 23 New Home s\u1ebd m\u1edf ra m\u1ed9t v\u0169 tr\u1ee5 gi\u1ea3i tr\u00ed th\u00fa v\u1ecb v\u00e0 \u0111\u1ed9c b\u1ea3n c\u1ee7a ri\u00eang b\u1ea1<\/div>\n<div>\n<div style=\"width: 640px;\" class=\"wp-video\"><video class=\"wp-video-shortcode\" id=\"video-2131-2\" width=\"640\" height=\"394\" loop autoplay preload=\"auto\" controls=\"controls\"><source type=\"video\/mp4\" src=\"https:\/\/vixav.com.vn\/wp-content\/uploads\/2024\/01\/tv-uhd-07-all-new-home-desktop_v2.mp4?_=2\" \/><a href=\"https:\/\/vixav.com.vn\/wp-content\/uploads\/2024\/01\/tv-uhd-07-all-new-home-desktop_v2.mp4\">https:\/\/vixav.com.vn\/wp-content\/uploads\/2024\/01\/tv-uhd-07-all-new-home-desktop_v2.mp4<\/a><\/video><\/div>\n<div class=\"eyebrow\" style=\"text-align: center;\">H\u1ec7 \u0111i\u1ec1u h\u00e0nh webOS 23 New Home<\/div>\n<div id=\"waGPC0042_10\" class=\"title\" style=\"text-align: center;\">\n<h2>Tinh ch\u1ec9nh theo s\u1edf th\u00edch<\/h2>\n<\/div>\n<div class=\"text font-regular \" style=\"text-align: center;\">T\u1eeb nh\u1eefng n\u1ed9i dung theo s\u1edf th\u00edch \u0111\u1ebfn c\u00e1ch t\u1eadn h\u01b0\u1edfng mang \u0111\u1eadm d\u1ea5u \u1ea5n c\u00e1 nh\u00e2n, webOS 23 New Home s\u1ebd m\u1edf ra m\u1ed9t v\u0169 tr\u1ee5 gi\u1ea3i tr\u00ed th\u00fa v\u1ecb v\u00e0 \u0111\u1ed9c b\u1ea3n c\u1ee7a ri\u00eang b\u1ea1<\/div>\n<div>\n<div style=\"width: 640px;\" class=\"wp-video\"><video class=\"wp-video-shortcode\" id=\"video-2131-3\" width=\"640\" height=\"358\" loop autoplay preload=\"metadata\" controls=\"controls\"><source type=\"video\/mp4\" src=\"https:\/\/vixav.com.vn\/wp-content\/uploads\/2024\/01\/tv-uhd-08-my-profile-desktop_v1.mp4?_=3\" \/><a href=\"https:\/\/vixav.com.vn\/wp-content\/uploads\/2024\/01\/tv-uhd-08-my-profile-desktop_v1.mp4\">https:\/\/vixav.com.vn\/wp-content\/uploads\/2024\/01\/tv-uhd-08-my-profile-desktop_v1.mp4<\/a><\/video><\/div>\n<div id=\"waGPC0042_14\" class=\"title\">\n<h2 style=\"text-align: center;\">Tr\u1ee3 l\u00fd th\u00f4ng minh &amp; K\u1ebft n\u1ed1i<\/h2>\n<\/div>\n<div class=\"text font-regular \" style=\"text-align: center;\">LG UHD TV \u0111\u01b0a k\u1ef7 nguy\u00ean c\u00f4ng ngh\u1ec7 th\u00f4ng minh v\u00e0 thu\u1eadn ti\u1ec7n l\u00ean m\u1ed9t t\u1ea7m cao m\u1edbi th\u00f4ng qua c\u00e1c thi\u1ebft b\u1ecb s\u1ef1 h\u1ed7 tr\u1ee3 Amazon Alexa \u0111\u01b0\u1ee3c t\u00edch h\u1ee3p s\u1eb5n, Apple AirPlay, HomeKit v\u00e0 Matter; thu\u1eadn ti\u1ec7n gi\u00e1m s\u00e1t c\u00e1c thi\u1ebft b\u1ecb \u0111\u01b0\u1ee3c k\u1ebft n\u1ed1i, ki\u1ec3m tra th\u00f4ng tin t\u1ee9c th\u1eddi b\u1eb1ng gi\u1ecdng n\u00f3i c\u1ee7a b\u1ea1n.<\/div>\n<div><img decoding=\"async\" src=\"https:\/\/www.lg.com\/vn\/images\/TV\/features\/UHD2023\/tv-uhd-12-1-smart-assistant-mobile.jpg\" alt=\"Logo c\u1ee7a alexa \u0111\u01b0\u1ee3c t\u00edch h\u1ee3p s\u1eb5n&lt;br&gt;Logo c\u1ee7a c\u00e1c t\u00e1c ph\u1ea9m v\u1edbi Apple AirPlay&lt;br&gt;Logo c\u1ee7a c\u00e1c t\u00e1c ph\u1ea9m v\u1edbi Apple Home&lt;br&gt;Logo c\u1ee7a c\u00e1c t\u00e1c ph\u1ea9m v\u1edbi Matter\" \/><\/div>\n<div>\n<div id=\"waGPC0055_5\" class=\"title\">\n<h3 style=\"text-align: center;\">\u0110\u1eafm ch\u00ecm trong r\u1ea1p chi\u1ebfu t\u1ea1i gia<\/h3>\n<\/div>\n<div class=\"copy font-regular \" style=\"text-align: center;\">\u0110\u1eafm ch\u00ecm trong t\u1eebng khung h\u00ecnh v\u1edbi \u0111\u1ed9 ph\u00e2n gi\u1ea3i 4K v\u00e0 t\u1eadn h\u01b0\u1edfng tr\u1ea3i nghi\u1ec7m \u0111i\u1ec7n \u1ea3nh nh\u01b0 trong r\u1ea1p chi\u1ebfu.<\/div>\n<div><img decoding=\"async\" src=\"https:\/\/www.lg.com\/vn\/images\/TV\/features\/UHD2023\/tv-uhd-13-1-cinema-mobile.jpg\" alt=\"H\u00ecnh \u1ea3nh cho th\u1ea5y m\u1ed9t c\u1eb7p v\u1ee3 ch\u1ed3ng \u0111ang xem m\u1ed9t ch\u01b0\u01a1ng tr\u00ecnh b\u1eb1ng TV LG UHD.\" \/><\/div>\n<div>\n<div id=\"waGPC0042_17\" class=\"title\">\n<h3 style=\"text-align: center;\">FILMMAKER MODE\u2122<\/h3>\n<\/div>\n<div class=\"text\" style=\"text-align: center;\">Ch\u1ebf \u0111\u1ed9 nh\u00e0 l\u00e0m phim \u0111\u01b0a b\u1ea1n th\u01b0\u1edfng th\u1ee9c tr\u1ecdn v\u1eb9n \u00fd t\u01b0\u1edfng c\u1ee7a \u0111\u1ea1o di\u1ec5n m\u00e0 kh\u00f4ng c\u1ea7n \u0111i\u1ec1u ch\u1ec9nh k\u1ebft c\u1ea5u hay c\u00e1c c\u00e0i \u0111\u1eb7t h\u00ecnh \u1ea3nh kh\u00e1c c\u1ee7a phim.<\/div>\n<div><img decoding=\"async\" src=\"https:\/\/www.lg.com\/vn\/images\/TV\/features\/UHD2023\/tv-uhd-14-filmmaker-mode-desktop.jpg\" alt=\"M\u1ed9t \u0111\u1ea1o di\u1ec5n phim \u0111ang nh\u00ecn v\u00e0o m\u1ed9t m\u00e0n h\u00ecnh TV l\u1edbn, ch\u1ec9nh s\u1eeda m\u1ed9t c\u00e1i g\u00ec \u0111\u00f3. M\u00e0n h\u00ecnh TV hi\u1ec3n th\u1ecb m\u1ed9t c\u1ea7n c\u1ea9u th\u00e1p tr\u00ean b\u1ea7u tr\u1eddi m\u00e0u t\u00edm. Logo FILMMAKER Mode \u0111\u01b0\u1ee3c \u0111\u1eb7t \u1edf g\u00f3c d\u01b0\u1edbi c\u00f9ng b\u00ean ph\u1ea3i. \" \/><\/div>\n<div>\n<div class=\"eyebrow\" style=\"text-align: center;\">Gi\u1ea3i tr\u00ed th\u01b0\u1ee3ng h\u1ea1ng<\/div>\n<div id=\"waGPC0055_6\" class=\"title\" style=\"text-align: center;\">\n<h3>Th\u01b0 vi\u1ec7n gi\u1ea3i tr\u00ed v\u00f4 t\u1eadn<\/h3>\n<\/div>\n<div class=\"copy font-regular \" style=\"text-align: center;\">D\u1ec5 d\u00e0ng th\u01b0\u1edfng th\u1ee9c n\u1ed9i dung t\u1eeb c\u00e1c n\u1ec1n t\u1ea3ng ph\u00e1t tr\u1ef1c tuy\u1ebfn l\u1edbn nh\u1ea5t tr\u00ean LG UHD TV.<\/div>\n<div><img decoding=\"async\" src=\"https:\/\/www.lg.com\/vn\/images\/TV\/features\/UHD2023\/tv-qned-29-ott-mobile-subv-1.jpg\" alt=\"C\u00f3 logo c\u1ee7a c\u00e1c n\u1ec1n t\u1ea3ng d\u1ecbch v\u1ee5 ph\u00e1t tr\u1ef1c tuy\u1ebfn v\u00e0 c\u00e1c c\u1ea3nh quay ph\u00f9 h\u1ee3p ngay b\u00ean c\u1ea1nh m\u1ed7i logo. C\u00f3 nh\u1eefng h\u00ecnh \u1ea3nh v\u1ec1 Th\u1ee9 T\u01b0 c\u1ee7a Tulsa King c\u1ee7a Paramount +,TOP GUN c\u1ee7a sky SHOWTIME v\u00e0 con b\u00e1o c\u1ee7a LG CHANNELS.\" \/><\/div>\n<div>\n<div id=\"waGPC0055_7\" class=\"title\">\n<h3 style=\"text-align: center;\">K\u00edch ho\u1ea1t k\u1ef7 nguy\u00ean game AAA<\/h3>\n<\/div>\n<div class=\"copy font-regular \" style=\"text-align: center;\">\n<p>N\u00e2ng c\u1ea5p tr\u1ea3i nghi\u1ec7m c\u1ee7a b\u1ea1n v\u1edbi kh\u1ea3 n\u0103ng ch\u01a1i game nhanh, m\u01b0\u1ee3t m\u00e0, cho b\u1ea1n c\u1ea3m gi\u00e1c \u0111ang th\u1ef1c s\u1ef1 \u0111\u1eafm ch\u00ecm trong v\u0169 tr\u1ee5 game \u0111\u1ec9nh cao<\/p>\n<div style=\"width: 640px;\" class=\"wp-video\"><video class=\"wp-video-shortcode\" id=\"video-2131-4\" width=\"640\" height=\"380\" loop autoplay preload=\"auto\" controls=\"controls\"><source type=\"video\/mp4\" src=\"https:\/\/vixav.com.vn\/wp-content\/uploads\/2024\/01\/tv-uhd-16-gaming-desktop.mp4?_=4\" \/><a href=\"https:\/\/vixav.com.vn\/wp-content\/uploads\/2024\/01\/tv-uhd-16-gaming-desktop.mp4\">https:\/\/vixav.com.vn\/wp-content\/uploads\/2024\/01\/tv-uhd-16-gaming-desktop.mp4<\/a><\/video><\/div>\n<\/div>\n<\/div>\n<\/div>\n<\/div>\n<\/div>\n<\/div>\n<\/div>\n<\/div>\n<\/div>\n<\/div>\n<\/div>\n","protected":false},"excerpt":{"rendered":"<div class=\"detail-n-sumary\">\n<div class=\"title-n\"><strong>C\u00e1c t\u00ednh n\u0103ng ch\u00ednh<\/strong><\/div>\n<ul>\n<li class=\"list-n\">T\u1eadn h\u01b0\u1edfng m\u00e0u s\u1eafc s\u1ed1ng \u0111\u1ed9ng v\u00e0 chi ti\u1ebft \u1ea5n t\u01b0\u1ee3ng v\u1edbi 4K HDR10 Pro<\/li>\n<li class=\"list-n\">Tr\u1ea3i nghi\u1ec7m xem th\u00f4ng minh v\u1edbi B\u1ed9 x\u1eed l\u00fd AI \u03b15 4K Gen6<\/li>\n<li class=\"list-n\">Tr\u1ea3i nghi\u1ec7m t\u00ednh n\u0103ng th\u00f4ng minh c\u00f9ng ThinQ AI v\u00e0 WebOS<\/li>\n<li class=\"list-n\">T\u00edch h\u1ee3p th\u1ebf gi\u1edbi gi\u1ea3i tr\u00ed tr\u1ef1c tuy\u1ebfn v\u1edbi LG Channels, Netflix, Apple TV+ v\u00e0 Disney+<\/li>\n<\/ul>\n<\/div>\n<div class=\"detail-n-warrantry\"><span style=\"color: #ff0000;\"><span style=\"color: #000000;\">B\u1ea3o h\u00e0nh:<\/span>\u00a036 th\u00e1ng t\u1eadn n\u01a1i, th\u1ef1c hi\u1ec7n b\u1edfi k\u1ef9 thu\u1eadt vi\u00ean chuy\u00ean nghi\u1ec7p ch\u00ednh h\u00e3ng LG<\/span><\/div>\n","protected":false},"featured_media":2118,"comment_status":"open","ping_status":"closed","template":"","meta":[],"product_brand":[],"product_cat":[15],"product_tag":[265,268,266,264],"class_list":{"0":"post-2131","1":"product","2":"type-product","3":"status-publish","6":"product_cat-chua-phan-loai","7":"product_tag-4k","8":"product_tag-65-inch","9":"product_tag-smart-tv","10":"product_tag-tv-lg","12":"first","13":"instock","14":"taxable","15":"shipping-taxable","16":"purchasable","17":"product-type-simple"},"_links":{"self":[{"href":"https:\/\/vixav.com.vn\/index.php\/wp-json\/wp\/v2\/product\/2131","targetHints":{"allow":["GET"]}}],"collection":[{"href":"https:\/\/vixav.com.vn\/index.php\/wp-json\/wp\/v2\/product"}],"about":[{"href":"https:\/\/vixav.com.vn\/index.php\/wp-json\/wp\/v2\/types\/product"}],"replies":[{"embeddable":true,"href":"https:\/\/vixav.com.vn\/index.php\/wp-json\/wp\/v2\/comments?post=2131"}],"wp:featuredmedia":[{"embeddable":true,"href":"https:\/\/vixav.com.vn\/index.php\/wp-json\/wp\/v2\/media\/2118"}],"wp:attachment":[{"href":"https:\/\/vixav.com.vn\/index.php\/wp-json\/wp\/v2\/media?parent=2131"}],"wp:term":[{"taxonomy":"product_brand","embeddable":true,"href":"https:\/\/vixav.com.vn\/index.php\/wp-json\/wp\/v2\/product_brand?post=2131"},{"taxonomy":"product_cat","embeddable":true,"href":"https:\/\/vixav.com.vn\/index.php\/wp-json\/wp\/v2\/product_cat?post=2131"},{"taxonomy":"product_tag","embeddable":true,"href":"https:\/\/vixav.com.vn\/index.php\/wp-json\/wp\/v2\/product_tag?post=2131"}],"curies":[{"name":"wp","href":"https:\/\/api.w.org\/{rel}","templated":true}]}}