{"id":2103,"date":"2023-08-24T04:32:14","date_gmt":"2023-08-24T04:32:14","guid":{"rendered":"https:\/\/vixav.com.vn\/?post_type=product&#038;p=2103"},"modified":"2023-08-24T04:32:14","modified_gmt":"2023-08-24T04:32:14","slug":"may-chieu-phim-4k-epson-eb-tw9400","status":"publish","type":"product","link":"https:\/\/vixav.com.vn\/index.php\/san-pham\/may-chieu-phim-4k-epson-eb-tw9400\/","title":{"rendered":"M\u00e1y chi\u1ebfu phim 4K Epson EB-TW9400"},"content":{"rendered":"<p>Th\u00f4ng s\u1ed1 k\u1ef9 thu\u1eadt:<\/p>\n<p>* C\u00f4ng ngh\u1ec7: 3LCD<br \/>\n* C\u01b0\u1eddng \u0111\u1ed9 s\u00e1ng tr\u1eafng : 2.600 lm<br \/>\n* C\u01b0\u1eddng \u0111\u1ed9 s\u00e1ng m\u00e0u : 2.600 lm<br \/>\n* \u0110\u1ed9 ph\u00e2n gi\u1ea3i : 4K PRO-UHD<br \/>\n* H\u1ed7 tr\u1ee3 tr\u00ecnh chi\u1ebfu 3D<br \/>\n* \u0110\u1ed9 t\u01b0\u01a1ng ph\u1ea3n: 1.200.000:1<br \/>\n* K\u00edch th\u01b0\u1edbc chi\u1ebfu : 50\u201d &#8211; 300\u201d<br \/>\n* B\u00f3ng \u0111\u00e8n : 250W UHE<br \/>\n* Tu\u1ed5i th\u1ecd b\u00f3ng \u0111\u00e8n : 12.000 gi\u1edd<br \/>\n* K\u1ebft n\u1ed1i : HDMI x 2, Video, Audio, USB-A x 2, USB-B, RS-232C, RJ45<br \/>\n* Wireless : T\u00f9y ch\u1ecdn ELPAP10<br \/>\n* Chi\u1ebfu l\u1ec7ch g\u00f3c : \u00b130\u00b0 (d\u1ecdc, ngang)<br \/>\n* T\u1ef1 \u0111\u1ed9ng th\u00eam khung h\u00ecnh \u0111\u1ec3 c\u00e1c c\u1ea3nh chuy\u1ec3n \u0111\u1ed9ng m\u01b0\u1ee3t m\u00e0 h\u01a1n<br \/>\n* T\u1ef1 \u0111\u1ed9ng ch\u1ec9nh vu\u00f4ng h\u00ecnh \u1ea3nh<br \/>\n* Ch\u1ee9c n\u0103ng t\u1ef1 kh\u1edfi \u0111\u1ed9ng (Auto Power On)<br \/>\n* T\u1ef1 \u0111\u1ed9ng d\u00f2 t\u00ecm t\u00edn hi\u1ec7u \u0111\u1ea7u v\u00e0o<br \/>\n* Multi-PC tr\u00ecnh chi\u1ebfu 4 thi\u1ebft b\u1ecb c\u00f9ng l\u00fac<br \/>\n* Tr\u00ecnh chi\u1ebfu h\u00ecnh \u1ea3nh t\u1eeb USB<br \/>\n* C\u1ed5ng USB-B (3 trong 1) tr\u00ecnh chi\u1ebfu h\u00ecnh \u1ea3nh, \u00e2m thanh v\u00e0 sao ch\u00e9p c\u00e0i \u0111\u1eb7t, c\u1eadp nh\u1eadt firmware<br \/>\n* Ch\u1ee9c n\u0103ng t\u1ea1m d\u1eebng tr\u00ecnh chi\u1ebfu, ti\u1ebft ki\u1ec7m \u0111i\u1ec7n n\u0103ng<br \/>\n* Xu\u1ea5t x\u1ee9: Philippines<\/p>\n","protected":false},"excerpt":{"rendered":"<p>M\u00e1y chi\u1ebfu Epson EH-TW9400\u00a0l\u00e0\u00a0m\u00e1y chi\u1ebfu phim\u00a04K PRO-UHD c\u00f4ng ngh\u1ec7 m\u1edbi cho b\u1ea1n tr\u1ea3i nghi\u1ec7m khung h\u00ecnh l\u1edbn, ch\u1ea5t l\u01b0\u1ee3ng cao nh\u01b0 m\u1ed9t r\u1ea1p chi\u1ebfu phim thu nh\u1ecf ngay t\u1ea1i nh\u00e0. S\u1ef1 k\u1ebft h\u1ee3p ho\u00e0n h\u1ea3o c\u00e1c c\u00f4ng ngh\u1ec7 cao c\u1ea5p \u0111\u1ec3 mang \u0111\u1ebfn ch\u1ea5t l\u01b0\u1ee3ng h\u00ecnh \u1ea3nh v\u01b0\u1ee3t tr\u1ed9i v\u1edbi t\u1ef7 l\u1ec7 t\u01b0\u01a1ng ph\u1ea3n \u0111\u1ed9ng cao 1.200.000: 1. K\u1ebft n\u1ed1i linh ho\u1ea1t, thi\u1ebft l\u1eadp d\u1ec5 d\u00e0ng c\u00f9ng gi\u00e1 c\u1ea3 ph\u1ea3i ch\u0103ng, Epson EH-TW9400 gi\u00fap b\u1ea1n t\u1ea1o n\u00ean nh\u1eefng kho\u1ea3nh kh\u1eafc \u0111\u00e1ng nh\u1edb, ph\u00f9 h\u1ee3p cho gi\u1ea3i tr\u00ed gia \u0111\u00ecnh, qu\u00e1n caf\u00e9, b\u00f3ng \u0111\u00e1,\u2026<\/p>\n","protected":false},"featured_media":2106,"comment_status":"open","ping_status":"closed","template":"","meta":[],"product_brand":[],"product_cat":[261,176],"product_tag":[],"class_list":{"0":"post-2103","1":"product","2":"type-product","3":"status-publish","6":"product_cat-epson","7":"product_cat-may-chieu","9":"first","10":"instock","11":"taxable","12":"shipping-taxable","13":"product-type-simple"},"_links":{"self":[{"href":"https:\/\/vixav.com.vn\/index.php\/wp-json\/wp\/v2\/product\/2103","targetHints":{"allow":["GET"]}}],"collection":[{"href":"https:\/\/vixav.com.vn\/index.php\/wp-json\/wp\/v2\/product"}],"about":[{"href":"https:\/\/vixav.com.vn\/index.php\/wp-json\/wp\/v2\/types\/product"}],"replies":[{"embeddable":true,"href":"https:\/\/vixav.com.vn\/index.php\/wp-json\/wp\/v2\/comments?post=2103"}],"wp:featuredmedia":[{"embeddable":true,"href":"https:\/\/vixav.com.vn\/index.php\/wp-json\/wp\/v2\/media\/2106"}],"wp:attachment":[{"href":"https:\/\/vixav.com.vn\/index.php\/wp-json\/wp\/v2\/media?parent=2103"}],"wp:term":[{"taxonomy":"product_brand","embeddable":true,"href":"https:\/\/vixav.com.vn\/index.php\/wp-json\/wp\/v2\/product_brand?post=2103"},{"taxonomy":"product_cat","embeddable":true,"href":"https:\/\/vixav.com.vn\/index.php\/wp-json\/wp\/v2\/product_cat?post=2103"},{"taxonomy":"product_tag","embeddable":true,"href":"https:\/\/vixav.com.vn\/index.php\/wp-json\/wp\/v2\/product_tag?post=2103"}],"curies":[{"name":"wp","href":"https:\/\/api.w.org\/{rel}","templated":true}]}}