{"id":2097,"date":"2023-08-24T03:32:43","date_gmt":"2023-08-24T03:32:43","guid":{"rendered":"https:\/\/vixav.com.vn\/?post_type=product&#038;p=2097"},"modified":"2023-08-24T03:32:43","modified_gmt":"2023-08-24T03:32:43","slug":"may-chieu-phim-4k-epson-eb-tw7000","status":"publish","type":"product","link":"https:\/\/vixav.com.vn\/index.php\/san-pham\/may-chieu-phim-4k-epson-eb-tw7000\/","title":{"rendered":"M\u00e1y chi\u1ebfu phim 4K Epson EB-TW7000"},"content":{"rendered":"<p>Th\u00f4ng tin chi ti\u1ebft:<\/p>\n<p>* C\u00f4ng ngh\u1ec7: 3LCD<br \/>\n* C\u01b0\u1eddng \u0111\u1ed9 s\u00e1ng tr\u1eafng : 3.000 lm<br \/>\n* C\u01b0\u1eddng \u0111\u1ed9 s\u00e1ng m\u00e0u : 3.000 lm<br \/>\n* \u0110\u1ed9 ph\u00e2n gi\u1ea3i : 4K PRO-UHD<br \/>\n* H\u1ed7 tr\u1ee3 tr\u00ecnh chi\u1ebfu 3D<br \/>\n* \u0110\u1ed9 t\u01b0\u01a1ng ph\u1ea3n: 40.000:1<br \/>\n* K\u00edch th\u01b0\u1edbc chi\u1ebfu : 40\u201d &#8211; 500\u201d<br \/>\n* B\u00f3ng \u0111\u00e8n : 250W UHE<br \/>\n* Tu\u1ed5i th\u1ecd b\u00f3ng \u0111\u00e8n : 12.000 gi\u1edd<br \/>\n* K\u1ebft n\u1ed1i : HDMI x 2, Video, Audio, USB-A x 2, USB-B, Bluetooth<br \/>\n* Wireless : T\u00f9y ch\u1ecdn ELPAP10<br \/>\n* Loa t\u00edch h\u1ee3p : 2W<br \/>\n* Chi\u1ebfu l\u1ec7ch g\u00f3c : \u00b130\u00b0 (d\u1ecdc, ngang)<br \/>\n* T\u1ef1 \u0111\u1ed9ng ch\u1ec9nh vu\u00f4ng h\u00ecnh \u1ea3nh<br \/>\n* Ch\u1ee9c n\u0103ng t\u1ef1 kh\u1edfi \u0111\u1ed9ng (Auto Power On)<br \/>\n* T\u1ef1 \u0111\u1ed9ng d\u00f2 t\u00ecm t\u00edn hi\u1ec7u \u0111\u1ea7u v\u00e0o<br \/>\n* T\u1ef1 \u0111\u1ed9ng ch\u1ec9nh vu\u00f4ng h\u00ecnh \u1ea3nh<br \/>\n* Multi-PC tr\u00ecnh chi\u1ebfu 4 thi\u1ebft b\u1ecb c\u00f9ng l\u00fac<br \/>\n* Tr\u00ecnh chi\u1ebfu h\u00ecnh \u1ea3nh t\u1eeb USB<br \/>\n* C\u1ed5ng USB-B (3 trong 1) tr\u00ecnh chi\u1ebfu h\u00ecnh \u1ea3nh, \u00e2m thanh v\u00e0 sao ch\u00e9p c\u00e0i \u0111\u1eb7t, c\u1eadp nh\u1eadt firmware<br \/>\n* Ch\u1ee9c n\u0103ng t\u1ea1m d\u1eebng tr\u00ecnh chi\u1ebfu, ti\u1ebft ki\u1ec7m \u0111i\u1ec7n n\u0103ng<br \/>\n* Xu\u1ea5t x\u1ee9: Philippines<\/p>\n","protected":false},"excerpt":{"rendered":"<p>S\u1edf h\u1eefu c\u00e1c t\u00ednh n\u0103ng cao c\u1ea5p v\u1edbi chi ph\u00ed ph\u1ea3i ch\u0103ng,\u00a0m\u00e1y chi\u1ebfu phim 4K Epson EH-TW7000\u00a0c\u00f3 \u0111\u1ed9 s\u00e1ng 3.000 lumens n\u00e0y l\u00e0 thi\u1ebft b\u1ecb kh\u00f4ng th\u1ec3 thi\u1ebfu cho nhu c\u1ea7u gi\u1ea3i tr\u00ed t\u1ea1i nh\u00e0. Bi\u1ebfn Epson EH-TW7000 th\u00e0nh m\u00e1y chi\u1ebfu th\u00f4ng minh b\u1eb1ng c\u00e1ch k\u1ebft n\u1ed1i v\u1edbi thi\u1ebft b\u1ecb ph\u00e1t, \u0111\u1ea7u \u0111\u1ecdc Blue-ray, m\u00e1y ch\u01a1i game, Android box v\u00e0 h\u01a1n th\u1ebf n\u1eefa th\u00f4ng qua nhi\u1ec1u c\u1ed5ng k\u1ebft n\u1ed1i \u0111\u01b0\u1ee3c trang b\u1ecb s\u1eb5n. T\u1eadn h\u01b0\u1edfng n\u1ed9i dung s\u1ed1 s\u1ed1ng \u0111\u1ed9ng tr\u00ean m\u00e0n h\u00ecnh v\u1edbi c\u00f4ng ngh\u1ec7 4K PRO-UHD&#8230;<\/p>\n","protected":false},"featured_media":2098,"comment_status":"open","ping_status":"closed","template":"","meta":[],"product_brand":[],"product_cat":[261],"product_tag":[],"class_list":{"0":"post-2097","1":"product","2":"type-product","3":"status-publish","6":"product_cat-epson","8":"first","9":"instock","10":"taxable","11":"shipping-taxable","12":"product-type-simple"},"_links":{"self":[{"href":"https:\/\/vixav.com.vn\/index.php\/wp-json\/wp\/v2\/product\/2097","targetHints":{"allow":["GET"]}}],"collection":[{"href":"https:\/\/vixav.com.vn\/index.php\/wp-json\/wp\/v2\/product"}],"about":[{"href":"https:\/\/vixav.com.vn\/index.php\/wp-json\/wp\/v2\/types\/product"}],"replies":[{"embeddable":true,"href":"https:\/\/vixav.com.vn\/index.php\/wp-json\/wp\/v2\/comments?post=2097"}],"wp:featuredmedia":[{"embeddable":true,"href":"https:\/\/vixav.com.vn\/index.php\/wp-json\/wp\/v2\/media\/2098"}],"wp:attachment":[{"href":"https:\/\/vixav.com.vn\/index.php\/wp-json\/wp\/v2\/media?parent=2097"}],"wp:term":[{"taxonomy":"product_brand","embeddable":true,"href":"https:\/\/vixav.com.vn\/index.php\/wp-json\/wp\/v2\/product_brand?post=2097"},{"taxonomy":"product_cat","embeddable":true,"href":"https:\/\/vixav.com.vn\/index.php\/wp-json\/wp\/v2\/product_cat?post=2097"},{"taxonomy":"product_tag","embeddable":true,"href":"https:\/\/vixav.com.vn\/index.php\/wp-json\/wp\/v2\/product_tag?post=2097"}],"curies":[{"name":"wp","href":"https:\/\/api.w.org\/{rel}","templated":true}]}}