{"id":2089,"date":"2023-08-23T04:56:23","date_gmt":"2023-08-23T04:56:23","guid":{"rendered":"https:\/\/vixav.com.vn\/?post_type=product&#038;p=2089"},"modified":"2023-08-23T04:56:23","modified_gmt":"2023-08-23T04:56:23","slug":"may-chieu-android-epson-co-fh02","status":"publish","type":"product","link":"https:\/\/vixav.com.vn\/index.php\/san-pham\/may-chieu-android-epson-co-fh02\/","title":{"rendered":"M\u00e1y chi\u1ebfu Android Epson CO-FH02"},"content":{"rendered":"<p>Th\u00f4ng s\u1ed1 k\u1ef9 thu\u1eadt<\/p>\n<p>* C\u00f4ng ngh\u1ec7 : 3LCD<br \/>\n* C\u01b0\u1eddng \u0111\u1ed9 s\u00e1ng tr\u1eafng : 3.000 lm<br \/>\n* C\u01b0\u1eddng \u0111\u1ed9 s\u00e1ng m\u00e0u : 3.000 lm<br \/>\n* \u0110\u1ed9 ph\u00e2n gi\u1ea3i : Full HD (1920 x 1080)<br \/>\n* K\u00edch th\u01b0\u1edbc chi\u1ebfu : 26&#8243; &#8211; 391&#8243;<br \/>\n* B\u00f3ng \u0111\u00e8n : 188W UHE<br \/>\n* Tu\u1ed5i th\u1ecd b\u00f3ng \u0111\u00e8n : 12.000 gi\u1edd<br \/>\n* Loa t\u00edch h\u1ee3p : 5W<br \/>\n* Ch\u1ec9nh l\u1ec7ch h\u00ecnh : \u00b130\u00b0 (d\u1ecdc, ngang)<br \/>\n* K\u1ebft n\u1ed1i : HDMI 1.4, USB-A, USB-B<br \/>\n* B\u1ed9 x\u1eed l\u00fd h\u00ecnh \u1ea3nh : 8 bits<br \/>\n* H\u1ec7 \u0111i\u1ec1u h\u00e0nh t\u00edch h\u1ee3p : Android TV<br \/>\n* Chromecast t\u00edch h\u1ee3p<br \/>\n* K\u00edch th\u01b0\u1edbc : 320 x 211 x 87 mm<br \/>\n* Tr\u1ecdng l\u01b0\u1ee3ng : 2.6kg<br \/>\n* M\u00e1y chi\u1ebfu \u0111\u1ec3 b\u00e0n<br \/>\n* Xu\u1ea5t x\u1ee9 : Philipine<\/p>\n","protected":false},"excerpt":{"rendered":"<h5><strong>M\u00e1y chi\u1ebfu Epson CO-FH02 l\u00e0 d\u00f2ng m\u00e1y chi\u1ebfu \u0111a n\u0103ng c\u00f3 thi\u1ebft k\u1ebf nh\u1ecf g\u1ecdn v\u1edbi \u0111\u1ed9 ph\u00e2n gi\u1ea3i WUXGA cho h\u00ecnh \u1ea3nh Full HD n\u1ed5i b\u1eadt tr\u00ean m\u00e0n h\u00ecnh l\u1edbn l\u00ean \u0111\u1ebfn 391 inch. M\u00e1y chi\u1ebfu t\u00edch h\u1ee3p Android TV \u0111\u1ec3 b\u1ea1n c\u00f3 th\u1ec3 ph\u00e1t tr\u1ef1c tuy\u1ebfn c\u00e1c b\u1ed9 phim, ch\u01b0\u01a1ng tr\u00ecnh truy\u1ec1n h\u00ecnh y\u00eau th\u00edch c\u00f9ng nh\u1eefng n\u1ed9i dung m\u1edbi nh\u1ea5t. \u0110\u00e2y l\u00e0 d\u00f2ng m\u00e1y chi\u1ebfu l\u00fd t\u01b0\u1edfng cho m\u00f4i tr\u01b0\u1eddng gi\u00e1o d\u1ee5c, gia \u0111\u00ecnh v\u00e0 v\u0103n ph\u00f2ng<\/strong>.<\/h5>\n<h5 dir=\"ltr\">Thi\u1ebft k\u1ebf nh\u1ecf g\u1ecdn, v\u00f4 c\u00f9ng \u0111\u1eb9p m\u1eaft<\/h5>\n<h5 dir=\"ltr\">S\u1eed d\u1ee5ng c\u00f4ng ngh\u1ec7 3LCD ti\u00ean ti\u1ebfn c\u1ee7a Epson<\/h5>\n<h5 dir=\"ltr\">T\u1eadn h\u01b0\u1edfng ch\u1ea5t l\u01b0\u1ee3ng h\u00ecnh \u1ea3nh Full HD n\u1ed5i b\u1eadt<\/h5>\n<h5 dir=\"ltr\">Kh\u1ea3 n\u0103ng tr\u00ecnh chi\u1ebfu l\u00ean m\u00e0n h\u00ecnh l\u1edbn<\/h5>\n<h5 dir=\"ltr\">T\u00edch h\u1ee3p Android TV mang tr\u1ea3i nghi\u1ec7m tr\u00ecnh chi\u1ebfu phong ph\u00fa<\/h5>\n","protected":false},"featured_media":2090,"comment_status":"open","ping_status":"closed","template":"","meta":[],"product_brand":[],"product_cat":[261,176],"product_tag":[],"class_list":{"0":"post-2089","1":"product","2":"type-product","3":"status-publish","6":"product_cat-epson","7":"product_cat-may-chieu","9":"first","10":"instock","11":"taxable","12":"shipping-taxable","13":"product-type-simple"},"_links":{"self":[{"href":"https:\/\/vixav.com.vn\/index.php\/wp-json\/wp\/v2\/product\/2089","targetHints":{"allow":["GET"]}}],"collection":[{"href":"https:\/\/vixav.com.vn\/index.php\/wp-json\/wp\/v2\/product"}],"about":[{"href":"https:\/\/vixav.com.vn\/index.php\/wp-json\/wp\/v2\/types\/product"}],"replies":[{"embeddable":true,"href":"https:\/\/vixav.com.vn\/index.php\/wp-json\/wp\/v2\/comments?post=2089"}],"wp:featuredmedia":[{"embeddable":true,"href":"https:\/\/vixav.com.vn\/index.php\/wp-json\/wp\/v2\/media\/2090"}],"wp:attachment":[{"href":"https:\/\/vixav.com.vn\/index.php\/wp-json\/wp\/v2\/media?parent=2089"}],"wp:term":[{"taxonomy":"product_brand","embeddable":true,"href":"https:\/\/vixav.com.vn\/index.php\/wp-json\/wp\/v2\/product_brand?post=2089"},{"taxonomy":"product_cat","embeddable":true,"href":"https:\/\/vixav.com.vn\/index.php\/wp-json\/wp\/v2\/product_cat?post=2089"},{"taxonomy":"product_tag","embeddable":true,"href":"https:\/\/vixav.com.vn\/index.php\/wp-json\/wp\/v2\/product_tag?post=2089"}],"curies":[{"name":"wp","href":"https:\/\/api.w.org\/{rel}","templated":true}]}}