{"id":2083,"date":"2023-08-23T04:44:08","date_gmt":"2023-08-23T04:44:08","guid":{"rendered":"https:\/\/vixav.com.vn\/?post_type=product&#038;p=2083"},"modified":"2023-08-23T04:44:08","modified_gmt":"2023-08-23T04:44:08","slug":"may-chieu-4k-android-epson-eh-tw6250","status":"publish","type":"product","link":"https:\/\/vixav.com.vn\/index.php\/san-pham\/may-chieu-4k-android-epson-eh-tw6250\/","title":{"rendered":"M\u00e1y chi\u1ebfu 4K Android Epson EH-TW6250"},"content":{"rendered":"<p>Th\u00f4ng s\u1ed1 k\u1ef9 thu\u1eadt:<\/p>\n<p>* C\u00f4ng ngh\u1ec7 : 3LCD<br \/>\n* C\u01b0\u1eddng \u0111\u1ed9 s\u00e1ng tr\u1eafng : 2.700 lm<br \/>\n* C\u01b0\u1eddng \u0111\u1ed9 s\u00e1ng m\u00e0u : 2.700 lm<br \/>\n* \u0110\u1ed9 ph\u00e2n gi\u1ea3i : Full HD (1920 x 1080)<br \/>\n* \u0110\u1ed9 t\u01b0\u01a1ng ph\u1ea3n : 70.000:1<br \/>\n* K\u00edch th\u01b0\u1edbc chi\u1ebfu : 30&#8243; &#8211; 300&#8243;<br \/>\n* B\u00f3ng \u0111\u00e8n : 200W UHE<br \/>\n* Tu\u1ed5i th\u1ecd b\u00f3ng \u0111\u00e8n : 7.500 gi\u1edd<br \/>\n* Loa t\u00edch h\u1ee3p : 10W<br \/>\n* Ch\u1ec9nh l\u1ec7ch h\u00ecnh : \u00b130\u00b0 (d\u1ecdc, ngang)<br \/>\n* K\u1ebft n\u1ed1i : HDMI, Stereo mini jack, USB-B<br \/>\n* Chu\u1ea9n Wi-Fi 5.0 : 2.4GHz<br \/>\n* H\u1ec7 \u0111i\u1ec1u h\u00e0nh t\u00edch h\u1ee3p : Android TV<br \/>\n* Xu\u1ea5t x\u1ee9 : Philipine<\/p>\n","protected":false},"excerpt":{"rendered":"<h5 dir=\"ltr\">M\u00e1y chi\u1ebfu 4K Android Epson EH-TW6250 v\u1edbi ch\u1ea5t l\u01b0\u1ee3ng cao 4K PRO-UHD t\u00edch h\u1ee3p Android TV gi\u00fap b\u1ea1n th\u01b0\u1edfng th\u1ee9c c\u00e1c b\u1ed9 phim, th\u1ec3 thao v\u00e0 tr\u00f2 ch\u01a1i tr\u00ean m\u00e0n h\u00ecnh l\u1edbn v\u00f4 c\u00f9ng sinh \u0111\u1ed9ng.<\/h5>\n<h5 dir=\"ltr\">Thi\u1ebft k\u1ebf nh\u1ecf g\u1ecdn, d\u1ec5 d\u00e0ng di chuy\u1ec3n linh ho\u1ea1t<\/h5>\n<h5 dir=\"ltr\">H\u00ecnh \u1ea3nh 4K c\u00f3 \u0111\u1ed9 s\u00e1ng cao<\/h5>\n<h5 dir=\"ltr\">\u0110\u1ed9 t\u01b0\u01a1ng ph\u1ea3n cao cho h\u00ecnh \u1ea3nh hi\u1ec3n th\u1ecb v\u00f4 c\u00f9ng s\u1eafc n\u00e9t<\/h5>\n<h5 dir=\"ltr\">C\u00f4ng ngh\u1ec7 n\u1ed9i suy khung h\u00ecnh 4K<\/h5>\n<h5 dir=\"ltr\">T\u00edch h\u1ee3p Android TV mang tr\u1ea3i nghi\u1ec7m tr\u00ecnh chi\u1ebfu phong ph\u00fa<\/h5>\n<h5 dir=\"ltr\">Ch\u01a1i game tr\u00ean m\u00e0n h\u00ecnh l\u1edbn l\u00ean \u0111\u1ebfn 500 inch<\/h5>\n<h5 dir=\"ltr\">Hi\u1ec7u ch\u1ec9nh Keystone d\u1ec5 d\u00e0ng<\/h5>\n<h5 dir=\"ltr\">L\u1eafp\u00a0\u0111\u1eb7t linh ho\u1ea1t<\/h5>\n<h5 dir=\"ltr\">Gi\u1ea3i ph\u00e1p l\u00e2u d\u00e0i<\/h5>\n","protected":false},"featured_media":2085,"comment_status":"open","ping_status":"closed","template":"","meta":[],"product_brand":[],"product_cat":[261],"product_tag":[],"class_list":{"0":"post-2083","1":"product","2":"type-product","3":"status-publish","6":"product_cat-epson","8":"first","9":"instock","10":"taxable","11":"shipping-taxable","12":"product-type-simple"},"_links":{"self":[{"href":"https:\/\/vixav.com.vn\/index.php\/wp-json\/wp\/v2\/product\/2083","targetHints":{"allow":["GET"]}}],"collection":[{"href":"https:\/\/vixav.com.vn\/index.php\/wp-json\/wp\/v2\/product"}],"about":[{"href":"https:\/\/vixav.com.vn\/index.php\/wp-json\/wp\/v2\/types\/product"}],"replies":[{"embeddable":true,"href":"https:\/\/vixav.com.vn\/index.php\/wp-json\/wp\/v2\/comments?post=2083"}],"wp:featuredmedia":[{"embeddable":true,"href":"https:\/\/vixav.com.vn\/index.php\/wp-json\/wp\/v2\/media\/2085"}],"wp:attachment":[{"href":"https:\/\/vixav.com.vn\/index.php\/wp-json\/wp\/v2\/media?parent=2083"}],"wp:term":[{"taxonomy":"product_brand","embeddable":true,"href":"https:\/\/vixav.com.vn\/index.php\/wp-json\/wp\/v2\/product_brand?post=2083"},{"taxonomy":"product_cat","embeddable":true,"href":"https:\/\/vixav.com.vn\/index.php\/wp-json\/wp\/v2\/product_cat?post=2083"},{"taxonomy":"product_tag","embeddable":true,"href":"https:\/\/vixav.com.vn\/index.php\/wp-json\/wp\/v2\/product_tag?post=2083"}],"curies":[{"name":"wp","href":"https:\/\/api.w.org\/{rel}","templated":true}]}}