{"id":2069,"date":"2023-07-18T09:20:15","date_gmt":"2023-07-18T09:20:15","guid":{"rendered":"https:\/\/vixav.com.vn\/?post_type=product&#038;p=2069"},"modified":"2026-04-20T03:05:33","modified_gmt":"2026-04-19T20:05:33","slug":"may-chieu-roly-rl-85u","status":"publish","type":"product","link":"https:\/\/vixav.com.vn\/index.php\/san-pham\/may-chieu-roly-rl-85u\/","title":{"rendered":"M\u00e1y chi\u1ebfu Roly RL-85U"},"content":{"rendered":"<h6>Th\u00f4ng s\u1ed1 k\u1ef9 thu\u1eadt:<\/h6>\n<h6><span class=\"Y2IQFc\" lang=\"vi\">\u0110\u1ed9 s\u00e1ng: 8500lm <\/span><\/h6>\n<h6><span class=\"Y2IQFc\" lang=\"vi\">\u0110\u1ed9 ph\u00e2n gi\u1ea3i: WUXGA (1920&#215;1200) <\/span><\/h6>\n<h6><span class=\"Y2IQFc\" lang=\"vi\">M\u00e0n h\u00ecnh LCD: 0,76&#8243;x3 (16:10) Ngu\u1ed3n s\u00e1ng:laser T<\/span><\/h6>\n<h6><span class=\"Y2IQFc\" lang=\"vi\">Tu\u1ed5i th\u1ecd b\u00f3ng \u0111\u00e8n: 20000 gi\u1edd. S\u1ef1 t\u01b0\u01a1ng ph\u1ea3n: 3.500.000:1 <\/span><\/h6>\n<h6><span class=\"Y2IQFc\" lang=\"vi\">\u1ed0ng k\u00ednh: F1.8~2.6<\/span><\/h6>\n<h6><span class=\"Y2IQFc\" lang=\"vi\">T\u1ef1 \u0111\u1ed9ng thu ph\u00f3ng (1.8x), <\/span><\/h6>\n<h6><span class=\"Y2IQFc\" lang=\"vi\">L\u1ea5y n\u00e9t th\u1ee7 c\u00f4ng K\u00edch th\u01b0\u1edbc m\u00e0n h\u00ecnh: 50&#8243;-500&#8243; <\/span><\/h6>\n<h6><span class=\"Y2IQFc\" lang=\"vi\">T\u1ef7 l\u1ec7 ph\u00f3ng: 1,42-2,64 <\/span><\/h6>\n<h6><span class=\"Y2IQFc\" lang=\"vi\">Kho\u1ea3ng c\u00e1ch n\u00e9m: 1,5-28,4m <\/span><\/h6>\n<h6><span class=\"Y2IQFc\" lang=\"vi\">Th\u1ea5u k\u00ednh: D\u1ecdc: \u00b160% (Th\u1ee7 c\u00f4ng), Ngang: \u00b130% (Th\u1ee7 c\u00f4ng) <\/span><\/h6>\n<h6><span class=\"Y2IQFc\" lang=\"vi\">K\u00edch th\u01b0\u1edbc (WxHxD): 645 x 210 x 440mm (kh\u00f4ng bao g\u1ed3m ph\u1ea7n nh\u00f4 ra) <\/span><\/h6>\n<h6><span class=\"Y2IQFc\" lang=\"vi\">C\u00e2n n\u1eb7ng: 23kg<\/span><\/h6>\n","protected":false},"excerpt":{"rendered":"<h6>M\u00e1y chi\u1ebfu Roly RL-85U v\u1edbi c\u00e1c \u01b0u \u0111i\u1ec3m:<\/h6>\n<h6><span class=\"Y2IQFc\" lang=\"vi\">&#8211; Ngu\u1ed3n s\u00e1ng laser l\u00e2u d\u00e0i Ngu\u1ed3n s\u00e1ng laser \u1ed5n \u0111\u1ecbnh v\u00e0 \u0111\u00e1ng tin c\u1eady c\u00f3 tu\u1ed5i th\u1ecd c\u1ef1c cao l\u00ean \u0111\u1ebfn 20.000 gi\u1edd. N\u00f3 c\u00f3 th\u1ec3 ti\u1ebft ki\u1ec7m h\u01a1n 30% n\u0103ng l\u01b0\u1ee3ng so v\u1edbi, v\u00e0 c\u0169ng gi\u1ea3i quy\u1ebft v\u1ea5n \u0111\u1ec1 kh\u1ea5u hao quang th\u00f4ng.<\/span><\/h6>\n<h6 id=\"tw-target-text\" class=\"tw-data-text tw-text-large tw-ta\" dir=\"ltr\" data-placeholder=\"Translation\"><span class=\"Y2IQFc\" lang=\"vi\">&#8211; C\u00f4ng ngh\u1ec7 3LCD &#8211; \u0110\u01b0\u1ee3c thi\u1ebft k\u1ebf cho m\u00e0u s\u1eafc tr\u1ef1c quan Ba m\u00e0n h\u00ecnh LCD \u0111\u01b0\u1ee3c ph\u00e1t tri\u1ec3n m\u1edbi nh\u1ea5t ho\u1ea1t \u0111\u1ed9ng c\u00f9ng nhau \u0111\u1ec3 t\u1ea1o ra h\u1ec7 th\u1ed1ng quang h\u1ecdc c\u00f3 m\u00e0u s\u1eafc t\u1ef1 nhi\u00ean.\u0110\u1ed1i v\u1edbi c\u00f4ng ngh\u1ec7 3LCD, \u0111\u1ed9 s\u00e1ng m\u00e0u t\u01b0\u01a1ng \u0111\u01b0\u01a1ng v\u1edbi \u0111\u1ed9 s\u00e1ng tr\u1eafng. Kh\u00f4ng c\u00f3 hi\u1ec7u \u1ee9ng c\u1ea7u v\u1ed3ng v\u00e0 kh\u1ea3 n\u0103ng ph\u1ee5c h\u1ed3i m\u00e0u cao h\u01a1n, s\u1ebd t\u1ea1o ra m\u00e0u s\u1eafc ch\u00e2n th\u1ef1c v\u00e0 t\u1ef1 nhi\u00ean h\u01a1n.<\/span><\/h6>\n<h6>&#8211; T\u01b0\u01a1ng th\u00edch t\u00edn hi\u1ec7u 4K RL-10KU h\u1ed7 tr\u1ee3 gi\u1ea3i m\u00e3 t\u00edn hi\u1ec7u 4K 30Hz v\u00e0 HDR \u0111\u1ec3 mang l\u1ea1i tr\u1ea3i nghi\u1ec7m c\u00f3 \u0111\u1ed9 ph\u00e2n gi\u1ea3i c\u1ef1c cao. H\u1ec7 th\u1ed1ng n\u00e0y c\u0169ng h\u1ed7 tr\u1ee3 HDR (D\u1ea3i t\u01b0\u01a1ng ph\u1ea3n \u0111\u1ed9ng cao) v\u00e0 gi\u1ea3 l\u1eadp BT.2020, gi\u00fap t\u00e1i t\u1ea1o d\u1ea3i m\u00e0u r\u1ed9ng h\u01a1n so v\u1edbi c\u00e1c ti\u00eau chu\u1ea9n th\u00f4ng th\u01b0\u1eddng.<\/h6>\n","protected":false},"featured_media":2070,"comment_status":"open","ping_status":"closed","template":"","meta":[],"product_brand":[],"product_cat":[176,184],"product_tag":[],"class_list":{"0":"post-2069","1":"product","2":"type-product","3":"status-publish","6":"product_cat-may-chieu","7":"product_cat-roly","9":"first","10":"instock","11":"taxable","12":"shipping-taxable","13":"product-type-simple"},"_links":{"self":[{"href":"https:\/\/vixav.com.vn\/index.php\/wp-json\/wp\/v2\/product\/2069","targetHints":{"allow":["GET"]}}],"collection":[{"href":"https:\/\/vixav.com.vn\/index.php\/wp-json\/wp\/v2\/product"}],"about":[{"href":"https:\/\/vixav.com.vn\/index.php\/wp-json\/wp\/v2\/types\/product"}],"replies":[{"embeddable":true,"href":"https:\/\/vixav.com.vn\/index.php\/wp-json\/wp\/v2\/comments?post=2069"}],"wp:featuredmedia":[{"embeddable":true,"href":"https:\/\/vixav.com.vn\/index.php\/wp-json\/wp\/v2\/media\/2070"}],"wp:attachment":[{"href":"https:\/\/vixav.com.vn\/index.php\/wp-json\/wp\/v2\/media?parent=2069"}],"wp:term":[{"taxonomy":"product_brand","embeddable":true,"href":"https:\/\/vixav.com.vn\/index.php\/wp-json\/wp\/v2\/product_brand?post=2069"},{"taxonomy":"product_cat","embeddable":true,"href":"https:\/\/vixav.com.vn\/index.php\/wp-json\/wp\/v2\/product_cat?post=2069"},{"taxonomy":"product_tag","embeddable":true,"href":"https:\/\/vixav.com.vn\/index.php\/wp-json\/wp\/v2\/product_tag?post=2069"}],"curies":[{"name":"wp","href":"https:\/\/api.w.org\/{rel}","templated":true}]}}