{"id":2022,"date":"2023-03-23T02:40:05","date_gmt":"2023-03-23T02:40:05","guid":{"rendered":"https:\/\/vixav.com.vn\/?post_type=product&#038;p=2022"},"modified":"2023-07-03T07:30:31","modified_gmt":"2023-07-03T07:30:31","slug":"bo-xu-ly-3d-mapping-geobox-m800ex","status":"publish","type":"product","link":"https:\/\/vixav.com.vn\/index.php\/san-pham\/bo-xu-ly-3d-mapping-geobox-m800ex\/","title":{"rendered":"B\u1ed9 x\u1eed l\u00fd 3D Mapping GeoBox M800Ex"},"content":{"rendered":"<ul>\n<li>M\u1ed7i Box c\u00f3 1-4 m\u00f4-\u0111un x\u1eed l\u00fd.<\/li>\n<\/ul>\n<p>&#8211; M801Ex: B\u1ed9 x\u1eed l\u00fd m\u00f4-\u0111un \u0111\u01a1n<\/p>\n<p>&#8211; M802Ex: B\u1ed9 x\u1eed l\u00fd m\u00f4-\u0111un k\u00e9p<\/p>\n<p>&#8211; M803Ex: B\u1ed9 x\u1eed l\u00fd ba m\u00f4-\u0111un<\/p>\n<p>&#8211; M804Ex: B\u1ed9 x\u1eed l\u00fd b\u1ed1n m\u00f4-\u0111un<\/p>\n<ul>\n<li>M\u1ed7i m\u00f4-\u0111un x\u1eed l\u00fd bao g\u1ed3m:<\/li>\n<\/ul>\n<p>&#8211; \u0110\u1ea7u v\u00e0o: 2x HDMI 2.0b, 1x DP1.2a v\u00e0 1x VGA<\/p>\n<p>&#8211; \u0110\u1ea7u ra: 1x HDMI 1.4<\/p>\n<p>&#8211; \u0110\u1ea7u ra v\u00f2ng l\u1eb7p: 1x HDMI 2.0b cho cascade.<\/p>\n<ul>\n<li>Tu\u00e2n th\u1ee7 HDCP: \u0110\u1ea7u v\u00e0o: HDMI: HDCP V2.2\/V1.4, DP: HDCP: V1.3, \u0110\u1ea7u ra: HDCP V1.4.<\/li>\n<li>\u0110\u1ed9 ph\u00e2n gi\u1ea3i \u0111\u1ea7u v\u00e0o: 7680*2160\/30 Hz, 7680*1200\/60 Hz, 4096*2160\/60 Hz<\/li>\n<li>\u0110\u1ea7u v\u00e0o h\u1ed7 tr\u1ee3 t\u00edn hi\u1ec7u RGB\/YUV l\u0169y ti\u1ebfn v\u00e0 xen k\u1ebd, l\u1ea5y m\u1eabu S\u1eafc \u0111\u1ed9 4:4:4, t\u1ed1i \u0111a 30 bit M\u00e0u.<\/li>\n<li>H\u1ed7 tr\u1ee3 \u0111\u1ecbnh th\u1eddi \u0111\u1ea7u v\u00e0o kh\u00f4ng theo ti\u00eau chu\u1ea9n VESA \u0111\u1ec3 d\u1ec5 d\u00e0ng k\u1ebft n\u1ed1i v\u1edbi nhi\u1ec1u ngu\u1ed3n t\u00edn hi\u1ec7u kh\u00e1c nhau.<\/li>\n<li>15 \u0110\u1ea7u ra c\u00f3 th\u1ec3 l\u1ef1a ch\u1ecdn: HDMI 1.4 l\u00ean \u0111\u1ebfn 2048*1080\/60, l\u0169y ti\u1ebfn 4:4:4 RGB.<\/li>\n<li>\u0110\u1ed9 tr\u1ec5 h\u1ec7 th\u1ed1ng 2 khung h\u00ecnh: 33ms (@V=60Hz)<\/li>\n<li>C\u00f4ng c\u1ee5 d\u1ecdc th\u1ebf h\u1ec7 m\u1edbi \u0111\u1ec3 c\u0103n ch\u1ec9nh h\u00ecnh h\u1ecdc l\u00ean \u0111\u1ebfn 17&#215;17 \u0111i\u1ec3m ki\u1ec3m so\u00e1t l\u01b0\u1edbi.<\/li>\n<li>\u0110i\u1ec1u ch\u1ec9nh h\u00ecnh h\u1ecdc t\u1ed1i \u0111a l\u00ean t\u1edbi 1200 pixel theo c\u1ea3 hai h\u01b0\u1edbng H &amp; V.<\/li>\n<li>Tr\u1ed9n c\u1ea1nh \u1edf 4 c\u1ea1nh l\u00ean t\u1edbi H=1920 pixel, V=1200 pixel v\u1edbi hi\u1ec7u ch\u1ec9nh gamma RGB \u0111\u1ed9c l\u1eadp.<\/li>\n<li>N\u00e2ng c\u1ea5p 9 v\u00f9ng m\u00e0u \u0111en \u0111\u1ec3 b\u00f9 \u00e1nh s\u00e1ng r\u00f2 r\u1ec9 t\u1eeb h\u1ec7 th\u1ed1ng quang h\u1ecdc c\u1ee7a m\u00e1y chi\u1ebfu.<\/li>\n<li>M\u1eb7t n\u1ea1 c\u1ea1nh theo k\u1ebft qu\u1ea3 c\u0103n ch\u1ec9nh h\u00ecnh h\u1ecdc l\u00ean t\u1edbi 500 pixel.<\/li>\n<li>M\u1eb7t n\u1ea1 c\u1ea1nh v\u1edbi 8 \u0111i\u1ec3m \u0111i\u1ec1u khi\u1ec3n l\u00ean t\u1edbi 900 pixel theo h\u01b0\u1edbng H&amp;V t\u1ea1i m\u1ed7i \u0111i\u1ec3m \u0111i\u1ec1u khi\u1ec3n.<\/li>\n<li>H\u1ed7 tr\u1ee3 \u0111i\u1ec1u ch\u1ec9nh G\u00f3c T\u01b0\u1eddng trong H&amp;V t\u1ea1i v\u1ecb tr\u00ed linh ho\u1ea1t.<\/li>\n<li>H\u1ed7 tr\u1ee3 \u0111i\u1ec1u ch\u1ec9nh \u0110\u01b0\u1eddng l\u01b0\u1edbi tuy\u1ebfn t\u00ednh \u0111\u1ec3 c\u0103n ch\u1ec9nh v\u1ecb tr\u00ed \u0111\u01b0\u1eddng H&amp;V nhanh ch\u00f3ng.<\/li>\n<li>Ch\u1ee9c n\u0103ng t\u01b0\u1eddng video \u0111\u01b0\u1ee3c nh\u00fang \u0111\u1ec3 ph\u00e2n t\u00e1ch h\u00ecnh \u1ea3nh, c\u1eaft x\u00e9n v\u00e0 c\u00e0i \u0111\u1eb7t pixel ch\u1ed3ng ch\u00e9o tr\u1ed9n c\u1ea1nh.<\/li>\n<li>K\u00edch th\u01b0\u1edbc m\u1eabu l\u01b0\u1edbi c\u00f3 th\u1ec3 l\u1ef1a ch\u1ecdn t\u1eeb 8-120 pixel theo h\u01b0\u1edbng H&amp;V.\u00a0M\u1eb7c \u0111\u1ecbnh l\u00e0 32*32 pixel.<\/li>\n<li>M\u00e0u m\u1eabu l\u01b0\u1edbi c\u00f3 th\u1ec3 l\u1ef1a ch\u1ecdn v\u1edbi \u0111\u1ed9 trong su\u1ed1t t\u00f9y ch\u1ecdn \u0111\u1ec3 xem h\u00ecnh n\u1ec1n cho m\u1eabu b\u00ean ngo\u00e0i.<\/li>\n<li>\u0110i\u1ec1u ch\u1ec9nh t\u1ef7 l\u1ec7 khung h\u00ecnh linh ho\u1ea1t \u1edf m\u1ed7i c\u1ea1nh l\u00ean \u0111\u1ebfn +_ 1800 pixel thay \u0111\u1ed5i v\u1ecb tr\u00ed.<\/li>\n<li>\u0110\u01b0\u1ee3c thi\u1ebft k\u1ebf v\u1edbi ch\u1ee9c n\u0103ng \u00e1nh x\u1ea1 chi\u1ebfu.\u00a0Ng\u01b0\u1eddi d\u00f9ng c\u00f3 th\u1ec3 t\u1ea3i l\u00ean m\u1eabu \u0111\u01a1n s\u1eafc v\u00e0 th\u1ef1c hi\u1ec7n \u00e1nh x\u1ea1 chi\u1ebfu.<\/li>\n<li>M\u1ed7i H\u1ed9p c\u00f3 th\u1ec3 l\u01b0u tr\u1eef t\u1ed1i \u0111a 10 m\u1eabu kh\u00e1c nhau \u0111\u1ec3 l\u1eadp b\u1ea3n \u0111\u1ed3 chi\u1ebfu.<\/li>\n<li>M\u1ed9t m\u1eabu 256 m\u00e0u c\u00f3 th\u1ec3 ch\u1ed3ng l\u00ean nhau tr\u00ean m\u00e0n h\u00ecnh.<\/li>\n<li>B\u1ed9 x\u1eed l\u00fd 10 bit, nh\u1ecbp 3:2\/2:2, thu\u1eadt to\u00e1n m\u01b0\u1ee3t m\u00e0 g\u00f3c th\u1ea5p, c\u00f4ng c\u1ee5 chia t\u1ef7 l\u1ec7 ch\u1ea5t l\u01b0\u1ee3ng cao.<\/li>\n<li>Kh\u1eed xen k\u1ebd th\u00edch \u1ee9ng chuy\u1ec3n \u0111\u1ed9ng 3D.<\/li>\n<li>Ch\u1ee9c n\u0103ng kh\u00f3a khung \u0111\u1ec3 c\u00f3 \u0111\u01b0\u1ee3c \u0111\u1ea7u ra \u0111\u1ed3ng b\u1ed9 ho\u00e0n h\u1ea3o trong t\u1ea5t c\u1ea3 c\u00e1c k\u00eanh.<\/li>\n<li>H\u1ed7 tr\u1ee3 x\u1eed l\u00fd m\u00e0u s\u00e2u xvYCC &amp; 8\/10\/12-bit.<\/li>\n<li>Xoay, l\u1eadt, c\u1eaft x\u00e9n, \u0111i\u1ec1u ch\u1ec9nh t\u1ef7 l\u1ec7 &amp; m\u00e0u ri\u00eang l\u1ebb 90\/180\/270 trong m\u1ed7i k\u00eanh l\u00ean \u0111\u1ebfn 4k\/60 \u0111\u1ea7u v\u00e0o.<\/li>\n<li>Ch\u1ee9c n\u0103ng PIP\/POP v\u1edbi v\u1ecb tr\u00ed, k\u00edch th\u01b0\u1edbc v\u00e0 t\u1ef7 l\u1ec7 khung h\u00ecnh linh ho\u1ea1t.<\/li>\n<li>EDID c\u00f3 th\u1ec3 l\u1ef1a ch\u1ecdn v\u00e0 l\u1eadp tr\u00ecnh trong ph\u1ea1m vi: H=1024-3840, V=720-2400.<\/li>\n<li>Ng\u01b0\u1eddi d\u00f9ng c\u00f3 th\u1ec3 l\u01b0u t\u1ed1i \u0111a 5 c\u00e0i \u0111\u1eb7t v\u00e0 c\u00f3 th\u1ec3 \u0111\u01b0\u1ee3c g\u1ecdi l\u1ea1i b\u1eb1ng b\u1ed9 \u0111i\u1ec1u khi\u1ec3n t\u1eeb xa, RS232, USB ho\u1eb7c m\u1ea1ng.<\/li>\n<li>B\u1ea3o v\u1ec7 ch\u1ed1ng t\u0129nh \u0111i\u1ec7n: \u00b115kV (X\u1ea3 khe h\u1edf kh\u00f4ng kh\u00ed), \u00b18kV (X\u1ea3 ti\u1ebfp x\u00fac)<\/li>\n<li>M\u00f4i tr\u01b0\u1eddng l\u00e0m vi\u1ec7c: 45\u00b0C, 10-90% RH<\/li>\n<li>\u0110i\u1ec1u khi\u1ec3n: b\u00e0n ph\u00edm, IR, RS232, USB, Ethernet<\/li>\n<li>C\u00e0i \u0111\u1eb7t h\u1ec7 th\u1ed1ng c\u00f3 th\u1ec3 \u0111\u01b0\u1ee3c l\u01b0u tr\u1eef v\u00e0 sao l\u01b0u trong PC.<\/li>\n<li>Ngu\u1ed3n \u0111i\u1ec7n: DC: 12V 3.3A<\/li>\n<li>C\u00f4ng su\u1ea5t ti\u00eau th\u1ee5: M801Ex: 8.4W, M802Ex: 14.4W, M803Ex: 21.6W, M804Ex: 28.8W<\/li>\n<li>K\u00edch th\u01b0\u1edbc (Ch\u1ec9 th\u00e2n m\u00e1y): Kh\u00f4ng c\u00f3 ph\u1ea7n nh\u00f4 ra: M801Ex: 303mm*164mm*44mm, M802Ex-M804Ex: 440mm*190mm*58mm.<\/li>\n<li>Tr\u1ecdng l\u01b0\u1ee3ng (Ch\u1ec9 th\u00e2n m\u00e1y): M801Ex: 1,51kg, M802Ex: 2,47kg, M803Ex: 2,64kg, M804Ex: 2,81kg<\/li>\n<li>Ch\u1ee9ng nh\u1eadn CE\/FCC\/RoHS<\/li>\n<li>B\u1ea3o h\u00e0nh 2 n\u0103m, gia h\u1ea1n tr\u1ea3 ph\u00ed c\u00f3 s\u1eb5n l\u00ean \u0111\u1ebfn 5 n\u0103m.<\/li>\n<\/ul>\n","protected":false},"excerpt":{"rendered":"<ul>\n<li>\u0110\u1ea7u v\u00e0o: HDMI: HDCP V2.2\/V1.4, DP: HDCP: V1.3<\/li>\n<li>\u0110\u1ea7u ra: HDCP V1.4.<\/li>\n<li>\u0110\u1ea7u ra v\u00f2ng l\u1eb7p: 1x HDMI 2.0b cho cascade.<\/li>\n<li>\u0110\u1ed9 ph\u00e2n gi\u1ea3i \u0111\u1ea7u v\u00e0o: 7680*2160\/30 Hz, 7680*1200\/60 Hz, 4096*2160\/60 Hz<\/li>\n<li>15 \u0110\u1ea7u ra c\u00f3 th\u1ec3 l\u1ef1a ch\u1ecdn: HDMI 1.4 l\u00ean \u0111\u1ebfn 2048*1080\/60, l\u0169y ti\u1ebfn 4:4:4 RGB.<\/li>\n<li>\u0110\u1ed9 tr\u1ec5 h\u1ec7 th\u1ed1ng 2 khung h\u00ecnh: 33ms (@V=60Hz)<\/li>\n<\/ul>\n","protected":false},"featured_media":2025,"comment_status":"open","ping_status":"closed","template":"","meta":[],"product_brand":[],"product_cat":[224,247],"product_tag":[],"class_list":{"0":"post-2022","1":"product","2":"type-product","3":"status-publish","6":"product_cat-ds","7":"product_cat-geobox-vns","9":"first","10":"instock","11":"taxable","12":"shipping-taxable","13":"product-type-simple"},"_links":{"self":[{"href":"https:\/\/vixav.com.vn\/index.php\/wp-json\/wp\/v2\/product\/2022","targetHints":{"allow":["GET"]}}],"collection":[{"href":"https:\/\/vixav.com.vn\/index.php\/wp-json\/wp\/v2\/product"}],"about":[{"href":"https:\/\/vixav.com.vn\/index.php\/wp-json\/wp\/v2\/types\/product"}],"replies":[{"embeddable":true,"href":"https:\/\/vixav.com.vn\/index.php\/wp-json\/wp\/v2\/comments?post=2022"}],"wp:featuredmedia":[{"embeddable":true,"href":"https:\/\/vixav.com.vn\/index.php\/wp-json\/wp\/v2\/media\/2025"}],"wp:attachment":[{"href":"https:\/\/vixav.com.vn\/index.php\/wp-json\/wp\/v2\/media?parent=2022"}],"wp:term":[{"taxonomy":"product_brand","embeddable":true,"href":"https:\/\/vixav.com.vn\/index.php\/wp-json\/wp\/v2\/product_brand?post=2022"},{"taxonomy":"product_cat","embeddable":true,"href":"https:\/\/vixav.com.vn\/index.php\/wp-json\/wp\/v2\/product_cat?post=2022"},{"taxonomy":"product_tag","embeddable":true,"href":"https:\/\/vixav.com.vn\/index.php\/wp-json\/wp\/v2\/product_tag?post=2022"}],"curies":[{"name":"wp","href":"https:\/\/api.w.org\/{rel}","templated":true}]}}