{"id":2011,"date":"2023-03-17T10:14:54","date_gmt":"2023-03-17T10:14:54","guid":{"rendered":"https:\/\/vixav.com.vn\/?post_type=product&#038;p=2011"},"modified":"2025-07-03T02:25:06","modified_gmt":"2025-07-03T02:25:06","slug":"ip-7000rx-bo-nhan-av-over-ip-hdmi-4k-hdcp2-2-poe","status":"publish","type":"product","link":"https:\/\/vixav.com.vn\/index.php\/san-pham\/ip-7000rx-bo-nhan-av-over-ip-hdmi-4k-hdcp2-2-poe\/","title":{"rendered":"IP-7000RX B\u1ed9 nh\u1eadn AV over IP HDMI (4K, HDCP2.2, PoE)"},"content":{"rendered":"<ul>\n<li><span class=\"sc_store_productFeatureName\">DCP 2.2, HDMI &amp; DVI t\u01b0\u01a1ng th\u00edch v\u1edbi \u0111\u1ea7u v\u00e0o v\u00e0 \u0111\u1ea7u ra HDMI v\u00e0 VGA<\/span><\/li>\n<li><span class=\"sc_store_productFeatureName\">H\u1ed7 tr\u1ee3 truy\u1ec1n video qua IP l\u00ean \u0111\u1ebfn 100m<\/span><\/li>\n<li><span class=\"sc_store_productFeatureName\">H\u1ed7 tr\u1ee3 \u0111\u1ed9 ph\u00e2n gi\u1ea3i \u0111\u1ea7u v\u00e0o l\u00ean t\u1edbi 4K2K@30Hz (RGB4:4:4) ho\u1eb7c 4K2K @ 60Hz (YUV 4:2:0)<\/span><\/li>\n<li><span class=\"sc_store_productFeatureName\">H\u1ed7 tr\u1ee3 truy\u1ec1n qua c\u00e1c \u0111\u1ecbnh d\u1ea1ng \u00e2m thanh HD (LPCM, Dolby\u00ae Digital v\u00e0 DTS\u00ae)<\/span><\/li>\n<li><span class=\"sc_store_productFeatureName\">Truy\u1ec1n \u00e2m thanh \u0111\u1ed9c l\u1eadp<\/span><\/li>\n<li><span class=\"sc_store_productFeatureName\">C\u00f3 2 c\u1ed5ng USB 1.1 v\u00e0 2 c\u1ed5ng USB 2.0<\/span><\/li>\n<li><span class=\"sc_store_productFeatureName\">H\u1ed7 tr\u1ee3 \u0111\u1ea7u v\u00e0o micr\u00f4 tr\u00ean thi\u1ebft b\u1ecb thu<\/span><\/li>\n<li><span class=\"sc_store_productFeatureName\">\u0110i\u1ec1u khi\u1ec3n qua OSD, Telnet, Web GUI, IR Remote v\u00e0 RS-232<\/span><\/li>\n<\/ul>\n<table class=\"sc_store_productTechSpecsTable\">\n<tbody>\n<tr>\n<td class=\"sc_store_productTechSpecsLeft\">\u0111\u1ea7u v\u00e0o<\/td>\n<td>1x RJ45 [1x PoE HDMI &amp; D\u1eef li\u1ec7u \u0111\u1ed9c quy\u1ec1n]<br \/>\n1x Gi\u1eafc c\u1eafm mini \u00e2m thanh n\u1ed5i 3,5 mm [1x Micr\u00f4]<br \/>\n1x Dsub 9 ch\u00e2n [1x D\u1eef li\u1ec7u RS-232]<\/td>\n<\/tr>\n<tr>\n<td class=\"sc_store_productTechSpecsLeft\">\u0111\u1ea7u ra<\/td>\n<td>1x HDMI [1x AV v\u00e0 d\u1eef li\u1ec7u kh\u00f4ng n\u00e9n HDMI]<br \/>\n1x Dsub 15 ch\u00e2n [1x VGA RGBHV]<br \/>\n2x RJ45 [2x Cung c\u1ea5p m\u1ea1ng LAN]<br \/>\n1x Gi\u1eafc c\u1eafm mini \u00e2m thanh n\u1ed5i 3,5 mm [1x \u00c2m thanh n\u1ed5i t\u01b0\u01a1ng t\u1ef1 (Tr\u00e1i\/Ph\u1ea3i)]<br \/>\n1x Toslink [1x LPCM quang 2 k\u00eanh \/ DTS \/ Dolby Digital]<br \/>\n4x USB Lo\u1ea1i B [4x USB Propriety Data]<br \/>\n1x Gi\u1eafc c\u1eafm mini \u00e2m thanh n\u1ed5i 3,5 mm [1x B\u1ed9 ph\u00e1t h\u1ed3ng ngo\u1ea1i]<\/td>\n<\/tr>\n<tr>\n<td class=\"sc_store_productSpecsLeft\">ngu\u1ed3n POE:<\/td>\n<td>PoE<\/td>\n<\/tr>\n<tr>\n<td class=\"sc_store_productSpecsLeft\">PSU:<\/td>\n<td>5V\/4A<\/td>\n<\/tr>\n<tr>\n<td class=\"sc_store_productTechSpecsLeft\">k\u00edch th\u01b0\u1edbc<\/td>\n<td>108mm [W] x 231mm [D] x 25mm [H]<\/td>\n<\/tr>\n<tr>\n<td class=\"sc_store_productTechSpecsLeft\">Kh\u1ed1i l\u01b0\u1ee3ng t\u1ecbnh<\/td>\n<td>670g<\/td>\n<\/tr>\n<tr>\n<td class=\"sc_store_productTechSpecsLeft\">Tr\u1ecdng l\u01b0\u1ee3ng th\u00f4<\/td>\n<td>1140g<\/td>\n<\/tr>\n<\/tbody>\n<\/table>\n<p>S\u00ea-ri IP-7000 cho ph\u00e9p ng\u01b0\u1eddi l\u1eafp \u0111\u1eb7t \u0111\u1ecbnh c\u1ea5u h\u00ecnh h\u1ec7 th\u1ed1ng ph\u00e2n ph\u1ed1i t\u00edn hi\u1ec7u duy nh\u1ea5t th\u00f4ng qua H\u1ea1 t\u1ea7ng m\u1ea1ng CNTT chuy\u00ean d\u1ee5ng.\u00a0B\u1ea1n n\u1eafm quy\u1ec1n ki\u1ec3m so\u00e1t khi quy\u1ebft \u0111\u1ecbnh s\u1ed1 l\u01b0\u1ee3ng \u0111\u1ea7u v\u00e0o v\u00e0 \u0111i\u1ec3m cu\u1ed1i m\u00e0 b\u1ea1n y\u00eau c\u1ea7u t\u1eeb h\u1ec7 th\u1ed1ng;\u00a0cho d\u00f9 \u0111\u00f3 l\u00e0 m\u1ed9t m\u00e1y ph\u00e1t \u0111\u1ebfn nhi\u1ec1u m\u00e1y thu hay nhi\u1ec1u m\u00e1y \u0111\u1ebfn nhi\u1ec1u m\u00e1y, kh\u1ea3 n\u0103ng c\u1ee7a b\u1ea1n l\u00e0 v\u00f4 t\u1eadn.\u00a0T\u00ednh \u0111\u01a1n gi\u1ea3n l\u00e0 c\u1ed1t l\u00f5i c\u1ee7a IP-7000 v\u00ec c\u1ea3 b\u1ed9 ph\u00e1t v\u00e0 b\u1ed9 thu \u0111\u1ec1u h\u1ed7 tr\u1ee3 PoE.<\/p>\n<div>Video v\u00e0 \u00e2m thanh c\u00f3 th\u1ec3 \u0111\u01b0\u1ee3c truy\u1ec1n qua m\u1ea1ng IP v\u1edbi kho\u1ea3ng c\u00e1ch l\u00ean t\u1edbi 100m th\u00f4ng qua m\u1ed9t b\u1ed9 chuy\u1ec3n m\u1ea1ch m\u1ea1ng duy nh\u1ea5t.\u00a0Kho\u1ea3ng c\u00e1ch truy\u1ec1n c\u00f3 th\u1ec3 \u0111\u01b0\u1ee3c m\u1edf r\u1ed9ng th\u00eam t\u1edbi 100m gi\u1eefa c\u00e1c b\u1ed9 chuy\u1ec3n m\u1ea1ch m\u1ea1ng v\u00e0 h\u1ed7 tr\u1ee3 m\u1ea1ng Gigabit.<\/div>\n<div><\/div>\n<div>H\u1ec7 th\u1ed1ng n\u00e0y c\u0169ng c\u00f3 t\u00ednh n\u0103ng truy\u1ec1n qua IR hai chi\u1ec1u, \u0111\u1ea7u v\u00e0o\/\u0111\u1ea7u ra m\u1ee9c \u0111\u01b0\u1eddng truy\u1ec1n t\u01b0\u01a1ng t\u1ef1 v\u00e0 \u0111\u1ea7u v\u00e0o micr\u00f4 cung c\u1ea5p cho ng\u01b0\u1eddi d\u00f9ng nhi\u1ec1u t\u00f9y ch\u1ecdn \u00e2m thanh.\u00a0Ch\u1ee9c n\u0103ng USB cho ph\u00e9p h\u1ec7 th\u1ed1ng ho\u1ea1t \u0111\u1ed9ng gi\u1ed1ng nh\u01b0 USB hub, khi \u0111\u01b0\u1ee3c k\u1ebft h\u1ee3p v\u1edbi t\u00ednh n\u0103ng \u0111\u1ea7u v\u00e0o\/\u0111\u1ea7u ra VGA, n\u00f3 cho ph\u00e9p h\u1ec7 th\u1ed1ng \u0111\u01b0\u1ee3c s\u1eed d\u1ee5ng nh\u01b0 m\u1ed9t b\u1ed9 chuy\u1ec3n m\u1ea1ch KVM.\u00a0Vi\u1ec7c th\u00eam c\u00e1c thi\u1ebft b\u1ecb b\u1ed5 sung cho ph\u00e9p ng\u01b0\u1eddi d\u00f9ng ph\u00e2n t\u1ea7ng h\u1ec7 th\u1ed1ng cho ph\u00e9p h\u1ecd m\u1edf r\u1ed9ng kho\u1ea3ng c\u00e1ch truy\u1ec1n m\u00e0 kh\u00f4ng b\u1ecb m\u1ea5t t\u00edn hi\u1ec7u ho\u1eb7c g\u00e2y ra \u0111\u1ed9 tr\u1ec5.<\/div>\n<div><\/div>\n<div><span style=\"font-family: tahoma, arial, helvetica, sans-serif;\">\u0110i\u1ec1u khi\u1ec3n th\u00f4ng qua c\u00e1c l\u1ec7nh Telnet, IR Remote, WebGUI v\u00e0 RS-232 v\u1edbi\u00a0<\/span>\u00a0th\u00f4ng b\u00e1o ph\u1ea3n h\u1ed3i Hi\u1ec3n th\u1ecb tr\u00ean m\u00e0n h\u00ecnh (OSD).<\/div>\n","protected":false},"excerpt":{"rendered":"<p>DCP 2.2, HDMI &amp; DVI t\u01b0\u01a1ng th\u00edch v\u1edbi \u0111\u1ea7u v\u00e0o v\u00e0 \u0111\u1ea7u ra HDMI v\u00e0 VGA H\u1ed7 tr\u1ee3 truy\u1ec1n video qua IP l\u00ean \u0111\u1ebfn 100m H\u1ed7 tr\u1ee3 \u0111\u1ed9 ph\u00e2n gi\u1ea3i<\/p>\n","protected":false},"featured_media":2014,"comment_status":"open","ping_status":"closed","template":"","meta":[],"product_brand":[],"product_cat":[246,224],"product_tag":[],"class_list":{"0":"post-2011","1":"product","2":"type-product","3":"status-publish","6":"product_cat-cyp","7":"product_cat-ds","9":"first","10":"instock","11":"taxable","12":"shipping-taxable","13":"product-type-simple"},"_links":{"self":[{"href":"https:\/\/vixav.com.vn\/index.php\/wp-json\/wp\/v2\/product\/2011","targetHints":{"allow":["GET"]}}],"collection":[{"href":"https:\/\/vixav.com.vn\/index.php\/wp-json\/wp\/v2\/product"}],"about":[{"href":"https:\/\/vixav.com.vn\/index.php\/wp-json\/wp\/v2\/types\/product"}],"replies":[{"embeddable":true,"href":"https:\/\/vixav.com.vn\/index.php\/wp-json\/wp\/v2\/comments?post=2011"}],"wp:featuredmedia":[{"embeddable":true,"href":"https:\/\/vixav.com.vn\/index.php\/wp-json\/wp\/v2\/media\/2014"}],"wp:attachment":[{"href":"https:\/\/vixav.com.vn\/index.php\/wp-json\/wp\/v2\/media?parent=2011"}],"wp:term":[{"taxonomy":"product_brand","embeddable":true,"href":"https:\/\/vixav.com.vn\/index.php\/wp-json\/wp\/v2\/product_brand?post=2011"},{"taxonomy":"product_cat","embeddable":true,"href":"https:\/\/vixav.com.vn\/index.php\/wp-json\/wp\/v2\/product_cat?post=2011"},{"taxonomy":"product_tag","embeddable":true,"href":"https:\/\/vixav.com.vn\/index.php\/wp-json\/wp\/v2\/product_tag?post=2011"}],"curies":[{"name":"wp","href":"https:\/\/api.w.org\/{rel}","templated":true}]}}