{"id":2000,"date":"2023-03-17T10:08:31","date_gmt":"2023-03-17T10:08:31","guid":{"rendered":"https:\/\/vixav.com.vn\/?post_type=product&#038;p=2000"},"modified":"2023-07-03T07:31:01","modified_gmt":"2023-07-03T07:31:01","slug":"ip-a750rx-bo-nhan-audio-over-ip-cho-dong-ip-7000","status":"publish","type":"product","link":"https:\/\/vixav.com.vn\/index.php\/san-pham\/ip-a750rx-bo-nhan-audio-over-ip-cho-dong-ip-7000\/","title":{"rendered":"IP-A750RX B\u1ed9 nh\u1eadn Audio over IP cho d\u00f2ng IP-7000"},"content":{"rendered":"<ul>\n<li><span class=\"sc_store_productFeatureName\">M\u1edf r\u1ed9ng \u00e2m thanh analog v\u00e0 k\u1ef9 thu\u1eadt s\u1ed1 qua m\u1ea1ng IP v\u1edbi 100m (330ft) c\u00e1p CAT 5\/6 gi\u1eefa TX\/RX v\u00e0 b\u1ed9 chuy\u1ec3n m\u1ea1ch m\u1ea1ng<\/span><\/li>\n<li><span class=\"sc_store_productFeatureName\">T\u01b0\u01a1ng th\u00edch v\u1edbi B\u1ed9 \u0111i\u1ec1u khi\u1ec3n IP-CS7 \u0111\u1ec3 cho ph\u00e9p t\u1ea1o chuy\u1ec3n \u0111\u1ed5i ma tr\u1eadn video b\u1eb1ng nhi\u1ec1u s\u1ea3n ph\u1ea9m B\u1ed9 m\u1edf r\u1ed9ng Video-Over-IP.\u00a0\u0110\u1ec3 \u0111\u1ea1t \u0111\u01b0\u1ee3c \u0111i\u1ec1u n\u00e0y, c\u1ea7n c\u00f3 c\u00e1c l\u1ec7nh \u0111\u1ec3 t\u00edch h\u1ee3p v\u1edbi b\u1ed9 \u0111i\u1ec1u khi\u1ec3n ph\u1ea7n c\u1ee9ng IP-CS7<\/span><\/li>\n<li><span class=\"sc_store_productFeatureName\">C\u00f3 \u0111\u1ea7u ra \u00e2m thanh n\u1ed5i t\u01b0\u01a1ng t\u1ef1, k\u1ef9 thu\u1eadt s\u1ed1 quang h\u1ecdc (toslink)<\/span><\/li>\n<li><span class=\"sc_store_productFeatureName\">C\u00f3 n\u00fam \u0111i\u1ec1u ch\u1ec9nh \u00e2m l\u01b0\u1ee3ng \u0111a d\u1ee5ng v\u1eadt l\u00fd<\/span><\/li>\n<li><span class=\"sc_store_productFeatureName\">\u0110\u00e8n LED x\u00e1c nh\u1eadn tr\u1ea1ng th\u00e1i Ngu\u1ed3n, Li\u00ean k\u1ebft v\u00e0 \u0111\u1ea7u v\u00e0o<\/span><\/li>\n<li><span class=\"sc_store_productFeatureName\">Ph\u1ea7n s\u1ee5n c\u00f3 th\u1ec3 c\u1eadp nh\u1eadt t\u1ea1i hi\u1ec7n tr\u01b0\u1eddng<\/span><\/li>\n<\/ul>\n<table class=\"sc_store_productTechSpecsTable\">\n<tbody>\n<tr>\n<td class=\"sc_store_productTechSpecsLeft\">\u0111\u1ea7u v\u00e0o<\/td>\n<td>1x RJ45 [1x D\u1eef li\u1ec7u s\u1edf h\u1eefu \u00e2m thanh k\u1ef9 thu\u1eadt s\u1ed1]<br \/>\n1x Phoenix (3 ch\u00e2n) [1x RS-232]<\/td>\n<\/tr>\n<tr>\n<td class=\"sc_store_productTechSpecsLeft\">\u0111\u1ea7u ra<\/td>\n<td>1x Toslink [1x LPCM 2 k\u00eanh]<br \/>\n1x Phoenix (3 ch\u00e2n) [1x \u0110\u1ea7u ra \u00e2m thanh stereo analog (L\/R)]<\/td>\n<\/tr>\n<tr>\n<td class=\"sc_store_productSpecsLeft\">ngu\u1ed3n POE:<\/td>\n<td>PoE<\/td>\n<\/tr>\n<tr>\n<td class=\"sc_store_productSpecsLeft\">PSU:<\/td>\n<td>5V\/3A<\/td>\n<\/tr>\n<tr>\n<td class=\"sc_store_productTechSpecsLeft\">k\u00edch th\u01b0\u1edbc<\/td>\n<td>128mm [W] x 108mm [D] x 25mm [H]<\/td>\n<\/tr>\n<tr>\n<td class=\"sc_store_productTechSpecsLeft\">Kh\u1ed1i l\u01b0\u1ee3ng t\u1ecbnh<\/td>\n<td>371g<\/td>\n<\/tr>\n<tr>\n<td class=\"sc_store_productTechSpecsLeft\">Tr\u1ecdng l\u01b0\u1ee3ng th\u00f4<\/td>\n<td>1071 gam<\/td>\n<\/tr>\n<\/tbody>\n<\/table>\n<p>\u200bIP<span style=\"font-size: small;\">\u00a0-A750RX (&amp; TX) t\u1eadn d\u1ee5ng t\u00ednh linh ho\u1ea1t c\u1ee7a \u00c2m thanh qua IP cho m\u1ecdi m\u00f4i tr\u01b0\u1eddng l\u1eafp \u0111\u1eb7t, l\u00fd t\u01b0\u1edfng cho c\u00e1c v\u00f9ng ch\u1ec9 c\u00f3 \u00e2m thanh trong h\u1ec7 th\u1ed1ng AV qua IP l\u1edbn h\u01a1n.\u00a0C\u00e1c s\u1ea3n ph\u1ea9m n\u00e0y c\u00f3 \u0111\u1ea7u ra T\u01b0\u01a1ng t\u1ef1 (\u0110\u1ea7u ra) v\u00e0 \u0110\u1ea7u ra k\u1ef9 thu\u1eadt s\u1ed1 (S\/PDIF v\u00e0 TOSLINK\u00ae) \u0111\u1ec3 t\u0103ng t\u00ednh linh ho\u1ea1t v\u00e0, v\u1edbi vi\u1ec7c s\u1eed d\u1ee5ng b\u1ed9 \u0111i\u1ec1u khi\u1ec3n IP-CS7 tr\u1ef1c quan c\u1ee7a ch\u00fang t\u00f4i, cho ph\u00e9p ng\u01b0\u1eddi d\u00f9ng d\u1ec5 d\u00e0ng m\u1edf r\u1ed9ng k\u1ebft n\u1ed1i gi\u1eefa ngu\u1ed3n \u00e2m thanh v\u00e0 \u00e2m thanh. thi\u1ebft b\u1ecb ph\u00e1t l\u1ea1i qua M\u1ea1ng c\u1ee5c b\u1ed9 1Gb.<\/span><\/p>\n<div>\u200b<\/div>\n<div>\u01afu \u0111i\u1ec3m c\u1ee7a \u00c2m thanh qua IP l\u00e0 n\u00f3 c\u00f3 th\u1ec3 \u0111\u1ecbnh tuy\u1ebfn \u00e2m thanh m\u1ed9t c\u00e1ch linh ho\u1ea1t v\u00e0 s\u1eed d\u1ee5ng\u00a0\u00a0c\u00e1p CAT hi\u1ec7u qu\u1ea3 v\u1ec1 chi ph\u00ed.\u00a0\u0110i\u1ec1u n\u00e0y gi\u00fap gi\u1ea3m \u0111\u00e1ng k\u1ec3 chi ph\u00ed \u0111i d\u00e2y v\u00e0 c\u1ea3i thi\u1ec7n\u00a0\u00a0tr\u1ea3i nghi\u1ec7m ng\u01b0\u1eddi d\u00f9ng.<\/div>\n<div><\/div>\n<div>C\u00e1c s\u1ea3n ph\u1ea9m Audio-over-IP n\u00e0y t\u00edch h\u1ee3p ho\u00e0n to\u00e0n v\u00e0o h\u1ec7 th\u1ed1ng AV over IP 1Gb \u0111\u1ea7y \u0111\u1ee7 c\u1ee7a CYP.<\/div>\n","protected":false},"excerpt":{"rendered":"<p>M\u1edf r\u1ed9ng \u00e2m thanh analog v\u00e0 k\u1ef9 thu\u1eadt s\u1ed1 qua m\u1ea1ng IP v\u1edbi 100m (330ft) c\u00e1p CAT 5\/6 gi\u1eefa TX\/RX v\u00e0 b\u1ed9 chuy\u1ec3n m\u1ea1ch m\u1ea1ng T\u01b0\u01a1ng th\u00edch v\u1edbi B\u1ed9 \u0111i\u1ec1u<\/p>\n","protected":false},"featured_media":2005,"comment_status":"open","ping_status":"closed","template":"","meta":[],"product_brand":[],"product_cat":[246,224],"product_tag":[],"class_list":{"0":"post-2000","1":"product","2":"type-product","3":"status-publish","6":"product_cat-cyp","7":"product_cat-ds","9":"first","10":"instock","11":"taxable","12":"shipping-taxable","13":"product-type-simple"},"_links":{"self":[{"href":"https:\/\/vixav.com.vn\/index.php\/wp-json\/wp\/v2\/product\/2000","targetHints":{"allow":["GET"]}}],"collection":[{"href":"https:\/\/vixav.com.vn\/index.php\/wp-json\/wp\/v2\/product"}],"about":[{"href":"https:\/\/vixav.com.vn\/index.php\/wp-json\/wp\/v2\/types\/product"}],"replies":[{"embeddable":true,"href":"https:\/\/vixav.com.vn\/index.php\/wp-json\/wp\/v2\/comments?post=2000"}],"wp:featuredmedia":[{"embeddable":true,"href":"https:\/\/vixav.com.vn\/index.php\/wp-json\/wp\/v2\/media\/2005"}],"wp:attachment":[{"href":"https:\/\/vixav.com.vn\/index.php\/wp-json\/wp\/v2\/media?parent=2000"}],"wp:term":[{"taxonomy":"product_brand","embeddable":true,"href":"https:\/\/vixav.com.vn\/index.php\/wp-json\/wp\/v2\/product_brand?post=2000"},{"taxonomy":"product_cat","embeddable":true,"href":"https:\/\/vixav.com.vn\/index.php\/wp-json\/wp\/v2\/product_cat?post=2000"},{"taxonomy":"product_tag","embeddable":true,"href":"https:\/\/vixav.com.vn\/index.php\/wp-json\/wp\/v2\/product_tag?post=2000"}],"curies":[{"name":"wp","href":"https:\/\/api.w.org\/{rel}","templated":true}]}}