{"id":1985,"date":"2023-03-17T09:51:19","date_gmt":"2023-03-17T09:51:19","guid":{"rendered":"https:\/\/vixav.com.vn\/?post_type=product&#038;p=1985"},"modified":"2025-11-11T11:03:58","modified_gmt":"2025-11-11T04:03:58","slug":"ip-cs7-bo-dieu-khien-va-cau-hinh-he-thong-av-over-ip","status":"publish","type":"product","link":"https:\/\/vixav.com.vn\/index.php\/san-pham\/ip-cs7-bo-dieu-khien-va-cau-hinh-he-thong-av-over-ip\/","title":{"rendered":"IP-CS7 B\u1ed9 \u0111i\u1ec1u khi\u1ec3n v\u00e0 c\u1ea5u h\u00ecnh h\u1ec7 th\u1ed1ng AV over IP"},"content":{"rendered":"<ul>\n<li><span class=\"sc_store_productFeatureName\">Cho ph\u00e9p c\u1ea5u h\u00ecnh v\u00e0 qu\u1ea3n l\u00fd \u0111\u01a1n gi\u1ea3n nhi\u1ec1u thi\u1ebft b\u1ecb IP6000\/7000 qua WebGui<\/span><\/li>\n<li><span class=\"sc_store_productFeatureName\">H\u1ed7 tr\u1ee3 \u0111\u1ecbnh tuy\u1ebfn t\u00edn hi\u1ec7u \u0111i\u1ec3m t\u1edbi \u0111i\u1ec3m (unicast) v\u00e0 nhi\u1ec1u \u0111i\u1ec3m (multicast)<\/span><\/li>\n<li><span class=\"sc_store_productFeatureName\">C\u00f3 s\u1eb5n c\u00e1c c\u00e0i \u0111\u1eb7t tr\u01b0\u1edbc cho nh\u00f3m video<\/span><\/li>\n<li><span class=\"sc_store_productFeatureName\">Tr\u00ecnh h\u01b0\u1edbng d\u1eabn thi\u1ebft l\u1eadp WebGui \u0111\u1ec3 thi\u1ebft l\u1eadp v\u00e0 ki\u1ec3m so\u00e1t h\u1ec7 th\u1ed1ng \u0111\u01a1n gi\u1ea3n v\u1edbi quy\u1ec1n qu\u1ea3n tr\u1ecb vi\u00ean<\/span><\/li>\n<li><span class=\"sc_store_productFeatureName\">Tr\u1ea1ng th\u00e1i WebGui c\u1ee7a t\u1ea5t c\u1ea3 c\u00e1c TX &amp; RX \u0111\u01b0\u1ee3c k\u1ebft n\u1ed1i bao g\u1ed3m \u0110\u1ecba ch\u1ec9 IP v\u00e0 t\u00ednh n\u0103ng ho\u00e1n \u0111\u1ed5i<\/span><\/li>\n<li><span class=\"sc_store_productFeatureName\">PoE &amp; Mains Powered<\/span><\/li>\n<li><span class=\"sc_store_productFeatureName\">Ki\u1ec3m so\u00e1t k\u00e9o v\u00e0 th\u1ea3 \u0111\u01a1n gi\u1ea3n c\u00e1c ngu\u1ed3n \u0111\u1ea7u v\u00e0o v\u1edbi b\u1ea3n xem tr\u01b0\u1edbc tr\u1ef1c quan<\/span><\/li>\n<li><span class=\"sc_store_productFeatureName\">\u0110\u1ea7u v\u00e0o k\u00edch ho\u1ea1t cho ph\u00e9p \u0111i\u1ec1u khi\u1ec3n n\u00fat c\u1ea3m \u1ee9ng \u0111\u01a1n gi\u1ea3n c\u1ee7a c\u00e1c c\u00e0i \u0111\u1eb7t tr\u01b0\u1edbc<\/span><\/li>\n<li><span class=\"sc_store_productFeatureName\">\u0110i\u1ec1u khi\u1ec3n ti\u00eau chu\u1ea9n qua RS-232, Telnet v\u00e0 WebGui<\/span><\/li>\n<li><span class=\"sc_store_productFeatureName\">D\u1ec5 d\u00e0ng th\u00eam nhi\u1ec1u TX\/RX v\u00e0o h\u1ec7 th\u1ed1ng hi\u1ec7n c\u00f3<\/span><\/li>\n<\/ul>\n<table class=\"sc_store_productTechSpecsTable\">\n<tbody>\n<tr>\n<td class=\"sc_store_productTechSpecsLeft\">\u0111\u1ea7u v\u00e0o<\/td>\n<td>2x RJ45 [2x IP m\u1ea1ng ri\u00eang l\u1ebb]<br \/>\n1x Phoenix (3 ch\u00e2n) [1x RS-232]<br \/>\n1x Gi\u1eafc c\u1eafm mini \u00e2m thanh n\u1ed5i 3,5 mm [1x B\u1ed9 thu h\u1ed3ng ngo\u1ea1i]<br \/>\n1x Phoenix (10 ch\u00e2n) [1x \u0110\u1ea7u v\u00e0o k\u00edch ho\u1ea1t (8)]<br \/>\n1x Lo\u1ea1i USB A [1x D\u1eef li\u1ec7u s\u1edf h\u1eefu c\u1ed5ng d\u1ecbch v\u1ee5]<\/td>\n<\/tr>\n<tr>\n<td class=\"sc_store_productTechSpecsLeft\">\u0111\u1ea7u ra<\/td>\n<td>1x HDMI [1x AV v\u00e0 d\u1eef li\u1ec7u kh\u00f4ng n\u00e9n HDMI]<\/td>\n<\/tr>\n<tr>\n<td class=\"sc_store_productSpecsLeft\">ngu\u1ed3n POE:<\/td>\n<td>PoE<\/td>\n<\/tr>\n<tr>\n<td class=\"sc_store_productSpecsLeft\">PSU:<\/td>\n<td>5V\/2.6A<\/td>\n<\/tr>\n<tr>\n<td class=\"sc_store_productTechSpecsLeft\">k\u00edch th\u01b0\u1edbc<\/td>\n<td>117mm [W] x 135mm [D] x 25mm [H]<\/td>\n<\/tr>\n<tr>\n<td class=\"sc_store_productTechSpecsLeft\">Kh\u1ed1i l\u01b0\u1ee3ng t\u1ecbnh<\/td>\n<td>640g<\/td>\n<\/tr>\n<tr>\n<td class=\"sc_store_productTechSpecsLeft\">Tr\u1ecdng l\u01b0\u1ee3ng th\u00f4<\/td>\n<td>1066g<\/td>\n<\/tr>\n<\/tbody>\n<\/table>\n<p>&nbsp;<\/p>\n<p>IP-CS7 l\u00e0 m\u1ed9t gi\u1ea3i ph\u00e1p c\u00e0i \u0111\u1eb7t m\u1ea1nh m\u1ebd v\u00e0 linh ho\u1ea1t \u0111\u1ec3 ki\u1ec3m so\u00e1t d\u1ea3i CYP c\u1ee7a IP-6000 v\u00e0 IP-7000.\u00a0N\u00f3 c\u00f3 kh\u1ea3 n\u0103ng qu\u1ea3n l\u00fd \u0111\u1ed3ng th\u1eddi nhi\u1ec1u b\u1ed9 m\u1edf r\u1ed9ng IP tr\u00ean c\u00f9ng m\u1ed9t m\u1ea1ng.\u00a0Thi\u1ebft b\u1ecb ch\u1ec9 y\u00eau c\u1ea7u c\u00e0i \u0111\u1eb7t trong m\u1ea1ng c\u1ee7a b\u1ea1n \u0111\u1ec3 b\u1eaft \u0111\u1ea7u qu\u00e1 tr\u00ecnh c\u1ea5u h\u00ecnh.\u00a0IP-CS7 s\u1ebd t\u00ecm ki\u1ebfm v\u00e0 kh\u00e1m ph\u00e1 t\u1ea5t c\u1ea3 c\u00e1c B\u1ed9 ph\u00e1t v\u00e0 B\u1ed9 thu tr\u00ean m\u1ea1ng, cho ph\u00e9p c\u1ea5u h\u00ecnh \u0111\u01a1n gi\u1ea3n c\u1ee7a c\u00e0i \u0111\u1eb7t \u0111\u01a1n h\u01b0\u1edbng ho\u1eb7c \u0111a h\u01b0\u1edbng.<\/p>\n<p>Khi s\u1eed d\u1ee5ng IP-CS7 WebGui, c\u00f3 th\u1ec3 x\u00e1c \u0111\u1ecbnh v\u00e0 ki\u1ec3m so\u00e1t t\u1ea5t c\u1ea3 c\u00e1c TX\/RX tr\u00ean m\u1ea1ng.\u00a0N\u00f3 c\u0169ng cho ph\u00e9p ng\u01b0\u1eddi d\u00f9ng t\u1ea1o c\u00e1c nh\u00f3m chuy\u1ec3n \u0111\u1ed5i \u0111\u01b0\u1ee3c x\u00e1c \u0111\u1ecbnh tr\u01b0\u1edbc ho\u1eb7c c\u00e1c c\u00e0i \u0111\u1eb7t tr\u01b0\u1edbc \u0111\u1ec3 ki\u1ec3m so\u00e1t th\u00eam.\u00a0&#8216;Tr\u00ecnh h\u01b0\u1edbng d\u1eabn&#8217; c\u00e0i \u0111\u1eb7t tr\u00ean bo m\u1ea1ch b\u1ed5 sung t\u00ednh \u0111\u01a1n gi\u1ea3n cho quy tr\u00ecnh c\u00e0i \u0111\u1eb7t, h\u01b0\u1edbng d\u1eabn tr\u00ecnh c\u00e0i \u0111\u1eb7t th\u00f4ng qua c\u00e1c t\u00ednh n\u0103ng c\u00e0i \u0111\u1eb7t v\u00e0 \u0111i\u1ec1u khi\u1ec3n c\u1ee7a thi\u1ebft b\u1ecb.<\/p>\n<p>K\u1ebft n\u1ed1i m\u1ea1ng LAN k\u00e9p tr\u00ean thi\u1ebft b\u1ecb cho ph\u00e9p h\u1ec7 th\u1ed1ng ch\u1ea1y tr\u00ean m\u1ea1ng IP ri\u00eang trong khi m\u1ea1ng LAN b\u1ed5 sung cho ph\u00e9p k\u1ebft n\u1ed1i v\u1edbi m\u1ea1ng ph\u1ee5 \u0111\u1ec3 \u0111i\u1ec1u khi\u1ec3n v\u00e0 c\u1ea5u h\u00ecnh.\u00a0\u0110i\u1ec1u n\u00e0y \u0111\u1eb7c bi\u1ec7t h\u1eefu \u00edch khi truy c\u1eadp c\u00f3 th\u1ec3 b\u1ecb c\u1ea5m th\u00f4ng qua m\u1ea1ng LAN, IP-CS7 cung c\u1ea5p m\u1ed9t li\u00ean k\u1ebft tr\u1ef1c ti\u1ebfp \u0111\u1ebfn m\u1ea1ng video IP.<\/p>\n<p>S\u1eed d\u1ee5ng WebGui, ng\u01b0\u1eddi d\u00f9ng c\u00f3 quy\u1ec1n truy c\u1eadp v\u00e0o khu v\u1ef1c &#8216;Gi\u00e1m s\u00e1t &amp; \u0110i\u1ec1u khi\u1ec3n&#8217; \u0111\u1ec3 \u0111i\u1ec1u khi\u1ec3n k\u00e9o v\u00e0 th\u1ea3 \u0111\u01a1n gi\u1ea3n v\u00e0 chuy\u1ec3n \u0111\u1ed5i ngu\u1ed3n.\u00a0Trong ch\u1ebf \u0111\u1ed9 n\u00e0y, ng\u01b0\u1eddi d\u00f9ng c\u00f3 th\u1ec3 xem b\u1ea3n xem tr\u01b0\u1edbc c\u1ee7a n\u1ed9i dung \u0111\u01b0\u1ee3c ph\u00e2n ph\u1ed1i t\u1eeb ngu\u1ed3n.\u00a0Khu v\u1ef1c thi\u1ebft l\u1eadp h\u1ec7 th\u1ed1ng c\u1ee7a WebGui c\u00f3 quy\u1ec1n truy c\u1eadp \u0111\u01b0\u1ee3c b\u1ea3o v\u1ec7 \u0111\u1ec3 ng\u0103n ng\u01b0\u1eddi d\u00f9ng kh\u00e1c th\u1ef1c hi\u1ec7n b\u1ea5t k\u1ef3 thay \u0111\u1ed5i n\u00e0o \u0111\u1ed1i v\u1edbi h\u1ec7 th\u1ed1ng.\u00a0C\u00f3 th\u1ec3 \u0111\u1ea1t \u0111\u01b0\u1ee3c m\u1ed9t ph\u01b0\u01a1ng ph\u00e1p \u0111i\u1ec1u khi\u1ec3n thay th\u1ebf c\u1ee7a thi\u1ebft b\u1ecb b\u1eb1ng c\u00e1ch s\u1eed d\u1ee5ng giao di\u1ec7n \u0110\u1ea7u v\u00e0o K\u00edch ho\u1ea1t.\u00a0Giao di\u1ec7n n\u00e0y cho ph\u00e9p ng\u01b0\u1eddi d\u00f9ng k\u00edch ho\u1ea1t c\u00e1c ch\u1ee9c n\u0103ng ho\u1eb7c c\u00e0i \u0111\u1eb7t tr\u01b0\u1edbc \u0111\u01b0\u1ee3c x\u00e1c \u0111\u1ecbnh tr\u01b0\u1edbc ch\u1ec9 b\u1eb1ng m\u1ed9t n\u00fat b\u1ea5m.\u00a0C\u00f3 th\u1ec3 \u0111\u1ea1t \u0111\u01b0\u1ee3c \u0111i\u1ec1u khi\u1ec3n ti\u00eau chu\u1ea9n c\u1ee7a thi\u1ebft b\u1ecb b\u1eb1ng c\u00e1ch s\u1eed d\u1ee5ng RS-232, Telnet v\u00e0 WebGui.<\/p>\n","protected":false},"excerpt":{"rendered":"<p>Cho ph\u00e9p c\u1ea5u h\u00ecnh v\u00e0 qu\u1ea3n l\u00fd \u0111\u01a1n gi\u1ea3n nhi\u1ec1u thi\u1ebft b\u1ecb IP6000\/7000 qua WebGui H\u1ed7 tr\u1ee3 \u0111\u1ecbnh tuy\u1ebfn t\u00edn hi\u1ec7u \u0111i\u1ec3m t\u1edbi \u0111i\u1ec3m (unicast) v\u00e0 nhi\u1ec1u \u0111i\u1ec3m (multicast) C\u00f3<\/p>\n","protected":false},"featured_media":1987,"comment_status":"open","ping_status":"closed","template":"","meta":[],"product_brand":[],"product_cat":[246,224],"product_tag":[],"class_list":{"0":"post-1985","1":"product","2":"type-product","3":"status-publish","6":"product_cat-cyp","7":"product_cat-ds","9":"first","10":"instock","11":"taxable","12":"shipping-taxable","13":"product-type-simple"},"_links":{"self":[{"href":"https:\/\/vixav.com.vn\/index.php\/wp-json\/wp\/v2\/product\/1985","targetHints":{"allow":["GET"]}}],"collection":[{"href":"https:\/\/vixav.com.vn\/index.php\/wp-json\/wp\/v2\/product"}],"about":[{"href":"https:\/\/vixav.com.vn\/index.php\/wp-json\/wp\/v2\/types\/product"}],"replies":[{"embeddable":true,"href":"https:\/\/vixav.com.vn\/index.php\/wp-json\/wp\/v2\/comments?post=1985"}],"wp:featuredmedia":[{"embeddable":true,"href":"https:\/\/vixav.com.vn\/index.php\/wp-json\/wp\/v2\/media\/1987"}],"wp:attachment":[{"href":"https:\/\/vixav.com.vn\/index.php\/wp-json\/wp\/v2\/media?parent=1985"}],"wp:term":[{"taxonomy":"product_brand","embeddable":true,"href":"https:\/\/vixav.com.vn\/index.php\/wp-json\/wp\/v2\/product_brand?post=1985"},{"taxonomy":"product_cat","embeddable":true,"href":"https:\/\/vixav.com.vn\/index.php\/wp-json\/wp\/v2\/product_cat?post=1985"},{"taxonomy":"product_tag","embeddable":true,"href":"https:\/\/vixav.com.vn\/index.php\/wp-json\/wp\/v2\/product_tag?post=1985"}],"curies":[{"name":"wp","href":"https:\/\/api.w.org\/{rel}","templated":true}]}}