{"id":1937,"date":"2022-09-26T08:37:10","date_gmt":"2022-09-26T08:37:10","guid":{"rendered":"https:\/\/vixav.com.vn\/?post_type=product&#038;p=1937"},"modified":"2025-07-03T02:23:52","modified_gmt":"2025-07-03T02:23:52","slug":"may-chieu-rigal-rd882","status":"publish","type":"product","link":"https:\/\/vixav.com.vn\/index.php\/san-pham\/may-chieu-rigal-rd882\/","title":{"rendered":"M\u00e1y chi\u1ebfu Rigal RD882"},"content":{"rendered":"<h1><strong>Th\u00f4ng s\u1ed1 k\u0129 thu\u1eadt<\/strong><\/h1>\n<p>Th\u01b0\u01a1ng hi\u1ec7u: Rigal<br \/>\nCh\u1ec9nh s\u1eeda Keystone: Ch\u1ec9nh s\u1eeda th\u1ee7 c\u00f4ng \/ ph\u1ea7n m\u1ec1m<br \/>\nK\u00edch th\u01b0\u1edbc d\u1ef1 ki\u1ebfn: 40-200inches<br \/>\nNgu\u1ed3n s\u00e1ng: LED<br \/>\nTr\u1ecdng l\u01b0\u1ee3ng: 1,6kg<br \/>\nT\u1ef7 l\u1ec7 t\u01b0\u01a1ng ph\u1ea3n: 3000: 1<br \/>\nThu ph\u00f3ng: Ti\u00eau \u0111i\u1ec3m<br \/>\nAnsi Lumens: 280<br \/>\nM\u00e1y chi\u1ebfu phim t\u1ea1i nh\u00e0: c\u00f3<br \/>\n\u0110\u1ed9 ph\u00e2n gi\u1ea3i quang h\u1ecdc: 1920x1080dpi<br \/>\nS\u1eed d\u1ee5ng: M\u00e1y chi\u1ebfu gi\u1ea3i tr\u00ed<br \/>\nLo\u1ea1i: Mini<br \/>\nT\u1ef7 l\u1ec7 m\u00e0n h\u00ecnh: 4: 3\/16: 9<br \/>\nC\u00f4ng ngh\u1ec7 chi\u1ebfu: LCD<br \/>\nH\u1ec7 th\u1ed1ng: H\u1ec7 th\u1ed1ng \u0111a ph\u01b0\u01a1ng ti\u1ec7n<br \/>\nH\u1ec7 th\u1ed1ng m\u00e1y chi\u1ebfu: M\u00e0n h\u00ecnh TFT LCD 4,45 inch<br \/>\nT\u1ef7 l\u1ec7 lens: 1.39: 1<br \/>\nTi\u1ebfng \u1ed3n: &lt;25 dB<br \/>\n\u0110i\u1ec7n \u00e1p ho\u1ea1t \u0111\u1ed9ng: 110-240V \/ 50-60Hz<br \/>\n\u0110\u1ea7u v\u00e0o giao di\u1ec7n: HDMIx2 \/ USBx2 \/ AV \/ AUDIO OUT<br \/>\nPhi\u00ean b\u1ea3n: Android 9.0<br \/>\nK\u00edch th\u01b0\u1edbc m\u00e1y: 24,3 * 20 * 10,1cm<br \/>\nTu\u1ed5i th\u1ecd ngu\u1ed3n s\u00e1ng: L\u00ean \u0111\u1ebfn 50.000 gi\u1edd<br \/>\nK\u00edch th\u01b0\u1edbc h\u00ecnh \u1ea3nh: 40-200 inch<br \/>\nB\u1ed9 nh\u1edb: 1 + 8G<\/p>\n","protected":false},"excerpt":{"rendered":"<p>Th\u00f4ng s\u1ed1 k\u0129 thu\u1eadt Th\u01b0\u01a1ng hi\u1ec7u: Rigal Ch\u1ec9nh s\u1eeda Keystone: Ch\u1ec9nh s\u1eeda th\u1ee7 c\u00f4ng \/ ph\u1ea7n m\u1ec1m K\u00edch th\u01b0\u1edbc d\u1ef1 ki\u1ebfn: 40-200inches Ngu\u1ed3n s\u00e1ng: LED Tr\u1ecdng l\u01b0\u1ee3ng: 1,6kg T\u1ef7 l\u1ec7<\/p>\n","protected":false},"featured_media":1942,"comment_status":"open","ping_status":"closed","template":"","meta":[],"product_brand":[],"product_cat":[188,240],"product_tag":[],"class_list":{"0":"post-1937","1":"product","2":"type-product","3":"status-publish","6":"product_cat-may-chieu-mini","7":"product_cat-rigal","9":"first","10":"instock","11":"taxable","12":"shipping-taxable","13":"product-type-simple"},"_links":{"self":[{"href":"https:\/\/vixav.com.vn\/index.php\/wp-json\/wp\/v2\/product\/1937","targetHints":{"allow":["GET"]}}],"collection":[{"href":"https:\/\/vixav.com.vn\/index.php\/wp-json\/wp\/v2\/product"}],"about":[{"href":"https:\/\/vixav.com.vn\/index.php\/wp-json\/wp\/v2\/types\/product"}],"replies":[{"embeddable":true,"href":"https:\/\/vixav.com.vn\/index.php\/wp-json\/wp\/v2\/comments?post=1937"}],"wp:featuredmedia":[{"embeddable":true,"href":"https:\/\/vixav.com.vn\/index.php\/wp-json\/wp\/v2\/media\/1942"}],"wp:attachment":[{"href":"https:\/\/vixav.com.vn\/index.php\/wp-json\/wp\/v2\/media?parent=1937"}],"wp:term":[{"taxonomy":"product_brand","embeddable":true,"href":"https:\/\/vixav.com.vn\/index.php\/wp-json\/wp\/v2\/product_brand?post=1937"},{"taxonomy":"product_cat","embeddable":true,"href":"https:\/\/vixav.com.vn\/index.php\/wp-json\/wp\/v2\/product_cat?post=1937"},{"taxonomy":"product_tag","embeddable":true,"href":"https:\/\/vixav.com.vn\/index.php\/wp-json\/wp\/v2\/product_tag?post=1937"}],"curies":[{"name":"wp","href":"https:\/\/api.w.org\/{rel}","templated":true}]}}