{"id":1931,"date":"2022-09-26T08:24:59","date_gmt":"2022-09-26T08:24:59","guid":{"rendered":"https:\/\/vixav.com.vn\/?post_type=product&#038;p=1931"},"modified":"2022-09-26T08:27:07","modified_gmt":"2022-09-26T08:27:07","slug":"may-chieu-rigal-rd828-full-hd","status":"publish","type":"product","link":"https:\/\/vixav.com.vn\/index.php\/san-pham\/may-chieu-rigal-rd828-full-hd\/","title":{"rendered":"M\u00e1y chi\u1ebfu Rigal RD828 Full HD"},"content":{"rendered":"<p>M\u00e1y chi\u1ebfu Rigal RD828 Full HD &#8211; H\u1ec7 \u0111i\u1ec1u h\u00e0nh Android.<\/p>\n<p>TH\u00d4NG S\u1ed0 K\u1ef8 THU\u1eacT:<\/p>\n<p>C\u00f4ng ngh\u1ec7 LED-LCD 5 inch TFT display<\/p>\n<p>C\u01b0\u1eddng \u0111\u1ed9 s\u00e1ng 3800 Lumens<\/p>\n<p>\u0110\u1ed9 ph\u00e2n gi\u1ea3i th\u1ef1c Full HD (1920 x 1080p)<\/p>\n<p>T\u01b0\u01a1ng ph\u1ea3n 4000:1<\/p>\n<p>L\u1eadt h\u00ecnh 180 \u0111\u1ed9<\/p>\n<p>Lens Th\u1ea5u k\u00ednh 3 l\u1edbp, l\u1ea5y n\u00e9t b\u1eb1ng tay<\/p>\n<p>T\u1ec9 l\u1ec7 khung h\u00ecnh 16:9, 4:3<\/p>\n<p>Ng\u00f4n ng\u1eef Vietnamese\/Eng\/Fre\/Spa\/Port\/China\/Ara\/ 23 ng\u00f4n ng\u1eef kh\u00e1c<\/p>\n<p>Ngu\u1ed3n s\u00e1ng LED \u2013 tu\u1ed5i th\u1ecd 30.000 \u2013 50.000h<\/p>\n<p>Zoom \u0111i\u1ec7n t\u1eed b\u1eb1ng remote<\/p>\n<p>Keystone \u00b140 \u0111\u1ed9, automatic correction<\/p>\n<p>\u0110\u1ed9 \u1ed3n &lt;30dB<\/p>\n<p>Ngu\u1ed3n \u0111i\u1ec7n AC 100-24-V\/50-60Hz \/ 120W<\/p>\n<p>C\u1ed5ng k\u1ebft n\u1ed1i HDMI x2\/ USB x2\/ VGA\/ AV\/ Audio out K\u00edch th\u01b0\u1edbc 26 x 23 x 11cm<\/p>\n<p>Tr\u1ecdng l\u01b0\u1ee3ng\/ \u0111\u00f3ng g\u00f3i 2.2kg\/ 2.7kg<\/p>\n<p>C\u1ea4U H\u00ccNH ANDROID<\/p>\n<p>CPU ARM Cortex-A53 Quad-Core@1.7Ghz<\/p>\n<p>H\u1ec7 \u0111i\u1ec1u h\u00e0nh Android 9.0<\/p>\n<p>RAM\/ ROM 1G\/ 8G<\/p>\n<p>Bluetooth C\u00f3<\/p>\n<p>Chia s\u1ebb kh\u00f4ng d\u00e2y Eshare\/ Airplay\/ Miracast \u2013 Window\/Android\/ iOS<\/p>\n<p>Wifi c\u00f3<\/p>\n<p>App Youtube\/ Netflix\/ Truy\u1ec1n h\u00ecnh\/ Tr\u00ecnh duy\u1ec7t Web\/ c\u00f3 th\u1ec3 c\u00e0i th\u00eam<\/p>\n","protected":false},"excerpt":{"rendered":"<p><strong>Rigal RD828<\/strong>\u00a0L\u00c0 CHI\u1ebeU M\u00c1Y CHI\u1ebeU MID SIZE GI\u00c1 R\u1eba T\u1ed0T NH\u1ea4T TH\u1eca TR\u01af\u1edcNG HI\u1ec6N T\u1ea0I.<\/p>\n<p>Tuy l\u00e0 d\u00f2ng m\u00e1y Mid size nh\u01b0ng l\u1ea1i c\u00f3 c\u00f4ng su\u1ea5t l\u00ean \u0111\u1ebfn 120w, \u0111\u00e2y l\u00e0 m\u1ee9c c\u00f4ng su\u1ea5t th\u01b0\u1eddng th\u1ea5y tr\u00ean c\u00e1c d\u00f2ng m\u00e1y full size. \u0110i\u1ec1u n\u00e0y l\u00e0 \u0111\u1ed9c nh\u1ea5t v\u00f4 nh\u1ecb tr\u00ean th\u1ecb tr\u01b0\u1eddng m\u00e1y chi\u1ebfu gi\u00e1 r\u1ebb hi\u1ec7n t\u1ea1i, n\u00f3 t\u1ea1o l\u00ean 1 s\u1ea3n ph\u1ea9m cho ch\u1ea5t l\u01b0\u1ee3ng h\u00ecnh \u1ea3nh c\u1ef1c k\u1ef3 t\u1ed1t nh\u01b0ng tr\u1ecdng l\u01b0\u1ee3ng v\u00e0 k\u00edch th\u01b0\u1edbc \u0111\u00e3 \u0111\u01b0\u1ee3c gi\u1ea3m thi\u1ec3u so v\u1edbi c\u00e1c d\u00f2ng FuLL size tr\u01b0\u1edbc kia.<\/p>\n","protected":false},"featured_media":1935,"comment_status":"open","ping_status":"closed","template":"","meta":[],"product_brand":[],"product_cat":[188,240],"product_tag":[],"class_list":{"0":"post-1931","1":"product","2":"type-product","3":"status-publish","6":"product_cat-may-chieu-mini","7":"product_cat-rigal","9":"first","10":"instock","11":"taxable","12":"shipping-taxable","13":"product-type-simple"},"_links":{"self":[{"href":"https:\/\/vixav.com.vn\/index.php\/wp-json\/wp\/v2\/product\/1931","targetHints":{"allow":["GET"]}}],"collection":[{"href":"https:\/\/vixav.com.vn\/index.php\/wp-json\/wp\/v2\/product"}],"about":[{"href":"https:\/\/vixav.com.vn\/index.php\/wp-json\/wp\/v2\/types\/product"}],"replies":[{"embeddable":true,"href":"https:\/\/vixav.com.vn\/index.php\/wp-json\/wp\/v2\/comments?post=1931"}],"wp:featuredmedia":[{"embeddable":true,"href":"https:\/\/vixav.com.vn\/index.php\/wp-json\/wp\/v2\/media\/1935"}],"wp:attachment":[{"href":"https:\/\/vixav.com.vn\/index.php\/wp-json\/wp\/v2\/media?parent=1931"}],"wp:term":[{"taxonomy":"product_brand","embeddable":true,"href":"https:\/\/vixav.com.vn\/index.php\/wp-json\/wp\/v2\/product_brand?post=1931"},{"taxonomy":"product_cat","embeddable":true,"href":"https:\/\/vixav.com.vn\/index.php\/wp-json\/wp\/v2\/product_cat?post=1931"},{"taxonomy":"product_tag","embeddable":true,"href":"https:\/\/vixav.com.vn\/index.php\/wp-json\/wp\/v2\/product_tag?post=1931"}],"curies":[{"name":"wp","href":"https:\/\/api.w.org\/{rel}","templated":true}]}}