{"id":1925,"date":"2022-09-26T08:18:35","date_gmt":"2022-09-26T08:18:35","guid":{"rendered":"https:\/\/vixav.com.vn\/?post_type=product&#038;p=1925"},"modified":"2022-09-26T08:18:35","modified_gmt":"2022-09-26T08:18:35","slug":"may-chieu-viewsonic-px701hd","status":"publish","type":"product","link":"https:\/\/vixav.com.vn\/index.php\/san-pham\/may-chieu-viewsonic-px701hd\/","title":{"rendered":"M\u00e1y chi\u1ebfu ViewSonic PX701HD"},"content":{"rendered":"<h2>M\u00e1y chi\u1ebfu doanh nghi\u1ec7p v\u1edbi c\u01b0\u1eddng \u0111\u1ed9 s\u00e1ng 3,500 Lumens v\u00e0 \u0111\u1ed9 ph\u00e2n gi\u1ea3i 1080p<\/h2>\n<div class=\"col-lg-12\">\n<h2 class=\"text-center\">Th\u00f4ng s\u1ed1 k\u1ef9 thu\u1eadt<\/h2>\n<\/div>\n<div class=\"col-lg-12 columns\">\n<div id=\"spec-area\" class=\"row\">\n<ul class=\"product-spec\">\n<li><strong><span class=\"spec-item\">S\u1ef1 ch\u1ec9 r\u00f5<\/span><\/strong>\n<div class=\"spec-data\">\u0110\u1ed9 ph\u00e2n gi\u1ea3i g\u1ed1c:\u00a01920&#215;1080<br \/>\nLo\u1ea1i DMD:\u00a0DC3<br \/>\n\u0110\u1ed9 s\u00e1ng:\u00a03500 (ANSI Lumens)<br \/>\nT\u1ef7 l\u1ec7 t\u01b0\u01a1ng ph\u1ea3n v\u1edbi Ch\u1ebf \u0111\u1ed9 SuperEco:\u00a012000:1<br \/>\nDisplay Color:\u00a01.07 Billion Colors<br \/>\nLo\u1ea1i ngu\u1ed3n s\u00e1ng:\u00a0Lamp<br \/>\nLight Source Life (hours) with Normal Mode:\u00a05000<br \/>\nLight Source Life (hours) with SuperEco Mode:\u00a020000<br \/>\n\u0110\u00e8n Watt:\u00a0203W<br \/>\n\u1ed0ng k\u00ednh:\u00a0F=2.0-2.05, f=15.843-17.445mm<br \/>\nCh\u00eanh l\u1ec7ch chi\u1ebfu:\u00a0110%+\/-6%<br \/>\nT\u1ef7 l\u1ec7 chi\u1ebfu:\u00a01.5-1.65<br \/>\nZoom quang h\u1ecdc:\u00a01.1x<br \/>\nZoom k\u1ef9 thu\u1eadt s\u1ed1:\u00a00.8x-2.0x<br \/>\nK\u00edch c\u1ee1 h\u00ecnh:\u00a030&#8243;-300&#8243;<br \/>\nKho\u1ea3ng c\u00e1ch chi\u1ebfu:\u00a01m-10.96m<br \/>\n(100&#8243;@3.32m)<br \/>\nKeystone:\u00a0+\/- 40\u00b0 (V)<br \/>\nPh\u1ea1m vi thay \u0111\u1ed5i \u1ed1ng k\u00ednh V. (Ngang):\u00a0+\/- 5% (Digital)<br \/>\nTi\u1ebfng \u1ed3n c\u00f3 th\u1ec3 nghe \u0111\u01b0\u1ee3c (Normal):\u00a031dB<br \/>\nTi\u1ebfng \u1ed3n c\u00f3 th\u1ec3 nghe \u0111\u01b0\u1ee3c (Eco):\u00a027dB<br \/>\n\u0110\u1ed9 tr\u1ec5 \u0111\u1ea7u v\u00e0o:\u00a016ms<br \/>\nH\u1ed7 tr\u1ee3 \u0111\u1ed9 ph\u00e2n gi\u1ea3i:\u00a0VGA(640 x 480) to WUXGA_RB(1920 x 1200)<br \/>\n*RB-Reduced Blanking<br \/>\nT\u01b0\u01a1ng th\u00edch HDTV:\u00a0480i, 480p, 576i, 576p, 720p, 1080i, 1080p<br \/>\nT\u1ea7n s\u1ed1 ngang:\u00a015K-102KHz<br \/>\nT\u1ed1c \u0111\u1ed9 qu\u00e9t d\u1ecdc:\u00a023-120Hz<\/div>\n<\/li>\n<li><strong><span class=\"spec-item\">\u0110\u1ea7u v\u00e0o<\/span><\/strong>\n<div class=\"spec-data\">M\u00e1y t\u00ednh trong (k\u1ebft n\u1ed1i v\u1edbi linh ki\u1ec7n):\u00a01<br \/>\nHDMI:\u00a02<br \/>\n(HDMI 1.4\/ HDCP 1.4)<br \/>\n\u0110\u1ea7u v\u00e0o \u00e2m thanh (3,5 mm):\u00a01<\/div>\n<\/li>\n<li><strong><span class=\"spec-item\">\u0110\u1ea7u ra<\/span><\/strong>\n<div class=\"spec-data\">Gi\u00e1m s\u00e1t:\u00a01<br \/>\nAudio-out (3.5mm):\u00a01<br \/>\nLoa:\u00a010W<br \/>\nUSB Type A (Ngu\u1ed3n)<strong>:\u00a0<\/strong>1 (5V\/1.5A)<\/div>\n<\/li>\n<\/ul>\n<\/div>\n<\/div>\n","protected":false},"excerpt":{"rendered":"<h3>T\u1ed4NG QU\u00c1T<\/h3>\n<p>ViewSonic PX701HD l\u00e0 m\u00e1y chi\u1ebfu c\u00f3 c\u01b0\u1eddng \u0111\u1ed9 s\u00e1ng cao 3.500 ANSI lumen v\u1edbi \u0111\u1ed9 ph\u00e2n gi\u1ea3i Full HD 1080p, mang \u0111\u1ebfn tr\u1ea3i nghi\u1ec7m h\u00ecnh \u1ea3nh \u1ea5n t\u01b0\u1ee3ng trong ph\u00f2ng kh\u00e1ch ho\u1eb7c ph\u00f2ng h\u1ecdp n\u01a1i c\u00f3 \u00e1nh s\u00e1ng m\u1ea1nh. M\u00e1y chi\u1ebfu s\u1eed d\u1ee5ng thi\u1ebft k\u1ebf \u0111\u00e8n m\u1edbi nh\u1ea5t gi\u00fap k\u00e9o d\u00e0i tu\u1ed5i th\u1ecd \u0111\u00e8n l\u00ean \u0111\u1ebfn 20.000 gi\u1edd \u1edf ch\u1ebf \u0111\u1ed9 SuperEco+, gi\u1ea3m \u0111\u00e1ng k\u1ec3 chi ph\u00ed thay th\u1ebf v\u00e0 b\u1ea3o d\u01b0\u1ee1ng \u0111\u00e8n. D\u1ecbch chuy\u1ec3n \u1ed1ng k\u00ednh k\u1ef9 thu\u1eadt s\u1ed1 cho ph\u00e9p ng\u01b0\u1eddi d\u00f9ng th\u1ef1c hi\u1ec7n \u0111i\u1ec1u ch\u1ec9nh b\u1eb1ng \u0111i\u1ec1u khi\u1ec3n t\u1eeb xa. T\u00ednh n\u0103ng n\u00e0y c\u0169ng t\u01b0\u01a1ng th\u00edch v\u1edbi ch\u1ee9c n\u0103ng vColorTuner, h\u1ed7 tr\u1ee3 trao \u0111\u1ed5i v\u00e0 \u0111i\u1ec1u ch\u1ec9nh c\u1ea5u h\u00ecnh m\u00e0u. \u0110\u1ea7u v\u00e0o HDMI k\u00e9p v\u00e0 ngu\u1ed3n \u0111i\u1ec7n USB cho ph\u00e9p ng\u01b0\u1eddi d\u00f9ng k\u1ebft n\u1ed1i v\u1edbi nhi\u1ec1u thi\u1ebft b\u1ecb \u0111a ph\u01b0\u01a1ng ti\u1ec7n \u0111\u1ec3 ch\u01a1i game, xem phim ho\u1eb7c k\u1ebft n\u1ed1i v\u1edbi dongle kh\u00f4ng d\u00e2y \u0111\u1ec3 thuy\u1ebft tr\u00ecnh kh\u00f4ng d\u00e2y.<\/p>\n","protected":false},"featured_media":1926,"comment_status":"open","ping_status":"closed","template":"","meta":[],"product_brand":[],"product_cat":[239],"product_tag":[],"class_list":{"0":"post-1925","1":"product","2":"type-product","3":"status-publish","6":"product_cat-viewsonic","8":"first","9":"instock","10":"taxable","11":"shipping-taxable","12":"product-type-simple"},"_links":{"self":[{"href":"https:\/\/vixav.com.vn\/index.php\/wp-json\/wp\/v2\/product\/1925","targetHints":{"allow":["GET"]}}],"collection":[{"href":"https:\/\/vixav.com.vn\/index.php\/wp-json\/wp\/v2\/product"}],"about":[{"href":"https:\/\/vixav.com.vn\/index.php\/wp-json\/wp\/v2\/types\/product"}],"replies":[{"embeddable":true,"href":"https:\/\/vixav.com.vn\/index.php\/wp-json\/wp\/v2\/comments?post=1925"}],"wp:featuredmedia":[{"embeddable":true,"href":"https:\/\/vixav.com.vn\/index.php\/wp-json\/wp\/v2\/media\/1926"}],"wp:attachment":[{"href":"https:\/\/vixav.com.vn\/index.php\/wp-json\/wp\/v2\/media?parent=1925"}],"wp:term":[{"taxonomy":"product_brand","embeddable":true,"href":"https:\/\/vixav.com.vn\/index.php\/wp-json\/wp\/v2\/product_brand?post=1925"},{"taxonomy":"product_cat","embeddable":true,"href":"https:\/\/vixav.com.vn\/index.php\/wp-json\/wp\/v2\/product_cat?post=1925"},{"taxonomy":"product_tag","embeddable":true,"href":"https:\/\/vixav.com.vn\/index.php\/wp-json\/wp\/v2\/product_tag?post=1925"}],"curies":[{"name":"wp","href":"https:\/\/api.w.org\/{rel}","templated":true}]}}