{"id":1919,"date":"2022-09-26T08:13:02","date_gmt":"2022-09-26T08:13:02","guid":{"rendered":"https:\/\/vixav.com.vn\/?post_type=product&#038;p=1919"},"modified":"2022-09-26T08:20:40","modified_gmt":"2022-09-26T08:20:40","slug":"may-chieu-viewsonic-pg706hd-2","status":"publish","type":"product","link":"https:\/\/vixav.com.vn\/index.php\/san-pham\/may-chieu-viewsonic-pg706hd-2\/","title":{"rendered":"M\u00e1y chi\u1ebfu ViewSonic PG706HD"},"content":{"rendered":"<div class=\"col-lg-12\">\n<h2>M\u00e1y chi\u1ebfu doanh nghi\u1ec7p v\u1edbi \u0111\u1ed9 s\u00e1ng 4,000 Lumens v\u00e0 \u0111\u1ed9 ph\u00e2n gi\u1ea3i Full HD<\/h2>\n<h2 class=\"text-center\">Th\u00f4ng s\u1ed1 k\u1ef9 thu\u1eadt<\/h2>\n<\/div>\n<div class=\"col-lg-12 columns\">\n<div id=\"spec-area\" class=\"row\">\n<ul class=\"product-spec\">\n<li><strong><span class=\"spec-item\">S\u1ef1 ch\u1ec9 r\u00f5<\/span><\/strong>\n<div class=\"spec-data\">\u0110\u1ed9 ph\u00e2n gi\u1ea3i g\u1ed1c:\u00a01920&#215;1080<br \/>\nLo\u1ea1i DMD:\u00a0DC3<br \/>\n\u0110\u1ed9 s\u00e1ng:\u00a04000 ANSI Lumens<br \/>\nT\u1ef7 l\u1ec7 t\u01b0\u01a1ng ph\u1ea3n v\u1edbi Ch\u1ebf \u0111\u1ed9 SuperEco:\u00a012000:1<br \/>\nDisplay Color:\u00a01.07 Billion Colours<br \/>\nLo\u1ea1i ngu\u1ed3n s\u00e1ng:\u00a0Lamp<br \/>\nNgu\u1ed3n s\u00e1ng t\u1ef1 nhi\u00ean (B\u00ecnh th\u01b0\u1eddng):\u00a04000<br \/>\nNgu\u1ed3n s\u00e1ng t\u1ef1 nhi\u00ean (SuperEco):\u00a020000<br \/>\n\u0110\u00e8n Watt:\u00a0245W<br \/>\n\u1ed0ng k\u00ednh:\u00a0F=2.0~2.05, f=15.843-17.445mm<br \/>\nCh\u00eanh l\u1ec7ch chi\u1ebfu:\u00a0110%+\/-6%<br \/>\nT\u1ef7 l\u1ec7 chi\u1ebfu:\u00a01.5-1.65<br \/>\nZoom quang h\u1ecdc:\u00a01.1x<br \/>\nZoom k\u1ef9 thu\u1eadt s\u1ed1:\u00a00.8x-2.0x<br \/>\nK\u00edch c\u1ee1 h\u00ecnh:\u00a030&#8243;-300&#8243;<br \/>\nKho\u1ea3ng c\u00e1ch chi\u1ebfu:\u00a01.00m-10.96m<br \/>\n(100&#8243;@3.32m)<br \/>\nKeystone:\u00a0+\/- 40\u00b0 (V)<br \/>\nPh\u1ea1m vi thay \u0111\u1ed5i \u1ed1ng k\u00ednh V. (Ngang):\u00a0Yes (+\/- 5%)<br \/>\nTi\u1ebfng \u1ed3n c\u00f3 th\u1ec3 nghe \u0111\u01b0\u1ee3c (Normal):\u00a032dB<br \/>\nAudible Noise (Eco):\u00a027dB<br \/>\n\u0110\u1ed9 tr\u1ec5 \u0111\u1ea7u v\u00e0o:\u00a016ms<br \/>\nH\u1ed7 tr\u1ee3 \u0111\u1ed9 ph\u00e2n gi\u1ea3i:\u00a0VGA(640 x 480) to WUXGA_RB(1920 x 1200)<br \/>\n*RB-Reduced Blanking<br \/>\nT\u01b0\u01a1ng th\u00edch HDTV:\u00a0480i, 480p, 576i, 576p, 720p, 1080i, 1080p<br \/>\nKh\u1ea3 n\u0103ng t\u01b0\u01a1ng th\u00edch video:\u00a0NTSC, PAL, SECAM<br \/>\nT\u1ea7n s\u1ed1 ngang:\u00a015K-102KHz<br \/>\nT\u1ed1c \u0111\u1ed9 qu\u00e9t d\u1ecdc:\u00a023-120Hz<\/div>\n<\/li>\n<li><strong><span class=\"spec-item\">\u0110\u1ea7u v\u00e0o<\/span><\/strong>\n<div class=\"spec-data\">M\u00e1y t\u00ednh trong (k\u1ebft n\u1ed1i v\u1edbi linh ki\u1ec7n):\u00a01<br \/>\nT\u1ed5ng h\u1ee3p:\u00a01<br \/>\nS-Video:\u00a01<br \/>\nHDMI:\u00a02<br \/>\n(HDMI 1.4\/ HDCP 1.4)<br \/>\n\u0110\u1ea7u v\u00e0o \u00e2m thanh (3,5 mm):\u00a01<br \/>\n\u0110\u1ea7u v\u00e0o RJ45:\u00a01<br \/>\n(LAN control)<\/div>\n<\/li>\n<li><strong><span class=\"spec-item\">\u0110\u1ea7u ra<\/span><\/strong>\n<div class=\"spec-data\">Gi\u00e1m s\u00e1t:\u00a01<br \/>\nC\u1ed5ng ra \u00e2m thanh (3,5 mm):\u00a01<br \/>\nLoa:\u00a010W<br \/>\nUSB Type A (Ngu\u1ed3n):\u00a01 (5V\/ 1.5A)<\/div>\n<\/li>\n<\/ul>\n<\/div>\n<\/div>\n","protected":false},"excerpt":{"rendered":"<h3>T\u1ed4NG QU\u00c1T<\/h3>\n<p>ViewSonic PG706HD c\u00f3 \u0111\u1ed9 s\u00e1ng 4000 ANSI Lumens \u0111\u1ec3 chi\u1ebfu h\u00ecnh \u1ea3nh chi ti\u1ebft t\u1ed1t nh\u1ea5t trong b\u1ea5t k\u1ef3 m\u00f4i tr\u01b0\u1eddng xung quanh n\u00e0o. \u0110\u1ed9 s\u00e1ng cao v\u00e0 \u0111\u1ed9 ph\u00e2n gi\u1ea3i Full HD 1920 x 1080 cung c\u1ea5p cho b\u1ea1n kh\u1ea3 n\u0103ng chi\u1ebfu ho\u00e0n h\u1ea3o trong b\u1ea5t k\u1ef3 kh\u00f4ng gian c\u1ee1 trung b\u00ecnh n\u00e0o, ch\u1eb3ng h\u1ea1n nh\u01b0 ph\u00f2ng h\u1ecdp ho\u1eb7c l\u1edbp h\u1ecdc. PG706HD \u0111i k\u00e8m v\u1edbi ch\u1ebf \u0111\u1ed9 SuperEco+ ti\u1ebft ki\u1ec7m n\u0103ng l\u01b0\u1ee3ng gi\u00fap gi\u1ea3m m\u1ee9c ti\u00eau th\u1ee5 \u0111i\u1ec7n n\u0103ng v\u00e0 k\u00e9o d\u00e0i tu\u1ed5i th\u1ecd \u0111\u00e8n l\u00ean 20.000 gi\u1edd, gi\u1ea3m t\u1ea7n su\u1ea5t thay th\u1ebf \u0111\u00e8n v\u00e0 gi\u1ea3m chi ph\u00ed b\u1ea3o tr\u00ec. Ngo\u00e0i HDMI k\u00e9p, Video, S-Video v\u00e0 VGA, m\u00e1y chi\u1ebfu \u0111\u01b0\u1ee3c t\u00edch h\u1ee3p RS232 v\u00e0 LAN, \u0111\u01b0\u1ee3c ch\u1ee9ng nh\u1eadn b\u1edfi c\u00e1c gi\u1ea3i ph\u00e1p k\u1ebft n\u1ed1i m\u1ea1ng Crestron, AMX, PJ Link v\u00e0 Extron, gi\u00fap d\u1ec5 d\u00e0ng \u0111i\u1ec1u khi\u1ec3n v\u00e0 gi\u00e1m s\u00e1t m\u00e1y chi\u1ebfu t\u1eeb xa.<\/p>\n","protected":false},"featured_media":1920,"comment_status":"open","ping_status":"closed","template":"","meta":[],"product_brand":[],"product_cat":[239],"product_tag":[],"class_list":{"0":"post-1919","1":"product","2":"type-product","3":"status-publish","6":"product_cat-viewsonic","8":"first","9":"instock","10":"taxable","11":"shipping-taxable","12":"product-type-simple"},"_links":{"self":[{"href":"https:\/\/vixav.com.vn\/index.php\/wp-json\/wp\/v2\/product\/1919","targetHints":{"allow":["GET"]}}],"collection":[{"href":"https:\/\/vixav.com.vn\/index.php\/wp-json\/wp\/v2\/product"}],"about":[{"href":"https:\/\/vixav.com.vn\/index.php\/wp-json\/wp\/v2\/types\/product"}],"replies":[{"embeddable":true,"href":"https:\/\/vixav.com.vn\/index.php\/wp-json\/wp\/v2\/comments?post=1919"}],"wp:featuredmedia":[{"embeddable":true,"href":"https:\/\/vixav.com.vn\/index.php\/wp-json\/wp\/v2\/media\/1920"}],"wp:attachment":[{"href":"https:\/\/vixav.com.vn\/index.php\/wp-json\/wp\/v2\/media?parent=1919"}],"wp:term":[{"taxonomy":"product_brand","embeddable":true,"href":"https:\/\/vixav.com.vn\/index.php\/wp-json\/wp\/v2\/product_brand?post=1919"},{"taxonomy":"product_cat","embeddable":true,"href":"https:\/\/vixav.com.vn\/index.php\/wp-json\/wp\/v2\/product_cat?post=1919"},{"taxonomy":"product_tag","embeddable":true,"href":"https:\/\/vixav.com.vn\/index.php\/wp-json\/wp\/v2\/product_tag?post=1919"}],"curies":[{"name":"wp","href":"https:\/\/api.w.org\/{rel}","templated":true}]}}