{"id":1894,"date":"2022-09-26T04:38:32","date_gmt":"2022-09-26T04:38:32","guid":{"rendered":"https:\/\/vixav.com.vn\/?post_type=product&#038;p=1894"},"modified":"2022-09-26T08:09:15","modified_gmt":"2022-09-26T08:09:15","slug":"may-chieu-viewsonic-pg706hd","status":"publish","type":"product","link":"https:\/\/vixav.com.vn\/index.php\/san-pham\/may-chieu-viewsonic-pg706hd\/","title":{"rendered":"M\u00e1y chi\u1ebfu ViewSonic PA503XB"},"content":{"rendered":"<h2>M\u00e1y chi\u1ebfu doanh nghi\u1ec7p 3.800 Lumen XGA<\/h2>\n<div class=\"tagline-row\">\n<div class=\"col-lg-12\">\n<h2 class=\"text-center\">Th\u00f4ng s\u1ed1 k\u1ef9 thu\u1eadt:<\/h2>\n<\/div>\n<div class=\"col-lg-12 columns\">\n<div id=\"spec-area\" class=\"row\">\n<ul class=\"product-spec\">\n<li>\n<div class=\"spec-data\">\n<ul>\n<li><strong>S\u1ef1 ch\u1ec9 r\u00f5:<\/strong>\n<div class=\"spec-data\">\u0110\u1ed9 ph\u00e2n gi\u1ea3i g\u1ed1c:\u00a01024&#215;768<br \/>\nDC type:\u00a0DC3<br \/>\n\u0110\u1ed9 s\u00e1ng:\u00a03800 ANSI Lumens<br \/>\nContrast Ratio with SuperEco mode:\u00a022000:1<br \/>\nDisplay Color:\u00a01.07 Billion Colors<br \/>\nNgu\u1ed3n s\u00e1ng:\u00a0Lamp<br \/>\nLight source life (Nor\/SuperEco):\u00a05000\/15000<br \/>\n\u0110\u00e8n Watt:\u00a0190W<br \/>\n\u1ed0ng k\u00ednh:\u00a0F=2.56-2.68, f=22-24.1 mm<br \/>\nCh\u00eanh l\u1ec7ch chi\u1ebfu:\u00a0120%+\/-5%<br \/>\nT\u1ef7 l\u1ec7 chi\u1ebfu:\u00a01.96~2.15<br \/>\nImage size:\u00a030&#8243; &#8211; 300&#8243;<br \/>\nKho\u1ea3ng c\u00e1ch chi\u1ebfu:\u00a01.19m-13.11m(100&#8243; @3.98m)<br \/>\nKeystone:\u00a0\u00b140\u00b0 (Vertical)<br \/>\nZoom quang h\u1ecdc:\u00a01.1x<br \/>\nAudible Noise (Eco):\u00a027dB<br \/>\nH\u1ed7 tr\u1ee3 \u0111\u1ed9 ph\u00e2n gi\u1ea3i:\u00a0VGA(640 x 480) to FullHD(1920 x 1080)<br \/>\nT\u01b0\u01a1ng th\u00edch HDTV:\u00a0480i, 480p, 576i, 576p, 720p, 1080i, 1080p<br \/>\nKh\u1ea3 n\u0103ng t\u01b0\u01a1ng th\u00edch video:\u00a0NTSC, PAL, SECAM<br \/>\nT\u1ea7n s\u1ed1 ngang:\u00a015K~102KHz<br \/>\nT\u1ed1c \u0111\u1ed9 qu\u00e9t d\u1ecdc:\u00a023~120Hz<\/div>\n<\/li>\n<li><strong><span class=\"spec-item\">\u0110\u1ea7u v\u00e0o<\/span><\/strong>\n<div class=\"spec-data\">M\u00e1y t\u00ednh trong (k\u1ebft n\u1ed1i v\u1edbi linh ki\u1ec7n):\u00a02<br \/>\nT\u1ed5ng h\u1ee3p:\u00a01<br \/>\n\u0110\u1ea7u v\u00e0o \u00e2m thanh (3,5 mm):\u00a01<br \/>\nHDMI:\u00a01 (Back)<\/div>\n<\/li>\n<li><strong><span class=\"spec-item\">\u0110\u1ea7u ra<\/span><\/strong>\n<div class=\"spec-data\">Gi\u00e1m s\u00e1t:\u00a01<br \/>\nC\u1ed5ng ra \u00e2m thanh (3,5 mm):\u00a01<br \/>\nLoa:\u00a02W<\/div>\n<\/li>\n<\/ul>\n<\/div>\n<\/li>\n<\/ul>\n<\/div>\n<\/div>\n<\/div>\n","protected":false},"excerpt":{"rendered":"<h3>T\u1ed4NG QU\u00c1T<\/h3>\n<p>ViewSonic PA503XB cung c\u1ea5p hi\u1ec7u su\u1ea5t h\u00ecnh \u1ea3nh \u1ea5n t\u01b0\u1ee3ng nh\u1eb1m c\u1ea3i thi\u1ec7n c\u00e1c b\u00e0i thuy\u1ebft tr\u00ecnh, s\u1eed d\u1ee5ng l\u00fd t\u01b0\u1edfng trong c\u00e1c ph\u00f2ng h\u1ecdp d\u00e0nh cho doanh nghi\u1ec7p nh\u1ecf v\u00e0 l\u1edbp h\u1ecdc. \u0110\u01b0\u1ee3c trang b\u1ecb \u0111\u1ed9 s\u00e1ng 3800 ANSI Lumens v\u00e0 t\u1ec9 l\u1ec7 t\u01b0\u01a1ng ph\u1ea3n 22.000:1, \u0111\u1ea3m b\u1ea3o t\u00e1i t\u1ea1o c\u00e1c chi ti\u1ebft t\u1ed1t nh\u1ea5t b\u1ea5t k\u1ec3 \u0111i\u1ec1u ki\u1ec7n \u00e1nh s\u00e1ng kh\u00e1c nhau trong m\u00f4i tr\u01b0\u1eddng t\u1ef1 nhi\u00ean. C\u00f4ng ngh\u1ec7 SuperColor\u2122 \u0111\u1ed9c quy\u1ec1n c\u1ee7a ViewSonic cung c\u1ea5p m\u1ed9t d\u1ea3i m\u00e0u v\u1edbi \u0111\u1ed9 ch\u00ednh x\u00e1c m\u00e0u s\u1eafc ch\u00e2n th\u1ef1c. Ng\u01b0\u1eddi d\u00f9ng c\u00f3 th\u1ec3 ch\u1ecdn t\u1eeb 5 ch\u1ebf \u0111\u1ed9 m\u00e0u, bao g\u1ed3m ch\u1ebf \u0111\u1ed9 ti\u00eau chu\u1ea9n, s\u00e1ng nh\u1ea5t, tr\u00ecnh b\u00e0y, \u1ea3nh v\u00e0 phim, \u0111\u1ec3 ch\u1ecdn ch\u1ebf \u0111\u1ed9 ph\u00f9 h\u1ee3p nh\u1ea5t v\u1edbi nhu c\u1ea7u d\u1ef1a v\u00e0o m\u1ee5c \u0111\u00edch c\u1ee7a t\u1eebng ng\u01b0\u1eddi d\u00f9ng. Ngo\u00e0i ra, ch\u1ebf \u0111\u1ed9 SuperEco ti\u1ebft ki\u1ec7m n\u0103ng l\u01b0\u1ee3ng c\u1ee7a PA503XB l\u00e0m gi\u1ea3m m\u1ee9c ti\u00eau th\u1ee5 \u0111i\u1ec7n n\u0103ng v\u00e0 k\u00e9o d\u00e0i tu\u1ed5i th\u1ecd \u0111\u00e8n l\u00ean t\u1edbi 15.000 gi\u1edd.<\/p>\n","protected":false},"featured_media":1911,"comment_status":"open","ping_status":"closed","template":"","meta":[],"product_brand":[],"product_cat":[239],"product_tag":[],"class_list":{"0":"post-1894","1":"product","2":"type-product","3":"status-publish","6":"product_cat-viewsonic","8":"first","9":"instock","10":"taxable","11":"shipping-taxable","12":"product-type-simple"},"_links":{"self":[{"href":"https:\/\/vixav.com.vn\/index.php\/wp-json\/wp\/v2\/product\/1894","targetHints":{"allow":["GET"]}}],"collection":[{"href":"https:\/\/vixav.com.vn\/index.php\/wp-json\/wp\/v2\/product"}],"about":[{"href":"https:\/\/vixav.com.vn\/index.php\/wp-json\/wp\/v2\/types\/product"}],"replies":[{"embeddable":true,"href":"https:\/\/vixav.com.vn\/index.php\/wp-json\/wp\/v2\/comments?post=1894"}],"wp:featuredmedia":[{"embeddable":true,"href":"https:\/\/vixav.com.vn\/index.php\/wp-json\/wp\/v2\/media\/1911"}],"wp:attachment":[{"href":"https:\/\/vixav.com.vn\/index.php\/wp-json\/wp\/v2\/media?parent=1894"}],"wp:term":[{"taxonomy":"product_brand","embeddable":true,"href":"https:\/\/vixav.com.vn\/index.php\/wp-json\/wp\/v2\/product_brand?post=1894"},{"taxonomy":"product_cat","embeddable":true,"href":"https:\/\/vixav.com.vn\/index.php\/wp-json\/wp\/v2\/product_cat?post=1894"},{"taxonomy":"product_tag","embeddable":true,"href":"https:\/\/vixav.com.vn\/index.php\/wp-json\/wp\/v2\/product_tag?post=1894"}],"curies":[{"name":"wp","href":"https:\/\/api.w.org\/{rel}","templated":true}]}}