{"id":1883,"date":"2022-07-29T01:13:20","date_gmt":"2022-07-29T01:13:20","guid":{"rendered":"https:\/\/vixav.com.vn\/?post_type=product&#038;p=1883"},"modified":"2026-04-20T03:05:05","modified_gmt":"2026-04-19T20:05:05","slug":"may-chieu-mini-flys-m23","status":"publish","type":"product","link":"https:\/\/vixav.com.vn\/index.php\/san-pham\/may-chieu-mini-flys-m23\/","title":{"rendered":"M\u00e1y chi\u1ebfu mini Flys M23"},"content":{"rendered":"<p class=\"CDt4Ke zfr3Q\" dir=\"ltr\">\u0110\u1ed9 s\u00e1ng 450 ansi lumens<\/p>\n<p class=\"CDt4Ke zfr3Q\" dir=\"ltr\">Ph\u00e2n gi\u1ea3i FullHD 1920&#215;1080 h\u1ed7 tr\u1ee3 4K<\/p>\n<p class=\"CDt4Ke zfr3Q\" dir=\"ltr\">C\u00f4ng su\u1ea5t Max 170w<\/p>\n<p class=\"CDt4Ke zfr3Q\" dir=\"ltr\">\u0110\u1ed9 \u1ed3n 35dbm<\/p>\n<p class=\"CDt4Ke zfr3Q\" dir=\"ltr\">Bluetooh (T\u00f9y ch\u1ecdn)<\/p>\n<p class=\"CDt4Ke zfr3Q\" dir=\"ltr\">HDMI 2 c\u1ed5ng, VGA 1 c\u1ed5ng, USB 2 c\u1ed5ng, AV, Head phone<\/p>\n<p class=\"CDt4Ke zfr3Q\" dir=\"ltr\">B\u00f3ng \u0111\u00e8n LED tu\u1ed5i th\u1ecd 50.000 gi\u1edd<\/p>\n<p class=\"CDt4Ke zfr3Q\" dir=\"ltr\">L\u01b0\u1edbi l\u1ecdc b\u1ee5i th\u00f4ng minh<\/p>\n<p class=\"CDt4Ke zfr3Q\" dir=\"ltr\">Loa 5w x 2<\/p>\n<p class=\"CDt4Ke zfr3Q\" dir=\"ltr\">Tr\u1ecdng l\u01b0\u1ee3ng 2.6kg<\/p>\n<p class=\"CDt4Ke zfr3Q\" dir=\"ltr\">K\u00edch th\u01b0\u1edbc 30.5&#215;24.5&#215;8.7 cm<\/p>\n","protected":false},"excerpt":{"rendered":"<p class=\"CDt4Ke zfr3Q\" dir=\"ltr\">\u0110\u1ed9 s\u00e1ng 450 ansi lumens<\/p>\n<p class=\"CDt4Ke zfr3Q\" dir=\"ltr\">Ph\u00e2n gi\u1ea3i FullHD 1920&#215;1080 h\u1ed7 tr\u1ee3 4K<\/p>\n","protected":false},"featured_media":1884,"comment_status":"open","ping_status":"closed","template":"","meta":[],"product_brand":[],"product_cat":[237,188],"product_tag":[238],"class_list":{"0":"post-1883","1":"product","2":"type-product","3":"status-publish","6":"product_cat-flys","7":"product_cat-may-chieu-mini","8":"product_tag-m23","10":"first","11":"instock","12":"sale","13":"taxable","14":"shipping-taxable","15":"purchasable","16":"product-type-simple"},"_links":{"self":[{"href":"https:\/\/vixav.com.vn\/index.php\/wp-json\/wp\/v2\/product\/1883","targetHints":{"allow":["GET"]}}],"collection":[{"href":"https:\/\/vixav.com.vn\/index.php\/wp-json\/wp\/v2\/product"}],"about":[{"href":"https:\/\/vixav.com.vn\/index.php\/wp-json\/wp\/v2\/types\/product"}],"replies":[{"embeddable":true,"href":"https:\/\/vixav.com.vn\/index.php\/wp-json\/wp\/v2\/comments?post=1883"}],"wp:featuredmedia":[{"embeddable":true,"href":"https:\/\/vixav.com.vn\/index.php\/wp-json\/wp\/v2\/media\/1884"}],"wp:attachment":[{"href":"https:\/\/vixav.com.vn\/index.php\/wp-json\/wp\/v2\/media?parent=1883"}],"wp:term":[{"taxonomy":"product_brand","embeddable":true,"href":"https:\/\/vixav.com.vn\/index.php\/wp-json\/wp\/v2\/product_brand?post=1883"},{"taxonomy":"product_cat","embeddable":true,"href":"https:\/\/vixav.com.vn\/index.php\/wp-json\/wp\/v2\/product_cat?post=1883"},{"taxonomy":"product_tag","embeddable":true,"href":"https:\/\/vixav.com.vn\/index.php\/wp-json\/wp\/v2\/product_tag?post=1883"}],"curies":[{"name":"wp","href":"https:\/\/api.w.org\/{rel}","templated":true}]}}