{"id":1855,"date":"2022-04-06T09:18:40","date_gmt":"2022-04-06T09:18:40","guid":{"rendered":"https:\/\/vixav.com.vn\/?post_type=product&#038;p=1855"},"modified":"2025-11-11T11:07:02","modified_gmt":"2025-11-11T04:07:02","slug":"ex600-may-chieu-thong-minh-khong-day-android-danh-cho-doanh-nghiep-3600lm-xga","status":"publish","type":"product","link":"https:\/\/vixav.com.vn\/index.php\/san-pham\/ex600-may-chieu-thong-minh-khong-day-android-danh-cho-doanh-nghiep-3600lm-xga\/","title":{"rendered":"EX600 | M\u00e1y chi\u1ebfu th\u00f4ng minh kh\u00f4ng d\u00e2y Android d\u00e0nh cho doanh nghi\u1ec7p | 3600lm, XGA"},"content":{"rendered":"<div class=\"title2 f_black\"><strong>Display<\/strong><\/div>\n<div class=\"title2 f_black\">\u00a0 \u00a0 \u00a0 \u00a0 \u00a0 \u00a0 Brightness (ANSI lumens): 3600<\/div>\n<div class=\"row data_row f_gray\">\n<div class=\"col-md-4 col-sm-6 col-xs-6\">\u00a0 \u00a0 \u00a0 \u00a0 \u00a0 \u00a0 Native Resolution:\u00a0XGA (1024&#215;768)<\/div>\n<\/div>\n<div class=\"row data_row f_gray\">\n<div class=\"col-md-4 col-sm-6 col-xs-6\">\u00a0 \u00a0 \u00a0 \u00a0 \u00a0 \u00a0 Native Aspect Ratio: 4:3<\/div>\n<\/div>\n<div class=\"row data_row f_gray\">\n<div class=\"col-md-4 col-sm-6 col-xs-6\">\u00a0 \u00a0 \u00a0 \u00a0 \u00a0 \u00a0 Contrast Ratio (FOFO):\u00a020,000:1<\/div>\n<\/div>\n<div class=\"row data_row f_gray\">\n<div class=\"col-md-4 col-sm-6 col-xs-6\">\u00a0 \u00a0 \u00a0 \u00a0 \u00a0 \u00a0 Display Color: 30-bit (1.07 billion colors)<\/div>\n<\/div>\n<div class=\"row data_row f_gray\">\n<div class=\"col-md-4 col-sm-6 col-xs-6\">\u00a0 \u00a0 \u00a0 \u00a0 \u00a0 \u00a0 Light Source:\u00a0Lamp<\/div>\n<\/div>\n<div class=\"row data_row f_gray\">\n<div class=\"col-md-4 col-sm-6 col-xs-6\">\u00a0 \u00a0 \u00a0 \u00a0 \u00a0 \u00a0 Light Source Life:\u00a0a. Normal 5000 hrs,b. ECO 10000 hrs,c. SmartEco 15000 hrs,d. LampSave 15000 hrs<\/div>\n<\/div>\n<div class=\"title2 f_black\"><strong>Optical<\/strong><\/div>\n<div class=\"row data_row f_gray\">\n<div class=\"col-md-4 col-sm-6 col-xs-6\">\u00a0 \u00a0 \u00a0 \u00a0 \u00a0 \u00a0 Throw Ratio:\u00a01.96~2.15<\/div>\n<\/div>\n<div class=\"row data_row f_gray\">\n<div class=\"col-md-4 col-sm-6 col-xs-6\">\u00a0 \u00a0 \u00a0 \u00a0 \u00a0 \u00a0 Zoom Ratio:\u00a01.1x<\/div>\n<\/div>\n<div class=\"row data_row f_gray\">\n<div class=\"col-md-4 col-sm-6 col-xs-6\">\u00a0 \u00a0 \u00a0 \u00a0 \u00a0 \u00a0 Lens:\u00a0F\/# = 2.56 ~ 2.68, f = 22 ~ 24.1 mm<\/div>\n<\/div>\n<div class=\"row data_row f_gray\">\n<div class=\"col-md-4 col-sm-6 col-xs-6\">\u00a0 \u00a0 \u00a0 \u00a0 \u00a0 \u00a0 Projection Offset (Full-Height):\u00a0110%<\/div>\n<\/div>\n<div class=\"row data_row f_gray\">\n<div class=\"col-md-4 col-sm-6 col-xs-6\">\u00a0 \u00a0 \u00a0 \u00a0 \u00a0 \u00a0 Keystone Adjustment:\u00a01D, Vertical \u00b1 40 degrees<\/div>\n<\/div>\n<div class=\"title2 f_black\"><strong>Compatibility<\/strong><\/div>\n<div class=\"row data_row f_gray\">\n<div class=\"col-md-4 col-sm-6 col-xs-6\">\u00a0 \u00a0 \u00a0 \u00a0 \u00a0 \u00a0 Input Lag:34 ms (1080p@60Hz)<\/div>\n<\/div>\n<div class=\"row data_row f_gray\">\n<div class=\"col-md-4 col-sm-6 col-xs-6\">\u00a0 \u00a0 \u00a0 \u00a0 \u00a0 \u00a0 Resolution Support:\u00a0VGA(640 x 480) to WUXGA_RB(1920 x 1200) *RB=Reduced blanking<\/div>\n<\/div>\n<div class=\"row data_row f_gray\">\n<div class=\"col-md-4 col-sm-6 col-xs-6\">\u00a0 \u00a0 \u00a0 \u00a0 \u00a0 \u00a0 Horizontal Frequency:\u00a015K~102KHz<\/div>\n<\/div>\n<div class=\"row data_row f_gray\">\n<div class=\"col-md-4 col-sm-6 col-xs-6\">\u00a0 \u00a0 \u00a0 \u00a0 \u00a0 \u00a0 Vertical Scan Rate:\u00a023~120Hz<\/div>\n<\/div>\n<div class=\"title2 f_black\"><strong>I\/O Interface<\/strong><\/div>\n<div class=\"row data_row f_gray\">\n<div class=\"col-md-4 col-sm-6 col-xs-6\">\u00a0 \u00a0 \u00a0 \u00a0 \u00a0 \u00a0 PC in (D-sub 15pin):\u00a0PC in-1 (shared with component video)<\/div>\n<\/div>\n<div class=\"row data_row f_gray\">\n<div class=\"col-md-4 col-sm-6 col-xs-6\">\u00a0 \u00a0 \u00a0 \u00a0 \u00a0 \u00a0 Monitor out (D-sub 15pin):\u00a0(x1)<\/div>\n<\/div>\n<div class=\"row data_row f_gray\">\n<div class=\"col-md-4 col-sm-6 col-xs-6\">\u00a0 \u00a0 \u00a0 \u00a0 \u00a0 \u00a0 HDMI in: (x1),HDMI-1 (1.4a\/HDCP1.4)<\/div>\n<\/div>\n<div class=\"row data_row f_gray\">\n<div class=\"col-md-4 col-sm-6 col-xs-6\">\u00a0 \u00a0 \u00a0 \u00a0 \u00a0 \u00a0 USB Type A:\u00a0(x3),USB Type A-1 (2.0\/Power Supply1.0A\/Reader),USB Type A-2 (2.0\/Power Supply1.5A\/Reader),USB Type A-3 (2.0\/Wireless Dongle)<\/div>\n<\/div>\n<div class=\"row data_row f_gray\">\n<div class=\"col-md-4 col-sm-6 col-xs-6\">\u00a0 \u00a0 \u00a0 \u00a0 \u00a0 \u00a0 USB Type Mini B:\u00a0(x1),USB Type Mini B-1(service\/Page up&amp;down)<\/div>\n<\/div>\n<div class=\"row data_row f_gray\">\n<div class=\"col-md-4 col-sm-6 col-xs-6\">\u00a0 \u00a0 \u00a0 \u00a0 \u00a0 \u00a0 RS232 in (DB-9pin):\u00a0(x1)<\/div>\n<\/div>\n<div class=\"title2 f_black\"><strong>Audio<\/strong><\/div>\n<div class=\"row data_row f_gray\">\n<div class=\"col-md-4 col-sm-6 col-xs-6\">\u00a0 \u00a0 \u00a0 \u00a0 \u00a0 \u00a0 Speaker:\u00a0(x1),2W<\/div>\n<\/div>\n<div class=\"row data_row f_gray\">\n<div class=\"col-md-4 col-sm-6 col-xs-6\">\u00a0 \u00a0 \u00a0 \u00a0 \u00a0 \u00a0 Audio in (3.5mm Mini Jack):\u00a0(x1)<\/div>\n<\/div>\n<div class=\"row data_row f_gray\">\n<div class=\"col-md-4 col-sm-6 col-xs-6\">\u00a0 \u00a0 \u00a0 \u00a0 \u00a0 \u00a0 Audio out (3.5mm Mini Jack):\u00a0(x1)<\/div>\n<\/div>\n<div class=\"title2 f_black\"><strong>Environment<\/strong><\/div>\n<div class=\"row data_row f_gray\">\n<div class=\"col-md-4 col-sm-6 col-xs-6\">\u00a0 \u00a0 \u00a0 \u00a0 \u00a0 \u00a0 Power Supply:\u00a0AC 100 to 240 V, 50\/60 Hz<\/div>\n<\/div>\n<div class=\"row data_row f_gray\">\n<div class=\"col-md-4 col-sm-6 col-xs-6\">\u00a0 \u00a0 \u00a0 \u00a0 \u00a0 \u00a0 Typical Power Consumption (110V):\u00a0270W\/110V<\/div>\n<\/div>\n<div class=\"row data_row f_gray\">\n<div class=\"col-md-4 col-sm-6 col-xs-6\">\u00a0 \u00a0 \u00a0 \u00a0 \u00a0 \u00a0 Stand-by Power Consumption:\u00a0&lt;0.5W<\/div>\n<\/div>\n<div class=\"row data_row f_gray\">\n<div class=\"col-md-4 col-sm-6 col-xs-6\">\u00a0 \u00a0 \u00a0 \u00a0 \u00a0 \u00a0 Acoustic Noise (Typ.\/Eco.)(dB):\u00a033\/29 dB<\/div>\n<\/div>\n<div class=\"row data_row f_gray\">\n<div class=\"col-md-4 col-sm-6 col-xs-6\">\u00a0 \u00a0 \u00a0 \u00a0 \u00a0 \u00a0 Operating Temperature:\u00a00~40\u2103<\/div>\n<\/div>\n<div class=\"title2 f_black\"><strong>Accessories<\/strong><\/div>\n<div class=\"row data_row f_gray\">\n<div class=\"col-md-4 col-sm-6 col-xs-6\">\u00a0 \u00a0 \u00a0 \u00a0 \u00a0 \u00a0 Wireless USB dongle:\u00a0WDR02U<\/div>\n<\/div>\n<div class=\"row data_row f_gray\">\n<div class=\"col-md-4 col-sm-6 col-xs-6\">\u00a0 \u00a0 \u00a0 \u00a0 \u00a0 \u00a0 Carry Bag:\u00a0(optional),5J.J3T09.001<\/div>\n<\/div>\n<div class=\"row data_row f_gray\">\n<div class=\"col-md-4 col-sm-6 col-xs-6\">\u00a0 \u00a0 \u00a0 \u00a0 \u00a0 \u00a0 Remote Control w\/ Battery:\u00a0RCI023<\/div>\n<\/div>\n<div class=\"row data_row f_gray\">\n<div class=\"col-md-4 col-sm-6 col-xs-6\">\u00a0 \u00a0 \u00a0 \u00a0 \u00a0 \u00a0 Power Cord (by region):\u00a0x1 (1.8M)<\/div>\n<\/div>\n<div class=\"row data_row f_gray\">\n<div class=\"col-md-4 col-sm-6 col-xs-6\">\u00a0 \u00a0 \u00a0 \u00a0 \u00a0 \u00a0 VGA(D-sub 15pin) Cable:\u00a0(Standard),1 (1.5m)<\/div>\n<\/div>\n<div class=\"row data_row f_gray\">\n<div class=\"col-md-4 col-sm-6 col-xs-6\">\u00a0 \u00a0 \u00a0 \u00a0 \u00a0 \u00a0 3D Glasses:\u00a0(Optional),DGD5<\/div>\n<\/div>\n<div class=\"row data_row f_gray\">\n<div class=\"col-md-4 col-sm-6 col-xs-6\">\u00a0 \u00a0 \u00a0 \u00a0 \u00a0 \u00a0 Quick Start Guide:\u00a0(x1) 21L<\/div>\n<\/div>\n<div class=\"row data_row f_gray\">\n<div class=\"col-md-4 col-sm-6 col-xs-6\">\u00a0 \u00a0 \u00a0 \u00a0 \u00a0 \u00a0 Warranty Card (by region):\u00a0Yes<\/div>\n<\/div>\n<div class=\"row data_row f_gray\">\n<div class=\"col-md-4 col-sm-6 col-xs-6\">\u00a0 \u00a0 \u00a0 \u00a0 \u00a0 \u00a0 Universal Ceiling Mount:\u00a0(Optional),CMG3<\/div>\n<\/div>\n<div class=\"title2 f_black\"><strong>Onscreen Display<\/strong><\/div>\n<div class=\"row data_row f_gray\">\n<div class=\"col-md-4 col-sm-6 col-xs-6\">\u00a0 \u00a0 \u00a0 \u00a0 \u00a0 \u00a0 Launcher:\u00a0Smart Business<\/div>\n<\/div>\n<div class=\"title2 f_black\"><strong>Smart System<\/strong><\/div>\n<div class=\"row data_row f_gray\">\n<div class=\"col-md-4 col-sm-6 col-xs-6\">\u00a0 \u00a0 \u00a0 \u00a0 \u00a0 \u00a0 Built-in OS:\u00a0Yes, Android 6.0<\/div>\n<\/div>\n<div class=\"row data_row f_gray\">\n<div class=\"col-md-4 col-sm-6 col-xs-6\">\u00a0 \u00a0 \u00a0 \u00a0 \u00a0 \u00a0 Bluetooth:\u00a0Yes, Bluetooth 4.0<\/div>\n<\/div>\n<div class=\"row data_row f_gray\">\n<div class=\"col-md-4 col-sm-6 col-xs-6\">\u00a0 \u00a0 \u00a0 \u00a0 \u00a0 \u00a0 Wi-Fi Standard:\u00a0802.11 a\/b\/g\/n\/ac (2.4G\/5G)<\/div>\n<\/div>\n<div class=\"row data_row f_gray\">\n<div class=\"col-md-4 col-sm-6 col-xs-6\">\u00a0 \u00a0 \u00a0 \u00a0 \u00a0 \u00a0 Wireless Projection:\u00a0AirPlay<\/div>\n<\/div>\n<div class=\"title2 f_black\"><strong>Dimension &amp; Weight<\/strong><\/div>\n<div class=\"row data_row f_gray\">\n<div class=\"col-md-4 col-sm-6 col-xs-6\">\u00a0 \u00a0 \u00a0 \u00a0 \u00a0 \u00a0 Dimensions (WxHxD) (mm):\u00a0296 x120 x232<\/div>\n<\/div>\n<div class=\"row data_row f_gray\">\n<div class=\"col-md-4 col-sm-6 col-xs-6\">\u00a0 \u00a0 \u00a0 \u00a0 \u00a0 \u00a0 Net Weight (kg):\u00a02.5 kg(5lbs)<\/div>\n<\/div>\n<div class=\"row data_row f_gray\">\n<div class=\"col-md-4 col-sm-6 col-xs-6\">\u00a0 \u00a0 \u00a0 \u00a0 \u00a0 \u00a0 Net Weight (lb):\u00a05<\/div>\n<\/div>\n","protected":false},"excerpt":{"rendered":"<p>Display \u00a0 \u00a0 \u00a0 \u00a0 \u00a0 \u00a0 Brightness (ANSI lumens): 3600 \u00a0 \u00a0 \u00a0 \u00a0 \u00a0 \u00a0 Native Resolution:\u00a0XGA (1024&#215;768) \u00a0 \u00a0 \u00a0 \u00a0 \u00a0 \u00a0 Native Aspect Ratio: 4:3<\/p>\n","protected":false},"featured_media":1856,"comment_status":"open","ping_status":"closed","template":"","meta":[],"product_brand":[],"product_cat":[183,176],"product_tag":[],"class_list":{"0":"post-1855","1":"product","2":"type-product","3":"status-publish","6":"product_cat-benq","7":"product_cat-may-chieu","9":"first","10":"instock","11":"taxable","12":"shipping-taxable","13":"product-type-simple"},"_links":{"self":[{"href":"https:\/\/vixav.com.vn\/index.php\/wp-json\/wp\/v2\/product\/1855","targetHints":{"allow":["GET"]}}],"collection":[{"href":"https:\/\/vixav.com.vn\/index.php\/wp-json\/wp\/v2\/product"}],"about":[{"href":"https:\/\/vixav.com.vn\/index.php\/wp-json\/wp\/v2\/types\/product"}],"replies":[{"embeddable":true,"href":"https:\/\/vixav.com.vn\/index.php\/wp-json\/wp\/v2\/comments?post=1855"}],"wp:featuredmedia":[{"embeddable":true,"href":"https:\/\/vixav.com.vn\/index.php\/wp-json\/wp\/v2\/media\/1856"}],"wp:attachment":[{"href":"https:\/\/vixav.com.vn\/index.php\/wp-json\/wp\/v2\/media?parent=1855"}],"wp:term":[{"taxonomy":"product_brand","embeddable":true,"href":"https:\/\/vixav.com.vn\/index.php\/wp-json\/wp\/v2\/product_brand?post=1855"},{"taxonomy":"product_cat","embeddable":true,"href":"https:\/\/vixav.com.vn\/index.php\/wp-json\/wp\/v2\/product_cat?post=1855"},{"taxonomy":"product_tag","embeddable":true,"href":"https:\/\/vixav.com.vn\/index.php\/wp-json\/wp\/v2\/product_tag?post=1855"}],"curies":[{"name":"wp","href":"https:\/\/api.w.org\/{rel}","templated":true}]}}