{"id":1830,"date":"2022-03-10T04:01:27","date_gmt":"2022-03-10T04:01:27","guid":{"rendered":"https:\/\/vixav.com.vn\/?post_type=product&#038;p=1830"},"modified":"2026-04-02T19:32:48","modified_gmt":"2026-04-02T12:32:48","slug":"may-chieu-asus-h1","status":"publish","type":"product","link":"https:\/\/vixav.com.vn\/index.php\/san-pham\/may-chieu-asus-h1\/","title":{"rendered":"M\u00e1y chi\u1ebfu ASUS H1"},"content":{"rendered":"<table width=\"405\">\n<tbody>\n<tr>\n<td width=\"405\">C\u00f4ng ngh\u1ec7 hi\u1ec3n th\u1ecb: DLP<\/td>\n<\/tr>\n<tr>\n<td width=\"405\">Ngu\u1ed3n s\u00e1ng: LED<\/td>\n<\/tr>\n<tr>\n<td width=\"405\">Tu\u1ed5i th\u1ecd ngu\u1ed3n s\u00e1ng: 30000 gi\u1edd<\/td>\n<\/tr>\n<tr>\n<td width=\"405\">\u0110\u1ed9 ph\u00e2n gi\u1ea3i g\u1ed1c: 1920&#215;1080 (FHD)<\/td>\n<\/tr>\n<tr>\n<td width=\"405\">\u0110\u1ed9 ph\u00e2n gi\u1ea3i \u0111\u1ea7u v\u00e0o t\u1ed1i \u0111a: 3840&#215;2160<\/td>\n<\/tr>\n<tr>\n<td width=\"405\">\u0110\u1ed9 s\u00e1ng: 3000 Lumens<\/td>\n<\/tr>\n<tr>\n<td width=\"405\">T\u1ef7 l\u1ec7 t\u01b0\u01a1ng ph\u1ea3n: 800: 1<\/td>\n<\/tr>\n<tr>\n<td width=\"405\">\u0110\u1ed9 b\u00e3o h\u00f2a m\u00e0u: (sRGB) 125%<\/td>\n<\/tr>\n<tr>\n<td width=\"405\">M\u00e0u s\u1eafc hi\u1ec3n th\u1ecb: 1,07 B<\/td>\n<\/tr>\n<tr>\n<td width=\"405\">K\u00edch th\u01b0\u1edbc chi\u1ebfu: 40&#8243; ~ 200&#8243;<\/td>\n<\/tr>\n<tr>\n<td width=\"405\">Ch\u00eanh l\u1ec7ch chi\u1ebfu: 83% \u00b1 5%<\/td>\n<\/tr>\n<tr>\n<td width=\"405\">T\u1ef7 l\u1ec7 thu ph\u00f3ng: 1,2x<\/td>\n<\/tr>\n<tr>\n<td width=\"405\">\u0110i\u1ec1u ch\u1ec9nh Keystone: C\u00f3, \u00b1 40 \u00b0 (Vertical)<\/td>\n<\/tr>\n<tr>\n<td width=\"405\">T\u1ef7 l\u1ec7 khung h\u00ecnh: 4: 3, 16: 9. 16:10, Auto<\/td>\n<\/tr>\n<tr>\n<td width=\"405\">H\u1ed7 tr\u1ee3 3D<\/td>\n<\/tr>\n<tr>\n<td width=\"405\">H\u1ed7 tr\u1ee3 HDCP<\/td>\n<\/tr>\n<tr>\n<td width=\"405\">Loa: 10W<\/td>\n<\/tr>\n<tr>\n<td width=\"405\">C\u1ed5ng k\u1ebft n\u1ed1i: &#8220;HDMI; VGA; USB-A; RJ45; RS232<\/td>\n<\/tr>\n<\/tbody>\n<\/table>\n","protected":false},"excerpt":{"rendered":"<p><span>M\u00e1y chi\u1ebfu LED ASUS H1 &#8211; Full HD (1920 x 1080), 3000 Lumens, 120 Hz, 125% Rec.\u00a0<\/span><span>709, 125% sRGB, Ch\u1ee9ng nh\u1eadn k\u1ebft n\u1ed1i Crestron, Loa t\u00edch h\u1ee3p 10W, \u0111\u1ea7u ra HDMI, RS-232, RJ45, Full HD @ 120Hz tr\u00ean PS5 &amp; Xbox Series X \/ S<\/span><\/p>\n","protected":false},"featured_media":1835,"comment_status":"open","ping_status":"closed","template":"","meta":[],"product_brand":[],"product_cat":[235,176],"product_tag":[],"class_list":{"0":"post-1830","1":"product","2":"type-product","3":"status-publish","6":"product_cat-asus","7":"product_cat-may-chieu","9":"first","10":"instock","11":"taxable","12":"shipping-taxable","13":"product-type-simple"},"_links":{"self":[{"href":"https:\/\/vixav.com.vn\/index.php\/wp-json\/wp\/v2\/product\/1830","targetHints":{"allow":["GET"]}}],"collection":[{"href":"https:\/\/vixav.com.vn\/index.php\/wp-json\/wp\/v2\/product"}],"about":[{"href":"https:\/\/vixav.com.vn\/index.php\/wp-json\/wp\/v2\/types\/product"}],"replies":[{"embeddable":true,"href":"https:\/\/vixav.com.vn\/index.php\/wp-json\/wp\/v2\/comments?post=1830"}],"wp:featuredmedia":[{"embeddable":true,"href":"https:\/\/vixav.com.vn\/index.php\/wp-json\/wp\/v2\/media\/1835"}],"wp:attachment":[{"href":"https:\/\/vixav.com.vn\/index.php\/wp-json\/wp\/v2\/media?parent=1830"}],"wp:term":[{"taxonomy":"product_brand","embeddable":true,"href":"https:\/\/vixav.com.vn\/index.php\/wp-json\/wp\/v2\/product_brand?post=1830"},{"taxonomy":"product_cat","embeddable":true,"href":"https:\/\/vixav.com.vn\/index.php\/wp-json\/wp\/v2\/product_cat?post=1830"},{"taxonomy":"product_tag","embeddable":true,"href":"https:\/\/vixav.com.vn\/index.php\/wp-json\/wp\/v2\/product_tag?post=1830"}],"curies":[{"name":"wp","href":"https:\/\/api.w.org\/{rel}","templated":true}]}}