{"id":1812,"date":"2022-03-10T03:35:11","date_gmt":"2022-03-10T03:35:11","guid":{"rendered":"https:\/\/vixav.com.vn\/?post_type=product&#038;p=1812"},"modified":"2026-04-20T03:00:38","modified_gmt":"2026-04-19T20:00:38","slug":"may-chieu-asus-zenbeam-latte-l1","status":"publish","type":"product","link":"https:\/\/vixav.com.vn\/index.php\/san-pham\/may-chieu-asus-zenbeam-latte-l1\/","title":{"rendered":"M\u00e1y chi\u1ebfu ASUS ZenBeam Latte L1"},"content":{"rendered":"<table width=\"405\">\n<tbody>\n<tr>\n<td width=\"405\">M\u00e1y chi\u1ebfu ASUS ZenBeam Latte L1<\/td>\n<\/tr>\n<tr>\n<td width=\"405\">C\u00f4ng ngh\u1ec7 hi\u1ec3n th\u1ecb: DLP<\/td>\n<\/tr>\n<tr>\n<td width=\"405\">Ngu\u1ed3n s\u00e1ng: LED<\/td>\n<\/tr>\n<tr>\n<td width=\"405\">Tu\u1ed5i th\u1ecd ngu\u1ed3n s\u00e1ng: 30000 gi\u1edd<\/td>\n<\/tr>\n<tr>\n<td>\u0110\u1ed9 ph\u00e2n gi\u1ea3i g\u1ed1c: 1280&#215;720 (HD)<\/td>\n<\/tr>\n<tr>\n<td width=\"405\">\u0110\u1ed9 ph\u00e2n gi\u1ea3i \u0111\u1ea7u v\u00e0o t\u1ed1i \u0111a: 1920&#215;1080<\/td>\n<\/tr>\n<tr>\n<td width=\"405\">\u0110\u1ed9 s\u00e1ng: 300 LED Lumen<\/td>\n<\/tr>\n<tr>\n<td width=\"405\">Kho\u1ea3ng c\u00e1ch chi\u1ebfu: 0,8m ~ 3,2m<\/td>\n<\/tr>\n<tr>\n<td width=\"405\">K\u00edch th\u01b0\u1edbc chi\u1ebfu: 30 &#8220;~ 120&#8221;<\/td>\n<\/tr>\n<tr>\n<td width=\"405\">Ch\u00eanh l\u1ec7ch chi\u1ebfu: 100% \u00b1 5%<\/td>\n<\/tr>\n<tr>\n<td width=\"405\">\u0110i\u1ec1u ch\u1ec9nh Keystone: C\u00f3, \u00b1 40 \u00b0 (D\u1ecdc<\/td>\n<\/tr>\n<tr>\n<td width=\"405\">Keystone t\u1ef1 \u0111\u1ed9ng: C\u00f3<\/td>\n<\/tr>\n<tr>\n<td width=\"405\">Loa : 5Wx2<\/td>\n<\/tr>\n<tr>\n<td width=\"405\">C\u1ed5ng k\u1ebft n\u1ed1i: HDMI: x 1; USB-A: x 1 (Ngu\u1ed3n ra 5V \/ 1A<\/td>\n<\/tr>\n<tr>\n<td width=\"405\">Chi\u1ebfu kh\u00f4ng d\u00e2y: WIFI, Bluetooth<\/td>\n<\/tr>\n<tr>\n<td width=\"405\">Dung l\u01b0\u1ee3ng pin 22W<\/td>\n<\/tr>\n<tr>\n<td width=\"405\">Th\u1eddi gian pin (T\u1ed1i \u0111a) L\u00ean \u0111\u1ebfn 3 gi\u1edd<\/td>\n<\/tr>\n<\/tbody>\n<\/table>\n","protected":false},"excerpt":{"rendered":"<p>M\u00e1y chi\u1ebfu ASUS ZenBeam Latte L1 C\u00f4ng ngh\u1ec7 hi\u1ec3n th\u1ecb: DLP Ngu\u1ed3n s\u00e1ng: LED Tu\u1ed5i th\u1ecd ngu\u1ed3n s\u00e1ng: 30000 gi\u1edd \u0110\u1ed9 ph\u00e2n gi\u1ea3i g\u1ed1c: 1280&#215;720 (HD) \u0110\u1ed9 ph\u00e2n gi\u1ea3i \u0111\u1ea7u<\/p>\n","protected":false},"featured_media":1816,"comment_status":"open","ping_status":"closed","template":"","meta":[],"product_brand":[],"product_cat":[235,176],"product_tag":[],"class_list":{"0":"post-1812","1":"product","2":"type-product","3":"status-publish","6":"product_cat-asus","7":"product_cat-may-chieu","9":"first","10":"instock","11":"taxable","12":"shipping-taxable","13":"product-type-simple"},"_links":{"self":[{"href":"https:\/\/vixav.com.vn\/index.php\/wp-json\/wp\/v2\/product\/1812","targetHints":{"allow":["GET"]}}],"collection":[{"href":"https:\/\/vixav.com.vn\/index.php\/wp-json\/wp\/v2\/product"}],"about":[{"href":"https:\/\/vixav.com.vn\/index.php\/wp-json\/wp\/v2\/types\/product"}],"replies":[{"embeddable":true,"href":"https:\/\/vixav.com.vn\/index.php\/wp-json\/wp\/v2\/comments?post=1812"}],"wp:featuredmedia":[{"embeddable":true,"href":"https:\/\/vixav.com.vn\/index.php\/wp-json\/wp\/v2\/media\/1816"}],"wp:attachment":[{"href":"https:\/\/vixav.com.vn\/index.php\/wp-json\/wp\/v2\/media?parent=1812"}],"wp:term":[{"taxonomy":"product_brand","embeddable":true,"href":"https:\/\/vixav.com.vn\/index.php\/wp-json\/wp\/v2\/product_brand?post=1812"},{"taxonomy":"product_cat","embeddable":true,"href":"https:\/\/vixav.com.vn\/index.php\/wp-json\/wp\/v2\/product_cat?post=1812"},{"taxonomy":"product_tag","embeddable":true,"href":"https:\/\/vixav.com.vn\/index.php\/wp-json\/wp\/v2\/product_tag?post=1812"}],"curies":[{"name":"wp","href":"https:\/\/api.w.org\/{rel}","templated":true}]}}