{"id":1782,"date":"2022-02-14T08:50:20","date_gmt":"2022-02-14T08:50:20","guid":{"rendered":"https:\/\/vixav.com.vn\/?post_type=product&#038;p=1782"},"modified":"2026-04-02T19:33:32","modified_gmt":"2026-04-02T12:33:32","slug":"may-chieu-cheerlux-c50","status":"publish","type":"product","link":"https:\/\/vixav.com.vn\/index.php\/san-pham\/may-chieu-cheerlux-c50\/","title":{"rendered":"M\u00e1y chi\u1ebfu Cheerlux C50"},"content":{"rendered":"","protected":false},"excerpt":{"rendered":"<p>M\u00e1y chi\u1ebfu Cheerlux C50.<\/p>\n<p>L\u00e0 d\u00f2ng m\u00e1y n\u1eb1m trong ph\u00e2n kh\u00fac m\u00e1y fullHD c\u1ee1 v\u1eeba. V\u1edbi \u01b0u \u0111i\u1ec3m v\u1ec1 k\u00edch th\u01b0\u1edbc nh\u1ecf g\u1ecdn nh\u01b0ng v\u1eabn c\u00f3 c\u00f4ng su\u1ea5t v\u1eeba \u0111\u1ee7 \u1edf 100w n\u00ean cho ra h\u00ecnh \u1ea3nh \u1edf m\u1ee9c cao h\u01a1n nhi\u1ec1u so v\u1edbi c\u00e1c d\u00f2ng FullHD mini nh\u01b0 wejoy Y1 hay Beecube X2max.<\/p>\n<p>Th\u00f4ng s\u1ed1 k\u1ef9 thu\u1eadt: Ki\u1ec3u m\u00e1y chi\u1ebfu LED &#8211; LCD \u0111\u01a1n<\/p>\n<p>S\u01b0\u0309 du\u0323ng Pho\u0300ng ho\u0323p, gia\u0301 du\u0323c, gia\u0309i tri\u0301 gia \u0111i\u0300nh<\/p>\n<p>\u0110\u00f4\u0323 sa\u0301ng 3800 lumens<\/p>\n<p>T\u01b0\u01a1ng pha\u0309n 2500:1 C\u00e2n n\u0103\u0323ng 1.95kg<\/p>\n<p>\u0110\u00f4\u0323 ph\u00e2n gia\u0309i th\u01b0\u0323c 1920*1080 , ph\u00e2n gi\u1ea3i v\u1eadt l\u00fd \u0111\u1ee7 FullHD<\/p>\n<p>Khoa\u0309ng ca\u0301ch chi\u00ea\u0301u 1-5m<\/p>\n<p>Ch\u1ec9nh nghi\u00eang Ch\u1ec9nh tay \u00b115\u00b0, \u0111i\u1ec7n t\u1eed \u00b145\u00b0 cho c\u1ea3 2 chi\u1ec1u ngang v\u00e0 d\u1ecdc Lamp LED Lamp 50.000 gi\u01a1\u0300 Lens Manual Focus<\/p>\n<p>Ha\u0303ng s\u1ea3n xu\u1ea5t Cheerlux Model Number C50 T\u1ef7 l\u1ec7 chi\u1ebfu 4:3 \/ 16:9 M\u00e0u s\u1eafc \u0110en ho\u1eb7c tr\u1eafng<\/p>\n<p>K\u00edch c\u1ee1 chi\u1ebfu 50-150 Inch (best) Loa 4\u03a93w<\/p>\n<p>K\u00edch th\u01b0\u1edbc 260*210*102 mm C\u00f4ng su\u1ea5t 100W<\/p>\n","protected":false},"featured_media":1783,"comment_status":"open","ping_status":"closed","template":"","meta":[],"product_brand":[],"product_cat":[234,176,188],"product_tag":[],"class_list":{"0":"post-1782","1":"product","2":"type-product","3":"status-publish","6":"product_cat-cheerlux","7":"product_cat-may-chieu","8":"product_cat-may-chieu-mini","10":"first","11":"instock","12":"taxable","13":"shipping-taxable","14":"purchasable","15":"product-type-simple"},"_links":{"self":[{"href":"https:\/\/vixav.com.vn\/index.php\/wp-json\/wp\/v2\/product\/1782","targetHints":{"allow":["GET"]}}],"collection":[{"href":"https:\/\/vixav.com.vn\/index.php\/wp-json\/wp\/v2\/product"}],"about":[{"href":"https:\/\/vixav.com.vn\/index.php\/wp-json\/wp\/v2\/types\/product"}],"replies":[{"embeddable":true,"href":"https:\/\/vixav.com.vn\/index.php\/wp-json\/wp\/v2\/comments?post=1782"}],"wp:featuredmedia":[{"embeddable":true,"href":"https:\/\/vixav.com.vn\/index.php\/wp-json\/wp\/v2\/media\/1783"}],"wp:attachment":[{"href":"https:\/\/vixav.com.vn\/index.php\/wp-json\/wp\/v2\/media?parent=1782"}],"wp:term":[{"taxonomy":"product_brand","embeddable":true,"href":"https:\/\/vixav.com.vn\/index.php\/wp-json\/wp\/v2\/product_brand?post=1782"},{"taxonomy":"product_cat","embeddable":true,"href":"https:\/\/vixav.com.vn\/index.php\/wp-json\/wp\/v2\/product_cat?post=1782"},{"taxonomy":"product_tag","embeddable":true,"href":"https:\/\/vixav.com.vn\/index.php\/wp-json\/wp\/v2\/product_tag?post=1782"}],"curies":[{"name":"wp","href":"https:\/\/api.w.org\/{rel}","templated":true}]}}