{"id":1776,"date":"2022-02-14T08:24:18","date_gmt":"2022-02-14T08:24:18","guid":{"rendered":"https:\/\/vixav.com.vn\/?post_type=product&#038;p=1776"},"modified":"2026-04-02T19:39:22","modified_gmt":"2026-04-02T12:39:22","slug":"may-chieu-salange-ms90","status":"publish","type":"product","link":"https:\/\/vixav.com.vn\/index.php\/san-pham\/may-chieu-salange-ms90\/","title":{"rendered":"M\u00e1y chi\u1ebfu Salange MS90"},"content":{"rendered":"","protected":false},"excerpt":{"rendered":"<p>M\u00e1y chi\u1ebfu Salange MS90 Full HD<\/p>\n<p>&#8211; H\u1ec7 \u0111i\u1ec1u h\u00e0nh Android.<\/p>\n<p>Ph\u00e2n gi\u1ea3i: FullHD 1920&#215;1080<\/p>\n<p>&#8211; \u0110\u1ed9 s\u00e1ng: 220 ansilumens<\/p>\n<p>&#8211; \u0110\u00e8n led tu\u1ed5i th\u1ecd &gt; 30.000 gi\u1edd &#8211; T\u01b0\u01a1ng ph\u1ea3n: 5000:1<\/p>\n<p>&#8211; T\u1ef7 l\u1ec7 chi\u1ebfu: 1:1.37<\/p>\n<p>&#8211; Keystone t\u1ef1 \u0111\u1ed9ng 2 chi\u1ebfu 45 \u0111\u1ed9, Keystone tay 15 \u0111\u1ed9<\/p>\n<p>T\u00ecnh tr\u1ea1ng: m\u00e1y ch\u01b0a s\u1eed d\u1ee5ng, chi\u1ebfu s\u00e1ng \u0111\u1eb9p r\u00f5 n\u00e9t. Ph\u00f9 h\u1ee3p v\u1edbi qu\u00e1n cafe, ph\u00f2ng phim, gi\u1ea3i tr\u00ed gia \u0111\u00ecnh&#8230;<\/p>\n","protected":false},"featured_media":1777,"comment_status":"open","ping_status":"closed","template":"","meta":[],"product_brand":[],"product_cat":[175,188,233],"product_tag":[],"class_list":{"0":"post-1776","1":"product","2":"type-product","3":"status-publish","6":"product_cat-man-chieu","7":"product_cat-may-chieu-mini","8":"product_cat-salange","10":"first","11":"instock","12":"taxable","13":"shipping-taxable","14":"purchasable","15":"product-type-simple"},"_links":{"self":[{"href":"https:\/\/vixav.com.vn\/index.php\/wp-json\/wp\/v2\/product\/1776","targetHints":{"allow":["GET"]}}],"collection":[{"href":"https:\/\/vixav.com.vn\/index.php\/wp-json\/wp\/v2\/product"}],"about":[{"href":"https:\/\/vixav.com.vn\/index.php\/wp-json\/wp\/v2\/types\/product"}],"replies":[{"embeddable":true,"href":"https:\/\/vixav.com.vn\/index.php\/wp-json\/wp\/v2\/comments?post=1776"}],"wp:featuredmedia":[{"embeddable":true,"href":"https:\/\/vixav.com.vn\/index.php\/wp-json\/wp\/v2\/media\/1777"}],"wp:attachment":[{"href":"https:\/\/vixav.com.vn\/index.php\/wp-json\/wp\/v2\/media?parent=1776"}],"wp:term":[{"taxonomy":"product_brand","embeddable":true,"href":"https:\/\/vixav.com.vn\/index.php\/wp-json\/wp\/v2\/product_brand?post=1776"},{"taxonomy":"product_cat","embeddable":true,"href":"https:\/\/vixav.com.vn\/index.php\/wp-json\/wp\/v2\/product_cat?post=1776"},{"taxonomy":"product_tag","embeddable":true,"href":"https:\/\/vixav.com.vn\/index.php\/wp-json\/wp\/v2\/product_tag?post=1776"}],"curies":[{"name":"wp","href":"https:\/\/api.w.org\/{rel}","templated":true}]}}