{"id":1765,"date":"2022-02-14T08:01:33","date_gmt":"2022-02-14T08:01:33","guid":{"rendered":"https:\/\/vixav.com.vn\/?post_type=product&#038;p=1765"},"modified":"2026-04-20T03:04:36","modified_gmt":"2026-04-19T20:04:36","slug":"may-chieu-mini-cheerlux-c9-hd","status":"publish","type":"product","link":"https:\/\/vixav.com.vn\/index.php\/san-pham\/may-chieu-mini-cheerlux-c9-hd\/","title":{"rendered":"M\u00e1y Chi\u1ebfu Mini Cheerlux C9 HD"},"content":{"rendered":"","protected":false},"excerpt":{"rendered":"<p>M\u00e1y Chi\u1ebfu Mini Cheerlux C9 HD, Xem n\u00e9t 100 Inch gi\u00e1 c\u1ef1c r\u1ebb:<\/p>\n<p>&#8211; C\u01b0\u1eddng \u0111\u1ed9 s\u00e1ng 2800 Lumens<\/p>\n<p>&#8211; B\u00f3ng \u0111\u00e8n Tu\u1ed5i th\u1ecd 50.000h<\/p>\n<p>&#8211; K\u00edch th\u01b0\u1edbc chi\u1ebfu 40-160 inch (xem n\u00e9t 40-120)<\/p>\n<p>&#8211; Keystone \u0110i\u1ec1u ch\u1ec9nh g\u00f3c nghi\u00eang 20 \u0111\u1ed9 &#8211; \u0110\u1ed9 \u1ed3n\/ Loa &lt;22dB \/ 2W<\/p>\n<p>&#8211; Ngu\u1ed3n \u0111i\u1ec7n AC 90-240V \/ 50-60Hz<\/p>\n<p>&#8211; C\u1ed5ng k\u1ebft n\u1ed1i 2 HDMI\/ 2 USB \/AV \/ VGA \/Headphone &#8211; USB input support 2.0 High Speed input, support 1080P picture, video, audio format.<\/p>\n<p>&#8211; K\u00edch th\u01b0\u1edbc 22.20 x 16.50 x 8.70 cm<\/p>\n<p>&#8211; Tr\u1ecdng l\u01b0\u1ee3ng\/\u0111\u00f3ng g\u00f3i 1.5Kg\/2kg<\/p>\n<p>&#8211; Ph\u1ee5 ki\u1ec7n \u0111i k\u00e8m C\u00e1p ngu\u1ed3n, c\u00e1p AV, Remote, s\u00e1ch h\u01b0\u1edbng d\u1eabn.<\/p>\n<p>&#8211; T\u00ecnh tr\u1ea1ng: M\u00e1y m\u1edbi 100%, chi\u1ebfu s\u00e1ng \u0111\u1eb9p r\u00f5 n\u00e9t. Ph\u00f9 h\u1ee3p ph\u00f2ng phim gia \u0111\u00ecnh, cafe&#8230;..<\/p>\n","protected":false},"featured_media":1770,"comment_status":"open","ping_status":"closed","template":"","meta":[],"product_brand":[],"product_cat":[234,175,188],"product_tag":[],"class_list":{"0":"post-1765","1":"product","2":"type-product","3":"status-publish","6":"product_cat-cheerlux","7":"product_cat-man-chieu","8":"product_cat-may-chieu-mini","10":"first","11":"instock","12":"sale","13":"taxable","14":"shipping-taxable","15":"purchasable","16":"product-type-simple"},"_links":{"self":[{"href":"https:\/\/vixav.com.vn\/index.php\/wp-json\/wp\/v2\/product\/1765","targetHints":{"allow":["GET"]}}],"collection":[{"href":"https:\/\/vixav.com.vn\/index.php\/wp-json\/wp\/v2\/product"}],"about":[{"href":"https:\/\/vixav.com.vn\/index.php\/wp-json\/wp\/v2\/types\/product"}],"replies":[{"embeddable":true,"href":"https:\/\/vixav.com.vn\/index.php\/wp-json\/wp\/v2\/comments?post=1765"}],"wp:featuredmedia":[{"embeddable":true,"href":"https:\/\/vixav.com.vn\/index.php\/wp-json\/wp\/v2\/media\/1770"}],"wp:attachment":[{"href":"https:\/\/vixav.com.vn\/index.php\/wp-json\/wp\/v2\/media?parent=1765"}],"wp:term":[{"taxonomy":"product_brand","embeddable":true,"href":"https:\/\/vixav.com.vn\/index.php\/wp-json\/wp\/v2\/product_brand?post=1765"},{"taxonomy":"product_cat","embeddable":true,"href":"https:\/\/vixav.com.vn\/index.php\/wp-json\/wp\/v2\/product_cat?post=1765"},{"taxonomy":"product_tag","embeddable":true,"href":"https:\/\/vixav.com.vn\/index.php\/wp-json\/wp\/v2\/product_tag?post=1765"}],"curies":[{"name":"wp","href":"https:\/\/api.w.org\/{rel}","templated":true}]}}