{"id":1741,"date":"2022-01-07T03:16:37","date_gmt":"2022-01-07T03:16:37","guid":{"rendered":"https:\/\/vixav.com.vn\/?post_type=product&#038;p=1741"},"modified":"2025-11-11T11:07:02","modified_gmt":"2025-11-11T04:07:02","slug":"bo-dieu-khien-noi-dung-quang-cao-player-ds-200","status":"publish","type":"product","link":"https:\/\/vixav.com.vn\/index.php\/san-pham\/bo-dieu-khien-noi-dung-quang-cao-player-ds-200\/","title":{"rendered":"B\u1ed9 \u0111i\u1ec1u khi\u1ec3n n\u1ed9i dung qu\u1ea3ng c\u00e1o Player DS 200"},"content":{"rendered":"<p><strong>TH\u00d4NG S\u1ed0 K\u1ef8 THU\u1eacT<\/strong><\/p>\n<p><strong>Kh\u1ea3 n\u0103ng t\u01b0\u01a1ng th\u00edch s\u1ea3n ph\u1ea9m:<\/strong> T\u1ea5t c\u1ea3 m\u00e1y chi\u1ebfu \/ TV \/ M\u00e0n h\u00ecnh (v\u1edbi \u0111\u1ea7u v\u00e0o HDMI)<\/p>\n<p><strong>\u0110\u1eb7c \u0111i\u1ec3m k\u1ef9 thu\u1eadt ph\u1ea7n c\u1ee9ng<\/strong><\/p>\n<p>CPU (SoC): ARM Quad-Core Cortex-A9 1,2 GHz<\/p>\n<p>GPU: Mali400 Quad-Core<\/p>\n<p>H\u1ec7 \u0111i\u1ec1u h\u00e0nh: Android 4.4.2<\/p>\n<p>RAM: DDR3-1GB<\/p>\n<p><strong>B\u1ed9 nh\u1edb<\/strong><br \/>\nN\u1ed9i b\u1ed9: 8GB NAND Flash<\/p>\n<p>B\u00ean ngo\u00e0i: H\u1ed7 tr\u1ee3 Micro SD, l\u00ean \u0111\u1ebfn 32GB<\/p>\n<p><strong>Ng\u00f4n ng\u1eef<\/strong><\/p>\n<p>M\u1eb7c \u0111\u1ecbnh: Ti\u1ebfng Anh; M\u1ea1ng h\u1ed7 tr\u1ee3 \u0111a ng\u00f4n ng\u1eef<\/p>\n<p><strong>K\u1ebft n\u1ed1i<\/strong><\/p>\n<p>WiFi: 802.11 b \/ g \/ n<\/p>\n<p>Giao di\u1ec7n Ethernet: RJ45 10 \/ 100M Fast Ethernet<\/p>\n<p>\u0110\u1ea7u ra hi\u1ec3n th\u1ecb: HDMI x 1<\/p>\n<p>\u0110\u1ea7u v\u00e0o USB: USB x 2<\/p>\n<p>\u0110\u1ea7u \u0111\u1ecdc th\u1ebb: Khe c\u1eafm th\u1ebb nh\u1edb Micro SD x 1<\/p>\n<p>\u0110\u1ea7u v\u00e0o ngu\u1ed3n: Jack ngu\u1ed3n (5V \/ 2A)<\/p>\n<p>M\u1ea1ng: C\u1ed5ng LAN RJ45 x 1<\/p>\n<p>\u0102ng-ten: \u0102ng-ten Wi-Fi 2.4G<\/p>\n<p>Ch\u1ec9 b\u00e1o LED: M\u00e0u tr\u1eafng (B\u1eadt ngu\u1ed3n)<\/p>\n<p><strong>Th\u00f4ng s\u1ed1 ph\u01b0\u01a1ng ti\u1ec7n<\/strong><\/p>\n<p>B\u1ed9 gi\u1ea3i m\u00e3 video: B\u1ed9 gi\u1ea3i m\u00e3 video th\u1eddi gian th\u1ef1c MPEG-1, MPEG-2, MPEG-4, H.263, H.264, AVS, VC-1, RV, VP6 \/ VP8, Sorenson Spark, MVC<\/p>\n<p>H.264 l\u00ean \u0111\u1ebfn HP c\u1ea5p 4.2: 1080p @ 60fps (1920&#215;1088)<\/p>\n<p>MPEG-4 l\u00ean \u0111\u1ebfn ASP c\u1ea5p 5: 1080p @ 60fps (1920&#215;1088)<\/p>\n<p>MPEG-2 l\u00ean \u0111\u1ebfn MP: 1080p @ 60fps (1920&#215;1088)<\/p>\n<p>MPEG-1 l\u00ean \u0111\u1ebfn MP: 1080p @ 60fps (1920&#215;1088) H.263: 576p @ 60fps (720&#215;576)<\/p>\n<p>Sorenson Spark: 1080p @ 60fps (1920&#215;1088)<\/p>\n<p>VC-1 l\u00ean \u0111\u1ebfn AP c\u1ea5p 3: 1080p @ 30fps (1920&#215;1088) RV8 \/ RV9 \/ RV10: 1080p @ 60fps (1920&#215;1088) VP6 \/ VP8: 1080p @ 60fps (1920&#215;1088)<\/p>\n<p>AVS: 1080p @ 60fps (1920&#215;1088) MVC: 1080p @ 60fps (1920&#215;1088)<\/p>\n<p><strong>\u00a0 \u00a0 \u00a0\u0110\u1ed9 ph\u00e2n gi\u1ea3i:<\/strong> Full HD 1080P<\/p>\n<p>Tr\u00ecnh duy\u1ec7t h\u00ecnh \u1ea3nh: Qu\u1ea3n l\u00fd n\u1ed9i dung JPEG, BMP, PNG (Mi\u1ec5n ph\u00ed v\u00e0 ODM, t\u00f9y ch\u1ec9nh cho kh\u00e1ch h\u00e0ng)<\/p>\n<p>EZpost: C\u00f4ng c\u1ee5 ch\u1ec9nh s\u1eeda bi\u1ec3n b\u00e1o mi\u1ec5n ph\u00ed<\/p>\n<p>Cloudpost: N\u1ec1n t\u1ea3ng qu\u1ea3n l\u00fd \u0111\u00e1m m\u00e2y mi\u1ec5n ph\u00ed \u0110\u0103ng nh\u1eadp: bi\u1ec3n b\u00e1o \/ b\u1ea3ng ch\u1ec9 d\u1eabn<\/p>\n","protected":false},"excerpt":{"rendered":"<ul>\n<li>CPU m\u1ea1nh m\u1ebd ARM Quad-Core Cortex-A9<\/li>\n<li>H\u1ed7 tr\u1ee3 ph\u00e1t tr\u1ef1c tuy\u1ebfn qua Internet: HMTL5, RTSP, HLS, ph\u00e1t tr\u1ef1c tuy\u1ebfn m\u01b0\u1ee3t m\u00e0<\/li>\n<li>B\u1ed9 nh\u1edb ngo\u00e0i: B\u1ed9 nh\u1edb USB, th\u1ebb Micro SD t\u1ed1i \u0111a 32GB (FAT32 \/ NTFS)<\/li>\n<li>H\u1ed7 tr\u1ee3 ph\u00e1t HTML5 v\u00e0 n\u1ed9i dung \u0111a ph\u01b0\u01a1ng ti\u1ec7n<\/li>\n<li>N\u00e2ng c\u1ea5p h\u1ec7 th\u1ed1ng Qua \u0111\u0129a USB \/ Th\u1ebb Micro SD \/ M\u1ea1ng<\/li>\n<li>H\u1ed7 tr\u1ee3 Ng\u01b0\u1eddi d\u00f9ng ch\u1ec9 \u0111\u1ecbnh APK \u0111\u1ec3 th\u1ef1c thi ngay sau khi h\u1ec7 th\u1ed1ng kh\u1edfi \u0111\u1ed9ng<\/li>\n<li>C\u00f4ng c\u1ee5 ch\u1ec9nh s\u1eeda bi\u1ec3n b\u00e1o mi\u1ec5n ph\u00ed: EZpost<\/li>\n<li>N\u1ec1n t\u1ea3ng qu\u1ea3n l\u00fd bi\u1ec3n b\u00e1o \u0111\u00e1m m\u00e2y mi\u1ec5n ph\u00ed: Cloudpost<\/li>\n<\/ul>\n","protected":false},"featured_media":1743,"comment_status":"open","ping_status":"closed","template":"","meta":[],"product_brand":[],"product_cat":[224,225],"product_tag":[],"class_list":{"0":"post-1741","1":"product","2":"type-product","3":"status-publish","6":"product_cat-ds","7":"product_cat-vix","9":"first","10":"instock","11":"taxable","12":"shipping-taxable","13":"product-type-simple"},"_links":{"self":[{"href":"https:\/\/vixav.com.vn\/index.php\/wp-json\/wp\/v2\/product\/1741","targetHints":{"allow":["GET"]}}],"collection":[{"href":"https:\/\/vixav.com.vn\/index.php\/wp-json\/wp\/v2\/product"}],"about":[{"href":"https:\/\/vixav.com.vn\/index.php\/wp-json\/wp\/v2\/types\/product"}],"replies":[{"embeddable":true,"href":"https:\/\/vixav.com.vn\/index.php\/wp-json\/wp\/v2\/comments?post=1741"}],"wp:featuredmedia":[{"embeddable":true,"href":"https:\/\/vixav.com.vn\/index.php\/wp-json\/wp\/v2\/media\/1743"}],"wp:attachment":[{"href":"https:\/\/vixav.com.vn\/index.php\/wp-json\/wp\/v2\/media?parent=1741"}],"wp:term":[{"taxonomy":"product_brand","embeddable":true,"href":"https:\/\/vixav.com.vn\/index.php\/wp-json\/wp\/v2\/product_brand?post=1741"},{"taxonomy":"product_cat","embeddable":true,"href":"https:\/\/vixav.com.vn\/index.php\/wp-json\/wp\/v2\/product_cat?post=1741"},{"taxonomy":"product_tag","embeddable":true,"href":"https:\/\/vixav.com.vn\/index.php\/wp-json\/wp\/v2\/product_tag?post=1741"}],"curies":[{"name":"wp","href":"https:\/\/api.w.org\/{rel}","templated":true}]}}