{"id":1738,"date":"2022-01-05T07:26:53","date_gmt":"2022-01-05T07:26:53","guid":{"rendered":"https:\/\/vixav.com.vn\/?post_type=product&#038;p=1738"},"modified":"2025-11-11T11:07:11","modified_gmt":"2025-11-11T04:07:11","slug":"thiet-bi-quan-ly-noi-dung-quang-cao-player-vix-b537","status":"publish","type":"product","link":"https:\/\/vixav.com.vn\/index.php\/san-pham\/thiet-bi-quan-ly-noi-dung-quang-cao-player-vix-b537\/","title":{"rendered":"B\u1ed9 \u0111i\u1ec1u khi\u1ec3n n\u1ed9i dung qu\u1ea3ng c\u00e1o Player ViX B537"},"content":{"rendered":"<p><strong>H\u1ed7 tr\u1ee3 CPU<\/strong><br \/>\n&#8211; B\u1ed9 x\u1eed l\u00fd lo\u1ea1i \u1ed5 c\u1eafm Intel\u00ae Core \u2122 th\u1ebf h\u1ec7 th\u1ee9 7 l\u00ean \u0111\u1ebfn 35W<br \/>\nChipset<br \/>\n&#8211; Intel\u00ae PCH H110 (B537)<br \/>\n&#8211; Intel\u00ae PCH Q170 (B537-I)<br \/>\n<strong>\u0110\u1ed3 h\u1ecda<\/strong><br \/>\n&#8211; \u0110\u1ed3 h\u1ecda HD Intel\u00ae d\u00f2ng 600<br \/>\n<strong>B\u1ed9 nh\u1edb ch\u00ednh<\/strong><br \/>\n&#8211; 2 x 260-pin SO-DIMM Sockets, h\u1ed7 tr\u1ee3 DDR4 1866\/2133 MHz Non<br \/>\nECC, B\u1ed9 nh\u1edb kh\u00f4ng \u0111\u1ec7m l\u00ean \u0111\u1ebfn 32G (\u1ed4 c\u1eafm \u0111\u01a1n t\u1ed1i \u0111a. 16GB)<br \/>\n<strong>I \/ O Interface-Front<\/strong><br \/>\n&#8211; 1 x N\u00fat ngu\u1ed3n v\u1edbi \u0111\u00e8n LED<br \/>\n&#8211; 1 x \u0110\u00e8n LED ngu\u1ed3n \/ \u0110\u00e8n LED \u1ed5 c\u1ee9ng<br \/>\n&#8211; 2 x USB3.0<br \/>\n&#8211; 1 x HDMI 2.0, 1 x HDMI 1.4<br \/>\n&#8211; 1 x 4pin Mini-Din c\u00f3 kh\u00f3a<br \/>\n<strong>B\u1ed9 nh\u1edb l\u01b0u tr\u1eef<\/strong><br \/>\n&#8211; 1 x HDD \/ SSD SATA 2.5 \u201d<br \/>\n<strong>Giao di\u1ec7n I \/ O-Ph\u00eda sau<\/strong><br \/>\n&#8211; 2 x USB 3.0<br \/>\n&#8211; 3 x l\u1ed7 \u0103ng ten<br \/>\n&#8211; 1 x MIC-in<br \/>\n&#8211; 1 x Line-out<br \/>\n<strong>S\u1ef1 b\u00e0nh tr\u01b0\u1edbng<\/strong><br \/>\n&#8211; 1 x Khe c\u1eafm mini-PCIe (K\u00edch th\u01b0\u1edbc \u0111\u1ea7y \u0111\u1ee7)<br \/>\n&#8211; 1 x NGFF (M.2) 2230 cho WLAN T\u00f9y ch\u1ecdn<br \/>\n&#8211; 1 x Khe c\u1eafm SIM<br \/>\n<strong>Ngu\u1ed3n c\u1ea5p<\/strong><br \/>\n&#8211; 1 x B\u1ed9 \u0111\u1ed5i ngu\u1ed3n AC \/ DC 96W b\u00ean ngo\u00e0i<br \/>\n&#8211; \u0110\u1ea7u v\u00e0o: 100VAC \u0111\u1ebfn 240VAC<br \/>\n&#8211; \u0110\u1ea7u ra: DC + 12VDC<br \/>\n<strong>M\u00f4i tr\u01b0\u1eddng<\/strong><br \/>\n&#8211; Nhi\u1ec7t \u0111\u1ed9 ho\u1ea1t \u0111\u1ed9ng: -10 \u00b0 C \u0111\u1ebfn 45 \u00b0 C<br \/>\n&#8211; Nhi\u1ec7t \u0111\u1ed9 b\u1ea3o qu\u1ea3n: -20 \u00b0 C \u0111\u1ebfn 80 \u00b0 C<br \/>\n&#8211; \u0110\u1ed9 \u1ea9m: 10 \u0111\u1ebfn 90% (Kh\u00f4ng ng\u01b0ng t\u1ee5)<br \/>\n<strong>Ch\u1ee9ng nh\u1eadn<\/strong><br \/>\n&#8211; Ph\u00ea duy\u1ec7t CE<br \/>\n&#8211; FCC H\u1ea1ng B<br \/>\n<strong>K\u00edch th\u01b0\u1edbc<\/strong><br \/>\n&#8211; 295mm (W) x 189,9mm (D) x 33mm (H)<br \/>\n<strong>H\u1ed7 tr\u1ee3 h\u1ec7 \u0111i\u1ec1u h\u00e0nh<\/strong><br \/>\n&#8211; Ubuntu Linux<\/p>\n","protected":false},"excerpt":{"rendered":"<p>&#8211; B\u1ed9 x\u1eed l\u00fd Intel\u00ae CoreTM th\u1ebf h\u1ec7 th\u1ee9 7<br \/>\n&#8211; H\u1ed7 tr\u1ee3 \u0111\u1ea7u ra HDMI 2.0 (h\u1ed7 tr\u1ee3 4K2K \/ 60Hz)<br \/>\n&#8211; Thi\u1ebft k\u1ebf nh\u1ecf g\u1ecdn v\u00e0 m\u1ecfng (H: 33mm)<br \/>\n&#8211; H\u1ed7 tr\u1ee3 CPU lo\u1ea1i Socket l\u00ean \u0111\u1ebfn 35W<br \/>\n&#8211; H\u1ed7 tr\u1ee3 khe c\u1eafm NGFF \/ mini-PCie M\u00f4-\u0111un Wi-Fi v\u00e0 4G<br \/>\n&#8211; Thi\u1ebft k\u1ebf kh\u00f4ng qu\u1ea1t<\/p>\n","protected":false},"featured_media":1744,"comment_status":"open","ping_status":"closed","template":"","meta":[],"product_brand":[],"product_cat":[224,225],"product_tag":[],"class_list":{"0":"post-1738","1":"product","2":"type-product","3":"status-publish","6":"product_cat-ds","7":"product_cat-vix","9":"first","10":"instock","11":"taxable","12":"shipping-taxable","13":"product-type-simple"},"_links":{"self":[{"href":"https:\/\/vixav.com.vn\/index.php\/wp-json\/wp\/v2\/product\/1738","targetHints":{"allow":["GET"]}}],"collection":[{"href":"https:\/\/vixav.com.vn\/index.php\/wp-json\/wp\/v2\/product"}],"about":[{"href":"https:\/\/vixav.com.vn\/index.php\/wp-json\/wp\/v2\/types\/product"}],"replies":[{"embeddable":true,"href":"https:\/\/vixav.com.vn\/index.php\/wp-json\/wp\/v2\/comments?post=1738"}],"wp:featuredmedia":[{"embeddable":true,"href":"https:\/\/vixav.com.vn\/index.php\/wp-json\/wp\/v2\/media\/1744"}],"wp:attachment":[{"href":"https:\/\/vixav.com.vn\/index.php\/wp-json\/wp\/v2\/media?parent=1738"}],"wp:term":[{"taxonomy":"product_brand","embeddable":true,"href":"https:\/\/vixav.com.vn\/index.php\/wp-json\/wp\/v2\/product_brand?post=1738"},{"taxonomy":"product_cat","embeddable":true,"href":"https:\/\/vixav.com.vn\/index.php\/wp-json\/wp\/v2\/product_cat?post=1738"},{"taxonomy":"product_tag","embeddable":true,"href":"https:\/\/vixav.com.vn\/index.php\/wp-json\/wp\/v2\/product_tag?post=1738"}],"curies":[{"name":"wp","href":"https:\/\/api.w.org\/{rel}","templated":true}]}}