{"id":1735,"date":"2022-01-05T07:13:26","date_gmt":"2022-01-05T07:13:26","guid":{"rendered":"https:\/\/vixav.com.vn\/?post_type=product&#038;p=1735"},"modified":"2025-11-23T11:08:54","modified_gmt":"2025-11-23T04:08:54","slug":"1735","status":"publish","type":"product","link":"https:\/\/vixav.com.vn\/index.php\/san-pham\/1735\/","title":{"rendered":"Thi\u1ebft b\u1ecb qu\u1ea3n l\u00fd n\u1ed9i dung t\u1eadp trung CMS ViX 1100"},"content":{"rendered":"<p><strong>TH\u00d4NG S\u1ed0 K\u1ef8 THU\u1eacT PH\u1ea6N M\u1ec0M<\/strong><br \/>\n<strong>Qu\u1ea3n l\u00fd thi\u1ebft b\u1ecb tr\u00ecnh ph\u00e1t<\/strong><br \/>\n&#8211; Th\u00eam \/ X\u00f3a \/ Ch\u1ec9nh s\u1eeda thi\u1ebft b\u1ecb qu\u1ea3n l\u00fd m\u00e0n h\u00ecnh, m\u00e1y chi\u1ebfu ViX Signage Player<br \/>\n&#8211; Th\u00eam \/ X\u00f3a \/ Ch\u1ec9nh s\u1eeda nh\u00f3m thi\u1ebft b\u1ecb qu\u1ea3n l\u00fd ViX Player<br \/>\n&#8211; B\u1eaft \u0111\u1ea7u \/ D\u1eebng \/ T\u1ea1m d\u1eebng b\u1ea3n tr\u00ecnh thi\u1ebft b\u1ecb qu\u1ea3n l\u00fd ViX Player<br \/>\n&#8211; T\u1eaft \/ \u0111\u1eb7t l\u1ea1i ngu\u1ed3n thi\u1ebft b\u1ecb qu\u1ea3n l\u00fd \/ nh\u00f3m thi\u1ebft b\u1ecb qu\u1ea3n l\u00fd ViX Player<br \/>\n&#8211; H\u1ed7 tr\u1ee3 l\u00ean \u0111\u1ebfn 100 thi\u1ebft b\u1ecb qu\u1ea3n l\u00fd ViX Player<br \/>\n<strong>Ph\u00e2n ph\u1ed1i b\u1ea3n tr\u00ecnh b\u00e0y trung t\u00e2m<\/strong><br \/>\n&#8211; Ph\u00e2n ph\u1ed1i b\u1ea3n tr\u00ecnh b\u00e0y cho thi\u1ebft b\u1ecb qu\u1ea3n l\u00fd \/ nh\u00f3m thi\u1ebft b\u1ecb qu\u1ea3n l\u00fd ViX Player<br \/>\n&#8211; H\u1ed7 tr\u1ee3 ph\u00e2n ph\u1ed1i theo l\u1ecbch tr\u00ecnh ho\u1eb7c ph\u00e2n ph\u1ed1i th\u1eddi gian th\u1ef1c<br \/>\n<strong>L\u1ecbch tr\u00ecnh tr\u00ecnh b\u00e0y trung t\u00e2m<\/strong><br \/>\n&#8211; L\u1eadp l\u1ecbch tr\u00ecnh ch\u01a1i tr\u00ecnh chi\u1ebfu c\u1ee7a thi\u1ebft b\u1ecb qu\u1ea3n l\u00fd \/ nh\u00f3m thi\u1ebft b\u1ecb qu\u1ea3n l\u00fd ViX Player<br \/>\n<strong>Qu\u1ea3n l\u00fd n\u1ed9i dung trung t\u00e2m<\/strong><br \/>\n&#8211; L\u01b0u tr\u1eef n\u1ed9i dung \u1edf qu\u1ea3n l\u00fd trung t\u00e2m m\u00e0 kh\u00f4ng c\u1ea7n ph\u00e2n ph\u1ed1i cho thi\u1ebft b\u1ecb qu\u1ea3n l\u00fd ViX Player<br \/>\n&#8211; H\u1ed7 tr\u1ee3 l\u01b0u tr\u1eef t\u1ec7p n\u1ed9i dung video \/ h\u00ecnh \u1ea3nh \/ flash<br \/>\n<strong>Tin nh\u1eafn kh\u1ea9n c\u1ea5p<\/strong><br \/>\n&#8211; G\u1eedi tin nh\u1eafn kh\u1ea9n c\u1ea5p \u0111\u1ebfn thi\u1ebft b\u1ecb qu\u1ea3n l\u00fd\u00a0 \/ nh\u00f3m thi\u1ebft b\u1ecb qu\u1ea3n l\u00fd ViX Player<br \/>\n&#8211; H\u1ed7 tr\u1ee3 tin nh\u1eafn v\u0103n b\u1ea3n cu\u1ed9n ho\u1eb7c kh\u00f4ng cu\u1ed9n<br \/>\n<strong>C\u1eadp nh\u1eadt ph\u1ea7n m\u1ec1m<\/strong><br \/>\n&#8211; H\u1ed7 tr\u1ee3 c\u1eadp nh\u1eadt ph\u1ea7n m\u1ec1m tr\u00ecnh ph\u00e1t thi\u1ebft b\u1ecb qu\u1ea3n l\u00fd \/ nh\u00f3m thi\u1ebft b\u1ecb qu\u1ea3n l\u00fd ViX Player<\/p>\n<p><strong>TH\u00d4NG S\u1ed0 K\u1ef8 THU\u1eacT PH\u1ea6N C\u1ee8NG<\/strong><br \/>\n<strong>I \/ O Interface-Front<\/strong><br \/>\n&#8211; \u0110\u00e8n LED tr\u1ea1ng th\u00e1i ngu\u1ed3n \/ tr\u1ea1ng th\u00e1i \u1ed5 c\u1ee9ng \/ tr\u1ea1ng th\u00e1i m\u1ea1ng LAN<br \/>\n<strong>Giao di\u1ec7n I \/ O-Ph\u00eda sau<\/strong><br \/>\n&#8211; 1 x n\u00fat Ngu\u1ed3n<br \/>\n&#8211; 1 x c\u1ed5ng giao di\u1ec7n \u0111i\u1ec1u khi\u1ec3n lo\u1ea1i RJ45<br \/>\n&#8211; 2 x c\u1ed5ng USB 2.0<br \/>\n&#8211; 4 c\u1ed5ng LAN \u0111\u1ed3ng<br \/>\n&#8211; 1 x khe c\u1eafm PCIe<br \/>\n&#8211; 1 x c\u1ed5ng VGA<br \/>\n<strong>Thi\u1ebft b\u1ecb l\u01b0u tr\u1eef<\/strong><br \/>\n&#8211; \u1ed4 c\u1ee9ng 1 x 2,5 &#8220;320GB<br \/>\n&#8211; 1 x \u1ed5 c\u1eafm CF<br \/>\n<strong>K\u00edch th\u01b0\u1edbc khung g\u1ea7m<\/strong><br \/>\n&#8211; 272mm (W) x 195mm (D) x 44mm (H) (10,7 &#8220;x 7,7&#8221; x 1,7 &#8220;)<br \/>\n<strong>Tr\u1ecdng l\u01b0\u1ee3ng<\/strong><br \/>\n&#8211; Kh\u1ed1i l\u01b0\u1ee3ng t\u1ecbnh: 2kg<\/p>\n","protected":false},"excerpt":{"rendered":"<ul>\n<li>Qu\u1ea3n l\u00fd t\u1eadp trung c\u00e1c b\u1ed9 \u0111i\u1ec1u khi\u1ec3n m\u00e0n h\u00ecnh m\u00e1y chi\u1ebfu k\u1ef9 thu\u1eadt s\u1ed1<\/li>\n<li>Qu\u1ea3n l\u00fd t\u1eadp trung th\u00f4ng b\u00e1o t\u1eeb c\u00e1c b\u1ed9 \u0111i\u1ec1u khi\u1ec3n<\/li>\n<li>Qu\u1ea3n l\u00fd t\u1eadp trung, ph\u00e2n ph\u1ed1i b\u1ea3n tr\u00ecnh b\u00e0y t\u1edbi bi\u1ec3n b\u00e1o k\u1ef9 thu\u1eadt s\u1ed1<\/li>\n<li>Qu\u1ea3n l\u00fd t\u1eadp trung, l\u1eadp l\u1ecbch tr\u00ecnh chi\u1ebfu b\u1ea3ng hi\u1ec7u k\u1ef9 thu\u1eadt s\u1ed1<\/li>\n<li>Qu\u1ea3n l\u00fd t\u1eadp trung n\u1ed9i dung ph\u00e1t<\/li>\n<\/ul>\n","protected":false},"featured_media":1745,"comment_status":"open","ping_status":"closed","template":"","meta":[],"product_brand":[],"product_cat":[226,224,225],"product_tag":[],"class_list":{"0":"post-1735","1":"product","2":"type-product","3":"status-publish","6":"product_cat-cms","7":"product_cat-ds","8":"product_cat-vix","10":"first","11":"instock","12":"taxable","13":"shipping-taxable","14":"product-type-simple"},"_links":{"self":[{"href":"https:\/\/vixav.com.vn\/index.php\/wp-json\/wp\/v2\/product\/1735","targetHints":{"allow":["GET"]}}],"collection":[{"href":"https:\/\/vixav.com.vn\/index.php\/wp-json\/wp\/v2\/product"}],"about":[{"href":"https:\/\/vixav.com.vn\/index.php\/wp-json\/wp\/v2\/types\/product"}],"replies":[{"embeddable":true,"href":"https:\/\/vixav.com.vn\/index.php\/wp-json\/wp\/v2\/comments?post=1735"}],"wp:featuredmedia":[{"embeddable":true,"href":"https:\/\/vixav.com.vn\/index.php\/wp-json\/wp\/v2\/media\/1745"}],"wp:attachment":[{"href":"https:\/\/vixav.com.vn\/index.php\/wp-json\/wp\/v2\/media?parent=1735"}],"wp:term":[{"taxonomy":"product_brand","embeddable":true,"href":"https:\/\/vixav.com.vn\/index.php\/wp-json\/wp\/v2\/product_brand?post=1735"},{"taxonomy":"product_cat","embeddable":true,"href":"https:\/\/vixav.com.vn\/index.php\/wp-json\/wp\/v2\/product_cat?post=1735"},{"taxonomy":"product_tag","embeddable":true,"href":"https:\/\/vixav.com.vn\/index.php\/wp-json\/wp\/v2\/product_tag?post=1735"}],"curies":[{"name":"wp","href":"https:\/\/api.w.org\/{rel}","templated":true}]}}