{"id":1722,"date":"2022-01-05T03:44:50","date_gmt":"2022-01-05T03:44:50","guid":{"rendered":"https:\/\/vixav.com.vn\/?post_type=product&#038;p=1722"},"modified":"2025-11-11T11:07:11","modified_gmt":"2025-11-11T04:07:11","slug":"bo-dieu-khien-man-hinh-vix-100","status":"publish","type":"product","link":"https:\/\/vixav.com.vn\/index.php\/san-pham\/bo-dieu-khien-man-hinh-vix-100\/","title":{"rendered":"B\u1ed9 \u0111i\u1ec1u khi\u1ec3n n\u1ed9i dung qu\u1ea3ng c\u00e1o Player ViX 100"},"content":{"rendered":"<p><strong>Ngu\u1ed3n n\u1ed9i dung<\/strong><br \/>\n&#8211; Local disk ho\u1eb7c m\u00e1y ch\u1ee7 m\u1ea1ng<br \/>\n<strong>\u0110\u1ecbnh d\u1ea1ng t\u1ec7p video<\/strong><br \/>\n&#8211; MPEG 1\/2\/4, AVI, WMV, DivX, XVID, VOB, MOV VC-1, H.264, rm, rmvb<br \/>\n<strong>\u0110\u1ecbnh d\u1ea1ng t\u1ec7p Flash<\/strong><br \/>\n&#8211; SWF, FLV<br \/>\n<strong>\u0110\u1ecbnh d\u1ea1ng t\u1ec7p \u1ea3nh<\/strong><br \/>\n&#8211; JPG, BMP, PNG, ICO, ICP, GIF, TIFF, WMF<br \/>\n<strong>\u0110\u1ecbnh d\u1ea1ng \u00e2m thanh<\/strong><br \/>\n&#8211; MIDI, MPEG-1-Audio LayerII (MP2), mp3, SND, M4A, AAC, wav, wma, ogg, ra<br \/>\n<strong>V\u0103n b\u1ea3n \/ D\u1eef li\u1ec7u<\/strong><br \/>\n&#8211; Banner<br \/>\n&#8211; Ngu\u1ed3n c\u1ea5p tin RSS<br \/>\n<strong>H\u1ed7 tr\u1ee3 m\u00e0n h\u00ecnh<\/strong><br \/>\n&#8211; M\u1ed9t m\u00e0n h\u00ecnh ho\u1eb7c hai m\u00e0n h\u00ecnh sao ch\u00e9p<br \/>\n&#8211; B\u1ea3n tr\u00ecnh b\u00e0y c\u00f3 th\u1ec3 \u0111\u01b0\u1ee3c ph\u00e2n \u0111o\u1ea1n th\u00e0nh c\u00e1c b\u1ed1 c\u1ee5c m\u00e0n h\u00ecnh kh\u00e1c nhau<br \/>\n&#8211; L\u00ean \u0111\u1ebfn 9 v\u00f9ng hi\u1ec3n th\u1ecb trong m\u1ed7i b\u1ed1 c\u1ee5c m\u00e0n h\u00ecnh<br \/>\n<strong>Hi\u1ec7u \u1ee9ng ph\u00e1t<\/strong><br \/>\n&#8211; Cu\u1ed9n v\u0103n b\u1ea3n<br \/>\n&#8211; Hi\u1ec7u \u1ee9ng chuy\u1ec3n \u0111\u1ed5i h\u00ecnh \u1ea3nh<br \/>\n&#8211; \u0110a ng\u00f4n ng\u1eef<br \/>\n<strong>Th\u00f4ng l\u01b0\u1ee3ng n\u1ed9i dung<\/strong><br \/>\n&#8211; L\u00ean \u0111\u1ebfn 2 x HD video zones, or 1 x Full HD video zone, or 1 x shockwave flash zone<br \/>\n&#8211; Nhi\u1ec1u h\u00ecnh \u1ea3nh v\u00e0 v\u00f9ng v\u0103n b\u1ea3n cu\u1ed9n<br \/>\n<strong>Ch\u01b0c n\u0103ng qua\u0309n l\u00fd<\/strong><br \/>\n&#8211; Qu\u1ea3n l\u00fd d\u1ef1a tr\u00ean web v\u1edbi ki\u1ec3m so\u00e1t truy c\u1eadp m\u1eadt kh\u1ea9u<br \/>\n&#8211; Giao di\u1ec7n qu\u1ea3n l\u00fd \u0111a ng\u00f4n ng\u1eef<br \/>\n&#8211; Qu\u1ea3n l\u00fd b\u00e0i thuy\u1ebft tr\u00ecnh<br \/>\n&#8211; L\u1eadp l\u1ecbch tr\u00ecnh b\u00e0y<br \/>\n&#8211; Nh\u1eadt k\u00fd s\u1ef1 ki\u1ec7n h\u1ec7 th\u1ed1ng<br \/>\n&#8211; Nh\u1eadt k\u00fd ph\u00e1t b\u00e0i thuy\u1ebft tr\u00ecnh<br \/>\n&#8211; Ch\u1ee9c n\u0103ng \u0111i\u1ec1u khi\u1ec3n ph\u00e1t \/ t\u1ea1m d\u1eebng \/ d\u1eebng b\u1ea3n tr\u00ecnh b\u00e0y<br \/>\n&#8211; Kh\u1edfi \u0111\u1ed9ng l\u1ea1i h\u1ec7 th\u1ed1ng, t\u1eaft m\u00e1y, n\u00e2ng c\u1ea5p firmware<br \/>\n<strong>Thi\u1ebft k\u1ebf b\u1ea3n tr\u00ecnh chi\u1ebfu<\/strong><br \/>\n&#8211; B\u1ed1 c\u1ee5c b\u1ea3n tr\u00ecnh b\u00e0y v\u00e0 ch\u1ee9c n\u0103ng ch\u1ec9nh s\u1eeda danh s\u00e1ch ph\u00e1t<br \/>\n&#8211; Ch\u1ee9c n\u0103ng xem tr\u01b0\u1edbc t\u1ec7p tr\u00ecnh b\u00e0y v\u00e0 n\u1ed9i dung<br \/>\n&#8211; Ch\u1ee9c n\u0103ng xu\u1ea5t b\u1ea3n b\u1ea3n tr\u00ecnh b\u00e0y<br \/>\n<strong>H\u1ec7 \u0111i\u1ec1u h\u00e0nh<\/strong><br \/>\n&#8211; Ubuntu Linux<\/p>\n","protected":false},"excerpt":{"rendered":"<ul>\n<li>T\u00edch h\u1ee3p ph\u1ea7n c\u1ee9ng v\u00e0 ph\u1ea7n m\u1ec1m li\u1ec1n m\u1ea1ch \u0111\u1ec3 \u0111\u1ea3m b\u1ea3o \u0111\u1ed9 tin c\u1eady khi v\u1eadn h\u00e0nh<\/li>\n<li>C\u1ea5u h\u00ecnh hi\u1ec3n th\u1ecb linh ho\u1ea1t<\/li>\n<li>Thi\u1ebft k\u1ebf b\u1ea3n tr\u00ecnh b\u00e0y \u0111\u01a1n gi\u1ea3n v\u00e0 tr\u1ef1c quan<\/li>\n<li>Xu\u1ea5t b\u1ea3n n\u1ed9i dung v\u00e0 l\u00ean l\u1ecbch d\u1ec5 d\u00e0ng<\/li>\n<li>H\u1ed7 tr\u1ee3 n\u1ed9i dung hi\u1ec3n th\u1ecb phong ph\u00fa v\u00e0 linh ho\u1ea1t<\/li>\n<li>Thi\u1ebft b\u1ecb t\u00edch h\u1ee3p nh\u1ecf g\u1ecdn \u0111\u1ec3 d\u1ec5 d\u00e0ng tri\u1ec3n khai<\/li>\n<\/ul>\n","protected":false},"featured_media":1746,"comment_status":"open","ping_status":"closed","template":"","meta":[],"product_brand":[],"product_cat":[224,225],"product_tag":[],"class_list":{"0":"post-1722","1":"product","2":"type-product","3":"status-publish","6":"product_cat-ds","7":"product_cat-vix","9":"first","10":"instock","11":"taxable","12":"shipping-taxable","13":"product-type-simple"},"_links":{"self":[{"href":"https:\/\/vixav.com.vn\/index.php\/wp-json\/wp\/v2\/product\/1722","targetHints":{"allow":["GET"]}}],"collection":[{"href":"https:\/\/vixav.com.vn\/index.php\/wp-json\/wp\/v2\/product"}],"about":[{"href":"https:\/\/vixav.com.vn\/index.php\/wp-json\/wp\/v2\/types\/product"}],"replies":[{"embeddable":true,"href":"https:\/\/vixav.com.vn\/index.php\/wp-json\/wp\/v2\/comments?post=1722"}],"wp:featuredmedia":[{"embeddable":true,"href":"https:\/\/vixav.com.vn\/index.php\/wp-json\/wp\/v2\/media\/1746"}],"wp:attachment":[{"href":"https:\/\/vixav.com.vn\/index.php\/wp-json\/wp\/v2\/media?parent=1722"}],"wp:term":[{"taxonomy":"product_brand","embeddable":true,"href":"https:\/\/vixav.com.vn\/index.php\/wp-json\/wp\/v2\/product_brand?post=1722"},{"taxonomy":"product_cat","embeddable":true,"href":"https:\/\/vixav.com.vn\/index.php\/wp-json\/wp\/v2\/product_cat?post=1722"},{"taxonomy":"product_tag","embeddable":true,"href":"https:\/\/vixav.com.vn\/index.php\/wp-json\/wp\/v2\/product_tag?post=1722"}],"curies":[{"name":"wp","href":"https:\/\/api.w.org\/{rel}","templated":true}]}}