{"id":1709,"date":"2021-12-31T08:41:10","date_gmt":"2021-12-31T08:41:10","guid":{"rendered":"https:\/\/vixav.com.vn\/?post_type=product&#038;p=1709"},"modified":"2026-04-02T19:36:04","modified_gmt":"2026-04-02T12:36:04","slug":"may-chieu-hp-mp250","status":"publish","type":"product","link":"https:\/\/vixav.com.vn\/index.php\/san-pham\/may-chieu-hp-mp250\/","title":{"rendered":"M\u00e1y chi\u1ebfu HP MP250"},"content":{"rendered":"<p style=\"font-weight: 400;\"><strong>TI\u1ec6N L\u1ee2I<\/strong><\/p>\n<p>Ki\u1ec3u d\u00e1ng \u0111\u1eb9p, nh\u1ecf g\u1ecdn v\u00e0 di \u0111\u1ed9ng, tr\u1ecdng l\u01b0\u1ee3ng ch\u1ec9 587g, b\u1ea1n c\u00f3 th\u1ec3 d\u1ec5 d\u00e0ng di chuy\u1ec3n n\u00f3 quanh nh\u00e0, v\u0103n ph\u00f2ng v\u00e0 b\u1ea5t c\u1ee9 n\u01a1i n\u00e0o \u1edf gi\u1eefa.<\/p>\n<p style=\"font-weight: 400;\">V\u1edbi t\u00ednh n\u0103ng ph\u1ea3n chi\u1ebfu m\u00e0n h\u00ecnh qua WiFi. K\u1ebft n\u1ed1i li\u1ec1n m\u1ea1ch v\u00e0 hi\u1ec3n th\u1ecb n\u1ed9i dung t\u1eeb thi\u1ebft b\u1ecb c\u1ee7a b\u1ea1n \u0111\u1ec3 xem tr\u00ean m\u00e0n h\u00ecnh l\u1edbn m\u00e0 kh\u00f4ng g\u1eb7p r\u1eafc r\u1ed1i v\u1ec1 d\u00e2y ho\u1eb7c thi\u1ebft b\u1ecb b\u1ea3o v\u1ec7.<\/p>\n<p style=\"font-weight: 400;\"><strong>\u00c2M THANH V\u00c0 K\u1ebeT N\u1ed0I<\/strong><\/p>\n<p style=\"font-weight: 400;\">Loa nh\u00fang mang l\u1ea1i \u00e2m thanh c\u00e2n b\u1eb1ng trong khi th\u01b0\u1edfng th\u1ee9c n\u1ed9i dung y\u00eau th\u00edch c\u1ee7a b\u1ea1n. B\u1ea1n c\u0169ng c\u00f3 th\u1ec3 k\u00edch ho\u1ea1t ch\u1ebf \u0111\u1ed9 loa Bluetooth \u0111\u1ec3 c\u00f3 phi\u00ean ch\u1ec9 c\u00f3 \u00e2m thanh t\u1eadp trung h\u01a1n, \u0111\u01b0\u1ee3c truy\u1ec1n tr\u1ef1c tuy\u1ebfn t\u1eeb thi\u1ebft b\u1ecb di \u0111\u1ed9ng c\u1ee7a b\u1ea1n.<\/p>\n<p style=\"font-weight: 400;\">V\u1edbi h\u1ed7 tr\u1ee3 n\u1ed9i dung \u1ee9ng d\u1ee5ng OTT, b\u1ea1n c\u00f3 th\u1ec3 th\u01b0\u1edfng th\u1ee9c phim, phim truy\u1ec1n h\u00ecnh, \u00e2m nh\u1ea1c v\u00e0 th\u1eadm ch\u00ed c\u1ea3 tr\u00f2 ch\u01a1i \u0111\u1ec3 gi\u1ea3i tr\u00ed b\u1ea5t t\u1eadn &#8211; kh\u00f4ng d\u00e2y.<\/p>\n","protected":false},"excerpt":{"rendered":"<p><strong>M\u00e1y chi\u1ebfu HP MP250 l\u00e0 m\u00e1y chi\u1ebfu LED thi\u1ebft k\u1ebf nh\u1ecf g\u1ecdn tr\u00ecnh chi\u1ebfu h\u00ecnh \u1ea3nh s\u1ed1ng \u0111\u1ed9ng, r\u00f5 r\u00e0ng ngay c\u1ea3 trong \u0111i\u1ec1u ki\u1ec7n \u00e1nh s\u00e1ng ban ng\u00e0y \u0111\u1ea3m b\u1ea3o ch\u1ea5t l\u01b0\u1ee3ng tr\u00ecnh chi\u1ebfu \u1edf b\u1ea5t k\u00ec n\u01a1i \u0111\u00e2u.<\/strong><\/p>\n","protected":false},"featured_media":1713,"comment_status":"open","ping_status":"closed","template":"","meta":[],"product_brand":[],"product_cat":[189,176,188],"product_tag":[],"class_list":{"0":"post-1709","1":"product","2":"type-product","3":"status-publish","6":"product_cat-hp","7":"product_cat-may-chieu","8":"product_cat-may-chieu-mini","10":"first","11":"instock","12":"taxable","13":"shipping-taxable","14":"purchasable","15":"product-type-simple"},"_links":{"self":[{"href":"https:\/\/vixav.com.vn\/index.php\/wp-json\/wp\/v2\/product\/1709","targetHints":{"allow":["GET"]}}],"collection":[{"href":"https:\/\/vixav.com.vn\/index.php\/wp-json\/wp\/v2\/product"}],"about":[{"href":"https:\/\/vixav.com.vn\/index.php\/wp-json\/wp\/v2\/types\/product"}],"replies":[{"embeddable":true,"href":"https:\/\/vixav.com.vn\/index.php\/wp-json\/wp\/v2\/comments?post=1709"}],"wp:featuredmedia":[{"embeddable":true,"href":"https:\/\/vixav.com.vn\/index.php\/wp-json\/wp\/v2\/media\/1713"}],"wp:attachment":[{"href":"https:\/\/vixav.com.vn\/index.php\/wp-json\/wp\/v2\/media?parent=1709"}],"wp:term":[{"taxonomy":"product_brand","embeddable":true,"href":"https:\/\/vixav.com.vn\/index.php\/wp-json\/wp\/v2\/product_brand?post=1709"},{"taxonomy":"product_cat","embeddable":true,"href":"https:\/\/vixav.com.vn\/index.php\/wp-json\/wp\/v2\/product_cat?post=1709"},{"taxonomy":"product_tag","embeddable":true,"href":"https:\/\/vixav.com.vn\/index.php\/wp-json\/wp\/v2\/product_tag?post=1709"}],"curies":[{"name":"wp","href":"https:\/\/api.w.org\/{rel}","templated":true}]}}