{"id":1491,"date":"2021-12-28T03:35:26","date_gmt":"2021-12-28T03:35:26","guid":{"rendered":"https:\/\/vixav.com.vn\/?post_type=product&#038;p=1491"},"modified":"2025-11-11T11:06:51","modified_gmt":"2025-11-11T04:06:51","slug":"may-chieu-captiva-dwu500s","status":"publish","type":"product","link":"https:\/\/vixav.com.vn\/index.php\/san-pham\/may-chieu-captiva-dwu500s\/","title":{"rendered":"M\u00e1y chi\u1ebfu Captiva DWU500S"},"content":{"rendered":"<p><span>T\u1eadn d\u1ee5ng t\u1ed1i \u0111a kh\u00f4ng gian c\u1ee7a b\u1ea1n v\u1edbi\u00a0\u202fm\u00e1y chi\u1ebfu laser si\u00eau ng\u1eafn\u00a0Christie\u00a0<\/span><sup><span>\u00ae<\/span><\/sup><span>\u00a0\u202fCaptiva DWU500S 1DLP\u00a0<\/span><sup><span>\u00ae<\/span><\/sup><span>\u00a0.\u00a0V\u1edbi m\u1ed9t trong nh\u1eefng kho\u1ea3ng c\u00e1ch n\u00e9m ng\u1eafn nh\u1ea5t hi\u1ec7n c\u00f3, m\u00e1y chi\u1ebfu 5.000 lumen nh\u1ecf g\u1ecdn, nh\u1eb9 v\u00e0 y\u00ean t\u0129nh n\u00e0y cho ph\u00e9p b\u1ea1n t\u1ed1i \u0111a h\u00f3a kh\u00f4ng gian c\u1ee7a m\u00ecnh m\u00e0 kh\u00f4ng \u1ea3nh h\u01b0\u1edfng \u0111\u1ebfn h\u00ecnh \u1ea3nh.\u00a0D\u1ec5 d\u00e0ng t\u1ea1o ph\u00f4ng n\u1ec1n c\u00f3 \u0111\u1ed9 ph\u00e2n gi\u1ea3i WU l\u00ean \u0111\u1ebfn 150 \u201dtheo \u0111\u01b0\u1eddng ch\u00e9o theo h\u01b0\u1edbng ngang ho\u1eb7c d\u1ecdc v\u1edbi \u0111i\u1ec1u ch\u1ec9nh h\u00ecnh h\u1ecdc b\u1ed1n g\u00f3c.<\/span><\/p>\n<p><span>V\u1edbi kh\u1ea3 n\u0103ng chi\u1ebfu s\u00e1ng b\u1eb1ng laser, Christie Captiva DWU500S cung c\u1ea5p 20.000 gi\u1edd ho\u1ea1t \u0111\u1ed9ng v\u1edbi chi ph\u00ed th\u1ea5p v\u00e0 b\u1ea3o tr\u00ec th\u1ea5p.\u00a0V\u1edbi m\u1ed9t b\u1ed9 c\u00e1c t\u00ednh n\u0103ng d\u1ec5 s\u1eed d\u1ee5ng, nhi\u1ec1u t\u00f9y ch\u1ecdn l\u1eafp, b\u1eadt \/ t\u1eaft t\u1ee9c th\u00ec v\u00e0 m\u1ee9c gi\u00e1 r\u1ea5t h\u1ea5p d\u1eabn, Christie Captiva cho ph\u00e9p b\u1ea1n t\u1eadp trung v\u00e0o nh\u1eefng g\u00ec quan tr\u1ecdng &#8211; n\u1ed9i dung.<\/span><\/p>\n<h4><span>C\u00e1c t\u00ednh n\u0103ng ch\u00ednh<\/span><\/h4>\n<ul>\n<li><span>Nh\u1ecf g\u1ecdn, nh\u1eb9, y\u00ean t\u0129nh v\u00e0 s\u00e1ng s\u1ee7a<\/span><\/li>\n<li><span>\u0110i\u1ec1u ch\u1ec9nh h\u00ecnh h\u1ecdc 4 g\u00f3c<\/span><\/li>\n<li><span>T\u1ef7 l\u1ec7 khung h\u00ecnh WU ti\u00eau chu\u1ea9n<\/span><\/li>\n<li><span>20.000 gi\u1edd ho\u1ea1t \u0111\u1ed9ng v\u1edbi chi ph\u00ed th\u1ea5p<\/span><\/li>\n<li><span>\u0110\u00e1ng tin c\u1eady, d\u1ec5 s\u1eed d\u1ee5ng v\u00e0 ti\u1ebft ki\u1ec7m<\/span><\/li>\n<li><span>Nhi\u1ec1u t\u00f9y ch\u1ecdn \u0111\u1ecbnh h\u01b0\u1edbng v\u00e0 \u0111\u1ecbnh d\u1ea1ng 3D<\/span><\/li>\n<\/ul>\n","protected":false},"excerpt":{"rendered":"<p><span>T\u1eadn d\u1ee5ng t\u1ed1i \u0111a kh\u00f4ng gian c\u1ee7a b\u1ea1n v\u1edbi\u00a0\u202fm\u00e1y chi\u1ebfu laser si\u00eau ng\u1eafn\u00a0Christie\u00a0<\/span><sup><span>\u00ae<\/span><\/sup><span>\u00a0\u202fCaptiva DWU500S 1DLP\u00a0<\/span><sup><span>\u00ae<\/span><\/sup><span>\u00a0.\u00a0V\u1edbi m\u1ed9t trong nh\u1eefng kho\u1ea3ng c\u00e1ch n\u00e9m ng\u1eafn nh\u1ea5t hi\u1ec7n c\u00f3, m\u00e1y chi\u1ebfu 5.000 lumen nh\u1ecf g\u1ecdn, nh\u1eb9 v\u00e0 y\u00ean t\u0129nh n\u00e0y cho ph\u00e9p b\u1ea1n t\u1ed1i \u0111a h\u00f3a kh\u00f4ng gian c\u1ee7a m\u00ecnh m\u00e0 kh\u00f4ng \u1ea3nh h\u01b0\u1edfng \u0111\u1ebfn h\u00ecnh \u1ea3nh.\u00a0D\u1ec5 d\u00e0ng t\u1ea1o ph\u00f4ng n\u1ec1n c\u00f3 \u0111\u1ed9 ph\u00e2n gi\u1ea3i WU l\u00ean \u0111\u1ebfn 150 \u201dtheo \u0111\u01b0\u1eddng ch\u00e9o theo h\u01b0\u1edbng ngang ho\u1eb7c d\u1ecdc v\u1edbi \u0111i\u1ec1u ch\u1ec9nh h\u00ecnh h\u1ecdc b\u1ed1n g\u00f3c.<\/span><\/p>\n<p><span>V\u1edbi kh\u1ea3 n\u0103ng chi\u1ebfu s\u00e1ng b\u1eb1ng laser, Christie Captiva DWU500S cung c\u1ea5p 20.000 gi\u1edd ho\u1ea1t \u0111\u1ed9ng v\u1edbi chi ph\u00ed th\u1ea5p v\u00e0 b\u1ea3o tr\u00ec th\u1ea5p.\u00a0V\u1edbi m\u1ed9t b\u1ed9 c\u00e1c t\u00ednh n\u0103ng d\u1ec5 s\u1eed d\u1ee5ng, nhi\u1ec1u t\u00f9y ch\u1ecdn l\u1eafp, b\u1eadt \/ t\u1eaft t\u1ee9c th\u00ec v\u00e0 m\u1ee9c gi\u00e1 r\u1ea5t h\u1ea5p d\u1eabn, Christie Captiva cho ph\u00e9p b\u1ea1n t\u1eadp trung v\u00e0o nh\u1eefng g\u00ec quan tr\u1ecdng &#8211; n\u1ed9i dung.<\/span><\/p>\n","protected":false},"featured_media":1497,"comment_status":"open","ping_status":"closed","template":"","meta":[],"product_brand":[],"product_cat":[179,180,176],"product_tag":[],"class_list":{"0":"post-1491","1":"product","2":"type-product","3":"status-publish","6":"product_cat-christie","7":"product_cat-laser","8":"product_cat-may-chieu","10":"first","11":"instock","12":"taxable","13":"shipping-taxable","14":"product-type-simple"},"_links":{"self":[{"href":"https:\/\/vixav.com.vn\/index.php\/wp-json\/wp\/v2\/product\/1491","targetHints":{"allow":["GET"]}}],"collection":[{"href":"https:\/\/vixav.com.vn\/index.php\/wp-json\/wp\/v2\/product"}],"about":[{"href":"https:\/\/vixav.com.vn\/index.php\/wp-json\/wp\/v2\/types\/product"}],"replies":[{"embeddable":true,"href":"https:\/\/vixav.com.vn\/index.php\/wp-json\/wp\/v2\/comments?post=1491"}],"wp:featuredmedia":[{"embeddable":true,"href":"https:\/\/vixav.com.vn\/index.php\/wp-json\/wp\/v2\/media\/1497"}],"wp:attachment":[{"href":"https:\/\/vixav.com.vn\/index.php\/wp-json\/wp\/v2\/media?parent=1491"}],"wp:term":[{"taxonomy":"product_brand","embeddable":true,"href":"https:\/\/vixav.com.vn\/index.php\/wp-json\/wp\/v2\/product_brand?post=1491"},{"taxonomy":"product_cat","embeddable":true,"href":"https:\/\/vixav.com.vn\/index.php\/wp-json\/wp\/v2\/product_cat?post=1491"},{"taxonomy":"product_tag","embeddable":true,"href":"https:\/\/vixav.com.vn\/index.php\/wp-json\/wp\/v2\/product_tag?post=1491"}],"curies":[{"name":"wp","href":"https:\/\/api.w.org\/{rel}","templated":true}]}}