{"id":1481,"date":"2021-12-23T08:14:12","date_gmt":"2021-12-23T08:14:12","guid":{"rendered":"https:\/\/vixav.com.vn\/?post_type=product&#038;p=1481"},"modified":"2026-04-18T20:21:20","modified_gmt":"2026-04-18T13:21:20","slug":"may-chieu-digital-projection-m-vision-23000-wu","status":"publish","type":"product","link":"https:\/\/vixav.com.vn\/index.php\/san-pham\/may-chieu-digital-projection-m-vision-23000-wu\/","title":{"rendered":"M\u00e1y chi\u1ebfu Digital Projection M-Vision 23000 WU"},"content":{"rendered":"<p>Th\u00f4ng s\u1ed1 thi\u1ebft b\u1ecb:<a href=\"https:\/\/www.digitalprojection.com\/projector-spec-new.php?id=11806\"><strong> Click t\u1ea3i xu\u1ed1ng<\/strong><\/a><\/p>\n<p>M\u00e1y chi\u1ebfu k\u1ef9 thu\u1eadt s\u1ed1\u00a0M-Vision 23000 WU\u00a0t\u1ef1 h\u00e0o c\u00f3 c\u00f4ng su\u1ea5t \u0111\u1ea7u ra 23.000 lumen v\u00e0 t\u1ef7 l\u1ec7 t\u01b0\u01a1ng ph\u1ea3n 10.000: 1 ch\u01b0a t\u1eebng c\u00f3, \u0111\u1ec3 mang \u0111\u1ebfn cho c\u00e1c \u1ee9ng d\u1ee5ng nh\u1ea1y c\u1ea3m v\u1edbi ng\u00e2n s\u00e1ch m\u1ed9t gi\u1ea3i ph\u00e1p h\u00ecnh \u1ea3nh m\u00e0n h\u00ecnh l\u1edbn v\u00e0 hi\u1ec7u su\u1ea5t g\u1ea7n 3 chip v\u1edbi m\u1ee9c gi\u00e1 1 chip.<\/p>\n<p><span>M\u00e1y chi\u1ebfu laser phosphor kh\u00f4ng c\u00f3 \u0111\u00e8n m\u1edbi \u0111\u01b0\u1ee3c t\u00edch h\u1ee3p\u00a0<\/span><span>c\u00f4ng ngh\u1ec7 ColorBoost + Red Laser<\/span><span>\u00a0\u0111\u1ec3 cung c\u1ea5p m\u00e0u s\u1eafc trung th\u1ef1c v\u00e0 b\u00e3o h\u00f2a nh\u1ea5t \u1edf c\u00e1c m\u1ee9c \u0111\u1ed9 ch\u00f3i ch\u01b0a th\u1ec3 \u0111\u1ea1t \u0111\u01b0\u1ee3c tr\u01b0\u1edbc \u0111\u00e2y.\u00a0C\u00e1c \u0111\u1ecba \u0111i\u1ec3m c\u1ea7n h\u00ecnh \u1ea3nh \u0111\u1ecbnh d\u1ea1ng l\u1edbn m\u1ea1nh m\u1ebd nh\u01b0ng ti\u1ebft ki\u1ec7m ng\u00e2n s\u00e1ch m\u00e0 kh\u00f4ng \u1ea3nh h\u01b0\u1edfng \u0111\u1ebfn \u0111\u1ed9 ch\u00ednh x\u00e1c c\u1ee7a m\u00e0u s\u1eafc, c\u0169ng nh\u01b0 nh\u1eefng \u0111\u1ecba \u0111i\u1ec3m c\u1ea1nh tranh v\u1edbi \u00e1nh s\u00e1ng xung quanh, s\u1ebd tr\u1ef1c ti\u1ebfp h\u01b0\u1edfng l\u1ee3i t\u1eeb c\u00f4ng su\u1ea5t \u00e1nh s\u00e1ng, t\u1ef7 l\u1ec7 t\u01b0\u01a1ng ph\u1ea3n v\u00e0 ph\u00e9p \u0111o m\u00e0u h\u00e0ng \u0111\u1ea7u th\u1ecb tr\u01b0\u1eddng c\u1ee7a M-Vision 23000.\u00a0DisplayPort c\u1ee7a n\u00f3 ch\u1ea5p nh\u1eadn t\u1ed1c \u0111\u1ed9 khung h\u00ecnh l\u00ean \u0111\u1ebfn 60 Hz v\u00e0 HDMI 1.4b cho c\u00e1c \u0111\u1ecbnh d\u1ea1ng 3D Side by Side, Frame Package &amp; Top Bottom 3D.\u00a0D\u1ecbch chuy\u1ec3n, thu ph\u00f3ng v\u00e0 l\u1ea5y n\u00e9t c\u00f3 \u0111\u1ed9ng c\u01a1 tr\u00ean to\u00e0n b\u1ed9 d\u1ea3i \u1ed1ng k\u00ednh mang l\u1ea1i s\u1ef1 linh ho\u1ea1t v\u00e0 d\u1ec5 d\u00e0ng h\u01a1n cho vi\u1ec7c thi\u1ebft l\u1eadp.<\/span><\/p>\n<p><span>H\u1ec7 th\u1ed1ng quang h\u1ecdc, t\u1eeb ngu\u1ed3n s\u00e1ng laser \u0111\u1ebfn th\u1ea5u k\u00ednh \u0111\u01b0\u1ee3c\u00a0<\/span><span>ho\u00e0n to\u00e0n k\u00edn v\u00e0 c\u00f3 th\u1ec3 \u0111\u01b0\u1ee3c coi l\u00e0 x\u1ebfp h\u1ea1ng IP60<\/span><span>.\u00a0\u0110i\u1ec1u n\u00e0y \u0111\u1ea3m b\u1ea3o r\u1eb1ng hi\u1ec7u su\u1ea5t \u00e1nh s\u00e1ng v\u00e0 m\u00e0u s\u1eafc s\u1ebd kh\u00f4ng b\u1ecb suy gi\u1ea3m do s\u1ef1 x\u00e2m nh\u1eadp c\u1ee7a b\u1ee5i.\u00a0Ngo\u00e0i ra, m\u00e1y chi\u1ebfu n\u00e0y ho\u00e0n to\u00e0n kh\u00f4ng c\u00f3 b\u1ed9 l\u1ecdc v\u00ec h\u1ec7 th\u1ed1ng \u0111\u01b0\u1ee3c l\u00e0m m\u00e1t b\u1eb1ng ch\u1ea5t l\u1ecfng v\u00e0 s\u1eed d\u1ee5ng b\u1ed9 trao \u0111\u1ed5i nhi\u1ec7t t\u1ea3n nhi\u1ec7t, gi\u1ea3m thi\u1ec3u vi\u1ec7c b\u1ea3o tr\u00ec v\u00ec kh\u00f4ng c\u1ea7n thay th\u1ebf ho\u1eb7c l\u00e0m s\u1ea1ch b\u1ed9 l\u1ecdc v\u00e0 cho ph\u00e9p lu\u1ed3ng kh\u00f4ng kh\u00ed kh\u00f4ng b\u1ecb h\u1ea1n ch\u1ebf.<\/span><\/p>\n<p><span>DarkChip DMD 0,96 \u201d, \u0111\u01b0\u1ee3c k\u1ebft h\u1ee3p v\u1edbi c\u00e1c tia laser m\u00e0u xanh v\u00e0 \u0111\u1ecf v\u00e0 b\u00e1nh xe m\u00e0u b\u1ed1n \u0111o\u1ea1n t\u1ea1o ra ch\u1ea5t l\u01b0\u1ee3ng h\u00ecnh \u1ea3nh v\u00e0 \u0111\u1ed9 s\u00e1ng v\u00f4 song tr\u00ean th\u1ecb tr\u01b0\u1eddng m\u00e1y chi\u1ebfu chip \u0111\u01a1n.<\/span><\/p>\n","protected":false},"excerpt":{"rendered":"<p>M\u00e1y chi\u1ebfu k\u1ef9 thu\u1eadt s\u1ed1\u00a0M-Vision 23000 WU\u00a0t\u1ef1 h\u00e0o c\u00f3 c\u00f4ng su\u1ea5t \u0111\u1ea7u ra 23.000 lumen v\u00e0 t\u1ef7 l\u1ec7 t\u01b0\u01a1ng ph\u1ea3n 10.000: 1 ch\u01b0a t\u1eebng c\u00f3, \u0111\u1ec3 mang \u0111\u1ebfn cho c\u00e1c \u1ee9ng d\u1ee5ng nh\u1ea1y c\u1ea3m v\u1edbi ng\u00e2n s\u00e1ch m\u1ed9t gi\u1ea3i ph\u00e1p h\u00ecnh \u1ea3nh m\u00e0n h\u00ecnh l\u1edbn v\u00e0 hi\u1ec7u su\u1ea5t g\u1ea7n 3 chip v\u1edbi m\u1ee9c gi\u00e1 1 chip.<\/p>\n","protected":false},"featured_media":1486,"comment_status":"open","ping_status":"closed","template":"","meta":[],"product_brand":[],"product_cat":[182,180,176],"product_tag":[],"class_list":{"0":"post-1481","1":"product","2":"type-product","3":"status-publish","6":"product_cat-digital-projection","7":"product_cat-laser","8":"product_cat-may-chieu","10":"first","11":"instock","12":"taxable","13":"shipping-taxable","14":"product-type-simple"},"_links":{"self":[{"href":"https:\/\/vixav.com.vn\/index.php\/wp-json\/wp\/v2\/product\/1481","targetHints":{"allow":["GET"]}}],"collection":[{"href":"https:\/\/vixav.com.vn\/index.php\/wp-json\/wp\/v2\/product"}],"about":[{"href":"https:\/\/vixav.com.vn\/index.php\/wp-json\/wp\/v2\/types\/product"}],"replies":[{"embeddable":true,"href":"https:\/\/vixav.com.vn\/index.php\/wp-json\/wp\/v2\/comments?post=1481"}],"wp:featuredmedia":[{"embeddable":true,"href":"https:\/\/vixav.com.vn\/index.php\/wp-json\/wp\/v2\/media\/1486"}],"wp:attachment":[{"href":"https:\/\/vixav.com.vn\/index.php\/wp-json\/wp\/v2\/media?parent=1481"}],"wp:term":[{"taxonomy":"product_brand","embeddable":true,"href":"https:\/\/vixav.com.vn\/index.php\/wp-json\/wp\/v2\/product_brand?post=1481"},{"taxonomy":"product_cat","embeddable":true,"href":"https:\/\/vixav.com.vn\/index.php\/wp-json\/wp\/v2\/product_cat?post=1481"},{"taxonomy":"product_tag","embeddable":true,"href":"https:\/\/vixav.com.vn\/index.php\/wp-json\/wp\/v2\/product_tag?post=1481"}],"curies":[{"name":"wp","href":"https:\/\/api.w.org\/{rel}","templated":true}]}}