{"id":1475,"date":"2021-12-23T08:04:35","date_gmt":"2021-12-23T08:04:35","guid":{"rendered":"https:\/\/vixav.com.vn\/?post_type=product&#038;p=1475"},"modified":"2026-04-02T19:34:58","modified_gmt":"2026-04-02T12:34:58","slug":"may-chieu-digital-projection-m-vision-laser-21000-wu","status":"publish","type":"product","link":"https:\/\/vixav.com.vn\/index.php\/san-pham\/may-chieu-digital-projection-m-vision-laser-21000-wu\/","title":{"rendered":"M\u00e1y chi\u1ebfu Digital Projection M-Vision Laser 21000 WU"},"content":{"rendered":"<p>Th\u00f4ng s\u1ed1 thi\u1ebft b\u1ecb: <strong>Click t\u1ea3i xu\u1ed1ng<\/strong><\/p>\n<p>M-Vision Laser 21000 l\u00e0 d\u00f2ng m\u00e1y chi\u1ebfu Laser DLP \u0111\u01a1n chip m\u1edbi \u0111\u1ea7u ti\u00ean c\u1ee7a Digital Projection.\u00a0M\u00e1y chi\u1ebfu laser phosphor kh\u00f4ng c\u00f3 \u0111\u00e8n n\u00e0y s\u1eed d\u1ee5ng\u00a0c\u00f4ng ngh\u1ec7 Colorboost + Red Laser m\u1edbi\u00a0\u0111\u1ec3 mang l\u1ea1i cho b\u1ea1n m\u00e0u s\u1eafc trung th\u1ef1c v\u00e0 b\u00e3o h\u00f2a nh\u1ea5t \u1edf m\u1ee9c \u0111\u1ed9 s\u00e1ng kh\u00f4ng th\u1ec3 t\u01b0\u1edfng t\u01b0\u1ee3ng \u0111\u01b0\u1ee3c tr\u01b0\u1edbc \u0111\u00e2y.\u00a0S\u1ee9c m\u1ea1nh v\u00e0 \u0111\u1ed9 ch\u00ednh x\u00e1c nh\u01b0 v\u1eady, k\u1ebft h\u1ee3p v\u1edbi x\u1eed l\u00fd th\u00f4ng minh ho\u00e0n to\u00e0n m\u1edbi mang l\u1ea1i hi\u1ec7u su\u1ea5t t\u1ed5ng th\u1ec3 g\u1ea7n h\u01a1n bao gi\u1edd h\u1ebft v\u1edbi hi\u1ec7u su\u1ea5t c\u1ee7a m\u00e1y chi\u1ebfu DLP 3 chip &#8211; v\u1edbi m\u1ee9c gi\u00e1 ph\u1ea3i ch\u0103ng h\u01a1n nhi\u1ec1u.<\/p>\n<p>T\u1ef1 h\u00e0o v\u1edbi c\u00f4ng su\u1ea5t 21.000 lumen ch\u01b0a t\u1eebng c\u00f3 v\u00e0 t\u1ef7 l\u1ec7 t\u01b0\u01a1ng ph\u1ea3n 10.000: 1, M-Vision Laser 21000 m\u1edbi mang \u0111\u1ebfn cho c\u00e1c \u1ee9ng d\u1ee5ng nh\u1ea1y c\u1ea3m v\u1edbi ng\u00e2n s\u00e1ch m\u1ed9t gi\u1ea3i ph\u00e1p h\u00ecnh \u1ea3nh m\u00e0n h\u00ecnh l\u1edbn v\u00e0 hi\u1ec7u su\u1ea5t g\u1ea7n 3 chip v\u1edbi m\u1ee9c gi\u00e1 1 chip.<\/p>\n<p>H\u1ec7 th\u1ed1ng quang h\u1ecdc, t\u1eeb ngu\u1ed3n s\u00e1ng laser \u0111\u1ebfn th\u1ea5u k\u00ednh \u0111\u01b0\u1ee3c\u00a0ho\u00e0n to\u00e0n k\u00edn v\u00e0 c\u00f3 th\u1ec3 \u0111\u01b0\u1ee3c coi l\u00e0 x\u1ebfp h\u1ea1ng IP60\u00a0.\u00a0\u0110i\u1ec1u n\u00e0y \u0111\u1ea3m b\u1ea3o r\u1eb1ng hi\u1ec7u su\u1ea5t \u00e1nh s\u00e1ng v\u00e0 m\u00e0u s\u1eafc s\u1ebd kh\u00f4ng b\u1ecb suy gi\u1ea3m do s\u1ef1 x\u00e2m nh\u1eadp c\u1ee7a b\u1ee5i.\u00a0Ngo\u00e0i ra, m\u00e1y chi\u1ebfu n\u00e0y ho\u00e0n to\u00e0n kh\u00f4ng c\u00f3 b\u1ed9 l\u1ecdc v\u00ec h\u1ec7 th\u1ed1ng \u0111\u01b0\u1ee3c l\u00e0m m\u00e1t b\u1eb1ng ch\u1ea5t l\u1ecfng v\u00e0 s\u1eed d\u1ee5ng b\u1ed9 trao \u0111\u1ed5i nhi\u1ec7t t\u1ea3n nhi\u1ec7t, gi\u1ea3m thi\u1ec3u vi\u1ec7c b\u1ea3o tr\u00ec v\u00ec kh\u00f4ng c\u1ea7n thay th\u1ebf ho\u1eb7c l\u00e0m s\u1ea1ch b\u1ed9 l\u1ecdc v\u00e0 cho ph\u00e9p lu\u1ed3ng kh\u00f4ng kh\u00ed kh\u00f4ng b\u1ecb h\u1ea1n ch\u1ebf.<\/p>\n<p>C\u00e1c \u0111\u1ecba \u0111i\u1ec3m c\u1ea1nh tranh v\u1edbi \u00e1nh s\u00e1ng xung quanh, c\u0169ng nh\u01b0 c\u00e1c \u1ee9ng d\u1ee5ng c\u1ea7n gi\u1ea3i ph\u00e1p h\u00ecnh \u1ea3nh \u0111\u1ecbnh d\u1ea1ng l\u1edbn m\u1ea1nh m\u1ebd nh\u01b0ng ti\u1ebft ki\u1ec7m chi ph\u00ed\u00a0m\u00e0 kh\u00f4ng\u00a0\u1ea3nh\u00a0h\u01b0\u1edfng \u0111\u1ebfn \u0111\u1ed9 ch\u00ednh x\u00e1c c\u1ee7a m\u00e0u s\u1eafc s\u1ebd tr\u1ef1c ti\u1ebfp h\u01b0\u1edfng l\u1ee3i t\u1eeb hi\u1ec7u su\u1ea5t \u00e1nh s\u00e1ng, t\u1ef7 l\u1ec7 t\u01b0\u01a1ng ph\u1ea3n v\u00e0 ph\u00e9p \u0111o m\u00e0u h\u00e0ng \u0111\u1ea7u c\u1ee7a M-Vision 21000.\u00a0Ho\u00e0n to\u00e0n ph\u00f9 h\u1ee3p v\u1edbi m\u1ecdi \u1ee9ng d\u1ee5ng c\u1ea7n \u0111\u1ed9 s\u00e1ng cao, kh\u00f4ng t\u00ednh n\u0103ng n\u00e0o b\u1ecb b\u1ecf qua.\u00a0DisplayPort ch\u1ea5p nh\u1eadn t\u1ed1c \u0111\u1ed9 khung h\u00ecnh l\u00ean \u0111\u1ebfn 60 Hz v\u00e0 HDMI 1.4b cho c\u00e1c \u0111\u1ecbnh d\u1ea1ng 3D Side by Side, Frame Package &amp; Top Bottom 3D.\u00a0D\u1ecbch chuy\u1ec3n, thu ph\u00f3ng v\u00e0 l\u1ea5y n\u00e9t c\u00f3 \u0111\u1ed9ng c\u01a1 tr\u00ean to\u00e0n b\u1ed9 d\u1ea3i \u1ed1ng k\u00ednh mang l\u1ea1i s\u1ef1 linh ho\u1ea1t v\u00e0 d\u1ec5 d\u00e0ng thi\u1ebft l\u1eadp tuy\u1ec7t v\u1eddi.<\/p>\n","protected":false},"excerpt":{"rendered":"<p>M-Vision Laser 21000 l\u00e0 d\u00f2ng m\u00e1y chi\u1ebfu Laser DLP \u0111\u01a1n chip m\u1edbi \u0111\u1ea7u ti\u00ean c\u1ee7a Digital Projection.\u00a0M\u00e1y chi\u1ebfu laser phosphor kh\u00f4ng c\u00f3 \u0111\u00e8n n\u00e0y s\u1eed d\u1ee5ng\u00a0c\u00f4ng ngh\u1ec7 Colorboost + Red Laser m\u1edbi\u00a0\u0111\u1ec3 mang l\u1ea1i cho b\u1ea1n m\u00e0u s\u1eafc trung th\u1ef1c v\u00e0 b\u00e3o h\u00f2a nh\u1ea5t \u1edf m\u1ee9c \u0111\u1ed9 s\u00e1ng kh\u00f4ng th\u1ec3 t\u01b0\u1edfng t\u01b0\u1ee3ng \u0111\u01b0\u1ee3c tr\u01b0\u1edbc \u0111\u00e2y.\u00a0S\u1ee9c m\u1ea1nh v\u00e0 \u0111\u1ed9 ch\u00ednh x\u00e1c nh\u01b0 v\u1eady, k\u1ebft h\u1ee3p v\u1edbi x\u1eed l\u00fd th\u00f4ng minh ho\u00e0n to\u00e0n m\u1edbi mang l\u1ea1i hi\u1ec7u su\u1ea5t t\u1ed5ng th\u1ec3 g\u1ea7n h\u01a1n bao gi\u1edd h\u1ebft v\u1edbi hi\u1ec7u su\u1ea5t c\u1ee7a m\u00e1y chi\u1ebfu DLP 3 chip &#8211; v\u1edbi m\u1ee9c gi\u00e1 ph\u1ea3i ch\u0103ng h\u01a1n nhi\u1ec1u.<\/p>\n","protected":false},"featured_media":1480,"comment_status":"open","ping_status":"closed","template":"","meta":[],"product_brand":[],"product_cat":[182,180,176],"product_tag":[],"class_list":{"0":"post-1475","1":"product","2":"type-product","3":"status-publish","6":"product_cat-digital-projection","7":"product_cat-laser","8":"product_cat-may-chieu","10":"first","11":"instock","12":"taxable","13":"shipping-taxable","14":"product-type-simple"},"_links":{"self":[{"href":"https:\/\/vixav.com.vn\/index.php\/wp-json\/wp\/v2\/product\/1475","targetHints":{"allow":["GET"]}}],"collection":[{"href":"https:\/\/vixav.com.vn\/index.php\/wp-json\/wp\/v2\/product"}],"about":[{"href":"https:\/\/vixav.com.vn\/index.php\/wp-json\/wp\/v2\/types\/product"}],"replies":[{"embeddable":true,"href":"https:\/\/vixav.com.vn\/index.php\/wp-json\/wp\/v2\/comments?post=1475"}],"wp:featuredmedia":[{"embeddable":true,"href":"https:\/\/vixav.com.vn\/index.php\/wp-json\/wp\/v2\/media\/1480"}],"wp:attachment":[{"href":"https:\/\/vixav.com.vn\/index.php\/wp-json\/wp\/v2\/media?parent=1475"}],"wp:term":[{"taxonomy":"product_brand","embeddable":true,"href":"https:\/\/vixav.com.vn\/index.php\/wp-json\/wp\/v2\/product_brand?post=1475"},{"taxonomy":"product_cat","embeddable":true,"href":"https:\/\/vixav.com.vn\/index.php\/wp-json\/wp\/v2\/product_cat?post=1475"},{"taxonomy":"product_tag","embeddable":true,"href":"https:\/\/vixav.com.vn\/index.php\/wp-json\/wp\/v2\/product_tag?post=1475"}],"curies":[{"name":"wp","href":"https:\/\/api.w.org\/{rel}","templated":true}]}}