{"id":1469,"date":"2021-12-23T07:56:34","date_gmt":"2021-12-23T07:56:34","guid":{"rendered":"https:\/\/vixav.com.vn\/?post_type=product&#038;p=1469"},"modified":"2026-04-20T03:02:13","modified_gmt":"2026-04-19T20:02:13","slug":"may-chieu-digital-projection-m-vision-laser-18k","status":"publish","type":"product","link":"https:\/\/vixav.com.vn\/index.php\/san-pham\/may-chieu-digital-projection-m-vision-laser-18k\/","title":{"rendered":"M\u00e1y chi\u1ebfu Digital Projection M-Vision Laser 18K"},"content":{"rendered":"<p>Th\u00f4ng s\u1ed1 thi\u1ebft b\u1ecb: <a href=\"https:\/\/www.digitalprojection.com\/projector-spec-new.php?id=11800\"><strong>Click t\u1ea3i xu\u1ed1ng<\/strong><\/a><\/p>\n<p>M-Vision Laser 18K l\u00e0 m\u00e1y chi\u1ebfu DLP chip \u0111\u01a1n m\u1ea1nh m\u1ebd v\u1edbi c\u00f4ng su\u1ea5t\u00a018.000 lumen\u00a0\u1ea5n t\u01b0\u1ee3ng\u00a0v\u00e0\u00a0t\u1ef7 l\u1ec7 t\u01b0\u01a1ng ph\u1ea3n 10.000: 1\u00a0.\u00a0M-Vision Laser 18k mang \u0111\u1ebfn cho c\u00e1c \u1ee9ng d\u1ee5ng nh\u1ea1y c\u1ea3m v\u1edbi ng\u00e2n s\u00e1ch m\u1ed9t gi\u1ea3i ph\u00e1p h\u00ecnh \u1ea3nh m\u00e0n h\u00ecnh l\u1edbn v\u00e0 hi\u1ec7u su\u1ea5t g\u1ea7n b\u1eb1ng 3 chip v\u1edbi m\u1ee9c gi\u00e1 1 chip.\u00a0C\u00e1c \u0111\u1ecba \u0111i\u1ec3m c\u1ea1nh tranh v\u1edbi \u00e1nh s\u00e1ng xung quanh, c\u0169ng nh\u01b0 c\u00e1c \u1ee9ng d\u1ee5ng c\u1ea7n gi\u1ea3i ph\u00e1p h\u00ecnh \u1ea3nh \u0111\u1ecbnh d\u1ea1ng l\u1edbn m\u1ea1nh m\u1ebd nh\u01b0ng c\u00f3 \u00fd th\u1ee9c v\u1ec1 ng\u00e2n s\u00e1ch, s\u1ebd tr\u1ef1c ti\u1ebfp h\u01b0\u1edfng l\u1ee3i t\u1eeb s\u1ea3n l\u01b0\u1ee3ng \u00e1nh s\u00e1ng d\u1ed3i d\u00e0o c\u1ee7a M-Vision 18K.<\/p>\n<p>H\u1ec7 th\u1ed1ng quang h\u1ecdc, t\u1eeb ngu\u1ed3n s\u00e1ng laser \u0111\u1ebfn th\u1ea5u k\u00ednh \u0111\u01b0\u1ee3c\u00a0ho\u00e0n to\u00e0n k\u00edn v\u00e0 c\u00f3 th\u1ec3 \u0111\u01b0\u1ee3c coi l\u00e0 x\u1ebfp h\u1ea1ng IP60\u00a0.\u00a0\u0110i\u1ec1u n\u00e0y \u0111\u1ea3m b\u1ea3o r\u1eb1ng hi\u1ec7u su\u1ea5t \u00e1nh s\u00e1ng v\u00e0 m\u00e0u s\u1eafc s\u1ebd kh\u00f4ng b\u1ecb suy gi\u1ea3m do s\u1ef1 x\u00e2m nh\u1eadp c\u1ee7a b\u1ee5i.\u00a0Ngo\u00e0i ra, m\u00e1y chi\u1ebfu n\u00e0y ho\u00e0n to\u00e0n kh\u00f4ng c\u00f3 b\u1ed9 l\u1ecdc v\u00ec h\u1ec7 th\u1ed1ng \u0111\u01b0\u1ee3c l\u00e0m m\u00e1t b\u1eb1ng ch\u1ea5t l\u1ecfng v\u00e0 s\u1eed d\u1ee5ng b\u1ed9 trao \u0111\u1ed5i nhi\u1ec7t t\u1ea3n nhi\u1ec7t, gi\u1ea3m thi\u1ec3u vi\u1ec7c b\u1ea3o tr\u00ec v\u00ec kh\u00f4ng c\u1ea7n thay th\u1ebf ho\u1eb7c l\u00e0m s\u1ea1ch b\u1ed9 l\u1ecdc v\u00e0 cho ph\u00e9p lu\u1ed3ng kh\u00f4ng kh\u00ed kh\u00f4ng b\u1ecb h\u1ea1n ch\u1ebf.<\/p>\n<p>Ho\u00e0n to\u00e0n ph\u00f9 h\u1ee3p v\u1edbi m\u1ecdi \u1ee9ng d\u1ee5ng c\u1ea7n \u0111\u1ed9 s\u00e1ng cao, kh\u00f4ng t\u00ednh n\u0103ng n\u00e0o b\u1ecb b\u1ecf qua.\u00a0DisplayPort ch\u1ea5p nh\u1eadn t\u1ed1c \u0111\u1ed9 khung h\u00ecnh l\u00ean \u0111\u1ebfn 60 Hz v\u00e0 HDMI 1.4 cho c\u00e1c \u0111\u1ecbnh d\u1ea1ng 3D Side by Side, Frame Package &amp; Top Bottom 3D.\u00a0Cu\u1ed1i c\u00f9ng, d\u1ecbch chuy\u1ec3n, thu ph\u00f3ng v\u00e0 l\u1ea5y n\u00e9t c\u00f3 \u0111\u1ed9ng c\u01a1 tr\u00ean to\u00e0n b\u1ed9 d\u1ea3i \u1ed1ng k\u00ednh mang l\u1ea1i s\u1ef1 linh ho\u1ea1t v\u00e0 d\u1ec5 d\u00e0ng thi\u1ebft l\u1eadp tuy\u1ec7t v\u1eddi.\u00a0M\u00e1y chi\u1ebfu n\u00e0y th\u1ef1c s\u1ef1 l\u00e0 m\u1ed9t l\u1edbp tr\u01b0\u1edfng.<\/p>\n","protected":false},"excerpt":{"rendered":"<p>M-Vision Laser 18K l\u00e0 m\u00e1y chi\u1ebfu DLP chip \u0111\u01a1n m\u1ea1nh m\u1ebd v\u1edbi c\u00f4ng su\u1ea5t\u00a018.000 lumen\u00a0\u1ea5n t\u01b0\u1ee3ng\u00a0v\u00e0\u00a0t\u1ef7 l\u1ec7 t\u01b0\u01a1ng ph\u1ea3n 10.000: 1\u00a0.\u00a0M-Vision Laser 18k mang \u0111\u1ebfn cho c\u00e1c \u1ee9ng d\u1ee5ng nh\u1ea1y c\u1ea3m v\u1edbi ng\u00e2n s\u00e1ch m\u1ed9t gi\u1ea3i ph\u00e1p h\u00ecnh \u1ea3nh m\u00e0n h\u00ecnh l\u1edbn v\u00e0 hi\u1ec7u su\u1ea5t g\u1ea7n b\u1eb1ng 3 chip v\u1edbi m\u1ee9c gi\u00e1 1 chip.\u00a0C\u00e1c \u0111\u1ecba \u0111i\u1ec3m c\u1ea1nh tranh v\u1edbi \u00e1nh s\u00e1ng xung quanh, c\u0169ng nh\u01b0 c\u00e1c \u1ee9ng d\u1ee5ng c\u1ea7n gi\u1ea3i ph\u00e1p h\u00ecnh \u1ea3nh \u0111\u1ecbnh d\u1ea1ng l\u1edbn m\u1ea1nh m\u1ebd nh\u01b0ng c\u00f3 \u00fd th\u1ee9c v\u1ec1 ng\u00e2n s\u00e1ch, s\u1ebd tr\u1ef1c ti\u1ebfp h\u01b0\u1edfng l\u1ee3i t\u1eeb s\u1ea3n l\u01b0\u1ee3ng \u00e1nh s\u00e1ng d\u1ed3i d\u00e0o c\u1ee7a M-Vision 18K.<\/p>\n","protected":false},"featured_media":1474,"comment_status":"open","ping_status":"closed","template":"","meta":[],"product_brand":[],"product_cat":[182,180,176],"product_tag":[],"class_list":{"0":"post-1469","1":"product","2":"type-product","3":"status-publish","6":"product_cat-digital-projection","7":"product_cat-laser","8":"product_cat-may-chieu","10":"first","11":"instock","12":"taxable","13":"shipping-taxable","14":"product-type-simple"},"_links":{"self":[{"href":"https:\/\/vixav.com.vn\/index.php\/wp-json\/wp\/v2\/product\/1469","targetHints":{"allow":["GET"]}}],"collection":[{"href":"https:\/\/vixav.com.vn\/index.php\/wp-json\/wp\/v2\/product"}],"about":[{"href":"https:\/\/vixav.com.vn\/index.php\/wp-json\/wp\/v2\/types\/product"}],"replies":[{"embeddable":true,"href":"https:\/\/vixav.com.vn\/index.php\/wp-json\/wp\/v2\/comments?post=1469"}],"wp:featuredmedia":[{"embeddable":true,"href":"https:\/\/vixav.com.vn\/index.php\/wp-json\/wp\/v2\/media\/1474"}],"wp:attachment":[{"href":"https:\/\/vixav.com.vn\/index.php\/wp-json\/wp\/v2\/media?parent=1469"}],"wp:term":[{"taxonomy":"product_brand","embeddable":true,"href":"https:\/\/vixav.com.vn\/index.php\/wp-json\/wp\/v2\/product_brand?post=1469"},{"taxonomy":"product_cat","embeddable":true,"href":"https:\/\/vixav.com.vn\/index.php\/wp-json\/wp\/v2\/product_cat?post=1469"},{"taxonomy":"product_tag","embeddable":true,"href":"https:\/\/vixav.com.vn\/index.php\/wp-json\/wp\/v2\/product_tag?post=1469"}],"curies":[{"name":"wp","href":"https:\/\/api.w.org\/{rel}","templated":true}]}}