{"id":1466,"date":"2021-12-23T07:44:07","date_gmt":"2021-12-23T07:44:07","guid":{"rendered":"https:\/\/vixav.com.vn\/?post_type=product&#038;p=1466"},"modified":"2026-04-20T03:02:57","modified_gmt":"2026-04-19T20:02:57","slug":"may-chieu-digital-projector-e-vision-laser-5100-wuxga","status":"publish","type":"product","link":"https:\/\/vixav.com.vn\/index.php\/san-pham\/may-chieu-digital-projector-e-vision-laser-5100-wuxga\/","title":{"rendered":"M\u00e1y chi\u1ebfu Digital Projector E-Vision LASER 5100 WUXGA"},"content":{"rendered":"<p>Th\u00f4ng s\u1ed1 thi\u1ebft b\u1ecb: <a href=\"https:\/\/www.digitalprojection.com\/projector-spec-new.php?id=882\"><strong>Click t\u1ea3i xu\u1ed1ng<\/strong><\/a><\/p>\n<p><span>Nh\u1ecf g\u1ecdn v\u00e0 m\u1ea1nh m\u1ebd, E-Vision Laser 5100 cung c\u1ea5p 5.100 lumen \u1ea5n t\u01b0\u1ee3ng v\u00e0 n\u1eb7ng ch\u1ec9 10,5Kg, \u0111\u1ed3ng th\u1eddi cung c\u1ea5p ti\u1ebfng \u1ed3n ho\u1ea1t \u0111\u1ed9ng r\u1ea5t y\u00ean t\u0129nh ch\u1ec9 36 dBA.\u00a0M\u00e1y chi\u1ebfu DLP Laser chip \u0111\u01a1n n\u00e0y cung c\u1ea5p 20.000 gi\u1edd chi\u1ebfu s\u00e1ng \u1ed5n \u0111\u1ecbnh v\u00e0 g\u1ea7n nh\u01b0 kh\u00f4ng c\u1ea7n b\u1ea3o tr\u00ec.<\/span><\/p>\n<p><span>M\u00e1y chi\u1ebfu E-Vision LASER 5100 bao g\u1ed3m m\u1ed9t \u1ed1ng k\u00ednh c\u1ed1 \u0111\u1ecbnh 0,5: 1 si\u00eau ng\u1eafn v\u1edbi \u0111\u1ed9 l\u1ec7ch 0,6, cho ph\u00e9p n\u00f3 \u0111\u01b0\u1ee3c g\u1eafn ph\u00eda tr\u00ean m\u00e0n h\u00ecnh v\u00e0 ngo\u00e0i t\u1ea7m nh\u00ecn c\u1ee7a ng\u01b0\u1eddi xem.\u00a0T\u00f9y ch\u1ecdn \u1ed1ng k\u00ednh n\u00e0y l\u00e0m cho n\u00f3 tr\u1edf th\u00e0nh m\u1ed9t gi\u1ea3i ph\u00e1p h\u00ecnh \u1ea3nh nh\u1ecf g\u1ecdn \u1ea5n t\u01b0\u1ee3ng, l\u00fd t\u01b0\u1edfng cho c\u00e1c vi\u1ec7n b\u1ea3o t\u00e0ng, r\u1ea1p chi\u1ebfu phim, ph\u00f2ng h\u1ecdp c\u00f4ng ty, bi\u1ec3n b\u00e1o k\u1ef9 thu\u1eadt s\u1ed1 v\u00e0 c\u00e1c \u1ee9ng d\u1ee5ng t\u01b0\u01a1ng t\u1ef1 c\u1ea7n h\u00ecnh \u1ea3nh s\u00e1ng v\u1edbi m\u1ee9c gi\u00e1 d\u1ec5 ti\u1ebfp c\u1eadn.<\/span><\/p>\n<p><span>V\u1edbi v\u00f4 s\u1ed1 t\u00f9y ch\u1ecdn k\u1ebft n\u1ed1i v\u00e0 danh s\u00e1ch t\u00ednh n\u0103ng \u0111\u01b0\u1ee3c \u0111\u00f3ng g\u00f3i v\u1ec1 x\u1eed l\u00fd video v\u00e0 \u0111\u1ed3 h\u1ecda, m\u00e1y chi\u1ebfu n\u00e0y c\u0169ng cung c\u1ea5p m\u00e0n h\u00ecnh m\u00e0u 10-bit v\u00e0 b\u00e1nh xe m\u00e0u 4 Ph\u00e2n \u0111o\u1ea1n (RGBY), \u0111\u1ea3m b\u1ea3o t\u00e1i t\u1ea1o m\u00e0u s\u1eafc tuy\u1ec7t v\u1eddi.<\/span><\/p>\n","protected":false},"excerpt":{"rendered":"<p>M\u00e1y chi\u1ebfu E-Vision LASER 5100 bao g\u1ed3m m\u1ed9t \u1ed1ng k\u00ednh c\u1ed1 \u0111\u1ecbnh 0,5: 1 si\u00eau ng\u1eafn v\u1edbi \u0111\u1ed9 l\u1ec7ch 0,6, cho ph\u00e9p n\u00f3 \u0111\u01b0\u1ee3c g\u1eafn ph\u00eda tr\u00ean m\u00e0n h\u00ecnh v\u00e0 ngo\u00e0i t\u1ea7m nh\u00ecn c\u1ee7a ng\u01b0\u1eddi xem.\u00a0T\u00f9y ch\u1ecdn \u1ed1ng k\u00ednh n\u00e0y l\u00e0m cho n\u00f3 tr\u1edf th\u00e0nh m\u1ed9t gi\u1ea3i ph\u00e1p h\u00ecnh \u1ea3nh nh\u1ecf g\u1ecdn \u1ea5n t\u01b0\u1ee3ng, l\u00fd t\u01b0\u1edfng cho c\u00e1c vi\u1ec7n b\u1ea3o t\u00e0ng, r\u1ea1p chi\u1ebfu phim, ph\u00f2ng h\u1ecdp c\u00f4ng ty, bi\u1ec3n b\u00e1o k\u1ef9 thu\u1eadt s\u1ed1 v\u00e0 c\u00e1c \u1ee9ng d\u1ee5ng t\u01b0\u01a1ng t\u1ef1 c\u1ea7n h\u00ecnh \u1ea3nh s\u00e1ng v\u1edbi m\u1ee9c gi\u00e1 d\u1ec5 ti\u1ebfp c\u1eadn.<\/p>\n","protected":false},"featured_media":1468,"comment_status":"open","ping_status":"closed","template":"","meta":[],"product_brand":[],"product_cat":[182,180,176],"product_tag":[],"class_list":{"0":"post-1466","1":"product","2":"type-product","3":"status-publish","6":"product_cat-digital-projection","7":"product_cat-laser","8":"product_cat-may-chieu","10":"first","11":"instock","12":"taxable","13":"shipping-taxable","14":"product-type-simple"},"_links":{"self":[{"href":"https:\/\/vixav.com.vn\/index.php\/wp-json\/wp\/v2\/product\/1466","targetHints":{"allow":["GET"]}}],"collection":[{"href":"https:\/\/vixav.com.vn\/index.php\/wp-json\/wp\/v2\/product"}],"about":[{"href":"https:\/\/vixav.com.vn\/index.php\/wp-json\/wp\/v2\/types\/product"}],"replies":[{"embeddable":true,"href":"https:\/\/vixav.com.vn\/index.php\/wp-json\/wp\/v2\/comments?post=1466"}],"wp:featuredmedia":[{"embeddable":true,"href":"https:\/\/vixav.com.vn\/index.php\/wp-json\/wp\/v2\/media\/1468"}],"wp:attachment":[{"href":"https:\/\/vixav.com.vn\/index.php\/wp-json\/wp\/v2\/media?parent=1466"}],"wp:term":[{"taxonomy":"product_brand","embeddable":true,"href":"https:\/\/vixav.com.vn\/index.php\/wp-json\/wp\/v2\/product_brand?post=1466"},{"taxonomy":"product_cat","embeddable":true,"href":"https:\/\/vixav.com.vn\/index.php\/wp-json\/wp\/v2\/product_cat?post=1466"},{"taxonomy":"product_tag","embeddable":true,"href":"https:\/\/vixav.com.vn\/index.php\/wp-json\/wp\/v2\/product_tag?post=1466"}],"curies":[{"name":"wp","href":"https:\/\/api.w.org\/{rel}","templated":true}]}}