{"id":1458,"date":"2021-12-23T07:36:34","date_gmt":"2021-12-23T07:36:34","guid":{"rendered":"https:\/\/vixav.com.vn\/?post_type=product&#038;p=1458"},"modified":"2025-11-11T11:05:59","modified_gmt":"2025-11-11T04:05:59","slug":"may-chieu-digital-projector-e-vision-laser-5900-wuxga","status":"publish","type":"product","link":"https:\/\/vixav.com.vn\/index.php\/san-pham\/may-chieu-digital-projector-e-vision-laser-5900-wuxga\/","title":{"rendered":"M\u00e1y chi\u1ebfu Digital Projector E-Vision LASER 5900 WUXGA"},"content":{"rendered":"<p>Th\u00f4ng s\u1ed1 thi\u1ebft b\u1ecb: <a href=\"https:\/\/www.digitalprojection.com\/projector-spec-new.php?id=885\"><strong>Click t\u1ea3i xu\u1ed1ng<\/strong><\/a><\/p>\n<p><span>E-Vision LASER 5900 l\u00e0 m\u1ed9t m\u00e1y chi\u1ebfu DLP chip \u0111\u01a1n nh\u1ecf g\u1ecdn v\u00e0 m\u1ea1nh m\u1ebd, \u0111\u01b0\u1ee3c thi\u1ebft k\u1ebf v\u1edbi c\u00f9ng m\u1ed9t c\u00f4ng ngh\u1ec7 \u0111\u00e1ng tin c\u1eady \u0111\u01b0\u1ee3c t\u00ecm th\u1ea5y trong t\u1ea5t c\u1ea3 c\u00e1c m\u00e1y chi\u1ebfu m\u00e0n h\u00ecnh l\u1edbn c\u1ee7a Digital Projection.\u00a0V\u1edbi c\u00f4ng ngh\u1ec7 chi\u1ebfu s\u00e1ng laser tr\u1ea1ng th\u00e1i r\u1eafn \u0111\u00e3 \u0111\u01b0\u1ee3c ki\u1ec3m ch\u1ee9ng c\u1ee7a ch\u00fang t\u00f4i, E-Vision LASER 5900 cung c\u1ea5p hi\u1ec7u su\u1ea5t h\u00ecnh \u1ea3nh \u1ed5n \u0111\u1ecbnh v\u00e0 g\u1ea7n nh\u01b0 kh\u00f4ng c\u1ea7n b\u1ea3o tr\u00ec trong 20.000 gi\u1edd.<\/span><\/p>\n<p><span>E-Vision LASER 5900 ph\u00f9 h\u1ee3p cho c\u00e1c \u1ee9ng d\u1ee5ng y\u00eau c\u1ea7u gi\u1ea3i ph\u00e1p s\u00e1ng s\u1ee7a v\u00e0 \u0111\u00e1ng tin c\u1eady trong khi v\u1eabn \u0111\u00e1p \u1ee9ng c\u00e1c y\u00eau c\u1ea7u th\u1eadn tr\u1ecdng v\u1ec1 ng\u00e2n s\u00e1ch.\u00a0\u0110\u01b0\u1ee3c chi\u1ebfu s\u00e1ng b\u1eb1ng tia laze, kh\u00f4ng bao gi\u1edd c\u00f3 b\u1ea5t k\u1ef3 lo\u1ea1i \u0111\u00e8n n\u00e0o ph\u1ea3i thay th\u1ebf n\u00ean chi ph\u00ed s\u1edf h\u1eefu l\u00e2u d\u00e0i g\u1ea7n nh\u01b0 b\u1eb1ng kh\u00f4ng.\u00a0H\u01a1n n\u1eefa, \u0111\u1ed9 s\u00e1ng duy tr\u00ec l\u00e2u d\u00e0i v\u00e0 c\u00f3 th\u1ec3 d\u1ef1 \u0111o\u00e1n \u0111\u01b0\u1ee3c, \u0111\u1ea3m b\u1ea3o ho\u1ea1t \u0111\u1ed9ng c\u1ee7a h\u1ec7 th\u1ed1ng kh\u00f4ng bao gi\u1edd b\u1ecb gi\u00e1n \u0111o\u1ea1n.\u00a0Ngo\u00e0i nh\u1eefng l\u1ee3i \u00edch m\u1ea1nh m\u1ebd c\u1ee7a kh\u1ea3 n\u0103ng chi\u1ebfu s\u00e1ng b\u1eb1ng tia laser, kh\u1ea3 n\u0103ng MultiAxis c\u1ee7a Digital Projection cho ph\u00e9p \u0111\u1ecbnh h\u01b0\u1edbng E-Vision LASER 5900 \u1edf h\u1ea7u h\u1ebft m\u1ecdi v\u1ecb tr\u00ed \u0111\u1ec3 linh ho\u1ea1t trong l\u1eafp \u0111\u1eb7t v\u00e0 s\u00e1ng t\u1ea1o \u1ee9ng d\u1ee5ng.<\/span><\/p>\n<p><span>\u0110\u1ec3 \u0111\u1ea3m b\u1ea3o s\u1ef1 \u0111\u01a1n gi\u1ea3n, E-Vision LASER 5900 bao g\u1ed3m m\u1ed9t \u1ed1ng k\u00ednh zoom ti\u00eau chu\u1ea9n v\u00e0 v\u00f4 s\u1ed1 t\u00f9y ch\u1ecdn k\u1ebft n\u1ed1i.\u00a0E-Vision LASER 5900 \u0111\u00f3ng vai tr\u00f2 nh\u01b0 m\u1ed9t c\u00f4ng c\u1ee5 ch\u1ee5p \u1ea3nh linh ho\u1ea1t cho c\u00e1c \u1ee9ng d\u1ee5ng m\u00e0n h\u00ecnh l\u1edbn y\u00eau c\u1ea7u gi\u1ea3i ph\u00e1p s\u00e1ng s\u1ee7a, \u0111\u00e1ng tin c\u1eady v\u00e0 y\u00ean t\u0129nh t\u1eeb m\u1ed9t g\u00f3i nh\u1ecf g\u1ecdn, chi ph\u00ed th\u1ea5p.<\/span><\/p>\n","protected":false},"excerpt":{"rendered":"<p>E-Vision LASER 5900 l\u00e0 m\u1ed9t m\u00e1y chi\u1ebfu DLP chip \u0111\u01a1n nh\u1ecf g\u1ecdn v\u00e0 m\u1ea1nh m\u1ebd, \u0111\u01b0\u1ee3c thi\u1ebft k\u1ebf v\u1edbi c\u00f9ng m\u1ed9t c\u00f4ng ngh\u1ec7 \u0111\u00e1ng tin c\u1eady \u0111\u01b0\u1ee3c t\u00ecm th\u1ea5y trong t\u1ea5t c\u1ea3 c\u00e1c m\u00e1y chi\u1ebfu m\u00e0n h\u00ecnh l\u1edbn c\u1ee7a Digital Projection.\u00a0V\u1edbi c\u00f4ng ngh\u1ec7 chi\u1ebfu s\u00e1ng laser tr\u1ea1ng th\u00e1i r\u1eafn \u0111\u00e3 \u0111\u01b0\u1ee3c ki\u1ec3m ch\u1ee9ng c\u1ee7a ch\u00fang t\u00f4i, E-Vision LASER 5900 cung c\u1ea5p hi\u1ec7u su\u1ea5t h\u00ecnh \u1ea3nh \u1ed5n \u0111\u1ecbnh v\u00e0 g\u1ea7n nh\u01b0 kh\u00f4ng c\u1ea7n b\u1ea3o tr\u00ec trong 20.000 gi\u1edd.<\/p>\n","protected":false},"featured_media":1460,"comment_status":"open","ping_status":"closed","template":"","meta":[],"product_brand":[],"product_cat":[182,180,176],"product_tag":[],"class_list":{"0":"post-1458","1":"product","2":"type-product","3":"status-publish","6":"product_cat-digital-projection","7":"product_cat-laser","8":"product_cat-may-chieu","10":"first","11":"instock","12":"taxable","13":"shipping-taxable","14":"product-type-simple"},"_links":{"self":[{"href":"https:\/\/vixav.com.vn\/index.php\/wp-json\/wp\/v2\/product\/1458","targetHints":{"allow":["GET"]}}],"collection":[{"href":"https:\/\/vixav.com.vn\/index.php\/wp-json\/wp\/v2\/product"}],"about":[{"href":"https:\/\/vixav.com.vn\/index.php\/wp-json\/wp\/v2\/types\/product"}],"replies":[{"embeddable":true,"href":"https:\/\/vixav.com.vn\/index.php\/wp-json\/wp\/v2\/comments?post=1458"}],"wp:featuredmedia":[{"embeddable":true,"href":"https:\/\/vixav.com.vn\/index.php\/wp-json\/wp\/v2\/media\/1460"}],"wp:attachment":[{"href":"https:\/\/vixav.com.vn\/index.php\/wp-json\/wp\/v2\/media?parent=1458"}],"wp:term":[{"taxonomy":"product_brand","embeddable":true,"href":"https:\/\/vixav.com.vn\/index.php\/wp-json\/wp\/v2\/product_brand?post=1458"},{"taxonomy":"product_cat","embeddable":true,"href":"https:\/\/vixav.com.vn\/index.php\/wp-json\/wp\/v2\/product_cat?post=1458"},{"taxonomy":"product_tag","embeddable":true,"href":"https:\/\/vixav.com.vn\/index.php\/wp-json\/wp\/v2\/product_tag?post=1458"}],"curies":[{"name":"wp","href":"https:\/\/api.w.org\/{rel}","templated":true}]}}