{"id":1453,"date":"2021-12-23T07:31:40","date_gmt":"2021-12-23T07:31:40","guid":{"rendered":"https:\/\/vixav.com.vn\/?post_type=product&#038;p=1453"},"modified":"2025-11-11T11:06:20","modified_gmt":"2025-11-11T04:06:20","slug":"may-chieu-digital-projector-e-vision-laser-6500-ii","status":"publish","type":"product","link":"https:\/\/vixav.com.vn\/index.php\/san-pham\/may-chieu-digital-projector-e-vision-laser-6500-ii\/","title":{"rendered":"M\u00e1y chi\u1ebfu Digital Projector E-Vision Laser 6500 II"},"content":{"rendered":"<p>Th\u00f4ng s\u1ed1 thi\u1ebft b\u1ecb: <a href=\"https:\/\/www.digitalprojection.com\/projector-spec-new.php?id=861\"><strong>Click t\u1ea3i xu\u1ed1ng<\/strong><\/a><\/p>\n<p>E-Vision Laser 6500 II tr\u1ea1ng th\u00e1i r\u1eafn n\u00e0y l\u00e0 m\u00e1y chi\u1ebfu 6.500 ANSI Lumen, v\u1edbi \u0111\u1ed9 ph\u00e2n gi\u1ea3i WUXGA v\u00e0 t\u1ef7 l\u1ec7 t\u01b0\u01a1ng ph\u1ea3n \u0111\u01b0\u1ee3c c\u1ea3i thi\u1ec7n l\u00ean \u0111\u1ebfn 20.000: 1.\u00a0Gi\u1ed1ng nh\u01b0 t\u1ea5t c\u1ea3 c\u00e1c m\u00e1y chi\u1ebfu kh\u00f4ng \u0111\u00e8n kh\u00e1c c\u1ee7a Digital Projection, E-Vision Laser 6500 c\u0169ng cung c\u1ea5p kh\u1ea3 n\u0103ng chi\u1ebfu s\u00e1ng \u1ed5n \u0111\u1ecbnh 20.000 gi\u1edd v\u00e0 khung g\u1ea7m nh\u1ecf g\u1ecdn c\u1ee7a n\u00f3 khi\u1ebfn n\u00f3 tr\u1edf th\u00e0nh m\u00e1y chi\u1ebfu l\u00fd t\u01b0\u1edfng cho c\u00e1c \u1ee9ng d\u1ee5ng c\u00f3 kh\u00f4ng gian h\u1ea1n ch\u1ebf.<\/p>\n<p>M\u00e1y chi\u1ebfu c\u0169ng \u0111\u01b0\u1ee3c h\u01b0\u1edfng l\u1ee3i t\u1eeb kh\u1ea3 n\u0103ng \u0111\u01b0\u1ee3c g\u1eafn \u1edf ch\u1ebf \u0111\u1ed9 d\u1ecdc, ngang v\u00e0 h\u1ea7u h\u1ebft m\u1ecdi g\u00f3c \u1edf gi\u1eefa.\u00a0M\u00e1y chi\u1ebfu n\u00e0y t\u1ea1o ra h\u00ecnh \u1ea3nh s\u00e1ng, \u1ed5n \u0111\u1ecbnh v\u00e0 c\u00f3 m\u00e0u s\u1eafc ch\u00ednh x\u00e1c v\u1edbi chi ph\u00ed s\u1edf h\u1eefu tr\u1ecdn \u0111\u1eddi th\u1ea5p \u0111\u00e1ng k\u1ec3.\u00a0T\u1ea5t c\u1ea3 c\u00e1c m\u00e1y chi\u1ebfu kh\u00f4ng \u0111\u00e8n c\u1ee7a Digital Projection \u0111\u00e3 \u0111\u01b0\u1ee3c ph\u00e1t tri\u1ec3n v\u1edbi ch\u1ec9 th\u1ecb &#8216;Fit and Forget&#8217;, mang \u0111\u1ebfn gi\u1ea3i tr\u00ed h\u00ecnh \u1ea3nh tuy\u1ec7t \u0111\u1eb9p v\u1edbi m\u1ee9c b\u1ea3o tr\u00ec t\u1ed1i thi\u1ec3u trong su\u1ed1t th\u1eddi gian s\u1eed d\u1ee5ng c\u1ee7a m\u00e0n h\u00ecnh.<\/p>\n","protected":false},"excerpt":{"rendered":"<p>E-Vision Laser 6500 II tr\u1ea1ng th\u00e1i r\u1eafn n\u00e0y l\u00e0 m\u00e1y chi\u1ebfu 6.500 ANSI Lumen, v\u1edbi \u0111\u1ed9 ph\u00e2n gi\u1ea3i WUXGA v\u00e0 t\u1ef7 l\u1ec7 t\u01b0\u01a1ng ph\u1ea3n \u0111\u01b0\u1ee3c c\u1ea3i thi\u1ec7n l\u00ean \u0111\u1ebfn 20.000: 1.\u00a0Gi\u1ed1ng nh\u01b0 t\u1ea5t c\u1ea3 c\u00e1c m\u00e1y chi\u1ebfu kh\u00f4ng \u0111\u00e8n kh\u00e1c c\u1ee7a Digital Projection, E-Vision Laser 6500 c\u0169ng cung c\u1ea5p kh\u1ea3 n\u0103ng chi\u1ebfu s\u00e1ng \u1ed5n \u0111\u1ecbnh 20.000 gi\u1edd v\u00e0 khung g\u1ea7m nh\u1ecf g\u1ecdn c\u1ee7a n\u00f3 khi\u1ebfn n\u00f3 tr\u1edf th\u00e0nh m\u00e1y chi\u1ebfu l\u00fd t\u01b0\u1edfng cho c\u00e1c \u1ee9ng d\u1ee5ng c\u00f3 kh\u00f4ng gian h\u1ea1n ch\u1ebf.<\/p>\n","protected":false},"featured_media":1457,"comment_status":"open","ping_status":"closed","template":"","meta":[],"product_brand":[],"product_cat":[182,180,176],"product_tag":[],"class_list":{"0":"post-1453","1":"product","2":"type-product","3":"status-publish","6":"product_cat-digital-projection","7":"product_cat-laser","8":"product_cat-may-chieu","10":"first","11":"instock","12":"taxable","13":"shipping-taxable","14":"product-type-simple"},"_links":{"self":[{"href":"https:\/\/vixav.com.vn\/index.php\/wp-json\/wp\/v2\/product\/1453","targetHints":{"allow":["GET"]}}],"collection":[{"href":"https:\/\/vixav.com.vn\/index.php\/wp-json\/wp\/v2\/product"}],"about":[{"href":"https:\/\/vixav.com.vn\/index.php\/wp-json\/wp\/v2\/types\/product"}],"replies":[{"embeddable":true,"href":"https:\/\/vixav.com.vn\/index.php\/wp-json\/wp\/v2\/comments?post=1453"}],"wp:featuredmedia":[{"embeddable":true,"href":"https:\/\/vixav.com.vn\/index.php\/wp-json\/wp\/v2\/media\/1457"}],"wp:attachment":[{"href":"https:\/\/vixav.com.vn\/index.php\/wp-json\/wp\/v2\/media?parent=1453"}],"wp:term":[{"taxonomy":"product_brand","embeddable":true,"href":"https:\/\/vixav.com.vn\/index.php\/wp-json\/wp\/v2\/product_brand?post=1453"},{"taxonomy":"product_cat","embeddable":true,"href":"https:\/\/vixav.com.vn\/index.php\/wp-json\/wp\/v2\/product_cat?post=1453"},{"taxonomy":"product_tag","embeddable":true,"href":"https:\/\/vixav.com.vn\/index.php\/wp-json\/wp\/v2\/product_tag?post=1453"}],"curies":[{"name":"wp","href":"https:\/\/api.w.org\/{rel}","templated":true}]}}