{"id":1450,"date":"2021-12-23T07:25:40","date_gmt":"2021-12-23T07:25:40","guid":{"rendered":"https:\/\/vixav.com.vn\/?post_type=product&#038;p=1450"},"modified":"2021-12-23T07:38:26","modified_gmt":"2021-12-23T07:38:26","slug":"may-chieu-digital-projector-e-vision-laser-9000-wu","status":"publish","type":"product","link":"https:\/\/vixav.com.vn\/index.php\/san-pham\/may-chieu-digital-projector-e-vision-laser-9000-wu\/","title":{"rendered":"M\u00e1y chi\u1ebfu Digital Projector E-Vision Laser 9000 WU"},"content":{"rendered":"<p>Th\u00f4ng s\u1ed1 thi\u1ebft b\u1ecb: <a href=\"https:\/\/www.digitalprojection.com\/projector-spec-new.php?id=867\"><strong>Click t\u1ea3i xu\u1ed1ng<\/strong><\/a><\/p>\n<p>E-Vision Laser 9000 ho\u00e0n to\u00e0n m\u1edbi t\u1ef1 h\u00e0o c\u00f3 9.000 lumen \u1ea5n t\u01b0\u1ee3ng t\u1eeb m\u1ed9t khung m\u00e1y nh\u1ecf g\u1ecdn.\u00a0L\u00fd t\u01b0\u1edfng ph\u00f9 h\u1ee3p v\u1edbi c\u00e1c m\u00e0n h\u00ecnh c\u00f3 k\u00edch th\u01b0\u1edbc trung b\u00ecnh, m\u00e1y chi\u1ebfu laser phosphor n\u00e0y t\u1ea1o ra m\u1ed9t c\u00fa \u0111\u1ed9t ph\u00e1 trong khi v\u1eabn cung c\u1ea5p TCO v\u01b0\u1ee3t tr\u1ed9i v\u1edbi 20.000 gi\u1edd chi\u1ebfu s\u00e1ng \u1ed5n \u0111\u1ecbnh.<\/p>\n<p>Kh\u1ea3 n\u0103ng l\u1eafp \u1edf ch\u1ebf \u0111\u1ed9 ch\u00e2n dung v\u00e0 nhi\u1ec1u lo\u1ea1i \u1ed1ng k\u00ednh l\u00e0m cho n\u00f3 tr\u1edf n\u00ean linh ho\u1ea1t h\u01a1n cho c\u00e1c \u1ee9ng d\u1ee5ng phi ti\u00eau chu\u1ea9n.<\/p>\n<p>Hi\u1ec7u ch\u1ec9nh m\u00e0u 7 \u0111i\u1ec3m m\u1ea1nh m\u1ebd cho ph\u00e9p k\u1ebft h\u1ee3p m\u00e0u ch\u00ednh x\u00e1c v\u00e0 ph\u1ea1m vi k\u1ebft n\u1ed1i r\u1ed9ng r\u00e3i, \u0111\u01b0\u1ee3c th\u00eam v\u00e0o c\u00e1c t\u00f9y ch\u1ecdn \u0111\u1ea7u ra 9000 lumen s\u00e1ng l\u00e0m cho s\u1ef1 b\u1ed5 sung m\u1ea1nh m\u1ebd \u0111\u1ed9c \u0111\u00e1o n\u00e0y cho ph\u1ea1m vi.<\/p>\n<p>T\u1ea5t c\u1ea3 c\u00e1c m\u00e1y chi\u1ebfu kh\u00f4ng \u0111\u00e8n c\u1ee7a Digital Projection \u0111\u00e3 \u0111\u01b0\u1ee3c ph\u00e1t tri\u1ec3n v\u1edbi ch\u1ec9 th\u1ecb &#8216;Fit and Forget&#8217;, mang \u0111\u1ebfn gi\u1ea3i tr\u00ed h\u00ecnh \u1ea3nh tuy\u1ec7t \u0111\u1eb9p v\u1edbi m\u1ee9c b\u1ea3o tr\u00ec t\u1ed1i thi\u1ec3u trong su\u1ed1t th\u1eddi gian s\u1eed d\u1ee5ng c\u1ee7a m\u00e0n h\u00ecnh.<\/p>\n","protected":false},"excerpt":{"rendered":"<p>E-Vision Laser 9000 ho\u00e0n to\u00e0n m\u1edbi t\u1ef1 h\u00e0o c\u00f3 9.000 lumen \u1ea5n t\u01b0\u1ee3ng t\u1eeb m\u1ed9t khung m\u00e1y nh\u1ecf g\u1ecdn.\u00a0L\u00fd t\u01b0\u1edfng ph\u00f9 h\u1ee3p v\u1edbi c\u00e1c m\u00e0n h\u00ecnh c\u00f3 k\u00edch th\u01b0\u1edbc trung b\u00ecnh, m\u00e1y chi\u1ebfu laser phosphor n\u00e0y t\u1ea1o ra m\u1ed9t c\u00fa \u0111\u1ed9t ph\u00e1 trong khi v\u1eabn cung c\u1ea5p TCO v\u01b0\u1ee3t tr\u1ed9i v\u1edbi 20.000 gi\u1edd chi\u1ebfu s\u00e1ng \u1ed5n \u0111\u1ecbnh<\/p>\n","protected":false},"featured_media":1452,"comment_status":"open","ping_status":"closed","template":"","meta":[],"product_brand":[],"product_cat":[182,180,176],"product_tag":[],"class_list":{"0":"post-1450","1":"product","2":"type-product","3":"status-publish","6":"product_cat-digital-projection","7":"product_cat-laser","8":"product_cat-may-chieu","10":"first","11":"instock","12":"taxable","13":"shipping-taxable","14":"product-type-simple"},"_links":{"self":[{"href":"https:\/\/vixav.com.vn\/index.php\/wp-json\/wp\/v2\/product\/1450","targetHints":{"allow":["GET"]}}],"collection":[{"href":"https:\/\/vixav.com.vn\/index.php\/wp-json\/wp\/v2\/product"}],"about":[{"href":"https:\/\/vixav.com.vn\/index.php\/wp-json\/wp\/v2\/types\/product"}],"replies":[{"embeddable":true,"href":"https:\/\/vixav.com.vn\/index.php\/wp-json\/wp\/v2\/comments?post=1450"}],"wp:featuredmedia":[{"embeddable":true,"href":"https:\/\/vixav.com.vn\/index.php\/wp-json\/wp\/v2\/media\/1452"}],"wp:attachment":[{"href":"https:\/\/vixav.com.vn\/index.php\/wp-json\/wp\/v2\/media?parent=1450"}],"wp:term":[{"taxonomy":"product_brand","embeddable":true,"href":"https:\/\/vixav.com.vn\/index.php\/wp-json\/wp\/v2\/product_brand?post=1450"},{"taxonomy":"product_cat","embeddable":true,"href":"https:\/\/vixav.com.vn\/index.php\/wp-json\/wp\/v2\/product_cat?post=1450"},{"taxonomy":"product_tag","embeddable":true,"href":"https:\/\/vixav.com.vn\/index.php\/wp-json\/wp\/v2\/product_tag?post=1450"}],"curies":[{"name":"wp","href":"https:\/\/api.w.org\/{rel}","templated":true}]}}