{"id":1445,"date":"2021-12-23T03:44:38","date_gmt":"2021-12-23T03:44:38","guid":{"rendered":"https:\/\/vixav.com.vn\/?post_type=product&#038;p=1445"},"modified":"2021-12-23T07:39:11","modified_gmt":"2021-12-23T07:39:11","slug":"may-chieu-digital-projector-e-vision-laser-9100-wu","status":"publish","type":"product","link":"https:\/\/vixav.com.vn\/index.php\/san-pham\/may-chieu-digital-projector-e-vision-laser-9100-wu\/","title":{"rendered":"M\u00e1y chi\u1ebfu Digital Projector E-VISION Laser 9100 WU"},"content":{"rendered":"<p>Th\u00f4ng s\u1ed1 thi\u1ebft b\u1ecb:<a href=\"https:\/\/www.digitalprojection.com\/projector-spec-new.php?id=868\"><strong> Click t\u1ea3i xu\u1ed1ng<\/strong><\/a><\/p>\n<p>E-Vision 9100 t\u1ef1 h\u00e0o c\u00f3 t\u1ef7 l\u1ec7 chi ph\u00ed \/ \u0111\u1ed9 s\u00e1ng kh\u00f4ng g\u00ec s\u00e1nh \u0111\u01b0\u1ee3c tr\u01b0\u1edbc n\u00f3 trong ph\u1ea1m vi DLP chip \u0111\u01a1n.\u00a0Gi\u00e1 tr\u1ecb v\u01b0\u1ee3t tr\u1ed9i so v\u1edbi \u0111\u1ed3ng ti\u1ec1n n\u00e0y c\u00f3 \u0111\u01b0\u1ee3c nh\u1edd s\u1ef1 t\u00edch h\u1ee3p li\u1ec1n m\u1ea1ch c\u1ee7a thi\u1ebft b\u1ecb \u0111i\u1ec7n t\u1eed c\u1ed1t l\u00f5i ti\u00ean ti\u1ebfn c\u1ee7a ch\u00fang t\u00f4i v\u1edbi b\u1ed9 nh\u1edb th\u1ea5u k\u00ednh v\u00e0 quang h\u1ecdc ch\u00ednh x\u00e1c c\u0169ng nh\u01b0 ngu\u1ed3n s\u00e1ng m\u1ea1nh m\u1ebd c\u1ee7a c\u00e1c s\u1ea3n ph\u1ea9m E-Vision h\u00e0ng \u0111\u1ea7u c\u1ee7a ch\u00fang t\u00f4i.<\/p>\n<p>Ch\u1ec9 n\u1eb7ng 27,5kg v\u00e0 \u0111\u01b0\u1ee3c \u0111\u00f3ng g\u00f3i trong m\u1ed9t khung m\u00e1y t\u01b0\u01a1ng \u0111\u1ed1i nh\u1ecf g\u1ecdn, E-Vision 9100 cung c\u1ea5p m\u1ed9t c\u01b0\u1eddng \u0111\u1ed9 s\u00e1ng 8.600 lumen tuy\u1ec7t \u0111\u1eb9p v\u00e0 t\u1ef7 l\u1ec7 t\u01b0\u01a1ng ph\u1ea3n \u0111\u1ed9ng 20.000: 1, \u0111\u1ea3m b\u1ea3o h\u00ecnh \u1ea3nh tuy\u1ec7t \u0111\u1eb9p cho h\u1ea7u h\u1ebft m\u1ecdi \u1ee9ng d\u1ee5ng.<\/p>\n<p>Gi\u1ed1ng nh\u01b0 t\u1ea5t c\u1ea3 c\u00e1c m\u00e1y chi\u1ebfu \u0111\u01b0\u1ee3c chi\u1ebfu s\u00e1ng b\u1eb1ng laser phosphor kh\u00e1c trong ph\u1ea1m vi, E-Vision 9100 cung c\u1ea5p 20.000 gi\u1edd chi\u1ebfu s\u00e1ng v\u00e0 b\u1ea3o h\u00e0nh 5 n\u0103m \u0111\u1ec3 b\u1ea1n ho\u00e0n to\u00e0n y\u00ean t\u00e2m v\u00e0 chi ph\u00ed s\u1edf h\u1eefu tr\u1ecdn \u0111\u1eddi th\u1ea5p \u0111\u00e1ng k\u1ec3.<\/p>\n<p>C\u00e1c t\u00ednh n\u0103ng nh\u01b0 \u0111\u1ed9ng c\u01a1 \u00e1nh s\u00e1ng k\u00edn, h\u1ed7 tr\u1ee3 HDR, Ch\u1ebf \u0111\u1ed9 m\u00f4 ph\u1ecfng DICOM v\u00e0 hi\u1ec7u ch\u1ec9nh m\u00e0u 7 \u0111i\u1ec3m m\u1ea1nh m\u1ebd \u0111\u1ec3 kh\u1edbp m\u00e0u ch\u00ednh x\u00e1c khi\u1ebfn m\u00e1y chi\u1ebfu n\u00e0y tr\u1edf th\u00e0nh l\u1ef1a ch\u1ecdn l\u00fd t\u01b0\u1edfng cho m\u1ed9t s\u1ed1 \u1ee9ng d\u1ee5ng quan tr\u1ecdng v\u00e0 \u0111\u00f2i h\u1ecfi kh\u1eaft khe nh\u1ea5t &#8211; ngay c\u1ea3 khi ng\u00e2n s\u00e1ch l\u00e0 y\u1ebfu t\u1ed1 th\u00fac \u0111\u1ea9y Trong d\u1ef1 \u00e1n.<\/p>\n","protected":false},"excerpt":{"rendered":"<p>E-Vision 9100 t\u1ef1 h\u00e0o c\u00f3 t\u1ef7 l\u1ec7 chi ph\u00ed \/ \u0111\u1ed9 s\u00e1ng kh\u00f4ng g\u00ec s\u00e1nh \u0111\u01b0\u1ee3c tr\u01b0\u1edbc n\u00f3 trong ph\u1ea1m vi DLP chip \u0111\u01a1n.\u00a0Gi\u00e1 tr\u1ecb v\u01b0\u1ee3t tr\u1ed9i so v\u1edbi \u0111\u1ed3ng ti\u1ec1n n\u00e0y c\u00f3 \u0111\u01b0\u1ee3c nh\u1edd s\u1ef1 t\u00edch h\u1ee3p li\u1ec1n m\u1ea1ch c\u1ee7a thi\u1ebft b\u1ecb \u0111i\u1ec7n t\u1eed c\u1ed1t l\u00f5i ti\u00ean ti\u1ebfn c\u1ee7a ch\u00fang t\u00f4i v\u1edbi b\u1ed9 nh\u1edb th\u1ea5u k\u00ednh v\u00e0 quang h\u1ecdc ch\u00ednh x\u00e1c c\u0169ng nh\u01b0 ngu\u1ed3n s\u00e1ng m\u1ea1nh m\u1ebd c\u1ee7a c\u00e1c s\u1ea3n ph\u1ea9m E-Vision h\u00e0ng \u0111\u1ea7u c\u1ee7a ch\u00fang t\u00f4i.<\/p>\n","protected":false},"featured_media":1448,"comment_status":"open","ping_status":"closed","template":"","meta":[],"product_brand":[],"product_cat":[182,180,176],"product_tag":[],"class_list":{"0":"post-1445","1":"product","2":"type-product","3":"status-publish","6":"product_cat-digital-projection","7":"product_cat-laser","8":"product_cat-may-chieu","10":"first","11":"instock","12":"taxable","13":"shipping-taxable","14":"product-type-simple"},"_links":{"self":[{"href":"https:\/\/vixav.com.vn\/index.php\/wp-json\/wp\/v2\/product\/1445","targetHints":{"allow":["GET"]}}],"collection":[{"href":"https:\/\/vixav.com.vn\/index.php\/wp-json\/wp\/v2\/product"}],"about":[{"href":"https:\/\/vixav.com.vn\/index.php\/wp-json\/wp\/v2\/types\/product"}],"replies":[{"embeddable":true,"href":"https:\/\/vixav.com.vn\/index.php\/wp-json\/wp\/v2\/comments?post=1445"}],"wp:featuredmedia":[{"embeddable":true,"href":"https:\/\/vixav.com.vn\/index.php\/wp-json\/wp\/v2\/media\/1448"}],"wp:attachment":[{"href":"https:\/\/vixav.com.vn\/index.php\/wp-json\/wp\/v2\/media?parent=1445"}],"wp:term":[{"taxonomy":"product_brand","embeddable":true,"href":"https:\/\/vixav.com.vn\/index.php\/wp-json\/wp\/v2\/product_brand?post=1445"},{"taxonomy":"product_cat","embeddable":true,"href":"https:\/\/vixav.com.vn\/index.php\/wp-json\/wp\/v2\/product_cat?post=1445"},{"taxonomy":"product_tag","embeddable":true,"href":"https:\/\/vixav.com.vn\/index.php\/wp-json\/wp\/v2\/product_tag?post=1445"}],"curies":[{"name":"wp","href":"https:\/\/api.w.org\/{rel}","templated":true}]}}