{"id":1372,"date":"2021-12-17T09:03:43","date_gmt":"2021-12-17T09:03:43","guid":{"rendered":"https:\/\/vixav.com.vn\/?post_type=product&#038;p=1372"},"modified":"2025-07-03T02:25:17","modified_gmt":"2025-07-03T02:25:17","slug":"may-chieu-digital-projector-e-vision-laser-11000-4k-uhd","status":"publish","type":"product","link":"https:\/\/vixav.com.vn\/index.php\/san-pham\/may-chieu-digital-projector-e-vision-laser-11000-4k-uhd\/","title":{"rendered":"M\u00e1y chi\u1ebfu Digital Projector E-VISION Laser 11000 4K-UHD"},"content":{"rendered":"<p>Th\u00f4ng s\u1ed1 thi\u1ebft b\u1ecb:<a href=\"https:\/\/www.digitalprojection.com\/projector-spec-new.php?id=865\"> <strong>Click t\u1ea3i xu\u1ed1ng<\/strong><\/a><\/p>\n<p><span>E-Vision Laser 11000 4K-UHD cung c\u1ea5p 10.500 lumen tuy\u1ec7t \u0111\u1eb9p t\u1eeb ngu\u1ed3n s\u00e1ng tr\u1ea1ng th\u00e1i r\u1eafn \u1ed5n \u0111\u1ecbnh, c\u00f3 kh\u1ea3 n\u0103ng t\u1ea1o ra h\u01a1n 20.000 gi\u1edd chi\u1ebfu s\u00e1ng.\u00a0\u0110\u1ed9 ph\u00e2n gi\u1ea3i 4K UHD mang l\u1ea1i \u0111\u1ed9 chi ti\u1ebft v\u00e0 h\u00ecnh \u1ea3nh tinh t\u1ebf tuy\u1ec7t \u0111\u1eb9p m\u00e0 ch\u1ec9 4K-UHD \u0111\u01b0\u1ee3c h\u1ed7 tr\u1ee3 b\u1edfi chip DLP c\u1ee7a Texas Instruments m\u1edbi c\u00f3 th\u1ec3 l\u00e0m \u0111\u01b0\u1ee3c.\u00a0M\u00e1y chi\u1ebfu chip \u0111\u01a1n n\u00e0y \u0111\u01b0\u1ee3c ph\u00e1t tri\u1ec3n v\u1edbi ch\u1ec9 th\u1ecb Fit and Forget &#8216;, \u0111\u1ea3m b\u1ea3o n\u00f3 ch\u1ec9 c\u1ea7n b\u1ea3o tr\u00ec t\u1ed1i thi\u1ec3u trong su\u1ed1t th\u1eddi gian s\u1eed d\u1ee5ng c\u1ee7a m\u00e0n h\u00ecnh.\u00a0V\u1edbi \u0111\u1ed9 ph\u00e2n gi\u1ea3i hi\u1ec3n th\u1ecb 4K-UHD (3840 x 2160) ho\u1eb7c WQXGA + (2716 x 1528), m\u00e1y chi\u1ebfu n\u00e0y \u0111\u1ea1t \u0111\u01b0\u1ee3c \u0111\u1ed9 linh ho\u1ea1t cao nh\u1ea5t.<\/span><\/p>\n<p><span>H\u1ea5p d\u1eabn kh\u00f4ng k\u00e9m l\u00e0 vi\u1ec7c thi\u1ebfu \u0111\u00e8n thay th\u1ebf do h\u1ec7 th\u1ed1ng chi\u1ebfu s\u00e1ng tr\u1ea1ng th\u00e1i r\u1eafn.\u00a0B\u1eb1ng c\u00e1ch b\u1ecf qua c\u00e1c chu k\u1ef3 thay th\u1ebf \u0111\u00e8n th\u00f4ng th\u01b0\u1eddng, h\u1ea7u h\u1ebft m\u1ecdi chi ph\u00ed li\u00ean quan \u0111\u1ebfn E-Vision Laser \u0111\u1ec1u ph\u00e1t sinh t\u1ea1i th\u1eddi \u0111i\u1ec3m mua.\u00a0\u0110\u1eb7c \u0111i\u1ec3m ch\u00ednh n\u00e0y cho ph\u00e9p E-Vision Laser 11000 4K-UHD c\u00f3 chi ph\u00ed s\u1edf h\u1eefu th\u1ea5p h\u01a1n nhi\u1ec1u so v\u1edbi tu\u1ed5i th\u1ecd c\u1ee7a m\u00e0n h\u00ecnh.<\/span><\/p>\n<p><span>K\u1ebft h\u1ee3p ngu\u1ed3n chi\u1ebfu s\u00e1ng v\u01b0\u1ee3t tr\u1ed9i, tu\u1ed5i th\u1ecd cao v\u1edbi m\u1ed9t lo\u1ea1t c\u00e1c t\u00ednh n\u0103ng ch\u00ednh x\u00e1c kh\u00e1c v\u00e0 b\u1ea1n c\u00f3 m\u1ed9t gi\u1ea3i ph\u00e1p m\u00e1y chi\u1ebfu ho\u00e0n to\u00e0n ph\u00f9 h\u1ee3p v\u1edbi nhi\u1ec1u \u0111\u1ecba \u0111i\u1ec3m chuy\u00ean nghi\u1ec7p kh\u00e1c nhau.\u00a0HDMI 2.0 v\u1edbi HDCP 2.2 l\u00e0 ti\u00eau chu\u1ea9n c\u0169ng nh\u01b0 DisplayPort 1.2 v\u1edbi HDCP 2.2 khi b\u1ea1n c\u1ea7n Frame Sequential v\u00e0 Dual Pipe 3D.<\/span><\/p>\n<p>&nbsp;<\/p>\n","protected":false},"excerpt":{"rendered":"<p><span>E-Vision Laser 11000 4K-UHD cung c\u1ea5p 10.500 lumen tuy\u1ec7t \u0111\u1eb9p t\u1eeb ngu\u1ed3n s\u00e1ng tr\u1ea1ng th\u00e1i r\u1eafn \u1ed5n \u0111\u1ecbnh, c\u00f3 kh\u1ea3 n\u0103ng t\u1ea1o ra h\u01a1n 20.000 gi\u1edd chi\u1ebfu s\u00e1ng.\u00a0<\/span><span>\u0110\u1ed9 ph\u00e2n gi\u1ea3i 4K UHD mang l\u1ea1i \u0111\u1ed9 chi ti\u1ebft v\u00e0 h\u00ecnh \u1ea3nh tinh t\u1ebf tuy\u1ec7t \u0111\u1eb9p m\u00e0 ch\u1ec9 4K-UHD \u0111\u01b0\u1ee3c h\u1ed7 tr\u1ee3 b\u1edfi chip DLP c\u1ee7a Texas Instruments m\u1edbi c\u00f3 th\u1ec3 l\u00e0m \u0111\u01b0\u1ee3c.<\/span><\/p>\n","protected":false},"featured_media":1373,"comment_status":"open","ping_status":"closed","template":"","meta":[],"product_brand":[],"product_cat":[182,180,176],"product_tag":[],"class_list":{"0":"post-1372","1":"product","2":"type-product","3":"status-publish","6":"product_cat-digital-projection","7":"product_cat-laser","8":"product_cat-may-chieu","10":"first","11":"instock","12":"taxable","13":"shipping-taxable","14":"product-type-simple"},"_links":{"self":[{"href":"https:\/\/vixav.com.vn\/index.php\/wp-json\/wp\/v2\/product\/1372","targetHints":{"allow":["GET"]}}],"collection":[{"href":"https:\/\/vixav.com.vn\/index.php\/wp-json\/wp\/v2\/product"}],"about":[{"href":"https:\/\/vixav.com.vn\/index.php\/wp-json\/wp\/v2\/types\/product"}],"replies":[{"embeddable":true,"href":"https:\/\/vixav.com.vn\/index.php\/wp-json\/wp\/v2\/comments?post=1372"}],"wp:featuredmedia":[{"embeddable":true,"href":"https:\/\/vixav.com.vn\/index.php\/wp-json\/wp\/v2\/media\/1373"}],"wp:attachment":[{"href":"https:\/\/vixav.com.vn\/index.php\/wp-json\/wp\/v2\/media?parent=1372"}],"wp:term":[{"taxonomy":"product_brand","embeddable":true,"href":"https:\/\/vixav.com.vn\/index.php\/wp-json\/wp\/v2\/product_brand?post=1372"},{"taxonomy":"product_cat","embeddable":true,"href":"https:\/\/vixav.com.vn\/index.php\/wp-json\/wp\/v2\/product_cat?post=1372"},{"taxonomy":"product_tag","embeddable":true,"href":"https:\/\/vixav.com.vn\/index.php\/wp-json\/wp\/v2\/product_tag?post=1372"}],"curies":[{"name":"wp","href":"https:\/\/api.w.org\/{rel}","templated":true}]}}