{"id":1347,"date":"2021-12-17T08:51:57","date_gmt":"2021-12-17T08:51:57","guid":{"rendered":"https:\/\/vixav.com.vn\/?post_type=product&#038;p=1347"},"modified":"2021-12-17T08:54:37","modified_gmt":"2021-12-17T08:54:37","slug":"may-chieu-e-vision-laser-13000-wu","status":"publish","type":"product","link":"https:\/\/vixav.com.vn\/index.php\/san-pham\/may-chieu-e-vision-laser-13000-wu\/","title":{"rendered":"M\u00e1y chi\u1ebfu Digital Projection E-VISION Laser 13000 WU"},"content":{"rendered":"<p>Th\u00f4ng s\u1ed1 thi\u1ebft b\u1ecb: <a href=\"https:\/\/www.digitalprojection.com\/projector-spec-new.php?id=873\"><strong>Click t\u1ea3i xu\u1ed1ng\u00a0<\/strong><\/a><\/p>\n<p>M\u01b0\u1ee3n m\u1ed9t s\u1ed1 x\u1eed l\u00fd \u0111\u1ed3 h\u1ecda ti\u00ean ti\u1ebfn t\u1eeb m\u00e1y chi\u1ebfu 3 chip h\u00e0ng \u0111\u1ea7u c\u1ee7a ch\u00fang t\u00f4i, E-Vision Laser 13000 c\u00f3 ti\u00eau chu\u1ea9n v\u1edbi HDMI 1.4b, C\u1ed5ng hi\u1ec3n th\u1ecb v\u00e0 k\u1ebft n\u1ed1i HDBaseT v\u00e0 ch\u1ea5p nh\u1eadn c\u00e1c t\u00edn hi\u1ec7u 3D th\u01b0\u01a1ng m\u1ea1i v\u00e0 trong n\u01b0\u1edbc.\u00a0Th\u00eam v\u00e0o t\u00ednh n\u0103ng t\u1ef1 \u0111\u1ed9ng h\u00f3a m\u00e1y chi\u1ebfu n\u00e0y, \u0111i\u1ec1u khi\u1ec3n trung t\u00e2m th\u00f4ng qua \u1ee9ng d\u1ee5ng d\u1ef1a tr\u00ean PC v\u00e0 Hi\u1ec7u ch\u1ec9nh h\u00ecnh h\u1ecdc v\u00e0 h\u1ed7n h\u1ee3p c\u1ea1nh, v\u00e0 m\u00e1y chi\u1ebfu laser phosphor DLP \u0111\u01a1n chip nh\u1ecf g\u1ecdn v\u00e0 m\u1ea1nh m\u1ebd \u0111\u00e1ng kinh ng\u1ea1c n\u00e0y \u0111\u01b0\u1ee3c thi\u1ebft l\u1eadp \u0111\u1ec3 tr\u1edf th\u00e0nh m\u1ed9t trong nh\u1eefng s\u1ea3n ph\u1ea9m ph\u1ed5 bi\u1ebfn nh\u1ea5t c\u1ee7a ch\u00fang t\u00f4i.<\/p>\n<p>E-Vision Laser 13000 WU c\u00f3\u00a0<a href=\"https:\/\/www.digitalprojection.com\/emea\/100-sealed-optics\/\">quang h\u1ecdc k\u00edn<\/a>\u00a0v\u00e0 s\u1eed d\u1ee5ng l\u00e0m m\u00e1t b\u1eb1ng ch\u1ea5t l\u1ecfng v\u1edbi b\u1ed9 t\u1ea3n nhi\u1ec7t \u0111\u1ec3 lo\u1ea1i b\u1ecf n\u0103ng l\u01b0\u1ee3ng ra m\u00f4i tr\u01b0\u1eddng b\u00ean ngo\u00e0i.\u00a0H\u1ec7 th\u1ed1ng quang h\u1ecdc, t\u1eeb ngu\u1ed3n s\u00e1ng laser \u0111\u1ebfn th\u1ea5u k\u00ednh \u0111\u01b0\u1ee3c ho\u00e0n to\u00e0n k\u00edn v\u00e0 c\u00f3 th\u1ec3 \u0111\u01b0\u1ee3c coi l\u00e0 x\u1ebfp h\u1ea1ng IP60.\u00a0\u0110i\u1ec1u n\u00e0y \u0111\u1ea3m b\u1ea3o r\u1eb1ng hi\u1ec7u su\u1ea5t \u00e1nh s\u00e1ng v\u00e0 m\u00e0u s\u1eafc s\u1ebd kh\u00f4ng b\u1ecb suy gi\u1ea3m do s\u1ef1 x\u00e2m nh\u1eadp c\u1ee7a b\u1ee5i.\u00a0Ngo\u00e0i ra, m\u00e1y chi\u1ebfu n\u00e0y ho\u00e0n to\u00e0n kh\u00f4ng c\u00f3 b\u1ed9 l\u1ecdc v\u00ec h\u1ec7 th\u1ed1ng \u0111\u01b0\u1ee3c l\u00e0m m\u00e1t b\u1eb1ng ch\u1ea5t l\u1ecfng v\u00e0 s\u1eed d\u1ee5ng b\u1ed9 trao \u0111\u1ed5i nhi\u1ec7t t\u1ea3n nhi\u1ec7t, gi\u1ea3m thi\u1ec3u vi\u1ec7c b\u1ea3o tr\u00ec v\u00ec kh\u00f4ng c\u1ea7n thay th\u1ebf ho\u1eb7c l\u00e0m s\u1ea1ch b\u1ed9 l\u1ecdc v\u00e0 cho ph\u00e9p lu\u1ed3ng kh\u00f4ng kh\u00ed kh\u00f4ng b\u1ecb h\u1ea1n ch\u1ebf.<\/p>\n","protected":false},"excerpt":{"rendered":"<p>Ti\u1ebfp n\u1ed1i th\u00e0nh c\u00f4ng c\u1ee7a E-Vision Laser 10K, E-Vision Laser 13000 m\u1edbi \u0111\u00e3 \u0111\u01b0\u1ee3c c\u1eadp nh\u1eadt v\u1edbi\u00a0C\u00f4ng ngh\u1ec7 Laser Colorboost + Red\u00a0ho\u00e0n to\u00e0n m\u1edbi\u00a0<a href=\"https:\/\/www.digitalprojection.com\/emea\/colorboost-red-laser\/\">.\u00a0<\/a>\u0110\u00e3 n\u1ed5i ti\u1ebfng l\u00e0 d\u00f2ng m\u00e1y m\u1ea1nh m\u1ebd, \u0111\u00e1ng tin c\u1eady, th\u1ebf h\u1ec7 m\u1edbi nh\u1ea5t c\u1ee7a m\u00e1y chi\u1ebfu nh\u1ecf g\u1ecdn, kh\u00f4ng c\u00f3 \u0111\u00e8n n\u00e0y s\u1eed d\u1ee5ng c\u00f4ng ngh\u1ec7 Colorboost + Red \u0111\u1ec3 t\u1ea1o ra m\u00e0u s\u1eafc trung th\u1ef1c v\u00e0 b\u00e3o h\u00f2a nh\u1ea5t t\u1eebng th\u1ea5y t\u1eeb b\u1ea5t k\u1ef3 M\u00e1y chi\u1ebfu DLP 1 chip \u0111\u1ed9 s\u00e1ng cao n\u00e0o.\u00a0V\u1edbi quy tr\u00ecnh x\u1eed l\u00fd th\u00f4ng minh m\u1edbi, hi\u1ec7u su\u1ea5t m\u00e0u c\u1ee7a E-Vision Laser 13000 g\u1ea7n h\u01a1n bao gi\u1edd h\u1ebft v\u1edbi hi\u1ec7u su\u1ea5t m\u00e0u c\u1ee7a m\u00e1y chi\u1ebfu DLP 3 chip.<\/p>\n","protected":false},"featured_media":1361,"comment_status":"open","ping_status":"closed","template":"","meta":[],"product_brand":[],"product_cat":[182,180,176],"product_tag":[],"class_list":{"0":"post-1347","1":"product","2":"type-product","3":"status-publish","6":"product_cat-digital-projection","7":"product_cat-laser","8":"product_cat-may-chieu","10":"first","11":"instock","12":"taxable","13":"shipping-taxable","14":"product-type-simple"},"_links":{"self":[{"href":"https:\/\/vixav.com.vn\/index.php\/wp-json\/wp\/v2\/product\/1347","targetHints":{"allow":["GET"]}}],"collection":[{"href":"https:\/\/vixav.com.vn\/index.php\/wp-json\/wp\/v2\/product"}],"about":[{"href":"https:\/\/vixav.com.vn\/index.php\/wp-json\/wp\/v2\/types\/product"}],"replies":[{"embeddable":true,"href":"https:\/\/vixav.com.vn\/index.php\/wp-json\/wp\/v2\/comments?post=1347"}],"wp:featuredmedia":[{"embeddable":true,"href":"https:\/\/vixav.com.vn\/index.php\/wp-json\/wp\/v2\/media\/1361"}],"wp:attachment":[{"href":"https:\/\/vixav.com.vn\/index.php\/wp-json\/wp\/v2\/media?parent=1347"}],"wp:term":[{"taxonomy":"product_brand","embeddable":true,"href":"https:\/\/vixav.com.vn\/index.php\/wp-json\/wp\/v2\/product_brand?post=1347"},{"taxonomy":"product_cat","embeddable":true,"href":"https:\/\/vixav.com.vn\/index.php\/wp-json\/wp\/v2\/product_cat?post=1347"},{"taxonomy":"product_tag","embeddable":true,"href":"https:\/\/vixav.com.vn\/index.php\/wp-json\/wp\/v2\/product_tag?post=1347"}],"curies":[{"name":"wp","href":"https:\/\/api.w.org\/{rel}","templated":true}]}}