{"id":1236,"date":"2021-12-17T04:22:27","date_gmt":"2021-12-17T04:22:27","guid":{"rendered":"https:\/\/vixav.com.vn\/?post_type=product&#038;p=1236"},"modified":"2021-12-17T08:54:19","modified_gmt":"2021-12-17T08:54:19","slug":"may-chieu-tia-laser-e-vision-laser-8500-lumen","status":"publish","type":"product","link":"https:\/\/vixav.com.vn\/index.php\/san-pham\/may-chieu-tia-laser-e-vision-laser-8500-lumen\/","title":{"rendered":"M\u00e1y chi\u1ebfu Digital Projection tia laser E-VISION Laser 8500 Lumen"},"content":{"rendered":"<p>Th\u00f4ng s\u1ed1 thi\u1ebft b\u1ecb chi ti\u1ebft: <a href=\"https:\/\/www.digitalprojection.com\/projector-spec-new.php?id=852\"><strong>Click t\u1ea3i xu\u1ed1ng<\/strong><\/a><\/p>\n<p>H\u1ea7u h\u1ebft m\u1ecdi chi ph\u00ed li\u00ean quan \u0111\u1ebfn E-Vision Laser \u0111\u1ec1u ph\u00e1t sinh t\u1ea1i th\u1eddi \u0111i\u1ec3m mua. \u0110\u1eb7c \u0111i\u1ec3m ch\u00ednh n\u00e0y cho ph\u00e9p E-Vision Laser c\u00f3 chi ph\u00ed s\u1edf h\u1eefu th\u1ea5p h\u01a1n nhi\u1ec1u so v\u1edbi tu\u1ed5i th\u1ecd c\u1ee7a m\u00e0n h\u00ecnh.<\/p>\n<p>K\u1ebft h\u1ee3p ngu\u1ed3n chi\u1ebfu s\u00e1ng v\u01b0\u1ee3t tr\u1ed9i, tu\u1ed5i th\u1ecd cao v\u1edbi m\u1ed9t lo\u1ea1t c\u00e1c t\u00ednh n\u0103ng ch\u00ednh x\u00e1c kh\u00e1c v\u00e0 b\u1ea1n c\u00f3 m\u1ed9t gi\u1ea3i ph\u00e1p m\u00e1y chi\u1ebfu ho\u00e0n to\u00e0n ph\u00f9 h\u1ee3p v\u1edbi nhi\u1ec1u \u0111\u1ecba \u0111i\u1ec3m chuy\u00ean nghi\u1ec7p kh\u00e1c nhau.\u00a0Image Edge Blending \u0111\u01b0\u1ee3c bao g\u1ed3m nh\u01b0 m\u1ed9t ti\u00eau chu\u1ea9n, c\u00f9ng v\u1edbi hi\u1ec7u ch\u1ec9nh h\u00ecnh h\u1ecdc.\u00a0HDBaseT, DisplayPort 1.2 v\u00e0 HDMI \u0111\u1ea3m b\u1ea3o r\u1eb1ng k\u1ebft n\u1ed1i ho\u00e0n to\u00e0n \u0111\u01b0\u1ee3c ki\u1ec3m ch\u1ee9ng trong t\u01b0\u01a1ng lai.<\/p>\n<p>&nbsp;<\/p>\n","protected":false},"excerpt":{"rendered":"<p>E-Vision Laser 8500 Laser cung c\u1ea5p 8.500 lumen tuy\u1ec7t \u0111\u1eb9p t\u1eeb ngu\u1ed3n s\u00e1ng tr\u1ea1ng th\u00e1i r\u1eafn \u1ed5n \u0111\u1ecbnh, c\u00f3 kh\u1ea3 n\u0103ng t\u1ea1o ra h\u01a1n 20.000 gi\u1edd chi\u1ebfu s\u00e1ng. M\u00e1y chi\u1ebfu chip \u0111\u01a1n n\u00e0y \u0111\u01b0\u1ee3c ph\u00e1t tri\u1ec3n v\u1edbi ch\u1ec9 th\u1ecb Fit and Forget &#8216;, \u0111\u1ea3m b\u1ea3o n\u00f3 ch\u1ec9 c\u1ea7n b\u1ea3o tr\u00ec t\u1ed1i thi\u1ec3u trong su\u1ed1t th\u1eddi gian s\u1eed d\u1ee5ng c\u1ee7a m\u00e0n h\u00ecnh.<\/p>\n","protected":false},"featured_media":1272,"comment_status":"open","ping_status":"closed","template":"","meta":[],"product_brand":[],"product_cat":[182,180,176],"product_tag":[],"class_list":{"0":"post-1236","1":"product","2":"type-product","3":"status-publish","6":"product_cat-digital-projection","7":"product_cat-laser","8":"product_cat-may-chieu","10":"first","11":"instock","12":"taxable","13":"shipping-taxable","14":"product-type-simple"},"_links":{"self":[{"href":"https:\/\/vixav.com.vn\/index.php\/wp-json\/wp\/v2\/product\/1236","targetHints":{"allow":["GET"]}}],"collection":[{"href":"https:\/\/vixav.com.vn\/index.php\/wp-json\/wp\/v2\/product"}],"about":[{"href":"https:\/\/vixav.com.vn\/index.php\/wp-json\/wp\/v2\/types\/product"}],"replies":[{"embeddable":true,"href":"https:\/\/vixav.com.vn\/index.php\/wp-json\/wp\/v2\/comments?post=1236"}],"wp:featuredmedia":[{"embeddable":true,"href":"https:\/\/vixav.com.vn\/index.php\/wp-json\/wp\/v2\/media\/1272"}],"wp:attachment":[{"href":"https:\/\/vixav.com.vn\/index.php\/wp-json\/wp\/v2\/media?parent=1236"}],"wp:term":[{"taxonomy":"product_brand","embeddable":true,"href":"https:\/\/vixav.com.vn\/index.php\/wp-json\/wp\/v2\/product_brand?post=1236"},{"taxonomy":"product_cat","embeddable":true,"href":"https:\/\/vixav.com.vn\/index.php\/wp-json\/wp\/v2\/product_cat?post=1236"},{"taxonomy":"product_tag","embeddable":true,"href":"https:\/\/vixav.com.vn\/index.php\/wp-json\/wp\/v2\/product_tag?post=1236"}],"curies":[{"name":"wp","href":"https:\/\/api.w.org\/{rel}","templated":true}]}}