{"id":1169,"date":"2021-12-16T07:56:57","date_gmt":"2021-12-16T07:56:57","guid":{"rendered":"https:\/\/vixav.com.vn\/?post_type=product&#038;p=1169"},"modified":"2025-11-11T11:04:47","modified_gmt":"2025-11-11T04:04:47","slug":"man-chieu-3-chan-120-inch-2-13mx2-13m","status":"publish","type":"product","link":"https:\/\/vixav.com.vn\/index.php\/san-pham\/man-chieu-3-chan-120-inch-2-13mx2-13m\/","title":{"rendered":"M\u00e0n chi\u1ebfu 3 ch\u00e2n Dalite 120 Inch 2.13mx2.13m"},"content":{"rendered":"<p><b>H\u01b0\u1edbng d\u1eabn d\u1eed d\u1ee5ng m\u00e0n chi\u1ebfu 3 ch\u00e2n Dalite 120 INCH<\/b><\/p>\n<p><b>1. C\u00e1ch d\u1ef1ng ch\u00e2n m\u00e1y.<\/b><\/p>\n<p>\u2013 B\u01b0\u1edbc 1: \u0110\u1eb7t m\u00e0n h\u00ecnh \u1edf v\u1ecb tr\u00ed th\u1eb3ng \u0111\u1ee9ng, hai ch\u00e2n h\u01b0\u1edbng xu\u1ed1ng \u0111\u1ea5t.<\/p>\n<p>\u2013 B\u01b0\u1edbc 2: B\u1eadt 3 ch\u00e2n m\u00e1y \u1edf kh\u1edbp n\u1ed1i, gi\u1eef th\u0103ng b\u1eb1ng cho m\u00e0n ch\u00ecnh.<\/p>\n<p>\u2013 B\u01b0\u1edbc 3: Xoay th\u00e2n ch\u00e2n m\u00e1y \u1edf g\u00f3c 90 \u0111\u1ed9 so v\u1edbi v\u1ecb tr\u00ed n\u1eb1m ngang sao cho b\u1ecdc m\u00e0n h\u00ecnh b\u00e2y gi\u1edd song song v\u1edbi m\u1eb7t \u0111\u1ea5t.<\/p>\n<p>\u2013 B\u01b0\u1edbc 4: M\u1edf r\u1ed9ng t\u1ed1i \u0111a 3 ch\u00e2n, gi\u1eef ch\u00fang \u1ed5n \u0111\u1ecbnh v\u00e0 c\u00e2n b\u1eb1ng tr\u00ean m\u1eb7t s\u00e0n.<\/p>\n<p>* L\u01b0u \u00fd: KH\u00d4NG \u0111\u1ee9ng ch\u00e2n l\u00ean b\u1ea5t k\u1ef3 ch\u00e2n \u0111\u1ebf n\u00e0o \u0111\u1ec3 tr\u00e1nh gi\u00e1 m\u00e0n chi\u1ebfu b\u1ecb \u0111\u1ed5, g\u00e2y ch\u1ea5n th\u01b0\u01a1ng.<\/p>\n<p><b>\u00a02. C\u00e1ch m\u1edf m\u00e0n chi\u1ebfu \u0111\u1ec3 tr\u00ecnh chi\u1ebfu.<\/b><\/p>\n<p>B\u01b0\u1edbc 1: K\u00e9o tay c\u1ea7m m\u00e0n chi\u1ebfu l\u00ean theo chi\u1ec1u d\u1ecdc v\u00e0 m\u00f3c m\u00e0n chi\u1ebfu v\u00e0o ch\u1ed1t.<\/p>\n<p>B\u01b0\u1edbc 2: Xoay v\u00f2ng tay \u00e1o kh\u00f3a d\u1ecdc theo chi\u1ec1u ng\u01b0\u1ee3c kim \u0111\u1ed3ng h\u1ed3 \u0111\u1ec3 m\u1edf kh\u00f3a v\u1ecb tr\u00ed hi\u1ec7n t\u1ea1i c\u1ee7a Thanh m\u1edf r\u1ed9ng d\u1ecdc v\u00e0 n\u00e2ng n\u00f3 \u0111\u1ebfn chi\u1ec1u cao mong mu\u1ed1n.<\/p>\n<p>B\u01b0\u1edbc 3: K\u00e9o thanh \u0110i\u1ec1u ch\u1ec9nh ra (\u1edf b\u00ean tr\u00e1i) n\u1eb1m ngay ph\u00eda tr\u00ean Tay c\u1ea7m mang \u0111\u1ec3 n\u00e2ng ho\u1eb7c h\u1ea1 th\u1ea5p ph\u00eda d\u01b0\u1edbi m\u00e0n h\u00ecnh.<\/p>\n<p>M\u1ed9t khi \u0111\u1ea1t \u0111\u01b0\u1ee3c chi\u1ec1u cao mong mu\u1ed1n, h\u00e3y kh\u00f3a tab v\u00e0o \u0111\u1ec3 c\u1ed1 \u0111\u1ecbnh v\u1ecb tr\u00ed.<\/p>\n","protected":false},"excerpt":{"rendered":"<p>M\u00e0n chi\u1ebfu chuy\u00ean d\u1ee5ng thi\u1ebft k\u1ebf 3 ch\u00e2n ch\u1eafc ch\u1eafn, l\u00e0 s\u1ef1 l\u1ef1a ch\u1ecdn tuy\u1ec7t v\u1eddi cho tr\u00ecnh chi\u1ebfu s\u1ef1 ki\u1ec7n ngo\u00e0i tr\u1eddi<\/p>\n<p>V\u1ea3i m\u00e0n ch\u1ea5t l\u01b0\u1ee3ng cao Matte white c\u00f3 kh\u1ea3 n\u0103ng ch\u1ed1ng m\u1ed1c, \u00edt b\u1eaft l\u1eeda \u0111\u1ea3m b\u1ea3o s\u1eed d\u1ee5ng b\u1ec1n b\u1ec9, l\u00e2u d\u00e0i.<\/p>\n<p>M\u00e0n chi\u1ebfu s\u1eed d\u1ee5ng ph\u00f9 h\u1ee3p cho c\u00e1c bu\u1ed5i training s\u1ea3n ph\u1ea9m, ph\u00f2ng h\u1ecdc\u2026 v\u1edbi g\u00f3c nh\u00ecn +\/- 55o, gain \u0111\u1ea1t 1,2<\/p>\n<p>M\u00e0n chi\u1ebfu ch\u00e2n \u0111\u1ee9ng Dalite 120 INCH \u0111\u01b0\u1ee3c thi\u1ebft k\u1ebf ti\u1ec7n l\u1ee3i, l\u00e0 lo\u1ea1i m\u00e0n chi\u1ebfu ch\u00e2n k\u00edch th\u01b0\u1edbc nh\u1ecf ph\u00f9 h\u1ee3p v\u1edbi c\u00e1c bu\u1ed5i thuy\u1ebft tr\u00ecnh, gi\u1edbi thi\u1ec7u s\u1ea3n ph\u1ea9m v\u1edbi ph\u00f2ng h\u1ecdp nh\u1ecf hay \u1edf ch\u1ed7 kh\u00e1ch h\u00e0ng ho\u1eb7c mang \u0111i c\u00f4ng t\u00e1c xa.<\/p>\n","protected":false},"featured_media":1162,"comment_status":"open","ping_status":"closed","template":"","meta":[],"product_brand":[],"product_cat":[181,175],"product_tag":[],"class_list":{"0":"post-1169","1":"product","2":"type-product","3":"status-publish","6":"product_cat-dalite","7":"product_cat-man-chieu","9":"first","10":"instock","11":"taxable","12":"shipping-taxable","13":"purchasable","14":"product-type-simple"},"_links":{"self":[{"href":"https:\/\/vixav.com.vn\/index.php\/wp-json\/wp\/v2\/product\/1169","targetHints":{"allow":["GET"]}}],"collection":[{"href":"https:\/\/vixav.com.vn\/index.php\/wp-json\/wp\/v2\/product"}],"about":[{"href":"https:\/\/vixav.com.vn\/index.php\/wp-json\/wp\/v2\/types\/product"}],"replies":[{"embeddable":true,"href":"https:\/\/vixav.com.vn\/index.php\/wp-json\/wp\/v2\/comments?post=1169"}],"wp:featuredmedia":[{"embeddable":true,"href":"https:\/\/vixav.com.vn\/index.php\/wp-json\/wp\/v2\/media\/1162"}],"wp:attachment":[{"href":"https:\/\/vixav.com.vn\/index.php\/wp-json\/wp\/v2\/media?parent=1169"}],"wp:term":[{"taxonomy":"product_brand","embeddable":true,"href":"https:\/\/vixav.com.vn\/index.php\/wp-json\/wp\/v2\/product_brand?post=1169"},{"taxonomy":"product_cat","embeddable":true,"href":"https:\/\/vixav.com.vn\/index.php\/wp-json\/wp\/v2\/product_cat?post=1169"},{"taxonomy":"product_tag","embeddable":true,"href":"https:\/\/vixav.com.vn\/index.php\/wp-json\/wp\/v2\/product_tag?post=1169"}],"curies":[{"name":"wp","href":"https:\/\/api.w.org\/{rel}","templated":true}]}}