{"id":1160,"date":"2021-12-16T07:01:33","date_gmt":"2021-12-16T07:01:33","guid":{"rendered":"https:\/\/vixav.com.vn\/?post_type=product&#038;p=1160"},"modified":"2025-12-09T14:13:06","modified_gmt":"2025-12-09T07:13:06","slug":"man-chieu-treo-tuong-dalite-136-inch-2-44m-x-2-44m","status":"publish","type":"product","link":"https:\/\/vixav.com.vn\/index.php\/san-pham\/man-chieu-treo-tuong-dalite-136-inch-2-44m-x-2-44m\/","title":{"rendered":"M\u00e0n chi\u1ebfu treo t\u01b0\u1eddng Dalite 136 Inch 2.44m x 2.44m"},"content":{"rendered":"<p><b>Thi\u1ebft k\u1ebf hi\u1ec7n \u0111\u1ea1i<\/b><\/p>\n<p>Dalite 136 Inch c\u00f3 \u0111\u01b0\u1eddng ch\u00e9o 136 Inch, v\u00f9ng chi\u1ebfu r\u1ed9ng 2.44m x 2.44m. V\u1edbi khung m\u00e0n l\u00e0m b\u1eb1ng nh\u00f4m nh\u1eb9 b\u1ecdc v\u1ea3i l\u00e2u ngo\u00e0i, m\u00e0n tr\u1eafng t\u1ea1o c\u1ea3m gi\u00e1c hi\u1ec7n \u0111\u1ea1i cho kh\u00f4ng gian tr\u00ecnh chi\u1ebfu.<\/p>\n<p><b>Ch\u1ea5t li\u1ec7u cao c\u1ea5p<\/b><\/p>\n<p>Dalite 136 Inch l\u00e0 m\u00e0n chi\u1ebfu \u0111\u01b0\u1ee3c l\u00e0m b\u1eb1ng v\u1ea3i m\u00e0n ch\u1ea5t l\u01b0\u1ee3ng cao Matte white, \u0111\u1ea3m b\u1ea3o th\u1eddi gian s\u1eed d\u1ee5ng t\u1edbi m\u1ee9c t\u1ed1i \u0111a. V\u1edbi \u0111\u1ed9 b\u1ec1n cao v\u00e0 ch\u1ed1ng \u1ea9m m\u1ed1c t\u1ed1t, c\u1ed9ng th\u00eam gi\u00e1 th\u00e0nh r\u1ebb, Dalite 136 Inch \u0111\u01b0\u1ee3c \u01b0a chu\u1ed9ng trong c\u00f4ng vi\u1ec7c kinh doanh hi\u1ec7n nay.<\/p>\n<p><b>S\u1eed d\u1ee5ng d\u1ec5 d\u00e0ng<\/b><\/p>\n<p>\u0110\u01b0\u1ee3c chuy\u00ean d\u1ee5ng treo t\u01b0\u1eddng, Dalite 136 Inch c\u00f3 th\u1ec3 t\u00f9y ch\u1ec9nh m\u00e0n t\u00f9y \u00fd v\u00e0 d\u1eebng b\u1eb1ng tay d\u1ec5 d\u00e0ng. B\u1ed9 cu\u1ed9n m\u00e0n tr\u01a1n tru, gi\u00fap m\u00e0n k\u00e9o xu\u1ed1ng \u2013 l\u00ean nh\u1eb9 nh\u00e0ng, d\u1ec5 d\u00e0ng.<\/p>\n<p><b>\u00c1nh s\u00e1ng tr\u00ean m\u00e0n chi\u1ebfu nh\u1ea1y, khung m\u00e0n c\u1ee9ng c\u00e1p<\/b><\/p>\n<p>Gi\u1ea3m \u00e1nh s\u00e1ng ph\u00eda sau m\u00e0n nh\u1edd l\u1edbp s\u01a1n \u0111en ph\u00eda sau. Khung m\u00e0n \u0111\u01b0\u1ee3c thi\u1ebft k\u1ebf c\u1ee9ng c\u00e1p gi\u00fap h\u00ecnh \u1ea3nh chi\u1ebfu ch\u00ednh x\u00e1c v\u00e0 \u1ed5n \u0111\u1ecbnh.<\/p>\n<p><b>B\u1ea3o tr\u00ec d\u1ec5 d\u00e0ng<\/b><\/p>\n<p>Kh\u00f4ng c\u1ea7n ph\u1ea3i ra ti\u1ec7m \u0111\u1ec3 v\u1ec7 sinh m\u00e0n, ng\u01b0\u1eddi d\u00f9ng c\u00f3 th\u1ec3 t\u1ef1 s\u1eafm \u0111\u1ed3 v\u1ec7 sinh m\u00e1y th\u01b0\u1eddng xuy\u00ean t\u1ea1i ch\u1ed7. B\u1ea1n c\u00f3 th\u1ec3 y\u00ean t\u00e2m v\u1ec7 sinh m\u00e0 kh\u00f4ng lam \u1ea3nh h\u01b0\u1edfng \u0111\u1ebfn ch\u1ea5t l\u01b0\u1ee3ng m\u00e0n chi\u1ebfu.<\/p>\n<p>B\u1ea3o h\u00e0nh: 12 th\u00e1ng v\u1edbi s\u1ea3n ph\u1ea9m ch\u00ednh h\u00e3ng. \u0110i\u1ec1u ki\u1ec7n b\u1ea3o h\u00e0nh l\u00e0 khi s\u1ea3n ph\u1ea9m c\u00f2n tem nguy\u00ean v\u1eb9n ho\u1eb7c phi\u1ebfu b\u1ea3o h\u00e0nh. \u0110\u1ea3m b\u1ea3o m\u00e0n chi\u1ebfu kh\u00f4ng b\u1ecb r\u00e1ch, \u0111\u1ea7u treo b\u1eb1ng nh\u1ef1a kh\u00f4ng b\u1ecb v\u1ee1<\/p>\n","protected":false},"excerpt":{"rendered":"<p>M\u00e0n chi\u1ebfu treo t\u01b0\u1eddng\u00a0Dalite 136 inch\u00a0\u0111\u00e1p \u1ee9ng nhu c\u1ea7u c\u1ee7a c\u00f4ng vi\u1ec7c tr\u00ecnh chi\u1ebfu k\u1ebft h\u1ee3p v\u1edbi m\u00e1y chi\u1ebfu \u0111\u01b0a \u0111\u1ebfn b\u1ea3n chi\u1ebfu tr\u00ecnh chi\u1ebfu \u1ea5n t\u01b0\u1ee3ng.\u00a0Dalite 136 inch\u00a0\u0111\u01b0\u1ee3c thi\u1ebft k\u1ebf hi\u1ec7n \u0111\u1ea1i v\u00e0 nh\u1eb9, th\u00edch h\u1ee3p v\u1edbi c\u00e1c ho\u1ea1t \u0111\u1ed9ng gi\u1ea3i tr\u00ed trong qu\u00e1n caf\u00e9, ho\u1ea1t \u0111\u1ed9ng gi\u00e1o d\u1ee5c trong c\u00e1c ph\u00f2ng h\u1ecdc\u2026<\/p>\n<p>&nbsp;<\/p>\n","protected":false},"featured_media":1159,"comment_status":"open","ping_status":"closed","template":"","meta":[],"product_brand":[],"product_cat":[181,175],"product_tag":[],"class_list":{"0":"post-1160","1":"product","2":"type-product","3":"status-publish","6":"product_cat-dalite","7":"product_cat-man-chieu","9":"first","10":"instock","11":"taxable","12":"shipping-taxable","13":"purchasable","14":"product-type-simple"},"_links":{"self":[{"href":"https:\/\/vixav.com.vn\/index.php\/wp-json\/wp\/v2\/product\/1160","targetHints":{"allow":["GET"]}}],"collection":[{"href":"https:\/\/vixav.com.vn\/index.php\/wp-json\/wp\/v2\/product"}],"about":[{"href":"https:\/\/vixav.com.vn\/index.php\/wp-json\/wp\/v2\/types\/product"}],"replies":[{"embeddable":true,"href":"https:\/\/vixav.com.vn\/index.php\/wp-json\/wp\/v2\/comments?post=1160"}],"wp:featuredmedia":[{"embeddable":true,"href":"https:\/\/vixav.com.vn\/index.php\/wp-json\/wp\/v2\/media\/1159"}],"wp:attachment":[{"href":"https:\/\/vixav.com.vn\/index.php\/wp-json\/wp\/v2\/media?parent=1160"}],"wp:term":[{"taxonomy":"product_brand","embeddable":true,"href":"https:\/\/vixav.com.vn\/index.php\/wp-json\/wp\/v2\/product_brand?post=1160"},{"taxonomy":"product_cat","embeddable":true,"href":"https:\/\/vixav.com.vn\/index.php\/wp-json\/wp\/v2\/product_cat?post=1160"},{"taxonomy":"product_tag","embeddable":true,"href":"https:\/\/vixav.com.vn\/index.php\/wp-json\/wp\/v2\/product_tag?post=1160"}],"curies":[{"name":"wp","href":"https:\/\/api.w.org\/{rel}","templated":true}]}}