{"id":1074,"date":"2021-12-15T12:45:55","date_gmt":"2021-12-15T12:45:55","guid":{"rendered":"https:\/\/vixav.com.vn\/?post_type=product&#038;p=1074"},"modified":"2025-11-11T11:05:15","modified_gmt":"2025-11-11T04:05:15","slug":"may-chieu-digital-projection-e-vision-laser-15000-wu","status":"publish","type":"product","link":"https:\/\/vixav.com.vn\/index.php\/san-pham\/may-chieu-digital-projection-e-vision-laser-15000-wu\/","title":{"rendered":"M\u00e1y chi\u1ebfu Digital Projection E-VISION Laser 15000 WU"},"content":{"rendered":"<p>Th\u00f4ng s\u1ed1 thi\u1ebft b\u1ecb chi ti\u1ebft:<a href=\"https:\/\/www.digitalprojection.com\/projector-spec-new.php?id=874\"><strong> Click T\u1ea3i xu\u1ed1ng<\/strong><\/a><\/p>\n<p>Gi\u1ed1ng nh\u01b0 nh\u1eefng b\u1ed5 sung g\u1ea7n \u0111\u00e2y kh\u00e1c cho ph\u1ea1m vi E-Vision, E-Vision 15000 s\u1eed d\u1ee5ng\u00a0C\u00f4ng ngh\u1ec7 Laser m\u00e0u \u0111\u1ecf + Colorboost\u00a0.\u00a0\u0110\u00e3 n\u1ed5i ti\u1ebfng l\u00e0 d\u00f2ng m\u00e1y m\u1ea1nh m\u1ebd, \u0111\u00e1ng tin c\u1eady, th\u1ebf h\u1ec7 m\u1edbi nh\u1ea5t c\u1ee7a m\u00e1y chi\u1ebfu nh\u1ecf g\u1ecdn, kh\u00f4ng c\u00f3 \u0111\u00e8n n\u00e0y s\u1eed d\u1ee5ng c\u00f4ng ngh\u1ec7 Colorboost + Red \u0111\u1ec3 t\u1ea1o ra m\u00e0u s\u1eafc trung th\u1ef1c v\u00e0 b\u00e3o h\u00f2a \u0111\u1eb9p nh\u1ea5t t\u1eebng th\u1ea5y t\u1eeb b\u1ea5t k\u1ef3 M\u00e1y chi\u1ebfu DLP 1 chip \u0111\u1ed9 s\u00e1ng cao n\u00e0o.\u00a0V\u1edbi quy tr\u00ecnh x\u1eed l\u00fd th\u00f4ng minh m\u1edbi, hi\u1ec7u su\u1ea5t m\u00e0u c\u1ee7a E-Vision Laser 15000 g\u1ea7n h\u01a1n bao gi\u1edd h\u1ebft v\u1edbi hi\u1ec7u su\u1ea5t m\u00e0u c\u1ee7a m\u00e1y chi\u1ebfu DLP 3 chip.<\/p>\n<p>\u0110i\u1ec3m m\u1edbi c\u1ee7a E-Vision 15000 l\u00e0 \u0111i\u1ec1u khi\u1ec3n Art-Net cho ph\u00e9p d\u1ec5 d\u00e0ng t\u00edch h\u1ee3p v\u00e0o c\u00e1c h\u1ec7 th\u1ed1ng chi\u1ebfu s\u00e1ng hi\u1ec7n c\u00f3, l\u00e0m cho m\u00e1y chi\u1ebfu c\u00f4ng su\u1ea5t l\u1edbn E-Vision n\u00e0y tr\u1edf n\u00ean l\u00fd t\u01b0\u1edfng cho m\u1ecdi th\u1ee9, t\u1eeb c\u00e1c s\u1ef1 ki\u1ec7n tr\u1ef1c ti\u1ebfp \u0111\u1ebfn c\u00e1c \u0111i\u1ec3m thu h\u00fat kh\u00e1ch tham quan.<\/p>\n<p>E-Vision 15000 WU c\u00f3 quang h\u1ecdc k\u00edn v\u00e0 s\u1eed d\u1ee5ng l\u00e0m m\u00e1t b\u1eb1ng ch\u1ea5t l\u1ecfng v\u1edbi b\u1ed9 t\u1ea3n nhi\u1ec7t \u0111\u1ec3 lo\u1ea1i b\u1ecf n\u0103ng l\u01b0\u1ee3ng ra m\u00f4i tr\u01b0\u1eddng b\u00ean ngo\u00e0i. H\u1ec7 th\u1ed1ng quang h\u1ecdc, t\u1eeb ngu\u1ed3n s\u00e1ng laser \u0111\u1ebfn th\u1ea5u k\u00ednh \u0111\u01b0\u1ee3c ho\u00e0n to\u00e0n k\u00edn v\u00e0 c\u00f3 th\u1ec3 \u0111\u01b0\u1ee3c coi l\u00e0 x\u1ebfp h\u1ea1ng IP60. \u0110i\u1ec1u n\u00e0y \u0111\u1ea3m b\u1ea3o r\u1eb1ng hi\u1ec7u su\u1ea5t \u00e1nh s\u00e1ng v\u00e0 m\u00e0u s\u1eafc s\u1ebd kh\u00f4ng b\u1ecb suy gi\u1ea3m do s\u1ef1 x\u00e2m nh\u1eadp c\u1ee7a b\u1ee5i. M\u1ed9t \u01b0u \u0111i\u1ec3m kh\u00e1c c\u1ee7a vi\u1ec7c l\u00e0m m\u00e1t b\u1eb1ng ch\u1ea5t l\u1ecfng th\u00f4ng qua b\u1ed9 t\u1ea3n nhi\u1ec7t l\u00e0 m\u00e1y chi\u1ebfu ho\u00e0n to\u00e0n kh\u00f4ng c\u00f3 b\u1ed9 l\u1ecdc. \u0110i\u1ec1u n\u00e0y l\u00e0m gi\u1ea3m \u0111\u00e1ng k\u1ec3 y\u00eau c\u1ea7u b\u1ea3o tr\u00ec khi so s\u00e1nh v\u1edbi nhi\u1ec1u s\u1ea3n ph\u1ea9m c\u1ea1nh tranh m\u00e0 vi\u1ec7c thay th\u1ebf ho\u1eb7c v\u1ec7 sinh b\u1ed9 l\u1ecdc l\u00e0 \u0111i\u1ec1u c\u1ea7n thi\u1ebft th\u01b0\u1eddng xuy\u00ean.<\/p>\n","protected":false},"excerpt":{"rendered":"<p>D\u00f2ng m\u00e1y chi\u1ebfu DLP chip \u0111\u01a1n E-Vision \u0111\u00e3 c\u00f3 m\u1ed9t b\u01b0\u1edbc ti\u1ebfn v\u01b0\u1ee3t b\u1eadc kh\u00e1c v\u1ec1 \u0111\u1ed9 s\u00e1ng v\u1edbi s\u1ef1 ra \u0111\u1eddi c\u1ee7a 15.000 Lumen E-Vision 15000.<\/p>\n","protected":false},"featured_media":1075,"comment_status":"open","ping_status":"closed","template":"","meta":[],"product_brand":[],"product_cat":[182,180,176],"product_tag":[],"class_list":{"0":"post-1074","1":"product","2":"type-product","3":"status-publish","6":"product_cat-digital-projection","7":"product_cat-laser","8":"product_cat-may-chieu","10":"first","11":"instock","12":"taxable","13":"shipping-taxable","14":"product-type-simple"},"_links":{"self":[{"href":"https:\/\/vixav.com.vn\/index.php\/wp-json\/wp\/v2\/product\/1074","targetHints":{"allow":["GET"]}}],"collection":[{"href":"https:\/\/vixav.com.vn\/index.php\/wp-json\/wp\/v2\/product"}],"about":[{"href":"https:\/\/vixav.com.vn\/index.php\/wp-json\/wp\/v2\/types\/product"}],"replies":[{"embeddable":true,"href":"https:\/\/vixav.com.vn\/index.php\/wp-json\/wp\/v2\/comments?post=1074"}],"wp:featuredmedia":[{"embeddable":true,"href":"https:\/\/vixav.com.vn\/index.php\/wp-json\/wp\/v2\/media\/1075"}],"wp:attachment":[{"href":"https:\/\/vixav.com.vn\/index.php\/wp-json\/wp\/v2\/media?parent=1074"}],"wp:term":[{"taxonomy":"product_brand","embeddable":true,"href":"https:\/\/vixav.com.vn\/index.php\/wp-json\/wp\/v2\/product_brand?post=1074"},{"taxonomy":"product_cat","embeddable":true,"href":"https:\/\/vixav.com.vn\/index.php\/wp-json\/wp\/v2\/product_cat?post=1074"},{"taxonomy":"product_tag","embeddable":true,"href":"https:\/\/vixav.com.vn\/index.php\/wp-json\/wp\/v2\/product_tag?post=1074"}],"curies":[{"name":"wp","href":"https:\/\/api.w.org\/{rel}","templated":true}]}}